
{"id":778,"date":"2024-07-01T18:03:35","date_gmt":"2024-07-01T15:03:35","guid":{"rendered":"https:\/\/new.arkitek.net\/yasal-bildirimler\/hizmet-kosullari\/"},"modified":"2024-07-10T12:58:26","modified_gmt":"2024-07-10T09:58:26","slug":"hizmet-kosullari","status":"publish","type":"page","link":"https:\/\/arkitek.net\/tr\/yasal\/hizmet-kosullari\/","title":{"rendered":"Hizmet Ko\u015fullar\u0131"},"content":{"rendered":"\n<h2 class=\"wp-block-heading\">ARK\u0130TEK Telekom\u00fcnikasyon A.\u015e.&#8217;ye ho\u015f geldiniz.<\/h2>\n\n<p>Bu h\u00fck\u00fcm ve ko\u015fullar, ARK\u0130TEK Telekom\u00fcnikasyon A.\u015e.&#8217;nin Web Sitesinin kullan\u0131m\u0131na ili\u015fkin kural ve d\u00fczenlemeleri ana hatlar\u0131yla belirtir. <span style=\"text-transform: capitalize;\"> Merkezimiz<\/span> \u015fu adreste bulunmaktad\u0131r:<\/p>\n\n<address>Ferko \u0130mza Binas\u0131 Esentepe Mah.<br\/>\nB\u00fcy\u00fckdere Cad.\nNo: 175\/7, \u015ei\u015fli, 34394, \u0130stanbul, T\u00dcRK\u0130YE <\/address>\n\n<p>Bu web sitesine eri\u015ferek bu h\u00fck\u00fcm ve ko\u015fullar\u0131 tamamen kabul etti\u011finizi varsay\u0131yoruz. ARK\u0130TEK Telekom\u00fcnikasyon A.\u015e.&#8217;nin web sitesini kullanmaya devam etmeyin \n bu sayfada beli\u0307rti\u0307len t\u00fcm h\u00fck\u00fcm ve ko\u015fullari kabul etmi\u0307yorsaniz. \n <\/p>\n\n<p>A\u015fa\u011f\u0131daki terminoloji, bu H\u00fck\u00fcm ve Ko\u015fullar, Gizlilik Bildirimi ve Feragat Bildirimi ile herhangi bir veya t\u00fcm S\u00f6zle\u015fmeler i\u00e7in ge\u00e7erlidir: &#8220;M\u00fc\u015fteri&#8221;, &#8220;Siz&#8221; ve &#8220;Sizin&#8221;, bu web sitesine eri\u015fen ve \u015eirketin h\u00fck\u00fcm ve ko\u015fullar\u0131n\u0131 kabul eden ki\u015fiyi, yani sizi ifade eder.\n&#8220;\u015eirket&#8221;, &#8220;Kendimiz&#8221;, &#8220;Biz&#8221;, &#8220;Bizim&#8221; ve &#8220;Bize&#8221;, \u015eirketimizi ifade eder.\n&#8220;Taraf&#8221;, &#8220;Taraflar&#8221; veya &#8220;Biz&#8221;, hem M\u00fc\u015fteriyi hem de kendimizi veya M\u00fc\u015fteriyi ya da kendimizi ifade eder.\nT\u00fcm terimler, \u015eirketin belirtilen hizmetlerinin\/\u00fcr\u00fcnlerinin sa\u011flanmas\u0131yla ilgili olarak M\u00fc\u015fterinin ihtiya\u00e7lar\u0131n\u0131 kar\u015f\u0131lamak amac\u0131yla, y\u00fcr\u00fcrl\u00fckteki yasalara uygun ve tabi olarak, ister belirli s\u00fcreli resmi toplant\u0131lar ister ba\u015fka herhangi bir yolla olsun, M\u00fc\u015fteriye en uygun \u015fekilde yard\u0131m s\u00fcrecimizi \u00fcstlenmek i\u00e7in gerekli \u00f6deme teklifini, kabul\u00fcn\u00fc ve de\u011ferlendirmesini ifade eder.\nYukar\u0131daki terminolojinin veya di\u011fer kelimelerin tekil, \u00e7o\u011ful, b\u00fcy\u00fck harfle ve\/veya o veya onlar \u015feklinde kullan\u0131m\u0131 birbirinin yerine kullan\u0131labilir ve dolay\u0131s\u0131yla ayn\u0131 anlama gelecek \u015fekilde kabul edilir.    <\/p>\n\n<h2 class=\"wp-block-heading\">\u00c7erezler<\/h2>\n\n<p>\u00c7erez kullan\u0131m\u0131n\u0131 kullan\u0131yoruz.\nWeb sitemizi kullanarak, \u00e7erezlerin <a href=\"\" data-type=\"\" data-id=\"\">gizlilik politikam\u0131za<\/a> uygun olarak kullan\u0131lmas\u0131na izin vermi\u015f olursunuz. <\/p>\n\n<p>G\u00fcn\u00fcm\u00fcz\u00fcn interaktif web sitelerinin \u00e7o\u011fu, her ziyarette kullan\u0131c\u0131 bilgilerini almam\u0131z\u0131 sa\u011flamak i\u00e7in \u00e7erezler kullanmaktad\u0131r.\nSitemizin baz\u0131 alanlar\u0131nda, bu alan\u0131n i\u015flevselli\u011fini ve ziyaret eden ki\u015filer i\u00e7in kullan\u0131m kolayl\u0131\u011f\u0131n\u0131 sa\u011flamak i\u00e7in \u00e7erezler kullan\u0131lmaktad\u0131r.\nBaz\u0131 ba\u011fl\u0131 kurulu\u015flar\u0131m\u0131z\/reklam ortaklar\u0131m\u0131z da \u00e7erez kullanabilir.  <\/p>\n\n<h2 class=\"wp-block-heading\">Lisans<\/h2>\n\n<p>Aksi belirtilmedik\u00e7e, ARK\u0130TEK Telekom\u00fcnikasyon A.\u015e. ve\/veya lisans verenleri ARK\u0130TEK Telekom\u00fcnikasyon A.\u015e.&#8217;deki t\u00fcm materyallerin fikri m\u00fclkiyet haklar\u0131na sahiptir. T\u00fcm fikri m\u00fclkiyet haklar\u0131 sakl\u0131d\u0131r. Bu h\u00fck\u00fcm ve ko\u015fullarda belirtilen k\u0131s\u0131tlamalara tabi olarak kendi ki\u015fisel kullan\u0131m\u0131n\u0131z i\u00e7in https:\/\/arkitek.net adresindeki sayfalar\u0131 g\u00f6r\u00fcnt\u00fcleyebilir ve\/veya yazd\u0131rabilirsiniz.<\/p>\n\n<p>Yapmamal\u0131s\u0131n\u0131z:<\/p>\n\n<ol class=\"wp-block-list\">\n<li><a href=\"https:\/\/arkitek.net\">https:\/\/arkitek.net<\/a> adresindeki materyali yeniden yay\u0131nlamak<\/li>\n\n\n\n<li><a href=\"https:\/\/arkitek.net\">https:\/\/arkitek.net<\/a> adresinden materyal satmak, kiralamak veya alt lisans vermek<\/li>\n\n\n\n<li><a href=\"https:\/\/arkitek.net\">https:\/\/arkitek.net<\/a> adresindeki materyalin \u00e7o\u011falt\u0131lmas\u0131, kopyalanmas\u0131 veya \u00e7o\u011falt\u0131lmas\u0131<\/li>\n<\/ol>\n\n<p><a href=\"https:\/\/arkitek.net\/tr\/hakkimizda\/\" data-type=\"page\" data-id=\"12\">ARK\u0130TEK Telekom\u00fcnikasyon A.\u015e.<\/a>&#8216;nin i\u00e7eri\u011fini yeniden da\u011f\u0131tmak. (i\u00e7erik \u00f6zellikle yeniden da\u011f\u0131t\u0131m i\u00e7in yap\u0131lmad\u0131k\u00e7a).<\/p>\n\n<h2 class=\"wp-block-heading\">\u0130\u00e7eri\u011fimize K\u00f6pr\u00fc Olu\u015fturma<\/h2>\n\n<ol class=\"wp-block-list\">\n<li>A\u015fa\u011f\u0131daki kurulu\u015flar \u00f6nceden yaz\u0131l\u0131 onay almaks\u0131z\u0131n Web sitemize ba\u011flant\u0131 verebilirler:\n\n\n<ol class=\"wp-block-list\">\n<li>Devlet kurumlar\u0131;<\/li>\n\n\n\n<li>Arama motorlar\u0131;<\/li>\n\n\n\n<li>Haber kurulu\u015flar\u0131;<\/li>\n\n\n\n<li>\u00c7evrimi\u00e7i dizin da\u011f\u0131t\u0131c\u0131lar\u0131, bizi dizinde listelediklerinde, listelenen di\u011fer i\u015fletmelerin Web sitelerine k\u00f6pr\u00fc olu\u015fturduklar\u0131 gibi Web sitemize de ba\u011flant\u0131 verebilirler; ve<\/li>\n\n\n\n<li>Kar amac\u0131 g\u00fctmeyen kurulu\u015flar, hay\u0131r ama\u00e7l\u0131 al\u0131\u015fveri\u015f merkezleri ve Web sitemize k\u00f6pr\u00fc kuramayan hay\u0131r ama\u00e7l\u0131 ba\u011f\u0131\u015f toplama gruplar\u0131 hari\u00e7 olmak \u00fczere Sistem \u00c7ap\u0131nda Akredite \u0130\u015fletmeler.<\/li>\n<\/ol>\n<\/li>\n<\/ol>\n\n<ol class=\"wp-block-list\">\n<li>Bu kurulu\u015flar, ana sayfam\u0131za, yay\u0131nlara veya di\u011fer Web sitesi bilgilerine ba\u011flant\u0131 verdikleri s\u00fcrece ba\u011flant\u0131 verebilirler:  \n\n<ol class=\"wp-block-list\" style=\"list-style-type:lower-alpha\">\n<li>hi\u00e7bir \u015fekilde yan\u0131lt\u0131c\u0131 de\u011fildir;  <\/li>\n\n\n\n<li>ba\u011flant\u0131 veren taraf\u0131n ve \u00fcr\u00fcnlerinin veya hizmetlerinin sponsorlu\u011funu, onay\u0131n\u0131 veya onay\u0131n\u0131 yanl\u0131\u015f bir \u015fekilde ima etmez; ve  <\/li>\n\n\n\n<li>ba\u011flant\u0131 veren taraf\u0131n sitesinin ba\u011flam\u0131na uygundur.<br\/><\/li>\n<\/ol>\n<\/li>\n\n\n\n<li>A\u015fa\u011f\u0131daki kurulu\u015f t\u00fcrlerinden gelen di\u011fer ba\u011flant\u0131 taleplerini tamamen kendi takdirimize ba\u011fl\u0131 olarak de\u011ferlendirebilir ve onaylayabiliriz:\n<ul class=\"wp-block-list\">\n<li>Ticaret Odalar\u0131, Amerikan Otomobil Derne\u011fi, AARP ve T\u00fcketiciler Birli\u011fi gibi yayg\u0131n olarak bilinen t\u00fcketici ve\/veya i\u015fletme bilgi kaynaklar\u0131;<\/li>\n\n\n\n<li>dot.com topluluk siteleri;<\/li>\n\n\n\n<li>dernekler veya hay\u0131r kurumlar\u0131n\u0131 temsil eden di\u011fer gruplar, hay\u0131rseverlik siteleri dahil,<\/li>\n\n\n\n<li>\u00e7evrimi\u00e7i dizin da\u011f\u0131t\u0131c\u0131lar\u0131;<\/li>\n\n\n\n<li>internet portallar\u0131;<\/li>\n\n\n\n<li>birincil m\u00fc\u015fterileri i\u015fletmeler olan muhasebe, hukuk ve dan\u0131\u015fmanl\u0131k firmalar\u0131; ve<\/li>\n\n\n\n<li>e\u011fitim kurumlar\u0131 ve ticaret birlikleri.<\/li>\n<\/ul>\n<\/li>\n<\/ol>\n\n<p>Bu kurulu\u015flardan gelen ba\u011flant\u0131 taleplerini a\u015fa\u011f\u0131daki hususlar\u0131 tespit etmemiz halinde onaylar\u0131z:\n(a) ba\u011flant\u0131n\u0131n bize veya akredite i\u015fletmelerimize olumsuz yans\u0131mayaca\u011f\u0131 (\u00f6rne\u011fin, ticaret birlikleri veya evde \u00e7al\u0131\u015fma f\u0131rsatlar\u0131 gibi do\u011fas\u0131 gere\u011fi \u015f\u00fcpheli i\u015f t\u00fcrlerini temsil eden di\u011fer kurulu\u015flar\u0131n ba\u011flant\u0131 vermesine izin verilmeyecektir);\n(b) kurulu\u015fun bizimle tatmin edici olmayan bir sicili olmamas\u0131;\n(c) k\u00f6pr\u00fcyle ili\u015fkili g\u00f6r\u00fcn\u00fcrl\u00fc\u011f\u00fcn bize sa\u011flayaca\u011f\u0131 fayda, \u015firketimizin ad\u0131n\u0131n bulunmamas\u0131ndan daha a\u011f\u0131r basar; ve\n(d) ba\u011flant\u0131n\u0131n genel kaynak bilgileri ba\u011flam\u0131nda oldu\u011fu veya kurulu\u015fun misyonunu ilerleten bir b\u00fclten veya benzer bir \u00fcr\u00fcndeki editoryal i\u00e7erikle ba\u015fka bir \u015fekilde tutarl\u0131 oldu\u011fu durumlarda.    <\/p>\n\n<p>Bu kurulu\u015flar ana sayfam\u0131za, yay\u0131nlar\u0131m\u0131za veya di\u011fer Web sitesi bilgilerine, ba\u011flant\u0131 verildi\u011fi s\u00fcrece ba\u011flant\u0131 verebilirler:\n(a) hi\u00e7bir \u015fekilde yan\u0131lt\u0131c\u0131 olmamas\u0131;\n(b) ba\u011flant\u0131 veren taraf\u0131n ve \u00fcr\u00fcn veya hizmetlerinin sponsorlu\u011funu, onay\u0131n\u0131 veya tasvibini yanl\u0131\u015f bir \u015fekilde ima etmedi\u011fi ve\n(c) ba\u011flant\u0131 veren taraf\u0131n sitesinin ba\u011flam\u0131na uygun olmal\u0131d\u0131r.   <\/p>\n\n<p>Yukar\u0131daki 2. paragrafta listelenen kurulu\u015flar aras\u0131ndaysan\u0131z ve web sitemize ba\u011flant\u0131 vermekle ilgileniyorsan\u0131z, <a href=\"mailto:info@arkitek.net\">info@arkitek.net<\/a> adresine bir e-posta g\u00f6ndererek bizi bilgilendirmelisiniz. L\u00fctfen ad\u0131n\u0131z\u0131, kurulu\u015funuzun ad\u0131n\u0131, ileti\u015fim bilgilerinizi (telefon numaras\u0131 ve\/veya e-posta adresi gibi) ve sitenizin URL&#8217;sini, Web sitemize ba\u011flant\u0131 vermeyi d\u00fc\u015f\u00fcnd\u00fc\u011f\u00fcn\u00fcz URL&#8217;lerin bir listesini ve sitemizde ba\u011flant\u0131 vermek istedi\u011finiz URL&#8217;lerin bir listesini ekleyin.\nYan\u0131t i\u00e7in 2-3 hafta bekleyin. <\/p>\n\n<p>Onaylanm\u0131\u015f kurulu\u015flar Web sitemize a\u015fa\u011f\u0131daki \u015fekilde k\u00f6pr\u00fc ba\u011flant\u0131 verebilirler:<\/p>\n\n<ol class=\"wp-block-list\">\n<li>Kurumsal ad\u0131m\u0131z\u0131 kullanarak; veya<\/li>\n\n\n\n<li>Ba\u011flant\u0131 verilen tek tip kaynak konumland\u0131r\u0131c\u0131s\u0131n\u0131n (Web adresi) kullan\u0131m\u0131yla; veya<\/li>\n\n\n\n<li>Web sitemizin veya ba\u011flant\u0131 verilen materyalin, ba\u011flant\u0131 veren taraf\u0131n sitesindeki i\u00e7eri\u011fin ba\u011flam\u0131 ve bi\u00e7imi i\u00e7inde anlaml\u0131 olan ba\u015fka herhangi bir tan\u0131m\u0131n\u0131 kullanarak.<\/li>\n<\/ol>\n\n<p>ARK\u0130TEK Telekom\u00fcnikasyon A.\u015e.&#8217;nin logosunun veya di\u011fer sanat eserlerinin ticari marka lisans s\u00f6zle\u015fmesi olmadan ba\u011flant\u0131 i\u00e7in kullan\u0131lmas\u0131na izin verilmeyecektir.<\/p>\n\n<h2 class=\"wp-block-heading\">Iframes<\/h2>\n\n<p>\u00d6nceden onay ve a\u00e7\u0131k yaz\u0131l\u0131 izin olmadan, Web sayfalar\u0131m\u0131z\u0131n etraf\u0131nda \u00e7er\u00e7eveler olu\u015fturamaz veya Web sitemizin g\u00f6rsel sunumunu veya g\u00f6r\u00fcn\u00fcm\u00fcn\u00fc herhangi bir \u015fekilde de\u011fi\u015ftiren ba\u015fka teknikler kullanamazs\u0131n\u0131z.<\/p>\n\n<h2 class=\"wp-block-heading\">Haklar\u0131n Sakl\u0131 Tutulmas\u0131<\/h2>\n\n<p>Herhangi bir zamanda ve tamamen kendi takdirine ba\u011fl\u0131 olarak, Web sitemize olan t\u00fcm ba\u011flant\u0131lar\u0131 veya belirli bir ba\u011flant\u0131y\u0131 kald\u0131rman\u0131z\u0131 talep etme hakk\u0131m\u0131z\u0131 sakl\u0131 tutar\u0131z.\nB\u00f6yle bir talep \u00fczerine Web sitemize olan t\u00fcm ba\u011flant\u0131lar\u0131 derhal kald\u0131rmay\u0131 kabul edersiniz.\nAyr\u0131ca, bu h\u00fck\u00fcm ve ko\u015fullar\u0131 ve ba\u011flant\u0131 politikas\u0131n\u0131 herhangi bir zamanda de\u011fi\u015ftirme hakk\u0131m\u0131z sakl\u0131d\u0131r.\nWeb sitemize ba\u011flant\u0131 vermeye devam ederek, bu ba\u011flant\u0131 verme h\u00fck\u00fcm ve ko\u015fullar\u0131na ba\u011fl\u0131 kalmay\u0131 ve bunlara uymay\u0131 kabul etmi\u015f olursunuz.   <\/p>\n\n<h2 class=\"wp-block-heading\">Web sitemizden ba\u011flant\u0131lar\u0131n kald\u0131r\u0131lmas\u0131<\/h2>\n\n<p>Web sitemizdeki herhangi bir ba\u011flant\u0131y\u0131 veya ba\u011flant\u0131l\u0131 herhangi bir web sitesini herhangi bir nedenle sak\u0131ncal\u0131 bulursan\u0131z, bu konuda bizimle ileti\u015fime ge\u00e7ebilirsiniz.\nBa\u011flant\u0131lar\u0131 kald\u0131rma taleplerini de\u011ferlendirece\u011fiz, ancak bunu yapma veya do\u011frudan size yan\u0131t verme y\u00fck\u00fcml\u00fcl\u00fc\u011f\u00fcm\u00fcz olmayacakt\u0131r. <\/p>\n\n<p>Bu web sitesindeki bilgilerin do\u011fru olmas\u0131n\u0131 sa\u011flamaya \u00e7al\u0131\u015fsak da, eksiksizli\u011fini veya do\u011frulu\u011funu garanti etmiyoruz; web sitesinin kullan\u0131labilir kalmas\u0131n\u0131 veya web sitesindeki materyalin g\u00fcncel tutulmas\u0131n\u0131 sa\u011flamay\u0131 taahh\u00fct etmiyoruz.<\/p>\n\n<h2 class=\"wp-block-heading\">\u0130\u00e7erik Sorumlulu\u011fu<\/h2>\n\n<p>Web sitenizde g\u00f6r\u00fcnen herhangi bir i\u00e7erik i\u00e7in hi\u00e7bir sorumlulu\u011fumuz veya y\u00fck\u00fcml\u00fcl\u00fc\u011f\u00fcm\u00fcz olmayacakt\u0131r.\nWeb sitenizden kaynaklanan veya Web sitenize dayanan t\u00fcm taleplere kar\u015f\u0131 bizi tazmin etmeyi ve savunmay\u0131 kabul edersiniz.\nWeb sitenizdeki herhangi bir sayfada veya iftira niteli\u011finde, m\u00fcstehcen veya su\u00e7 olarak yorumlanabilecek veya herhangi bir \u00fc\u00e7\u00fcnc\u00fc taraf\u0131n haklar\u0131n\u0131 ihlal eden, ba\u015fka \u015fekilde ihlal eden veya ihlal edilmesini veya ba\u015fka \u015fekilde ihlal edilmesini savunan i\u00e7erik veya materyalleri i\u00e7eren herhangi bir ba\u011flamda hi\u00e7bir ba\u011flant\u0131 (ba\u011flant\u0131lar) g\u00f6r\u00fcnemez.  <\/p>\n\n<h2 class=\"wp-block-heading\">Sorumluluk Reddi<\/h2>\n\n<p>Y\u00fcr\u00fcrl\u00fckteki yasalar\u0131n izin verdi\u011fi azami \u00f6l\u00e7\u00fcde, web sitemiz ve bu web sitesinin kullan\u0131m\u0131 ile ilgili t\u00fcm beyanlar\u0131, garantileri ve ko\u015fullar\u0131 (tatmin edici kalite, amaca uygunluk ve\/veya makul \u00f6zen ve becerinin kullan\u0131m\u0131 ile ilgili olarak yasalarca ima edilen garantiler dahil ancak bunlarla s\u0131n\u0131rl\u0131 olmamak \u00fczere) hari\u00e7 tutuyoruz.\nBu feragatnamedeki hi\u00e7bir \u015fey: <\/p>\n\n<ol class=\"wp-block-list\">\n<li>i\u0307hmalden kaynaklanan \u00f6l\u00fcm veya ki\u0307\u015fi\u0307sel yaralanma i\u0307\u00e7i\u0307n bi\u0307zi\u0307m veya si\u0307zi\u0307n sorumlulu\u011funuzu sinirlamak veya hari\u0307\u00e7 tutmak;<\/li>\n\n\n\n<li>Doland\u0131r\u0131c\u0131l\u0131k veya hileli yanl\u0131\u015f beyandan dolay\u0131 bizim veya sizin sorumlulu\u011funuzu s\u0131n\u0131rland\u0131rmak veya hari\u00e7 tutmak;<\/li>\n\n\n\n<li>bizim veya sizin y\u00fck\u00fcml\u00fcl\u00fcklerinizden herhangi birini y\u00fcr\u00fcrl\u00fckteki yasalar kapsam\u0131nda izin verilmeyen herhangi bir \u015fekilde s\u0131n\u0131rland\u0131rmak; veya<\/li>\n\n\n\n<li>y\u00fcr\u00fcrl\u00fckteki yasalar kapsam\u0131nda hari\u00e7 tutulamayacak olan bizim veya sizin y\u00fck\u00fcml\u00fcl\u00fcklerinizi hari\u00e7 tutmak.<\/li>\n<\/ol>\n\n<p>Bu B\u00f6l\u00fcmde ve bu feragatnamenin ba\u015fka yerlerinde belirtilen sorumluluk s\u0131n\u0131rlamalar\u0131 ve istisnalar\u0131:\n(a) bir \u00f6nceki paragrafa tabidir; ve\n(b) s\u00f6zle\u015fmeden, haks\u0131z fiilden (ihmal dahil) ve yasal g\u00f6revin ihlalinden do\u011fan y\u00fck\u00fcml\u00fcl\u00fckler de dahil olmak \u00fczere, feragatname kapsam\u0131nda veya bu feragatnamenin konusuyla ilgili olarak ortaya \u00e7\u0131kan t\u00fcm y\u00fck\u00fcml\u00fcl\u00fckleri y\u00f6netir.  <\/p>\n\n<p>Web sitesi ve web sitesindeki bilgi ve hizmetler \u00fccretsiz olarak sa\u011fland\u0131\u011f\u0131 \u00f6l\u00e7\u00fcde, herhangi bir kay\u0131p veya zarardan sorumlu olmayaca\u011f\u0131z.<\/p>\n","protected":false},"excerpt":{"rendered":"<p>ARK\u0130TEK Telekom\u00fcnikasyon A.\u015e.&#8217;ye ho\u015f geldiniz. Bu h\u00fck\u00fcm ve ko\u015fullar, ARK\u0130TEK Telekom\u00fcnikasyon A.\u015e.&#8217;nin Web Sitesinin kullan\u0131m\u0131na ili\u015fkin kural ve d\u00fczenlemeleri ana hatlar\u0131yla belirtir. Merkezimiz \u015fu adreste bulunmaktad\u0131r: Ferko \u0130mza Binas\u0131 Esentepe Mah. B\u00fcy\u00fckdere Cad. No: 175\/7, \u015ei\u015fli, 34394, \u0130stanbul, T\u00dcRK\u0130YE Bu web sitesine eri\u015ferek bu h\u00fck\u00fcm ve ko\u015fullar\u0131 tamamen kabul etti\u011finizi varsay\u0131yoruz. ARK\u0130TEK Telekom\u00fcnikasyon A.\u015e.&#8217;nin web &hellip; <\/p>\n<p class=\"link-more\"><a href=\"https:\/\/arkitek.net\/tr\/yasal\/hizmet-kosullari\/\" class=\"more-link\">Okumaya devam et<span class=\"screen-reader-text\"> &#8220;Hizmet Ko\u015fullar\u0131&#8221;<\/span><\/a><\/p>\n","protected":false},"author":1,"featured_media":1081,"parent":591,"menu_order":1,"comment_status":"closed","ping_status":"closed","template":"","meta":{"inline_featured_image":false,"footnotes":""},"class_list":["post-778","page","type-page","status-publish","has-post-thumbnail","hentry"],"_links":{"self":[{"href":"https:\/\/arkitek.net\/tr\/wp-json\/wp\/v2\/pages\/778","targetHints":{"allow":["GET"]}}],"collection":[{"href":"https:\/\/arkitek.net\/tr\/wp-json\/wp\/v2\/pages"}],"about":[{"href":"https:\/\/arkitek.net\/tr\/wp-json\/wp\/v2\/types\/page"}],"author":[{"embeddable":true,"href":"https:\/\/arkitek.net\/tr\/wp-json\/wp\/v2\/users\/1"}],"replies":[{"embeddable":true,"href":"https:\/\/arkitek.net\/tr\/wp-json\/wp\/v2\/comments?post=778"}],"version-history":[{"count":0,"href":"https:\/\/arkitek.net\/tr\/wp-json\/wp\/v2\/pages\/778\/revisions"}],"up":[{"embeddable":true,"href":"https:\/\/arkitek.net\/tr\/wp-json\/wp\/v2\/pages\/591"}],"wp:featuredmedia":[{"embeddable":true,"href":"https:\/\/arkitek.net\/tr\/wp-json\/wp\/v2\/media\/1081"}],"wp:attachment":[{"href":"https:\/\/arkitek.net\/tr\/wp-json\/wp\/v2\/media?parent=778"}],"curies":[{"name":"wp","href":"https:\/\/api.w.org\/{rel}","templated":true}]}}