
{"id":707,"date":"2024-07-01T18:24:16","date_gmt":"2024-07-01T15:24:16","guid":{"rendered":"https:\/\/new.arkitek.net\/cozumlerimiz\/elektronik-haberlesme-cozumleri\/sanal-ozel-ag-vpn\/"},"modified":"2024-07-10T22:40:58","modified_gmt":"2024-07-10T19:40:58","slug":"sanal-ozel-ag-vpn","status":"publish","type":"page","link":"https:\/\/arkitek.net\/tr\/cozumler\/elektronik-haberlesme\/sanal-ozel-ag-vpn\/","title":{"rendered":"Sanal \u00d6zel A\u011f (VPN)"},"content":{"rendered":"\n<p>VPN \u00e7\u00f6z\u00fcm\u00fc ile \u00e7al\u0131\u015fanlar\u0131n\u0131z\u0131n her yerden, istedikleri zaman, \u015firket diz\u00fcst\u00fc bilgisayarlar\u0131 veya ki\u015fisel mobil cihazlar\u0131 ile, a\u011f\u0131n\u0131zda ve verilerinizde herhangi bir ihlal ve risk olu\u015fturmadan \u00e7al\u0131\u015fmalar\u0131n\u0131 sa\u011flayabilirsiniz. ARK\u0130TEK VPN \u00c7\u00f6z\u00fcm\u00fc, g\u00fcvenli\u011fini sa\u011flarken, kullan\u0131c\u0131lar\u0131n\u0131z\u0131n g\u00fcvenli eri\u015fimini de kolayla\u015ft\u0131r\u0131r. Her ne zaman ihtiyac\u0131n\u0131z olursa ARK\u0130TEK ekibi ihtiya\u00e7lar\u0131n\u0131z\u0131 anlamak, e\u015fsiz bir teknik \u00e7\u00f6z\u00fcm \u00f6nermek ve destek olmak i\u00e7in sizinle birlikte \u00e7al\u0131\u015f\u0131r. <\/p>\n\n<h2 class=\"wp-block-heading\">\u00c7\u00f6z\u00fcm<\/h2>\n\n<p>ARK\u0130TEK\u2019in kurumsal VPN \u00e7\u00f6z\u00fcm\u00fc, t\u00fcm masa\u00fcst\u00fc ve mobil i\u015fletim sistemlerinde, VPN\u2019leri ve di\u011fer g\u00fcvenlik servislerini her t\u00fcrl\u00fc WAN konfig\u00fcrasyonunda desteklerken, \u015firketlerin en \u00f6nemli varl\u0131\u011f\u0131 olan verilerini bulunduklar\u0131 yerde ve el de\u011fi\u015ftirirken koruyabilmelerine yard\u0131mc\u0131 olmaktad\u0131r.<\/p>\n\n<h2 class=\"wp-block-heading\">Basit, G\u00fcvenli Eri\u015fim<\/h2>\n\n<p>\u00c7al\u0131\u015fanlar\u0131n\u0131z\u0131, istedikleri zaman istedikleri yerden, \u015firket bilgisayar\u0131 veya ki\u015fisel cihazlar\u0131 \u00fczerinden \u00e7al\u0131\u015fabilmeleri ve \u00fcretebilmeleri i\u00e7in destekleyin. Geni\u015fletilmi\u015f a\u011f\u0131n\u0131zda, t\u00fcm u\u00e7 cihazlar\u0131 g\u00f6r\u00fcn ve kontrol alt\u0131na al\u0131n. \u00c7al\u0131\u015fanlar\u0131n\u0131z\u0131 a\u011f\u0131n\u0131za ba\u011fl\u0131 iken de, ba\u011fl\u0131 de\u011filken de koruyun.   <\/p>\n\n<h2 class=\"wp-block-heading\">G\u00f6r\u00fcn\u00fcrl\u00fck ve Kontrol<\/h2>\n\n<p>\u0130zinsiz eri\u015fimi engelleyin. Gizli sald\u0131r\u0131lar\u0131 engellemek i\u00e7in t\u00fcm dosya hareketlerini s\u00fcrekli olarak izleyin. U\u00e7 noktalardaki geli\u015fmi\u015f k\u00f6t\u00fc ama\u00e7l\u0131 yaz\u0131l\u0131mlar\u0131 alg\u0131lay\u0131n, engelleyin ve d\u00fczeltin. Hepsini h\u0131zl\u0131 ve otomatik olarak yap\u0131n.   <\/p>\n\n<h2 class=\"wp-block-heading\">Merkezi Cihaz Y\u00f6netimi<\/h2>\n\n<p>\u0130stemci say\u0131s\u0131 artt\u0131k\u00e7a, hem mobil hem de masa\u00fcst\u00fc cihazlar\u0131 son derece g\u00fcvenli, taray\u0131c\u0131 tabanl\u0131 \u00f6zel kontrol panelinde kontrol etmek i\u00e7in \u00e7\u00f6z\u00fcm geni\u015fletilebilir. Bu se\u00e7enek sorunsuz bir \u015fekilde yeni cihazlar\u0131 a\u011fa dahil etmek ve g\u00fcvenlik ilkelerinin uygulanmas\u0131n\u0131 otomatikle\u015ftirmek se\u00e7ene\u011fi sunar. <\/p>\n\n<h2 class=\"wp-block-heading\">Size \u00d6zel VPN \u00c7\u00f6z\u00fcm\u00fc<\/h2>\n\n<p>ARK\u0130TEK\u2019in \u00e7\u00f6z\u00fcm\u00fc o kadar esnek ve uygun fiyatl\u0131d\u0131r ki; ex-pat aileler, yurtd\u0131\u015f\u0131nda bulunan k\u00fc\u00e7\u00fck ofisler veya her zaman mobil olan ki\u015filer taraf\u0131ndan, hedef \u00fclkedeki a\u011fa g\u00fcvenli ve y\u00fcksek performansl\u0131 ba\u011flant\u0131 kurmak i\u00e7in dahi kullan\u0131labilir. \u00c7\u00f6z\u00fcm, bilgisayarlar, a\u011fa ba\u011flanabilir multimedya cihazlar\u0131 (smart-tv, oyun konsolu, vb.) ve ak\u0131ll\u0131 telefonlar \/ tabletler i\u00e7in \u015fifreli bir t\u00fcnel olu\u015fturarak her t\u00fcrl\u00fc co\u011frafi k\u0131s\u0131tlama (genellikle video yay\u0131nc\u0131lar\u0131 taraf\u0131ndan uygulan\u0131r) ve yerel eri\u015fim sans\u00fcrlerini a\u015fabilmeyi sa\u011flar ve ayl\u0131k olarak yaln\u0131zca kulland\u0131\u011f\u0131n\u0131z trafik i\u00e7in \u00f6deme yapars\u0131n\u0131z. <\/p>\n","protected":false},"excerpt":{"rendered":"<p>VPN \u00e7\u00f6z\u00fcm\u00fc ile \u00e7al\u0131\u015fanlar\u0131n\u0131z\u0131n her yerden, istedikleri zaman, \u015firket diz\u00fcst\u00fc bilgisayarlar\u0131 veya ki\u015fisel mobil cihazlar\u0131 ile, a\u011f\u0131n\u0131zda ve verilerinizde herhangi bir ihlal ve risk olu\u015fturmadan \u00e7al\u0131\u015fmalar\u0131n\u0131 sa\u011flayabilirsiniz. ARK\u0130TEK VPN \u00c7\u00f6z\u00fcm\u00fc, g\u00fcvenli\u011fini sa\u011flarken, kullan\u0131c\u0131lar\u0131n\u0131z\u0131n g\u00fcvenli eri\u015fimini de kolayla\u015ft\u0131r\u0131r. Her ne zaman ihtiyac\u0131n\u0131z olursa ARK\u0130TEK ekibi ihtiya\u00e7lar\u0131n\u0131z\u0131 anlamak, e\u015fsiz bir teknik \u00e7\u00f6z\u00fcm \u00f6nermek ve destek olmak i\u00e7in &hellip; <\/p>\n<p class=\"link-more\"><a href=\"https:\/\/arkitek.net\/tr\/cozumler\/elektronik-haberlesme\/sanal-ozel-ag-vpn\/\" class=\"more-link\">Okumaya devam et<span class=\"screen-reader-text\"> &#8220;Sanal \u00d6zel A\u011f (VPN)&#8221;<\/span><\/a><\/p>\n","protected":false},"author":1,"featured_media":1121,"parent":418,"menu_order":4,"comment_status":"closed","ping_status":"closed","template":"","meta":{"inline_featured_image":false,"footnotes":""},"class_list":["post-707","page","type-page","status-publish","has-post-thumbnail","hentry"],"_links":{"self":[{"href":"https:\/\/arkitek.net\/tr\/wp-json\/wp\/v2\/pages\/707","targetHints":{"allow":["GET"]}}],"collection":[{"href":"https:\/\/arkitek.net\/tr\/wp-json\/wp\/v2\/pages"}],"about":[{"href":"https:\/\/arkitek.net\/tr\/wp-json\/wp\/v2\/types\/page"}],"author":[{"embeddable":true,"href":"https:\/\/arkitek.net\/tr\/wp-json\/wp\/v2\/users\/1"}],"replies":[{"embeddable":true,"href":"https:\/\/arkitek.net\/tr\/wp-json\/wp\/v2\/comments?post=707"}],"version-history":[{"count":0,"href":"https:\/\/arkitek.net\/tr\/wp-json\/wp\/v2\/pages\/707\/revisions"}],"up":[{"embeddable":true,"href":"https:\/\/arkitek.net\/tr\/wp-json\/wp\/v2\/pages\/418"}],"wp:featuredmedia":[{"embeddable":true,"href":"https:\/\/arkitek.net\/tr\/wp-json\/wp\/v2\/media\/1121"}],"wp:attachment":[{"href":"https:\/\/arkitek.net\/tr\/wp-json\/wp\/v2\/media?parent=707"}],"curies":[{"name":"wp","href":"https:\/\/api.w.org\/{rel}","templated":true}]}}