
{"id":689,"date":"2024-07-01T18:19:30","date_gmt":"2024-07-01T15:19:30","guid":{"rendered":"https:\/\/new.arkitek.net\/cozumlerimiz\/elektronik-haberlesme-cozumleri\/ipv6ya-gecis\/"},"modified":"2024-07-10T22:30:33","modified_gmt":"2024-07-10T19:30:33","slug":"ipv6ya-gecis","status":"publish","type":"page","link":"https:\/\/arkitek.net\/tr\/cozumler\/elektronik-haberlesme\/ipv6ya-gecis\/","title":{"rendered":"IPv6\u2019ya Ge\u00e7i\u015f"},"content":{"rendered":"\n<p>Mobil operat\u00f6rler ve servis sa\u011flay\u0131c\u0131lar, IP tabanl\u0131 veri ta\u015f\u0131ma ve ilgili hizmetlerden elde ettikleri gelirlerini art\u0131r\u0131yorlar. Ayn\u0131 zamanda, hem sabit hem de mobil geni\u015f bant trafi\u011fi, Web 2.0, IoT, video ve sosyal medya gibi y\u00fcksek sinyalle\u015fme ve abone trafi\u011fi y\u00fck\u00fcn\u00fc art\u0131r\u0131yor. <\/p>\n\n<p>Bug\u00fcn\u00fcn sabit a\u011flar\u0131na bakacak olursak, her bir abonenin b\u00fcy\u00fck miktarda verisi ile ba\u015fa \u00e7\u0131kabilmek i\u00e7in bit ba\u015f\u0131na maliyet \u00fczerinden optimize edilmi\u015f ve 500 Milyondan fazla aboneye hizmet vermekteler. Dahas\u0131, mobil a\u011flar bug\u00fcn 5 milyardan fazla aboneye hizmet verirken, daha b\u00fcy\u00fck abone say\u0131s\u0131na, daha da ki\u015fiselle\u015ftirilmi\u015f hizmetler sunabilmek i\u00e7in b\u00fcy\u00fcmeye devam ediyorlar.  <\/p>\n\n<p>Artan abone say\u0131s\u0131 ile, IPv6\u2019n\u0131n IPv4\u2019e g\u00f6re pek \u00e7ok faydas\u0131 olmas\u0131na ra\u011fmen, operat\u00f6rler bu ge\u00e7i\u015fi ger\u00e7ekle\u015ftirmek konusunda isteksizler. IPv4 adres alan\u0131n\u0131n t\u00fckenmesi ile olu\u015fan problem, bir\u00e7ok operat\u00f6r taraf\u0131ndan, <a href=\"\">CGNAT<\/a>\u2019a yat\u0131r\u0131m yaparak ele al\u0131nmaktad\u0131r. <\/p>\n\n<h2 class=\"wp-block-heading\">\u00c7\u00f6z\u00fcm<\/h2>\n\n<p>ARK\u0130TEK\u2019in IPv6 Ge\u00e7i\u015f Hizmet Paketi, operat\u00f6rlere, IPv6\u2019y\u0131 mevcut a\u011flar\u0131na sorunsuz bir \u015fekilde konumland\u0131rmak, a\u011f\u0131n mevcut durumu ile hedeflenen konum aras\u0131ndaki farklar\u0131 belirleyerek bir ge\u00e7i\u015f stratejisi ve etki analizi tan\u0131mlamak, ge\u00e7i\u015fi planlamak ve en sonunda da, ad\u0131m ad\u0131m yakla\u015f\u0131m ile, i\u015f plan\u0131n\u0131n gerektirdi\u011fi \u015fekilde yeni IPv6 tabanl\u0131 hizmetleri devreye almak imk\u00e2n\u0131 sunar.<\/p>\n\n<p>IPv4 tabanl\u0131 bir a\u011fdan IPv6\u2019ya ba\u015far\u0131l\u0131 bir ge\u00e7i\u015f, IPv6 \u00f6\u011felerinin, var olan IP altyap\u0131s\u0131 ile uyumluluklar\u0131 korunarak a\u011fa dahil edildi\u011fi bir \u00e7\u00f6z\u00fcmd\u00fcr. Bu nedenledir ki, bir s\u00fcre daha, IPv6 cihazlar\u0131n\u0131n mevcut cihazlarla etkile\u015fim ve uyumluluk i\u00e7inde a\u011flar\u0131m\u0131zda yer alacaklar\u0131n\u0131n fark\u0131nda olmal\u0131y\u0131z. <\/p>\n\n<p>Aboneler, IPv6 tabanl\u0131 hizmetlerden daha iyi bir hizmet deneyimi bekleyecek ve herhangi bir hizmet kesintisi istemeyeceklerdir. Kullan\u0131c\u0131lar, eri\u015fim \u00e7\u00f6z\u00fcmlerinde, bir dizi terminal cihaz aras\u0131ndan se\u00e7im yapabilmek ve hizmeti kullanmaya ba\u015flamak i\u00e7in basit ya da hi\u00e7 konfig\u00fcrasyon gerektirmeyen bir \u00e7\u00f6z\u00fcm de bekleyecektir. <\/p>\n\n<p>\u0130deal olan\u0131, kullan\u0131c\u0131lar\u0131n hangi adresi kullanmas\u0131 gerekti\u011fini bilmeden, arka tarafta uygulamalar\u0131n ve i\u015fletim sisteminin, ihtiya\u00e7 duyduklar\u0131 IP adres versiyonunu se\u00e7ip kullanabilme yeterlili\u011fine sahip olmalar\u0131d\u0131r.\n\n<\/p>\n\n<p>Bu nedenle, kullan\u0131c\u0131lar IPv6\u2019ya ge\u00e7ip de baz\u0131 hizmetler IPv4\u2019te kald\u0131\u011f\u0131nda, her iki protokol\u00fcn e\u015f zamanl\u0131 olarak desteklenmesi gereklidir. Mobil kullan\u0131c\u0131lar i\u00e7in, bir kullan\u0131c\u0131 kendi operat\u00f6r \u015febekesinde IPv6\u2019y\u0131 kullanabilir ve gerekirse ziyaret etti\u011fi a\u011flarda IPv4\u2019e ge\u00e7i\u015f yapabilir.\n \n\n<\/p>\n\n<p>Bu kapsamda, IPv6\u2019ya ge\u00e7i\u015fin a\u015famal\u0131 olarak yap\u0131lmas\u0131, operat\u00f6rlere:<\/p>\n\n<ul class=\"wp-block-list\">\n<li>IPv6 tabanl\u0131 abone hizmetlerinin kolayl\u0131kla devreye al\u0131nabilmesi,<\/li>\n\n\n\n<li>S\u00fcre\u00e7 boyunca operat\u00f6r\u00fcn de tecr\u00fcbe ve yetkinlik kazanmas\u0131,<\/li>\n\n\n\n<li>Hem riskleri hem de uygulama maliyetini azaltan kurulum projeleri gibi avantajlar sa\u011flar.<\/li>\n<\/ul>\n","protected":false},"excerpt":{"rendered":"<p>Mobil operat\u00f6rler ve servis sa\u011flay\u0131c\u0131lar, IP tabanl\u0131 veri ta\u015f\u0131ma ve ilgili hizmetlerden elde ettikleri gelirlerini art\u0131r\u0131yorlar. Ayn\u0131 zamanda, hem sabit hem de mobil geni\u015f bant trafi\u011fi, Web 2.0, IoT, video ve sosyal medya gibi y\u00fcksek sinyalle\u015fme ve abone trafi\u011fi y\u00fck\u00fcn\u00fc art\u0131r\u0131yor. Bug\u00fcn\u00fcn sabit a\u011flar\u0131na bakacak olursak, her bir abonenin b\u00fcy\u00fck miktarda verisi ile ba\u015fa \u00e7\u0131kabilmek &hellip; <\/p>\n<p class=\"link-more\"><a href=\"https:\/\/arkitek.net\/tr\/cozumler\/elektronik-haberlesme\/ipv6ya-gecis\/\" class=\"more-link\">Okumaya devam et<span class=\"screen-reader-text\"> &#8220;IPv6\u2019ya Ge\u00e7i\u015f&#8221;<\/span><\/a><\/p>\n","protected":false},"author":1,"featured_media":1121,"parent":418,"menu_order":3,"comment_status":"closed","ping_status":"closed","template":"","meta":{"inline_featured_image":false,"footnotes":""},"class_list":["post-689","page","type-page","status-publish","has-post-thumbnail","hentry"],"_links":{"self":[{"href":"https:\/\/arkitek.net\/tr\/wp-json\/wp\/v2\/pages\/689","targetHints":{"allow":["GET"]}}],"collection":[{"href":"https:\/\/arkitek.net\/tr\/wp-json\/wp\/v2\/pages"}],"about":[{"href":"https:\/\/arkitek.net\/tr\/wp-json\/wp\/v2\/types\/page"}],"author":[{"embeddable":true,"href":"https:\/\/arkitek.net\/tr\/wp-json\/wp\/v2\/users\/1"}],"replies":[{"embeddable":true,"href":"https:\/\/arkitek.net\/tr\/wp-json\/wp\/v2\/comments?post=689"}],"version-history":[{"count":0,"href":"https:\/\/arkitek.net\/tr\/wp-json\/wp\/v2\/pages\/689\/revisions"}],"up":[{"embeddable":true,"href":"https:\/\/arkitek.net\/tr\/wp-json\/wp\/v2\/pages\/418"}],"wp:featuredmedia":[{"embeddable":true,"href":"https:\/\/arkitek.net\/tr\/wp-json\/wp\/v2\/media\/1121"}],"wp:attachment":[{"href":"https:\/\/arkitek.net\/tr\/wp-json\/wp\/v2\/media?parent=689"}],"curies":[{"name":"wp","href":"https:\/\/api.w.org\/{rel}","templated":true}]}}