
{"id":668,"date":"2024-07-01T18:17:57","date_gmt":"2024-07-01T15:17:57","guid":{"rendered":"https:\/\/new.arkitek.net\/cozumlerimiz\/elektronik-haberlesme-cozumleri\/sabit-genisbant-abone-sonlandirma-mimarisi\/"},"modified":"2024-07-10T22:24:07","modified_gmt":"2024-07-10T19:24:07","slug":"sabit-genisbant-abone-sonlandirma-mimarisi","status":"publish","type":"page","link":"https:\/\/arkitek.net\/tr\/cozumler\/elektronik-haberlesme\/sabit-genisbant-abone-sonlandirma-mimarisi\/","title":{"rendered":"Sabit Geni\u015fbant Abone Sonland\u0131rma Mimarisi"},"content":{"rendered":"\n<p>\u0130nternet TV ve video i\u00e7erik t\u00fcketiminin artmas\u0131, mevcut video hizmetlerinin de her g\u00fcn daha da y\u00fcksek kalitede i\u00e7erik sunmalar\u0131 operat\u00f6r a\u011flar\u0131ndaki trafik hacimlerini h\u0131zla art\u0131r\u0131yor. G\u00fcn\u00fcm\u00fczde, internet TV ve video, t\u00fcm \u0130nternet trafi\u011finin yar\u0131s\u0131ndan fazlas\u0131n\u0131 olu\u015fturuyor. <\/p>\n\n<p>Her yeni mobil geni\u015fbant teknolojisi ve k\u0131rd\u0131klar\u0131 h\u0131z rekorlar\u0131 medyada fazlas\u0131yla yer al\u0131rken, sabit geni\u015fbant a\u011flar\u0131n hala en a\u011f\u0131r y\u00fck\u00fc kald\u0131rd\u0131\u011f\u0131 ger\u00e7ektir. Toplam sabit geni\u015fbant abone say\u0131s\u0131, mobil abonelikler kadar h\u0131zl\u0131 b\u00fcy\u00fcm\u00fcyor olabilir; ancak sabit abonelerin trafik t\u00fcketimi her y\u0131l iki kat\u0131na \u00e7\u0131kmaktad\u0131r. <\/p>\n\n<p>Trafik hacim ve \u00e7e\u015fitlili\u011findeki b\u00fcy\u00fcme, a\u011f operat\u00f6rleri i\u00e7in hem f\u0131rsatlar hem de zorluklar getirir. Bir yandan, internet hizmetleri, insanlar\u0131n hayatlar\u0131n\u0131n gittik\u00e7e daha fazla vazge\u00e7ilmez par\u00e7as\u0131 olarak, i\u015f d\u00fcnyas\u0131, e\u011fitim, sosyal etkile\u015fim ve e\u011flence gibi alanlarda da \u00f6nemli hale geliyor. Bu, yepyeni gelir f\u0131rsatlar\u0131 sa\u011flar. \u00d6te yandan, muhtemel b\u00fcy\u00fcme, a\u011f y\u00fckseltmelerinde yat\u0131r\u0131m yap\u0131lmas\u0131n\u0131 gerektirir ve bu y\u00fckseltmelere ek i\u015fletme giderleri de eklenir. Bu yat\u0131r\u0131mlar\u0131n getirisini en \u00fcst d\u00fczeye \u00e7\u0131karmak ve i\u015fletme maliyetlerini en aza indirmek i\u00e7in modern stratejiler gerekmektedir. \u00d6zellikle, son kullan\u0131c\u0131 deneyiminin y\u00fcksek kalitede olmas\u0131n\u0131 sa\u011flamak i\u00e7in a\u011f kapasitelerini a\u015f\u0131r\u0131 y\u00fckseltmek gibi klasik yakla\u015f\u0131mlar, projelerin k\u00e2rl\u0131l\u0131\u011f\u0131n\u0131 engelleyici bir \u015fekilde pahal\u0131 ve verimsiz olacakt\u0131r.     <\/p>\n\n<p>Bunun yerine, a\u011flar daha ak\u0131ll\u0131 hale gelmelidir. A\u011flar, son kullan\u0131c\u0131 deneyimini en \u00fcst d\u00fczeye \u00e7\u0131karmak ve mevcut a\u011f kaynaklar\u0131n\u0131n adil kullan\u0131m\u0131n\u0131 sa\u011flamak i\u00e7in uygulama t\u00fcrlerini, son kullan\u0131c\u0131 cihazlar\u0131n\u0131 ve son kullan\u0131c\u0131 tercihlerini tan\u0131mal\u0131d\u0131rlar. A\u011flar daha da basitle\u015fmeli, dolay\u0131s\u0131yla daha ucuz hale gelmeli, yeni zek\u00e2lar\u0131n\u0131 g\u00fc\u00e7lendiren karma\u015f\u0131kl\u0131\u011f\u0131 gizlemelidirler. Nadir de olsa bir ar\u0131za durumunda, abone hizmetlerinin s\u00fcreklili\u011fi i\u00e7in, sa\u011flaml\u0131k ve yedeklilik de dahil olmak \u00fczere birinci s\u0131n\u0131f esneklik sa\u011flamal\u0131d\u0131rlar.   <\/p>\n\n<h2 class=\"wp-block-heading\">\u00c7\u00f6z\u00fcm<\/h2>\n\n<p>ARK\u0130TEK\u2019in sabit geni\u015fbant abone sonland\u0131rma \u00e7\u00f6z\u00fcm\u00fc, internet servis sa\u011flay\u0131c\u0131lar\u0131na, her zaman end\u00fcstri standartlar\u0131na, yerel d\u00fczenlemelere, kabul g\u00f6rm\u00fc\u015f y\u00f6ntemlere ve uygulamalara uyumlu, kendi veya payla\u015f\u0131lan \u015febeke altyap\u0131lar\u0131n\u0131 h\u0131zl\u0131 ve verimli bir \u015fekilde kullanmak, optimize etmek ve b\u00fcy\u00fctmek i\u00e7in bir taslak sunar.<\/p>\n\n<p>ARK\u0130TEK\u2019in \u00fcretici-ba\u011f\u0131ms\u0131z sabit geni\u015fbant abone sonland\u0131rma \u00e7\u00f6z\u00fcm\u00fc, QoS destekli farkl\u0131la\u015ft\u0131r\u0131lm\u0131\u015f servisler sayesinde ses, video ve veri ta\u015f\u0131mak i\u00e7in y\u00fcksek \u00f6l\u00e7eklendirilebilir, g\u00fcvenilir ve garantili performans sa\u011flayan \u00e7ok servisli bir a\u011f\u0131n kurulmas\u0131 ve i\u015fletilmesi i\u00e7in her \u00f6l\u00e7ekteki hizmet sa\u011flay\u0131c\u0131 ve \u015firketlere sa\u011flam bir taslak sunar. Yerle\u015fik g\u00fcvenlik \u00f6zellikleri, aktif a\u011f bile\u015feni, a\u011f ve uygulama seviyelerinde derinlemesine savunma sa\u011flar. <\/p>\n\n<h2 class=\"wp-block-heading\">Tasar\u0131m Se\u00e7enekleri ve Esneklik<\/h2>\n\n<p>Sabit geni\u015fbant abone sonland\u0131rma \u00e7\u00f6z\u00fcm\u00fcm\u00fcz, servis sa\u011flay\u0131c\u0131lar\u0131n herhangi bir \u00f6l\u00e7ekte, co\u011frafi kapsamda, operasyonel ve i\u015f modellerinde (perakende, toptan veya her ikisi) teknik ve operasyonel gereksinimlerini ele almaktad\u0131r. \u00d6ncelikle gereksinimlerinizi i\u015f hedefleriyle birlikte anlamak i\u00e7in sizinle birlikte \u00e7al\u0131\u015f\u0131r, teknik, operasyonel ve b\u00fct\u00e7e gereksinimlerinize her zaman mevcut y\u00f6netmeliklere uygun ve yerel yasalara uygun olarak m\u00fckemmel bir u\u00e7tan uca \u00e7\u00f6z\u00fcm sunar\u0131z. <\/p>\n\n<h2 class=\"wp-block-heading\">Yedeklilik<\/h2>\n\n<p>\u00c7\u00f6z\u00fcm, en y\u00fcksek SLA\u2019lar\u0131 kar\u015f\u0131lamak i\u00e7in farkl\u0131 katmanlarda maksimum esneklik, sa\u011flaml\u0131k ve yedeklilik sunar. Abonelere ait fiziksel \/ mant\u0131ksal devreler ile oturumlar, yedekli kutulara ve \/ veya kartlara ve ayn\u0131 kutu i\u00e7indeki arabirimlere da\u011f\u0131t\u0131labilir. Abone oturumlar\u0131na ait durum bilgisinin korundu\u011fu ve korunmad\u0131\u011f\u0131 y\u00fcksek kullan\u0131labilirlik senaryolar\u0131 (aktif ekipman taraf\u0131ndan desteklendi\u011fi s\u00fcrece) \u00e7\u00f6z\u00fcme dahil edilmi\u015ftir.  <\/p>\n\n<h2 class=\"wp-block-heading\">\u00d6l\u00e7eklenebilirlik ve Ba\u015far\u0131m<\/h2>\n\n<p>Toplam abone say\u0131s\u0131, ilgili servisler ve abone ba\u015f\u0131na ortalama indirme h\u0131z\u0131, \u00e7\u00f6z\u00fcm\u00fcn boyutland\u0131r\u0131lmas\u0131ndaki kilit parametreler olsa da, abonelerinize en y\u00fcksek eri\u015fim ve hizmet kalitesini sunabilmeniz i\u00e7in, t\u00fcm \u00f6l\u00e7eklendirme de\u011fi\u015fkenlerini de hesaba katarak (\u00e7er\u00e7eve \/ paket ek y\u00fck\u00fc, i\u015flemci s\u0131n\u0131rlamalar\u0131, yedeklilik gereksinimleri, abone aya\u011fa kald\u0131rma oran\u0131, QoS, vb.) m\u00fcmk\u00fcn olan en y\u00fcksek ba\u015far\u0131m\u0131 sa\u011flar\u0131z.<\/p>\n\n<p>Evlerdeki modemlerden internet trafik router&#8217;lar\u0131na (kullan\u0131c\u0131 d\u00fczlemi trafi\u011fi i\u00e7in) ve AAA (RADIUS), Abone Eri\u015fim \u0130lkeleri Y\u00f6neticisi, DHCP ve DPI (sinyalle\u015fme trafi\u011fi i\u00e7in) gibi i\u015flevlere kadar her bir \u00fcr\u00fcn ve aray\u00fcz, kurulumda ve devreye al\u0131nd\u0131klar\u0131nda ger\u00e7ekci bir ba\u015far\u0131m skoruna sahip olmak i\u00e7in \u00e7\u00f6z\u00fcm kapsam\u0131m\u0131za dahil edilmi\u015flerdir.<\/p>\n","protected":false},"excerpt":{"rendered":"<p>\u0130nternet TV ve video i\u00e7erik t\u00fcketiminin artmas\u0131, mevcut video hizmetlerinin de her g\u00fcn daha da y\u00fcksek kalitede i\u00e7erik sunmalar\u0131 operat\u00f6r a\u011flar\u0131ndaki trafik hacimlerini h\u0131zla art\u0131r\u0131yor. G\u00fcn\u00fcm\u00fczde, internet TV ve video, t\u00fcm \u0130nternet trafi\u011finin yar\u0131s\u0131ndan fazlas\u0131n\u0131 olu\u015fturuyor. Her yeni mobil geni\u015fbant teknolojisi ve k\u0131rd\u0131klar\u0131 h\u0131z rekorlar\u0131 medyada fazlas\u0131yla yer al\u0131rken, sabit geni\u015fbant a\u011flar\u0131n hala en a\u011f\u0131r &hellip; <\/p>\n<p class=\"link-more\"><a href=\"https:\/\/arkitek.net\/tr\/cozumler\/elektronik-haberlesme\/sabit-genisbant-abone-sonlandirma-mimarisi\/\" class=\"more-link\">Okumaya devam et<span class=\"screen-reader-text\"> &#8220;Sabit Geni\u015fbant Abone Sonland\u0131rma Mimarisi&#8221;<\/span><\/a><\/p>\n","protected":false},"author":1,"featured_media":1121,"parent":418,"menu_order":2,"comment_status":"closed","ping_status":"closed","template":"","meta":{"inline_featured_image":false,"footnotes":""},"class_list":["post-668","page","type-page","status-publish","has-post-thumbnail","hentry"],"_links":{"self":[{"href":"https:\/\/arkitek.net\/tr\/wp-json\/wp\/v2\/pages\/668","targetHints":{"allow":["GET"]}}],"collection":[{"href":"https:\/\/arkitek.net\/tr\/wp-json\/wp\/v2\/pages"}],"about":[{"href":"https:\/\/arkitek.net\/tr\/wp-json\/wp\/v2\/types\/page"}],"author":[{"embeddable":true,"href":"https:\/\/arkitek.net\/tr\/wp-json\/wp\/v2\/users\/1"}],"replies":[{"embeddable":true,"href":"https:\/\/arkitek.net\/tr\/wp-json\/wp\/v2\/comments?post=668"}],"version-history":[{"count":0,"href":"https:\/\/arkitek.net\/tr\/wp-json\/wp\/v2\/pages\/668\/revisions"}],"up":[{"embeddable":true,"href":"https:\/\/arkitek.net\/tr\/wp-json\/wp\/v2\/pages\/418"}],"wp:featuredmedia":[{"embeddable":true,"href":"https:\/\/arkitek.net\/tr\/wp-json\/wp\/v2\/media\/1121"}],"wp:attachment":[{"href":"https:\/\/arkitek.net\/tr\/wp-json\/wp\/v2\/media?parent=668"}],"curies":[{"name":"wp","href":"https:\/\/api.w.org\/{rel}","templated":true}]}}