
{"id":650,"date":"2024-07-01T18:15:18","date_gmt":"2024-07-01T15:15:18","guid":{"rendered":"https:\/\/new.arkitek.net\/cozumlerimiz\/elektronik-haberlesme-cozumleri\/tumlesik-paket-omurga-agi\/"},"modified":"2024-07-10T22:17:00","modified_gmt":"2024-07-10T19:17:00","slug":"tumlesik-paket-omurga-agi","status":"publish","type":"page","link":"https:\/\/arkitek.net\/tr\/cozumler\/elektronik-haberlesme\/tumlesik-paket-omurga-agi\/","title":{"rendered":"T\u00fcmle\u015fik Paket Omurga A\u011f\u0131"},"content":{"rendered":"\n<p>\u201cHer zaman \u00e7evrimi\u00e7i\u201d vizyonumuz, telekom\u00fcnikasyon teknolojilerindeki h\u0131zl\u0131 geli\u015fmeler ile birlikte, tahmin edilenden \u00e7ok daha \u00f6nce ger\u00e7ekle\u015fiyor. 14.4kbps\u2019lik ilk GPRS h\u0131zlar\u0131, 1Gbps\u2019nin \u00fczerindeki mevcut 5G h\u0131zlar\u0131na y\u00fckseldi. Bu geli\u015fime ayak uydurabilen operat\u00f6rler ve servis sa\u011flay\u0131c\u0131lar i\u00e7in t\u00fcm bu de\u011fi\u015fiklikler say\u0131s\u0131z gelir f\u0131rsat\u0131 ile beraber bir\u00e7ok operasyonel zorluk da getiriyor.  <\/p>\n\n<p>Sadece insanlar\u0131 de\u011fil ayn\u0131 zamanda nesneleri de birbirine ba\u011flamaya d\u00f6n\u00fc\u015fen yar\u0131\u015f, geleneksel i\u015f modellerine meydan okuyor ve bir\u00e7ok hizmet sa\u011flay\u0131c\u0131y\u0131 rekabet\u00e7i kalabilmek i\u00e7in s\u00fcrekli yenilik yapmaya zorluyor. Yeni hizmetler i\u00e7in pazara \u00e7\u0131k\u0131\u015f zaman\u0131 gelirleri art\u0131rmakta kritik hale geldi\u011finden, operat\u00f6rler, mevcut a\u011f kapasitesini d\u00fczenli olarak art\u0131rmak ve kapasiteyi verimli olarak kullanmak durumundad\u0131r. <\/p>\n\n<p>Hizmet sa\u011flay\u0131c\u0131lar, bir teknolojiyi kurup bir sonrakini beklemek l\u00fcks\u00fcne sahip olmadan, kan\u0131tlanm\u0131\u015f, do\u011frulanm\u0131\u015f IP altyap\u0131s\u0131 \u00e7\u00f6z\u00fcmleri ile a\u011f bile\u015fenlerini birle\u015ftiren, yeni \u00f6zellikleri ve a\u011f uygulamalar\u0131n\u0131 h\u0131zl\u0131ca sa\u011flayabilen ekipman \u00fcreticilerine ihtiya\u00e7 duyarlar. Ayr\u0131ca, bu kadar h\u0131zl\u0131 geli\u015fen teknolojiyle, \u00e7ok yetenekli \u00fcr\u00fcn uzmanlar\u0131 bulmak zordur. Bu nedenledir ki bir\u00e7ok hizmet sa\u011flay\u0131c\u0131 g\u00fcn\u00fcm\u00fczde, a\u011f planlama, tasar\u0131m, da\u011f\u0131t\u0131m ve bak\u0131m gibi teknik fonksiyonlar\u0131 yerine getirmek i\u00e7in \u00fcreticilere g\u00fcvenmesi ve beraber \u00e7al\u0131\u015fmas\u0131 da gerekiyor.  <\/p>\n\n<p>Bu h\u0131zl\u0131 evrimin bir ba\u015fka ger\u00e7e\u011fi de, bir\u00e7ok mobil teknoloji neslinin birlikte varolmas\u0131 ve ya\u015famas\u0131 gereksiniminin ka\u00e7\u0131n\u0131lmazl\u0131\u011f\u0131d\u0131r. Sat\u0131nalma ve sahip olma\/i\u015fletme maliyetlerini azaltman\u0131n, ticari operat\u00f6rler i\u00e7in zorunlu oldu\u011fu bir d\u00fcnyada, gelecekteki teknolojilere uyum sa\u011flamak i\u00e7in sat\u0131n ald\u0131klar\u0131 a\u011f \u00e7\u00f6z\u00fcmlerinin \u00f6l\u00e7eklenebilirli\u011fini garanti etmek i\u00e7in \u00fcreticiler her zaman bask\u0131 alt\u0131ndad\u0131rlar. <\/p>\n\n<p>\u00d6zetle, operat\u00f6rler pahal\u0131 forklift y\u00fckseltmelerini ve personelin tekrarlayan e\u011fitim masraflar\u0131n\u0131 \u00f6nlemek i\u00e7in hem gelece\u011fe d\u00f6n\u00fck hem de geriye uyumlu a\u011f \u00e7\u00f6z\u00fcmlerine yat\u0131r\u0131m yaparlar.<\/p>\n\n<h2 class=\"wp-block-heading\">\u00c7\u00f6z\u00fcm<\/h2>\n\n<p>Operat\u00f6rlerin, s\u00fcrekli olarak artan trafik y\u00fck\u00fcn\u00fc ta\u015f\u0131yabilmek i\u00e7in a\u011flar\u0131n\u0131 d\u00f6n\u00fc\u015ft\u00fcrmeleri ve yeni hizmetleri h\u0131zla devreye alabilmeyi destekleyen operasyonel bir model benimsemeleri gerekirken, \u00f6nceden test edilmi\u015f ve do\u011frulanm\u0131\u015f u\u00e7tan uca IP altyap\u0131 \u00e7\u00f6z\u00fcmlerimiz ve uzmanl\u0131\u011f\u0131m\u0131z bu d\u00f6n\u00fc\u015f\u00fcm\u00fc m\u00fcmk\u00fcn oldu\u011fu kadar sorunsuz ve verimli hale getirmeye yard\u0131mc\u0131 olur.<\/p>\n\n<p>Tecr\u00fcbeli m\u00fchendis ve mimarlar\u0131m\u0131z, uzun y\u0131llar\u0131n\u0131 sabit, mobil ve b\u00fct\u00fcnle\u015fik a\u011f tasar\u0131m\u0131, planlama, kurulum ve bak\u0131m destek konular\u0131nda \u00e7al\u0131\u015fmak i\u00e7in harcad\u0131lar. Elektronik haberle\u015fmenin h\u0131zl\u0131 geli\u015fti\u011fi d\u00fcnyada dola\u015fmaya haz\u0131r oldu\u011funuzda, ARK\u0130TEK, en stratejik varl\u0131\u011f\u0131n\u0131z olan a\u011f\u0131n\u0131zdan para kazanman\u0131za yard\u0131mc\u0131 olacak ideal i\u015f orta\u011f\u0131d\u0131r. <\/p>\n\n<p>ARK\u0130TEK\u2019in \u00fcr\u00fcn\/\u00fcretici-ba\u011f\u0131ms\u0131z <strong>IP Omurga A\u011f \u00c7\u00f6z\u00fcm\u00fc<\/strong>; ses, video, veri ta\u015f\u0131ma ve abone servisleri i\u00e7in i\u00e7in operat\u00f6rlere ve internet servis sa\u011flay\u0131c\u0131lara \u00f6l\u00e7eklenebilir, g\u00fcvenilir, y\u00fcksek performansl\u0131 bir a\u011f tasla\u011f\u0131 sunar. \u00c7\u00f6z\u00fcm i\u00e7erisinde yerle\u015fik olarak bulunan g\u00fcvenlik, a\u011f cihaz\u0131, a\u011f ve uygulama seviyelerinde derinlemesine savunma sa\u011flar. U\u00e7tan uca QoS ile t\u00fcm a\u011f kaynaklar\u0131 en verimli \u015fekilde kullan\u0131l\u0131r. <\/p>\n\n<p>ARKITEK\u2019in CPBN \u00e7\u00f6z\u00fcm\u00fc, mobil \u00e7ekirdek ve b\u00fct\u00fcnle\u015fik metro a\u011flar\u0131 i\u00e7in geni\u015f bantl\u0131 paket veri hizmetlerini, MSS ve IMS\u2019i de destekleyen \u00e7ok fonksiyonlu bir IP altyap\u0131s\u0131 sunar. Telekom kalitesinde g\u00fcvenilirlik sa\u011flamak ve u\u00e7tan uca IP\u2019ye verimli bir ge\u00e7i\u015fi desteklemek i\u00e7in geli\u015ftirilmi\u015ftir. CPBN, kritik IP altyap\u0131s\u0131n\u0131n devreye al\u0131nmas\u0131n\u0131 h\u0131zland\u0131r\u0131r ve bir operat\u00f6r i\u00e7in uygulama maliyetlerini ve risklerini en aza indirir. ARKITEK\u2019in Profesyonel Hizmetler Ekibi, operat\u00f6r\u00fcn a\u011f altyap\u0131s\u0131n\u0131n, devam eden y\u00f6netim ve e\u011fitim hizmetlerinin ba\u015far\u0131l\u0131 bir \u015fekilde tasarlanmas\u0131n\u0131, entegrasyonunu ve sunulmas\u0131n\u0131 sa\u011flar.    <\/p>\n\n<p>CPBN, performans, g\u00fcvenilirlik, \u00f6l\u00e7eklenebilirlik, sa\u011flaml\u0131k ve y\u00f6netilebilirlik konular\u0131n\u0131 g\u00f6z \u00f6n\u00fcnde bulundurarak hem POP i\u00e7i hem de POP\u2019lar aras\u0131 ileti\u015fim i\u00e7in eksiksiz ba\u011flant\u0131 \u00e7\u00f6z\u00fcmleri i\u00e7eren \u00e7ok hizmetli bir IP altyap\u0131 \u00e7\u00f6z\u00fcm\u00fcd\u00fcr. <\/p>\n\n<p>CPBN t\u00fcm \u00e7ekirdek a\u011f ekipman ve sunucular\u0131 birbirine ba\u011flar. Ayr\u0131ca, \u00c7ekirdek A\u011f, Servis A\u011f\u0131, Radyo Eri\u015fim A\u011flar\u0131 ve GPRS Roaming Exchange (GRX), \u0130nternet ve Kurumsal siteler gibi harici a\u011flar aras\u0131nda gerekli IP ba\u011flant\u0131s\u0131n\u0131 sa\u011flar.  <\/p>\n\n<h2 class=\"wp-block-heading\">Optimal A\u011f Tasar\u0131m\u0131<\/h2>\n\n<p>B\u00fct\u00fcnle\u015fik ta\u015f\u0131ma a\u011f\u0131 tasar\u0131m\u0131n\u0131n, mobil backhaul ve paket omurgas\u0131 yoluyla IP RAN\u2019dan sabit \/ mobil \u00e7ekirde\u011fe kadar verimli, trafi\u011fe duyarl\u0131 ta\u015f\u0131ma yetenekleri sa\u011flamas\u0131 gerekir. Bununla birlikte, transport a\u011f\u0131n\u0131 \u00f6l\u00e7eklendirmek \u00f6nemli bir sorundur. Artan abone eri\u015fim h\u0131zlar\u0131yla, radyo baz istasyonundan \u00e7\u0131kan ve BSC veya RNC\u2019de sonlanan bir ula\u015f\u0131m a\u011f\u0131 kritik bir t\u0131kan\u0131kl\u0131k haline gelebilir ve kullan\u0131c\u0131 deneyimini azaltabilir.  <\/p>\n\n<h2 class=\"wp-block-heading\">Operat\u00f6rler i\u00e7in Faydalar\u0131<\/h2>\n\n<p>ARK\u0130TEK\u2019in CPBN \u00e7\u00f6z\u00fcm\u00fc operat\u00f6rlere a\u015fa\u011f\u0131daki avantajlar\u0131 sunar:<\/p>\n\n<p><strong>G\u00fcvenilir abone hizmetleri sunar.<\/strong> Y\u00fcksek kullan\u0131labilirli\u011fe sahip a\u011f tasar\u0131m\u0131, jitter, gecikme ve paket kayb\u0131 gibi konular IP altyap\u0131s\u0131 i\u00e7in a\u015f\u0131lmas\u0131 gereken b\u00fcy\u00fck zorluklard\u0131r ve bunlar\u0131 a\u015fmak ve bir operat\u00f6r\u00fcn g\u00fcvenebilece\u011fi ger\u00e7ek zamanl\u0131 hizmetler sunmak i\u00e7in ARK\u0130TEK yetkinli\u011fini ve deneyimini kullan\u0131r\u0131z.<\/p>\n\n<p><strong>Daha az risk.<\/strong> 1999\u2019dan beri paket a\u011flar\u0131 tasarlay\u0131p uygulayan ekibimiz d\u00fcnya \u00e7ap\u0131nda 50\u2019den fazla m\u00fc\u015fteri a\u011f\u0131 kurulumuna kat\u0131ld\u0131. CPBN, deneyimli profesyonel hizmetler ile desteklenmekte ve ge\u00e7erlili\u011fi kan\u0131tlanm\u0131\u015f bir referans \u00e7\u00f6z\u00fcmd\u00fcr. U\u00e7tan-uca IP\u2019ye ge\u00e7i\u015f i\u00e7in operat\u00f6rlere d\u00fc\u015f\u00fck riskli bir yol sunarken otomasyon da dahil olmak \u00fczere modern teknolojileri destekler. <\/p>\n\n<p><strong>Hizmetlerin daha h\u0131zl\u0131 devreye al\u0131nmas\u0131 ve gelir art\u0131\u015f\u0131.<\/strong> Temel CPBN referans tasar\u0131m\u0131 uluslararas\u0131 standartlara dayal\u0131, u\u00e7tan uca belgelendirilmi\u015f ve do\u011frulanm\u0131\u015ft\u0131r. Bu g\u00fcvenilir tasar\u0131m, birden fazla \u00fcreticiden \u0131smarlama bir \u00e7\u00f6z\u00fcm tasarland\u0131\u011f\u0131nda ortaya \u00e7\u0131kan de\u011ferlendirme ve entegrasyon g\u00f6revlerini ve maliyetlerini azaltarak, hizmete alma s\u00fcrelerinin daha h\u0131zl\u0131 ve verimli olmas\u0131n\u0131 sa\u011flar. <\/p>\n\n<p><\/p>\n\n<p><strong>A\u011f maliyetlerini d\u00fc\u015f\u00fcr\u00fcr ve yat\u0131r\u0131m verimlili\u011fini en \u00fcst d\u00fczeye \u00e7\u0131kar\u0131r.<\/strong> CPBN, MSS, IMS ve LTE \/ EPC\u2019ye ge\u00e7i\u015f de dahil olmak \u00fczere iyi planlanm\u0131\u015f bir yol haritas\u0131 ile uzun vadeli bir \u00e7\u00f6z\u00fcmd\u00fcr. Gelecekte olu\u015facak y\u00fcksek trafik y\u00fcklerini destekleyebilen mod\u00fcler ve \u00f6l\u00e7eklenebilir bir mimari platform sunar. <\/p>\n\n<p><strong>Tahmin edilebilir farkl\u0131la\u015ft\u0131r\u0131lm\u0131\u015f hizmetler sunar.<\/strong> Ger\u00e7ek zamanl\u0131 gereksinimleri olan (ses ve video gibi) trafik ak\u0131\u015f\u0131, e-posta, internet\u2019te gezmek vb. gibi her bir trafik t\u00fcr\u00fcn\u00fcn kendisine atanm\u0131\u015f bir QoS s\u0131n\u0131f\u0131 vard\u0131r ve uygulama gereksinimlerine uygun deterministik hizmet verilebilir. <\/p>\n\n<p><strong>Operat\u00f6rler, kullan\u0131c\u0131lar ve trafikleri i\u00e7in g\u00fcvenli bir a\u011f altyap\u0131s\u0131 sa\u011flar.<\/strong> Bu, \u00f6zellikle abone faturaland\u0131rma verileri, O&amp;M ve sinyalle\u015fme trafi\u011fini de IP altyap\u0131s\u0131 \u00fczerinden ta\u015f\u0131yan operat\u00f6rler i\u00e7in ger\u00e7ek bir tehdittir. CPBN, i\u00e7 ve d\u0131\u015f kaynaklardan gelen tehditlere bakarak, g\u00fcvenlik i\u00e7in b\u00fct\u00fcnc\u00fcl bir yakla\u015f\u0131m sergiler ve operat\u00f6re \u00f6zel \u00e7ok katmanl\u0131 bir mimari kullanarak \u00e7\u00f6z\u00fcm \u00fcretir. <\/p>\n\n<p><strong>K\u00fc\u00e7\u00fckten b\u00fcy\u00fc\u011fe \u00f6l\u00e7eklenebilir bir b\u00fcy\u00fcme sa\u011flar.<\/strong> CPBN, \u00f6nceden tan\u0131mlanm\u0131\u015f site t\u00fcrlerini, mod\u00fcler \u00e7\u00f6z\u00fcmleri ve \u00f6l\u00e7eklenebilir a\u011f \u00f6\u011fesi platformlar\u0131n\u0131 kullanarak, abone say\u0131s\u0131 ve trafik art\u0131\u015f\u0131n\u0131 bar\u0131nd\u0131racak \u015fekilde b\u00fcy\u00fcyebilen bir a\u011f \u00e7\u00f6z\u00fcm\u00fc \u00fcretmek i\u00e7in \u00f6l\u00e7eklenebilir bir mimari kullan\u0131r.<\/p>\n\n<h3 class=\"wp-block-heading\">Abone Kayb\u0131n\u0131 Azalt\u0131n<\/h3>\n\n<p class=\"has-pale-cyan-blue-background-color has-background\">\u00c7o\u011fu i\u015f stratejisinin temel amac\u0131, abone kayb\u0131n\u0131 azaltmak ve ARPU\u2019yu artt\u0131rmakt\u0131r. Aboneler bir\u00e7ok se\u00e7ene\u011fe sahip olduklar\u0131ndan, kullan\u0131c\u0131lar\u0131 elde tutman\u0131n anahtar\u0131, s\u00fcrekli olarak \u00fcst\u00fcn ve ki\u015fiselle\u015ftirilmi\u015f hizmetler sunmak olmu\u015ftur. Y\u00fcksek kalitede bir deneyim sunmak (QoE), geli\u015fen teknolojilerle \u00f6l\u00e7eklendirmek ve kullan\u0131c\u0131 trafi\u011fini art\u0131rmak i\u00e7in tasarlanm\u0131\u015f birle\u015fik bir ula\u015f\u0131m a\u011f\u0131 gereklidir. Servis sa\u011flay\u0131c\u0131lar\u0131n ayr\u0131ca \u015febekenin adil kullan\u0131m\u0131n\u0131 sa\u011flamalar\u0131 ve servis seviyelerini ve g\u00fcvenilirliklerini garanti eden premium servisler i\u00e7in daha y\u00fcksek fiyatlar talep etme kabiliyetlerini korumalar\u0131 da gerekir.   <\/p>\n\n<h2 class=\"wp-block-heading\"><a href=\"https:\/\/new.arkitek.net\/en\/services\/\" data-type=\"page\" data-id=\"74\">Profesyonel Hizmetler<\/a><\/h2>\n\n<p>CPBN \u00e7\u00f6z\u00fcm tasar\u0131m\u0131n\u0131 geli\u015ftirmek, a\u011f kurulumunu kolayla\u015ft\u0131rmak ve hizmet i\u00e7i operasyonu y\u00f6netmek i\u00e7in tamamlay\u0131c\u0131 <a href=\"https:\/\/new.arkitek.net\/en\/services\/\" data-type=\"page\" data-id=\"74\">profesyonel hizmetler<\/a> ARK\u0130TEK taraf\u0131ndan sa\u011flanmaktad\u0131r.<\/p>\n\n<p>Tecr\u00fcbeli ve bilgili ekibi ile ARK\u0130TEK, operat\u00f6re \u00f6zel gereksinimlere g\u00f6re yeni bir mobil \u00e7ekirdek IP altyap\u0131s\u0131n\u0131 \u00f6zelle\u015ftirebilir ve uygulayabilir. ARK\u0130TEK, kapsaml\u0131 ve proaktif \u2018\u00c7\u00f6z\u00fcm D\u00fczeyinde Destek\u2019 de dahil olmak \u00fczere, a\u011f ve hizmet tasar\u0131m\u0131, uygulama ve hizmet i\u00e7i a\u011f deste\u011finin t\u00fcm boyutlar\u0131 i\u00e7in ticari ve teknik dan\u0131\u015fmanl\u0131k hizmetleri sunmaktad\u0131r.  <\/p>\n\n<p>CPBN \u00e7\u00f6z\u00fcm\u00fc kullan\u0131larak \u00f6nemli tasarruflar sa\u011flanabilir. Bu tasarruflar, yayg\u0131n olarak g\u00f6r\u00fclen ve birden fazla \u00fcreticinin teklifine dayanan par\u00e7a par\u00e7a bir \u00e7\u00f6z\u00fcm\u00fc tasarlamak ve entegre etmek i\u00e7in i\u00e7 kaynaklar\u0131 kullanmak \u015feklindeki alternatif yakla\u015f\u0131mla kar\u015f\u0131la\u015ft\u0131r\u0131ld\u0131\u011f\u0131nda elde edilir. B\u00f6yle bir yakla\u015f\u0131m i\u00e7 kaynaklar\u0131n haftalar\u0131n\u0131 hatta aylar\u0131n\u0131 al\u0131r, par\u00e7a par\u00e7a a\u011f \u00e7\u00f6z\u00fcm\u00fcn\u00fc \u00f6l\u00e7eklendirme, ta\u015f\u0131ma ve bak\u0131m destek ile ilgili bir\u00e7ok risk getirir. Sonu\u00e7ta daha fazla harcama yapars\u0131n\u0131z, riski art\u0131r\u0131rs\u0131n\u0131z ve ARK\u0130TEK\u2019in CPBN \u00e7\u00f6z\u00fcm\u00fcn\u00fc kullanmakla kar\u015f\u0131la\u015ft\u0131r\u0131ld\u0131\u011f\u0131nda \u00e7\u00f6z\u00fcm\u00fc hizmete sokmak daha uzun s\u00fcrer.    <\/p>\n\n<p><a href=\"https:\/\/new.arkitek.net\/en\/services\/\" data-type=\"page\" data-id=\"74\">ARK\u0130TEK\u2019in profesyonel hizmetleri<\/a> \u201c<a href=\"https:\/\/new.arkitek.net\/en\/services\/#Consultancy\" data-type=\"page\" data-id=\"74\">Dan\u0131\u015fmanl\u0131k<\/a>\u201c, \u201c<a href=\"https:\/\/new.arkitek.net\/en\/services\/#Systems-Integration\" data-type=\"page\" data-id=\"74\">Sistem Entegrasyon<\/a>\u201d, \u201c<a href=\"https:\/\/new.arkitek.net\/en\/services\/#Custom-Development\" data-type=\"page\" data-id=\"74\">\u00d6zel Geli\u015ftirme<\/a>\u201c, \u201c<a href=\"https:\/\/new.arkitek.net\/en\/services\/#Application-And-Software-Testing\" data-type=\"page\" data-id=\"74\">Uygulama ve Yaz\u0131l\u0131m Test Etme<\/a>\u201d ve \u201c<a href=\"https:\/\/new.arkitek.net\/en\/services\/#Engineering-Services\" data-type=\"page\" data-id=\"74\">M\u00fchendislik Hizmetleri<\/a>\u201d olmak \u00fczere be\u015f ana ba\u015fl\u0131k alt\u0131nda toplanm\u0131\u015ft\u0131r. B\u00fct\u00fcn bu hizmetler, sizlere ilgili \u00e7\u00f6z\u00fcm\u00fcn\/projenin denetiminden tekliflendirilmesine, uygulanmas\u0131ndan destek hizmetlerine, kapasite art\u0131\u015f\u0131\/geni\u015flemesinden gerekti\u011finde ta\u015f\u0131nmas\u0131na kadar ya\u015fam d\u00f6ng\u00fcs\u00fc boyunca ihtiyac\u0131 olacak uzmanl\u0131k ve g\u00fcvenceyi sa\u011flamak i\u00e7in tasarlanm\u0131\u015ft\u0131r. <\/p>\n","protected":false},"excerpt":{"rendered":"<p>\u201cHer zaman \u00e7evrimi\u00e7i\u201d vizyonumuz, telekom\u00fcnikasyon teknolojilerindeki h\u0131zl\u0131 geli\u015fmeler ile birlikte, tahmin edilenden \u00e7ok daha \u00f6nce ger\u00e7ekle\u015fiyor. 14.4kbps\u2019lik ilk GPRS h\u0131zlar\u0131, 1Gbps\u2019nin \u00fczerindeki mevcut 5G h\u0131zlar\u0131na y\u00fckseldi. Bu geli\u015fime ayak uydurabilen operat\u00f6rler ve servis sa\u011flay\u0131c\u0131lar i\u00e7in t\u00fcm bu de\u011fi\u015fiklikler say\u0131s\u0131z gelir f\u0131rsat\u0131 ile beraber bir\u00e7ok operasyonel zorluk da getiriyor. Sadece insanlar\u0131 de\u011fil ayn\u0131 zamanda nesneleri de &hellip; <\/p>\n<p class=\"link-more\"><a href=\"https:\/\/arkitek.net\/tr\/cozumler\/elektronik-haberlesme\/tumlesik-paket-omurga-agi\/\" class=\"more-link\">Okumaya devam et<span class=\"screen-reader-text\"> &#8220;T\u00fcmle\u015fik Paket Omurga A\u011f\u0131&#8221;<\/span><\/a><\/p>\n","protected":false},"author":1,"featured_media":1121,"parent":418,"menu_order":1,"comment_status":"closed","ping_status":"closed","template":"","meta":{"inline_featured_image":false,"footnotes":""},"class_list":["post-650","page","type-page","status-publish","has-post-thumbnail","hentry"],"_links":{"self":[{"href":"https:\/\/arkitek.net\/tr\/wp-json\/wp\/v2\/pages\/650","targetHints":{"allow":["GET"]}}],"collection":[{"href":"https:\/\/arkitek.net\/tr\/wp-json\/wp\/v2\/pages"}],"about":[{"href":"https:\/\/arkitek.net\/tr\/wp-json\/wp\/v2\/types\/page"}],"author":[{"embeddable":true,"href":"https:\/\/arkitek.net\/tr\/wp-json\/wp\/v2\/users\/1"}],"replies":[{"embeddable":true,"href":"https:\/\/arkitek.net\/tr\/wp-json\/wp\/v2\/comments?post=650"}],"version-history":[{"count":0,"href":"https:\/\/arkitek.net\/tr\/wp-json\/wp\/v2\/pages\/650\/revisions"}],"up":[{"embeddable":true,"href":"https:\/\/arkitek.net\/tr\/wp-json\/wp\/v2\/pages\/418"}],"wp:featuredmedia":[{"embeddable":true,"href":"https:\/\/arkitek.net\/tr\/wp-json\/wp\/v2\/media\/1121"}],"wp:attachment":[{"href":"https:\/\/arkitek.net\/tr\/wp-json\/wp\/v2\/media?parent=650"}],"curies":[{"name":"wp","href":"https:\/\/api.w.org\/{rel}","templated":true}]}}