
{"id":418,"date":"2024-07-01T18:13:15","date_gmt":"2024-07-01T15:13:15","guid":{"rendered":"https:\/\/new.arkitek.net\/cozumlerimiz\/elektronik-haberlesme-cozumleri\/"},"modified":"2024-07-10T22:04:37","modified_gmt":"2024-07-10T19:04:37","slug":"elektronik-haberlesme","status":"publish","type":"page","link":"https:\/\/arkitek.net\/tr\/cozumler\/elektronik-haberlesme\/","title":{"rendered":"Elektronik Haberle\u015fme \u00c7\u00f6z\u00fcmleri"},"content":{"rendered":"\n<p>ARK\u0130TEK\u2019in elektronik haberle\u015fme \u00e7\u00f6z\u00fcmleri, bir hizmet sa\u011flay\u0131c\u0131n\u0131n veya kurumsal a\u011f\u0131n IP altyap\u0131 ihtiya\u00e7lar\u0131n\u0131 u\u00e7tan uca ve her katmanda sa\u011flamak \u00fczere tasarlanm\u0131\u015ft\u0131r \u2013 her \u00f6l\u00e7ekte ve her servis i\u00e7in. T\u00fcm haberle\u015fme \u00e7\u00f6z\u00fcmlerimiz, ortak olarak, en \u00fcst seviye performans, g\u00fcvenilirlik, \u00f6l\u00e7eklendirilebilirlik, d\u00f6n\u00fc\u015febilirlik ve uygun maliyet avantajlar\u0131n\u0131 sa\u011flamak \u00fczere tasarlanm\u0131\u015f, test edilmi\u015f, do\u011frulanm\u0131\u015f ve optimize edilmi\u015flerdir.  <\/p>\n\n<hr class=\"wp-block-separator has-css-opacity\"\/>\n\n<h2 class=\"wp-block-heading\"><a href=\"https:\/\/arkitek.net\/tr\/cozumler\/elektronik-haberlesme\/tumlesik-paket-omurga-agi\/\" data-type=\"page\" data-id=\"60\">T\u00fcmle\u015fik Paket Omurga A\u011f\u0131<\/a><\/h2>\n\n<p>ARK\u0130TEK\u2019in <a href=\"https:\/\/arkitek.net\/tr\/cozumler\/elektronik-haberlesme\/tumlesik-paket-omurga-agi\/\" data-type=\"page\" data-id=\"60\">T\u00fcmle\u015fik Paket Omurga A\u011f \u00c7\u00f6z\u00fcm\u00fc<\/a>, temel olarak, ticari a\u011flarda paket ve devre anahtarlanm\u0131\u015f abone trafi\u011fi, sinyalle\u015fme, a\u011f y\u00f6netim ve faturalama verisi i\u00e7in haberle\u015fme istasyonlar\u0131 i\u00e7erisinde (intra-site) ve istasyonlar aras\u0131 (inter-site) ba\u011flant\u0131 ve paket ta\u015f\u0131ma hizmeti sa\u011flar. \u00dcretici ba\u011f\u0131ms\u0131z \u00e7oklu-hizmet IP altyap\u0131s\u0131 \u00e7ekirdek a\u011f\u0131 eri\u015fim a\u011flar\u0131na, hizmet a\u011flar\u0131na, veri merkezlerine, faturaland\u0131rma sistemlerine, Internet\u2019e, e\u015f operat\u00f6rlere ve kurumsal a\u011flara ba\u011flamaktad\u0131r.<\/p>\n\n<p class=\"more-link\"><a href=\"https:\/\/arkitek.net\/tr\/cozumler\/elektronik-haberlesme\/tumlesik-paket-omurga-agi\/\" data-type=\"page\" data-id=\"60\">Daha fazla bilgi i\u00e7in<\/a>&#8230;<\/p>\n\n<h2 class=\"wp-block-heading\"><a href=\"https:\/\/arkitek.net\/tr\/cozumler\/elektronik-haberlesme\/sabit-genisbant-abone-sonlandirma-mimarisi\/\" data-type=\"page\" data-id=\"62\">Sabit Geni\u015fbant Abone Sonland\u0131rma Mimarisi<\/a><\/h2>\n\n<p>ARK\u0130TEK\u2019in <a href=\"https:\/\/arkitek.net\/tr\/cozumler\/elektronik-haberlesme\/sabit-genisbant-abone-sonlandirma-mimarisi\/\" data-type=\"page\" data-id=\"62\">PPP Abone Sonland\u0131rma (PPP Termination Architecture \/ PTA) Mimari \u00c7\u00f6z\u00fcm\u00fc<\/a>, geni\u015fbant internet eri\u015fim hizmet sa\u011flay\u0131c\u0131lar\u0131n\u0131n kendilerine ait veya payla\u015fmakta olduklar\u0131 \u015febekeleri h\u0131zl\u0131 ve etkili bir bi\u00e7imde uygulamak, en verimli \u015fekilde kullanmak ve de\u011fi\u015fen abone ihtiya\u00e7lar\u0131 do\u011frultusunda geni\u015fleyebilmek i\u00e7in bir taslak sa\u011flar. PTA \u00e7\u00f6z\u00fcm\u00fc sekt\u00f6rel standartlar, ulusal yasal d\u00fczenlemeler, kendisini kan\u0131tlam\u0131\u015f \u00f6rnek uygulamalar ile uyumludur.<\/p>\n\n<p class=\"more-link\"><a href=\"https:\/\/arkitek.net\/tr\/cozumler\/elektronik-haberlesme\/sabit-genisbant-abone-sonlandirma-mimarisi\/\" data-type=\"page\" data-id=\"62\">Daha fazla bilgi i\u00e7in<\/a>&#8230;<\/p>\n\n<h2 class=\"wp-block-heading\"><a href=\"https:\/\/arkitek.net\/tr\/cozumler\/elektronik-haberlesme\/ipv6ya-gecis\/\" data-type=\"page\" data-id=\"64\">IPv6\u2019ya Ge\u00e7i\u015f<\/a><\/h2>\n\n<p>ARK\u0130TEK\u2019in <a href=\"https:\/\/arkitek.net\/tr\/cozumler\/elektronik-haberlesme\/ipv6ya-gecis\/\" data-type=\"page\" data-id=\"64\">IPv6\u2019ya ge\u00e7i\u015f \u00e7\u00f6z\u00fcm ve hizmetleri<\/a> internet hizmet sa\u011flay\u0131c\u0131lara, IPv6 protokol\u00fcne ad\u0131m ad\u0131m , kontroll\u00fc ve yumu\u015fak bir ge\u00e7i\u015f yapmalar\u0131n\u0131 sa\u011flar. \u00d6ncelikle a\u011f\u0131n\u0131z\u0131n bug\u00fcnk\u00fc (as-is) durumu ile hedeflenen (to-be) mimarisini k\u0131yaslayarak aradaki farklar\u0131 ortaya koyar\u0131z, bir d\u00f6n\u00fc\u015f\u00fcm stratejisi belirler ve ge\u00e7i\u015fin olas\u0131 etkilerini analiz ederiz, ge\u00e7i\u015fi planlar ve son olarak, ad\u0131m ad\u0131m bir yakla\u015f\u0131m ile, yeni IPv6 tabanl\u0131 hizmetleri devreye al\u0131r\u0131z.<\/p>\n\n<p class=\"more-link\"><a href=\"https:\/\/arkitek.net\/tr\/cozumler\/elektronik-haberlesme\/ipv6ya-gecis\/\" data-type=\"page\" data-id=\"64\">Daha fazla bilgi i\u00e7in<\/a>&#8230;<\/p>\n\n<h2 class=\"wp-block-heading\"><a href=\"https:\/\/arkitek.net\/tr\/cozumler\/elektronik-haberlesme\/sanal-ozel-ag-vpn\/\" data-type=\"page\" data-id=\"66\">VPN<\/a><\/h2>\n\n<p>ARK\u0130TEK\u2019in <a href=\"https:\/\/arkitek.net\/tr\/cozumler\/elektronik-haberlesme\/sanal-ozel-ag-vpn\/\" data-type=\"page\" data-id=\"66\">Sanal \u00d6zel A\u011f (VPN) \u00c7\u00f6z\u00fcm\u00fc<\/a>, her \u00f6l\u00e7ekteki kurulu\u015fun co\u011frafi olarak da\u011f\u0131t\u0131lm\u0131\u015f fiziksel a\u011flar\u0131n\u0131 halka a\u00e7\u0131k internet altyap\u0131s\u0131 \u00fczerinden g\u00fcvenli bir \u015fekilde birbirine ba\u011flar ve ofis d\u0131\u015f\u0131ndaki \u00e7al\u0131\u015fanlar\u0131n \u015firket a\u011f kaynaklar\u0131na eri\u015febilmesini sa\u011flar.<\/p>\n\n<p class=\"more-link\"><a href=\"https:\/\/arkitek.net\/tr\/cozumler\/elektronik-haberlesme\/sanal-ozel-ag-vpn\/\" data-type=\"page\" data-id=\"66\">Daha fazla bilgi i\u00e7in&#8230;<\/a><\/p>\n\n<h2 class=\"wp-block-heading\"><a href=\"https:\/\/arkitek.net\/tr\/cozumler\/elektronik-haberlesme\/carrier-grade-nat\/\" data-type=\"page\" data-id=\"68\">Carrier-Grade NAT<\/a><\/h2>\n\n<p>ARK\u0130TEK\u2019in <a href=\"https:\/\/arkitek.net\/tr\/cozumler\/elektronik-haberlesme\/carrier-grade-nat\/\" data-type=\"page\" data-id=\"68\">A\u011f Adresi \u00c7evirisi (CGNAT) \u00c7\u00f6z\u00fcm\u00fc<\/a>, ticari operat\u00f6rler ve b\u00fcy\u00fck \u015firketler i\u00e7in IPv4 adres alanlar\u0131n\u0131 IPv6\u2019ya ge\u00e7irme a\u015famas\u0131na kadar en yal\u0131n \u015fekilde korumak ve verimli bir \u015fekilde kullanmak imkan\u0131 sunar.<\/p>\n\n<p class=\"more-link\"><a href=\"https:\/\/arkitek.net\/tr\/cozumler\/elektronik-haberlesme\/carrier-grade-nat\/\" data-type=\"page\" data-id=\"68\">Daha fazla bilgi i\u00e7in&#8230;<\/a><\/p>\n","protected":false},"excerpt":{"rendered":"<p>ARK\u0130TEK\u2019in elektronik haberle\u015fme \u00e7\u00f6z\u00fcmleri, bir hizmet sa\u011flay\u0131c\u0131n\u0131n veya kurumsal a\u011f\u0131n IP altyap\u0131 ihtiya\u00e7lar\u0131n\u0131 u\u00e7tan uca ve her katmanda sa\u011flamak \u00fczere tasarlanm\u0131\u015ft\u0131r \u2013 her \u00f6l\u00e7ekte ve her servis i\u00e7in. T\u00fcm haberle\u015fme \u00e7\u00f6z\u00fcmlerimiz, ortak olarak, en \u00fcst seviye performans, g\u00fcvenilirlik, \u00f6l\u00e7eklendirilebilirlik, d\u00f6n\u00fc\u015febilirlik ve uygun maliyet avantajlar\u0131n\u0131 sa\u011flamak \u00fczere tasarlanm\u0131\u015f, test edilmi\u015f, do\u011frulanm\u0131\u015f ve optimize edilmi\u015flerdir. T\u00fcmle\u015fik Paket &hellip; <\/p>\n<p class=\"link-more\"><a href=\"https:\/\/arkitek.net\/tr\/cozumler\/elektronik-haberlesme\/\" class=\"more-link\">Okumaya devam et<span class=\"screen-reader-text\"> &#8220;Elektronik Haberle\u015fme \u00c7\u00f6z\u00fcmleri&#8221;<\/span><\/a><\/p>\n","protected":false},"author":1,"featured_media":1121,"parent":404,"menu_order":1,"comment_status":"closed","ping_status":"closed","template":"","meta":{"inline_featured_image":false,"footnotes":""},"class_list":["post-418","page","type-page","status-publish","has-post-thumbnail","hentry"],"_links":{"self":[{"href":"https:\/\/arkitek.net\/tr\/wp-json\/wp\/v2\/pages\/418","targetHints":{"allow":["GET"]}}],"collection":[{"href":"https:\/\/arkitek.net\/tr\/wp-json\/wp\/v2\/pages"}],"about":[{"href":"https:\/\/arkitek.net\/tr\/wp-json\/wp\/v2\/types\/page"}],"author":[{"embeddable":true,"href":"https:\/\/arkitek.net\/tr\/wp-json\/wp\/v2\/users\/1"}],"replies":[{"embeddable":true,"href":"https:\/\/arkitek.net\/tr\/wp-json\/wp\/v2\/comments?post=418"}],"version-history":[{"count":0,"href":"https:\/\/arkitek.net\/tr\/wp-json\/wp\/v2\/pages\/418\/revisions"}],"up":[{"embeddable":true,"href":"https:\/\/arkitek.net\/tr\/wp-json\/wp\/v2\/pages\/404"}],"wp:featuredmedia":[{"embeddable":true,"href":"https:\/\/arkitek.net\/tr\/wp-json\/wp\/v2\/media\/1121"}],"wp:attachment":[{"href":"https:\/\/arkitek.net\/tr\/wp-json\/wp\/v2\/media?parent=418"}],"curies":[{"name":"wp","href":"https:\/\/api.w.org\/{rel}","templated":true}]}}