
{"id":404,"date":"2024-07-01T18:12:06","date_gmt":"2024-07-01T15:12:06","guid":{"rendered":"https:\/\/new.arkitek.net\/cozumlerimiz\/"},"modified":"2024-07-10T21:54:26","modified_gmt":"2024-07-10T18:54:26","slug":"cozumler","status":"publish","type":"page","link":"https:\/\/arkitek.net\/tr\/cozumler\/","title":{"rendered":"\u00c7\u00f6z\u00fcmlerimiz"},"content":{"rendered":"\n<p>T\u00fcm d\u00fcnyada ticari operat\u00f6rler, b\u00fcy\u00fck \u015firketler ve devlet kurumlar\u0131ndan olu\u015fan m\u00fc\u015fterilerimiz ba\u015fta olmak \u00fczere Bili\u015fim Teknolojileri ve Elektronik Haberle\u015fme altyap\u0131 ve sistemlerinin planlanmas\u0131, tasar\u0131m\u0131 ve uygulanmas\u0131 konular\u0131nda 20 y\u0131l\u0131 a\u015fk\u0131n tecr\u00fcbemizle olu\u015fturdu\u011fumuz \u00e7\u00f6z\u00fcmlerimizi, art\u0131k her \u00f6l\u00e7ekteki kurulu\u015fa sunmaktan gurur duyuyoruz. <\/p>\n\n<p>ARK\u0130TEK taraf\u0131ndan \u00fclkemizin ve sekt\u00f6r\u00fcm\u00fcz\u00fcn g\u00fcncel ihtiya\u00e7lar\u0131 do\u011frultusunda \u00f6zelle\u015ftirilmi\u015f \u00e7\u00f6z\u00fcmlerimiz ile, \u00f6zellikle y\u00fcksek g\u00fcvenilirlik, d\u00fc\u015f\u00fck maliyet ve hizmetlerin en h\u0131zl\u0131 \u015fekilde kullan\u0131c\u0131larla bulu\u015fturulabilmeleri konusunda art\u0131 de\u011fer yarat\u0131yoruz.<\/p>\n\n<h2 class=\"wp-block-heading\"><a href=\"https:\/\/arkitek.net\/tr\/cozumler\/yazilim\/\" data-type=\"page\" data-id=\"70\">Uygulama \u00c7\u00f6z\u00fcmleri<\/a><\/h2>\n\n<p>ARK\u0130TEK\u2019in uygulama \u00e7\u00f6z\u00fcmleri, natif olarak bulut \u00fczerinde \u00e7al\u0131\u015fmak \u00fczere tasarlanm\u0131\u015f ve kendi geli\u015ftirdi\u011fimiz esnek mimari altyap\u0131 ve istemcilerinden olu\u015fmaktad\u0131r. Bu sayede t\u00fcm m\u00fc\u015fterilerimizin ihtiya\u00e7lar\u0131n\u0131, i\u015f ak\u0131\u015flar\u0131n\u0131 ve deneyimlerini h\u0131zl\u0131 ve etkin bir \u015fekilde cevaplamak \u00fczere g\u00fcvenli bir ortam sunmakla beraber, mod\u00fcller birbirleriyle e\u015fsiz bir uyumluluk i\u00e7erisinde \u00e7al\u0131\u015f\u0131rlar.<\/p>\n\n<p>Mod\u00fcler sistem sayesinde, sizlerin ihtiya\u00e7lar\u0131 geli\u015ftik\u00e7e\/de\u011fi\u015ftik\u00e7e veya yeni ihtiya\u00e7lar olu\u015ftuk\u00e7a yeni \u00f6zellikler h\u0131zl\u0131ca eklenebilirken, arka tarafta sundu\u011fumuz mimari altyap\u0131 ve \u00e7ekirdek bile\u015fenleri s\u00fcrekli olarak \u00fcr\u00fcn\/\u00e7\u00f6z\u00fcm yol haritas\u0131 ve g\u00fcncel teknolojilerin sundu\u011fu kolayl\u0131klar ile g\u00fcncellenmekte ve geli\u015ftirilmeye devam etmektedir.<\/p>\n\n<p class=\"more-link\"><a href=\"https:\/\/arkitek.net\/tr\/cozumler\/yazilim\/\" data-type=\"page\" data-id=\"70\">Daha fazla bilgi i\u00e7in<\/a>&#8230;<\/p>\n\n<h2 class=\"wp-block-heading\"><a href=\"https:\/\/arkitek.net\/tr\/cozumler\/elektronik-haberlesme\/\" data-type=\"page\" data-id=\"58\">Elektronik Haberle\u015fme \u00c7\u00f6z\u00fcmleri<\/a><\/h2>\n\n<p>ARK\u0130TEK\u2019in elektronik haberle\u015fme \u00e7\u00f6z\u00fcmleri, bir hizmet sa\u011flay\u0131c\u0131n\u0131n veya kurumsal a\u011f\u0131n IP altyap\u0131 ihtiya\u00e7lar\u0131n\u0131 u\u00e7tan uca ve her katmanda sa\u011flamak \u00fczere tasarlanm\u0131\u015ft\u0131r \u2013 her \u00f6l\u00e7ekte ve her servis i\u00e7in. T\u00fcm haberle\u015fme \u00e7\u00f6z\u00fcmlerimiz, ortak olarak, en \u00fcst seviye performans, g\u00fcvenilirlik, \u00f6l\u00e7eklendirilebilirlik, d\u00f6n\u00fc\u015febilirlik ve uygun maliyet avantajlar\u0131n\u0131 sa\u011flamak \u00fczere tasarlanm\u0131\u015f, test edilmi\u015f, do\u011frulanm\u0131\u015f ve optimize edilmi\u015flerdir. <\/p>\n\n<p class=\"more-link\"><a href=\"https:\/\/arkitek.net\/tr\/cozumler\/elektronik-haberlesme\/\" data-type=\"page\" data-id=\"58\">Daha fazla bilgi i\u00e7in<\/a>&#8230;<\/p>\n\n<h2 class=\"wp-block-heading\">Bulut Bili\u015fim, A\u011f ve Depolama \u00c7\u00f6z\u00fcmleri<\/h2>\n\n<p>Her b\u00fcy\u00fckl\u00fckteki i\u015fletme i\u00e7in teknik, operasyonel ve ticari faydalar sunan Bulut Bili\u015fim giderek daha pop\u00fcler hale geliyor; ARK\u0130TEK, buluta ge\u00e7i\u015finizde sizinle birlikte \u00e7al\u0131\u015fmak i\u00e7in \u00e7\u00f6z\u00fcmlerini geni\u015fletmekten memnuniyet duyuyor.<\/p>\n","protected":false},"excerpt":{"rendered":"<p>T\u00fcm d\u00fcnyada ticari operat\u00f6rler, b\u00fcy\u00fck \u015firketler ve devlet kurumlar\u0131ndan olu\u015fan m\u00fc\u015fterilerimiz ba\u015fta olmak \u00fczere Bili\u015fim Teknolojileri ve Elektronik Haberle\u015fme altyap\u0131 ve sistemlerinin planlanmas\u0131, tasar\u0131m\u0131 ve uygulanmas\u0131 konular\u0131nda 20 y\u0131l\u0131 a\u015fk\u0131n tecr\u00fcbemizle olu\u015fturdu\u011fumuz \u00e7\u00f6z\u00fcmlerimizi, art\u0131k her \u00f6l\u00e7ekteki kurulu\u015fa sunmaktan gurur duyuyoruz. ARK\u0130TEK taraf\u0131ndan \u00fclkemizin ve sekt\u00f6r\u00fcm\u00fcz\u00fcn g\u00fcncel ihtiya\u00e7lar\u0131 do\u011frultusunda \u00f6zelle\u015ftirilmi\u015f \u00e7\u00f6z\u00fcmlerimiz ile, \u00f6zellikle y\u00fcksek g\u00fcvenilirlik, d\u00fc\u015f\u00fck &hellip; <\/p>\n<p class=\"link-more\"><a href=\"https:\/\/arkitek.net\/tr\/cozumler\/\" class=\"more-link\">Okumaya devam et<span class=\"screen-reader-text\"> &#8220;\u00c7\u00f6z\u00fcmlerimiz&#8221;<\/span><\/a><\/p>\n","protected":false},"author":1,"featured_media":1131,"parent":0,"menu_order":0,"comment_status":"closed","ping_status":"closed","template":"","meta":{"inline_featured_image":false,"footnotes":""},"class_list":["post-404","page","type-page","status-publish","has-post-thumbnail","hentry"],"_links":{"self":[{"href":"https:\/\/arkitek.net\/tr\/wp-json\/wp\/v2\/pages\/404","targetHints":{"allow":["GET"]}}],"collection":[{"href":"https:\/\/arkitek.net\/tr\/wp-json\/wp\/v2\/pages"}],"about":[{"href":"https:\/\/arkitek.net\/tr\/wp-json\/wp\/v2\/types\/page"}],"author":[{"embeddable":true,"href":"https:\/\/arkitek.net\/tr\/wp-json\/wp\/v2\/users\/1"}],"replies":[{"embeddable":true,"href":"https:\/\/arkitek.net\/tr\/wp-json\/wp\/v2\/comments?post=404"}],"version-history":[{"count":0,"href":"https:\/\/arkitek.net\/tr\/wp-json\/wp\/v2\/pages\/404\/revisions"}],"wp:featuredmedia":[{"embeddable":true,"href":"https:\/\/arkitek.net\/tr\/wp-json\/wp\/v2\/media\/1131"}],"wp:attachment":[{"href":"https:\/\/arkitek.net\/tr\/wp-json\/wp\/v2\/media?parent=404"}],"curies":[{"name":"wp","href":"https:\/\/api.w.org\/{rel}","templated":true}]}}