
{"id":375,"date":"2024-07-01T18:27:04","date_gmt":"2024-07-01T15:27:04","guid":{"rendered":"https:\/\/new.arkitek.net\/uygulama-cozumlerimiz\/"},"modified":"2024-07-10T21:58:15","modified_gmt":"2024-07-10T18:58:15","slug":"yazilim","status":"publish","type":"page","link":"https:\/\/arkitek.net\/tr\/cozumler\/yazilim\/","title":{"rendered":"Uygulama \u00c7\u00f6z\u00fcmlerimiz"},"content":{"rendered":"\n<p>ARK\u0130TEK\u2019in uygulama \u00e7\u00f6z\u00fcmleri, natif olarak bulut \u00fczerinde kendi geli\u015ftirdi\u011fimiz mimari altyap\u0131, \u00e7ekirdek bile\u015fenleri ve istemcilerinden olu\u015fur. Bu sayede t\u00fcm bile\u015fenler e\u015fsiz bir uyum i\u00e7erisinde temel i\u015flevselli\u011fi sa\u011flarken, m\u00fc\u015fterilerimizin \u00f6zel ihtiya\u00e7lar\u0131n\u0131, i\u015f ak\u0131\u015flar\u0131n\u0131 ve kullan\u0131c\u0131 arabirimlerini geli\u015ftirmek ve uygulamak i\u00e7in g\u00fcvenilir bir altyap\u0131 \u00fczerinde ba\u015flam\u0131\u015f oluruz. <\/p>\n\n<p>Mod\u00fcler yap\u0131s\u0131 ile \u00e7\u00f6z\u00fcmlerimiz, ihtiya\u00e7lar\u0131n\u0131z artt\u0131k\u00e7a ve\/veya de\u011fi\u015ftik\u00e7e yeni \u00f6zellikler ve i\u015flevsellikler eklemek imkan\u0131 sa\u011flar. Bu s\u00fcre\u00e7te bizler de, altyap\u0131y\u0131 ve \u00e7ekirdek bile\u015fenlerini \u00fcr\u00fcnlerin kendi yol haritalar\u0131 do\u011frultusunda g\u00fcncel teknolojik yenilikler ile g\u00fcncelleyerek her zaman m\u00fcmk\u00fcn olan en hatas\u0131z ve g\u00fcvenilir kodu sunar\u0131z.<\/p>\n\n<p>ARK\u0130TEK taraf\u0131ndan tasarlanm\u0131\u015f, test edilmi\u015f, do\u011frulanm\u0131\u015f ve optimize edilmi\u015f olan \u00e7\u00f6z\u00fcmlerimizin t\u00fcm\u00fc \u2013 m\u00fc\u015fterilerimizin i\u015f analizlerini, operasyonel ve b\u00fct\u00e7esel ihtiya\u00e7lar\u0131n\u0131 da destekleyecek \u015fekilde \u2013 en y\u00fcksek seviyede ba\u015far\u0131m, g\u00fcvenilirlik, \u00f6l\u00e7eklenebilirlik ve maliyet avantaj\u0131 sunarlar.<\/p>\n\n<hr class=\"wp-block-separator has-css-opacity\"\/>\n\n<h2 class=\"wp-block-heading\">Web Uygulamalar\u0131<\/h2>\n\n<p>ARK\u0130TEK\u2019in bulut \u00fczerinde geli\u015ftirilmi\u015f uygulama mimarisi kurumsal, ticari, pazarlama gibi her t\u00fcrl\u00fc web uygulamas\u0131na g\u00fc\u00e7 ve g\u00fcvenilirlik katar. Trafik ihtiya\u00e7lar\u0131n\u0131za g\u00f6re \u00f6l\u00e7eklendirilebilen uygulamalar\u0131m\u0131z\u0131 sizin tercih etti\u011finiz bulut altyap\u0131 sa\u011flay\u0131c\u0131s\u0131 \u00fczerinde bulundurarak, ticari ve operasyonel partnerlerinizle entegre ederek i\u00e7 s\u00fcre\u00e7lerinizi ve hedef kitlenizle etkile\u015fimlerinizi m\u00fcmk\u00fcn olan en y\u00fcksek seviyede h\u0131zland\u0131rabilir ve kolayla\u015ft\u0131rabiliriz. <\/p>\n\n<h2 class=\"wp-block-heading\">Mobil Uygulamalar<\/h2>\n\n<p>ARK\u0130TEK taraf\u0131ndan tasarlanan ve geli\u015ftirilen mobil uygulamalar, son kullan\u0131c\u0131 el terminallerinin (ak\u0131ll\u0131 telefon ve tabletler) donan\u0131m kaynaklar\u0131 ve \u00e7evre birimlerinden tam anlam\u0131yla faydalanarak kullan\u0131c\u0131lara y\u00fcksek i\u015flevsellik, kullan\u0131m kolayl\u0131\u011f\u0131 ve esneklik sa\u011flarlar. Mobil cihaz uygulamalar\u0131, internet taray\u0131c\u0131lar\u0131n\u0131n do\u011fas\u0131 gere\u011fi bar\u0131nd\u0131rd\u0131klar\u0131 s\u0131n\u0131rlamalar\u0131n \u00fczerinde i\u015flevsellik sa\u011flayarak e\u015fsiz bir kullan\u0131c\u0131 deneyimi sa\u011flarlar.  <\/p>\n\n<h2 class=\"wp-block-heading\">A\u011f Uygulamalar\u0131<\/h2>\n\n<p>ARK\u0130TEK\u2019in bili\u015fim teknolojileri ve elektronik ileti\u015fim alanlar\u0131ndaki geni\u015f altyap\u0131 ve i\u015f tecr\u00fcbesi ile desteklenen a\u011f uygulama \u00e7\u00f6z\u00fcmlerimiz, en titiz a\u011f operat\u00f6rlerinin karma\u015f\u0131k ihtiya\u00e7lar\u0131n\u0131 \u2013 sinyalle\u015fme ve kullan\u0131c\u0131\/abone trafikleri, otomasyon ve izleme \u00fczerinde tam kontrol de sa\u011flayabilecek \u015fekilde \u2013 kar\u015f\u0131lamakta ve hatta a\u015fabilmektedir.<\/p>\n","protected":false},"excerpt":{"rendered":"<p>ARK\u0130TEK\u2019in uygulama \u00e7\u00f6z\u00fcmleri, natif olarak bulut \u00fczerinde kendi geli\u015ftirdi\u011fimiz mimari altyap\u0131, \u00e7ekirdek bile\u015fenleri ve istemcilerinden olu\u015fur. Bu sayede t\u00fcm bile\u015fenler e\u015fsiz bir uyum i\u00e7erisinde temel i\u015flevselli\u011fi sa\u011flarken, m\u00fc\u015fterilerimizin \u00f6zel ihtiya\u00e7lar\u0131n\u0131, i\u015f ak\u0131\u015flar\u0131n\u0131 ve kullan\u0131c\u0131 arabirimlerini geli\u015ftirmek ve uygulamak i\u00e7in g\u00fcvenilir bir altyap\u0131 \u00fczerinde ba\u015flam\u0131\u015f oluruz. Mod\u00fcler yap\u0131s\u0131 ile \u00e7\u00f6z\u00fcmlerimiz, ihtiya\u00e7lar\u0131n\u0131z artt\u0131k\u00e7a ve\/veya de\u011fi\u015ftik\u00e7e yeni \u00f6zellikler &hellip; <\/p>\n<p class=\"link-more\"><a href=\"https:\/\/arkitek.net\/tr\/cozumler\/yazilim\/\" class=\"more-link\">Okumaya devam et<span class=\"screen-reader-text\"> &#8220;Uygulama \u00c7\u00f6z\u00fcmlerimiz&#8221;<\/span><\/a><\/p>\n","protected":false},"author":1,"featured_media":1131,"parent":404,"menu_order":2,"comment_status":"closed","ping_status":"closed","template":"","meta":{"inline_featured_image":false,"footnotes":""},"class_list":["post-375","page","type-page","status-publish","has-post-thumbnail","hentry"],"_links":{"self":[{"href":"https:\/\/arkitek.net\/tr\/wp-json\/wp\/v2\/pages\/375","targetHints":{"allow":["GET"]}}],"collection":[{"href":"https:\/\/arkitek.net\/tr\/wp-json\/wp\/v2\/pages"}],"about":[{"href":"https:\/\/arkitek.net\/tr\/wp-json\/wp\/v2\/types\/page"}],"author":[{"embeddable":true,"href":"https:\/\/arkitek.net\/tr\/wp-json\/wp\/v2\/users\/1"}],"replies":[{"embeddable":true,"href":"https:\/\/arkitek.net\/tr\/wp-json\/wp\/v2\/comments?post=375"}],"version-history":[{"count":0,"href":"https:\/\/arkitek.net\/tr\/wp-json\/wp\/v2\/pages\/375\/revisions"}],"up":[{"embeddable":true,"href":"https:\/\/arkitek.net\/tr\/wp-json\/wp\/v2\/pages\/404"}],"wp:featuredmedia":[{"embeddable":true,"href":"https:\/\/arkitek.net\/tr\/wp-json\/wp\/v2\/media\/1131"}],"wp:attachment":[{"href":"https:\/\/arkitek.net\/tr\/wp-json\/wp\/v2\/media?parent=375"}],"curies":[{"name":"wp","href":"https:\/\/api.w.org\/{rel}","templated":true}]}}