
{"id":362,"date":"2024-07-01T18:30:57","date_gmt":"2024-07-01T15:30:57","guid":{"rendered":"https:\/\/new.arkitek.net\/profesyonel-hizmetler\/"},"modified":"2024-07-08T21:18:59","modified_gmt":"2024-07-08T18:18:59","slug":"hizmetler","status":"publish","type":"page","link":"https:\/\/arkitek.net\/tr\/hizmetler\/","title":{"rendered":"Profesyonel Hizmetler"},"content":{"rendered":"\n<p>20 y\u0131l\u0131 a\u015fk\u0131n s\u00fcredir ticari operat\u00f6rler, eri\u015fim hizmet sa\u011flay\u0131c\u0131lar\u0131, b\u00fcy\u00fck kurulu\u015flar ve kamu kurumlar\u0131 i\u00e7in bili\u015fim teknolojileri (BT) ve elektronik haberle\u015fme \u00e7\u00f6z\u00fcmleri planlama, tasar\u0131m\u0131 ve uygulamas\u0131 tecr\u00fcbesi ile profesyonel hizmetler portf\u00f6y\u00fcm\u00fcz\u00fc d\u00fcnyan\u0131n her yerinde, her \u00f6l\u00e7ekteki m\u00fc\u015fterimiz i\u00e7in sunmaktan mutluluk duyar\u0131z. \u0130ster bir sat\u0131\u015f projesi i\u00e7in dan\u0131\u015fmanl\u0131k, ister kurulum projesi i\u00e7in profesyonel hizmet paketi olsun, her ad\u0131mda sizin yan\u0131n\u0131zday\u0131z. <\/p>\n\n<p>ARK\u0130TEK\u2019in profesyonel hizmetleri \u201c<a href=\"#Consultancy\">Dan\u0131\u015fmanl\u0131k<\/a>\u201c, \u201c<a href=\"#Systems-Integration\">Sistem Entegrasyon<\/a>\u201d, \u201c<a href=\"#Custom-Development\">\u00d6zel Geli\u015ftirme<\/a>\u201c, \u201c<a href=\"#Application-and-Software-Testing\">Uygulama ve Yaz\u0131l\u0131m Test Etme<\/a>\u201d ve \u201c<a href=\"#Engineering-Services\">M\u00fchendislik Hizmetleri<\/a>\u201d olmak \u00fczere be\u015f ana ba\u015fl\u0131k alt\u0131nda toplanm\u0131\u015ft\u0131r. B\u00fct\u00fcn bu hizmetler, sizlere ilgili \u00e7\u00f6z\u00fcm\u00fcn\/projenin denetiminden tekliflendirilmesine, uygulanmas\u0131ndan destek hizmetlerine, kapasite art\u0131\u015f\u0131\/geni\u015flemesinden gerekti\u011finde ta\u015f\u0131nmas\u0131na kadar ya\u015fam d\u00f6ng\u00fcs\u00fc boyunca ihtiyac\u0131 olacak uzmanl\u0131k ve g\u00fcvenceyi sa\u011flamak i\u00e7in tasarlanm\u0131\u015ft\u0131r. <\/p>\n\n<h2 class=\"wp-block-heading\" id=\"Consultancy\">Dan\u0131\u015fmanl\u0131k<\/h2>\n\n<p>\u00dcretici ba\u011f\u0131ms\u0131z teknik bilgi, do\u011frulanm\u0131\u015f ve end\u00fcstride kabul edilmi\u015f metodolojiler, tecr\u00fcbe ve disiplinle donanm\u0131\u015f ekibimiz ile \u2013 her biri k\u00e2rl\u0131l\u0131\u011f\u0131n\u0131z i\u00e7in kritik ve sekt\u00f6r\u00fcm\u00fczde taahh\u00fct i\u015flerinin tart\u0131\u015fmas\u0131z boyutlar\u0131 olan \u2013 yeni stratejiler \u00fcretmek\/uygulamak, hedeflere eri\u015fmek, proje takvimlerine uymak, riskleri azaltmak\/transfer etmek ve di\u011fer her konuda sizinle beraber \u00e7al\u0131\u015fabiliriz.<\/p>\n\n<p class=\"more-link\"><a href=\"https:\/\/arkitek.net\/tr\/iletisim\/\">Bize ula\u015f\u0131n<\/a>&#8230;<\/p>\n\n<h2 class=\"wp-block-heading\" id=\"Systems-Integration\">Sistem Entegrasyonu<\/h2>\n\n<p>Her a\u011f ve\/veya sistem entegrasyon projesi beraberinde bir\u00e7ok zorluk ve risk ile beraber gelir ve nas\u0131l icra edildikleri projenin takvimi ve ba\u015far\u0131s\u0131 \u00fczerinde b\u00fcy\u00fck etki ta\u015f\u0131r. Biz, sizin ba\u015far\u0131n\u0131z ve m\u00fc\u015fterinizin memnuniyeti i\u00e7in do\u011fru yetkinli\u011fi size sunar ve i\u015flerin planland\u0131\u011f\u0131 \u015fekilde ilerledi\u011finden her ad\u0131mda emin oluruz. <\/p>\n\n<p class=\"more-link\"><a href=\"https:\/\/arkitek.net\/tr\/iletisim\/\">Bize ula\u015f\u0131n<\/a>&#8230;<\/p>\n\n<h2 class=\"wp-block-heading\" id=\"Custom-Development\">\u00d6zel Geli\u015ftirme<\/h2>\n\n<p>\u0130\u015fletmenizin veya giri\u015fiminizin ihtiyac\u0131 \u00f6zel bir yaz\u0131l\u0131m \u00e7\u00f6z\u00fcm\u00fc ise, ARK\u0130TEK\u2019in uzman ekibi \u015firketinizi ba\u015far\u0131ya g\u00f6t\u00fcrecek \u00e7\u00f6z\u00fcm\u00fc \u2013 uygun fiyatlarla, uygun takvimde ve kalitede \u2013 tasarlayabilir ve uygulayabilir.<\/p>\n\n<p class=\"more-link\"><a href=\"https:\/\/new.arkitek.net\/tr\/iletisim\/\">Bize ula\u015f\u0131n<\/a>&#8230;<\/p>\n\n<h2 class=\"wp-block-heading\" id=\"Application-and-Software-Testing\">Uygulama ve Yaz\u0131l\u0131m Test Etme<\/h2>\n\n<p>Uygulamalar \u2013 ticari faaliyetlerinizin merkezinde ve m\u00fc\u015fterilerinizle kar\u015f\u0131 kar\u015f\u0131ya kal\u0131nd\u0131\u011f\u0131nda \u2013 i\u015f s\u00fcreklili\u011finiz ve artan ba\u015far\u0131n\u0131z i\u00e7in \u00e7ok \u00f6nemlidir. End\u00fcstride test edilmi\u015f ve do\u011frulanm\u0131\u015f ara\u00e7 ve metodolojilerle donat\u0131lan ARK\u0130TEK Test Merkezi, uygulamalar\u0131n\u0131z\u0131n g\u00fcncel ve gelecekteki s\u00fcr\u00fcmleri i\u00e7in hem sunucu, hem masa\u00fcst\u00fc hem de mobil platformlarda her donan\u0131m \/ yaz\u0131l\u0131m kombinasyonunda g\u00fcnl\u00fck \u00e7al\u0131\u015fma sa\u011fl\u0131\u011f\u0131 ve fonksiyonel testleri ger\u00e7ekle\u015ftirmek i\u00e7in haz\u0131rd\u0131r. <\/p>\n\n<p class=\"more-link\">Daha fazla bilgi i\u00e7in&#8230;<\/p>\n\n<h2 class=\"wp-block-heading\" id=\"Engineering-Services\">M\u00fchendislik Hizmetleri<\/h2>\n\n<p>BT ve Telekom\u00fcnikasyon alan\u0131ndaki profesyonel uzmanlar, siz ana i\u015f alan\u0131n\u0131za odaklan\u0131rken maliyet ve riskleri azaltman\u0131za ve teslimat\u0131 h\u0131zland\u0131rman\u0131za olanak tan\u0131yan projelerinizin par\u00e7as\u0131 olarak hizmet verirler.<\/p>\n\n<p class=\"more-link\">Daha fazla bilgi i\u00e7in&#8230;<\/p>\n","protected":false},"excerpt":{"rendered":"<p>20 y\u0131l\u0131 a\u015fk\u0131n s\u00fcredir ticari operat\u00f6rler, eri\u015fim hizmet sa\u011flay\u0131c\u0131lar\u0131, b\u00fcy\u00fck kurulu\u015flar ve kamu kurumlar\u0131 i\u00e7in bili\u015fim teknolojileri (BT) ve elektronik haberle\u015fme \u00e7\u00f6z\u00fcmleri planlama, tasar\u0131m\u0131 ve uygulamas\u0131 tecr\u00fcbesi ile profesyonel hizmetler portf\u00f6y\u00fcm\u00fcz\u00fc d\u00fcnyan\u0131n her yerinde, her \u00f6l\u00e7ekteki m\u00fc\u015fterimiz i\u00e7in sunmaktan mutluluk duyar\u0131z. \u0130ster bir sat\u0131\u015f projesi i\u00e7in dan\u0131\u015fmanl\u0131k, ister kurulum projesi i\u00e7in profesyonel hizmet paketi olsun, &hellip; <\/p>\n<p class=\"link-more\"><a href=\"https:\/\/arkitek.net\/tr\/hizmetler\/\" class=\"more-link\">Okumaya devam et<span class=\"screen-reader-text\"> &#8220;Profesyonel Hizmetler&#8221;<\/span><\/a><\/p>\n","protected":false},"author":1,"featured_media":0,"parent":0,"menu_order":0,"comment_status":"closed","ping_status":"closed","template":"","meta":{"inline_featured_image":false,"footnotes":""},"class_list":["post-362","page","type-page","status-publish","hentry"],"_links":{"self":[{"href":"https:\/\/arkitek.net\/tr\/wp-json\/wp\/v2\/pages\/362","targetHints":{"allow":["GET"]}}],"collection":[{"href":"https:\/\/arkitek.net\/tr\/wp-json\/wp\/v2\/pages"}],"about":[{"href":"https:\/\/arkitek.net\/tr\/wp-json\/wp\/v2\/types\/page"}],"author":[{"embeddable":true,"href":"https:\/\/arkitek.net\/tr\/wp-json\/wp\/v2\/users\/1"}],"replies":[{"embeddable":true,"href":"https:\/\/arkitek.net\/tr\/wp-json\/wp\/v2\/comments?post=362"}],"version-history":[{"count":0,"href":"https:\/\/arkitek.net\/tr\/wp-json\/wp\/v2\/pages\/362\/revisions"}],"wp:attachment":[{"href":"https:\/\/arkitek.net\/tr\/wp-json\/wp\/v2\/media?parent=362"}],"curies":[{"name":"wp","href":"https:\/\/api.w.org\/{rel}","templated":true}]}}