
{"id":313,"date":"2024-07-01T13:07:53","date_gmt":"2024-07-01T10:07:53","guid":{"rendered":"https:\/\/new.arkitek.net\/anasayfa\/cozumlerimiz\/"},"modified":"2024-07-10T13:48:47","modified_gmt":"2024-07-10T10:48:47","slug":"homepage-section-solutions-tr","status":"publish","type":"page","link":"https:\/\/arkitek.net\/tr\/anasayfa\/homepage-section-solutions-tr\/","title":{"rendered":"\u00c7\u00f6z\u00fcmlerimiz"},"content":{"rendered":"\n<p>T\u00fcm d\u00fcnyada ticari operat\u00f6rler, b\u00fcy\u00fck \u015firketler ve devlet kurumlar\u0131ndan olu\u015fan m\u00fc\u015fterilerimiz ba\u015fta olmak \u00fczere Bili\u015fim Teknolojileri ve Elektronik Haberle\u015fme altyap\u0131 ve sistemlerinin planlanmas\u0131, tasar\u0131m\u0131 ve uygulanmas\u0131 konular\u0131nda 20 y\u0131l\u0131 a\u015fk\u0131n tecr\u00fcbemizle olu\u015fturdu\u011fumuz \u00e7\u00f6z\u00fcmlerimizi, art\u0131k her \u00f6l\u00e7ekteki kurulu\u015fa sunmaktan gurur duyuyoruz.<\/p>\n\n<p>ARK\u0130TEK taraf\u0131ndan \u00fclkemizin ve sekt\u00f6r\u00fcm\u00fcz\u00fcn g\u00fcncel ihtiya\u00e7lar\u0131 do\u011frultusunda \u00f6zelle\u015ftirilmi\u015f <a href=\"https:\/\/arkitek.net\/tr\/cozumler\/\" data-type=\"page\" data-id=\"56\">\u00e7\u00f6z\u00fcmlerimiz<\/a> ile, \u00f6zellikle y\u00fcksek g\u00fcvenilirlik, d\u00fc\u015f\u00fck maliyet ve hizmetlerin en h\u0131zl\u0131 \u015fekilde kullan\u0131c\u0131larla bulu\u015fturulabilmeleri konusunda art\u0131 de\u011fer yarat\u0131yoruz.<\/p>\n\n<p><a href=\"https:\/\/arkitek.net\/tr\/cozumler\/\" data-type=\"page\" data-id=\"56\">Daha fazla bilgi i\u00e7in<\/a>&#8230;<\/p>\n","protected":false},"excerpt":{"rendered":"<p>T\u00fcm d\u00fcnyada ticari operat\u00f6rler, b\u00fcy\u00fck \u015firketler ve devlet kurumlar\u0131ndan olu\u015fan m\u00fc\u015fterilerimiz ba\u015fta olmak \u00fczere Bili\u015fim Teknolojileri ve Elektronik Haberle\u015fme altyap\u0131 ve sistemlerinin planlanmas\u0131, tasar\u0131m\u0131 ve uygulanmas\u0131 konular\u0131nda 20 y\u0131l\u0131 a\u015fk\u0131n tecr\u00fcbemizle olu\u015fturdu\u011fumuz \u00e7\u00f6z\u00fcmlerimizi, art\u0131k her \u00f6l\u00e7ekteki kurulu\u015fa sunmaktan gurur duyuyoruz. ARK\u0130TEK taraf\u0131ndan \u00fclkemizin ve sekt\u00f6r\u00fcm\u00fcz\u00fcn g\u00fcncel ihtiya\u00e7lar\u0131 do\u011frultusunda \u00f6zelle\u015ftirilmi\u015f \u00e7\u00f6z\u00fcmlerimiz ile, \u00f6zellikle y\u00fcksek g\u00fcvenilirlik, d\u00fc\u015f\u00fck &hellip; <\/p>\n<p class=\"link-more\"><a href=\"https:\/\/arkitek.net\/tr\/anasayfa\/homepage-section-solutions-tr\/\" class=\"more-link\">Okumaya devam et<span class=\"screen-reader-text\"> &#8220;\u00c7\u00f6z\u00fcmlerimiz&#8221;<\/span><\/a><\/p>\n","protected":false},"author":1,"featured_media":0,"parent":296,"menu_order":1,"comment_status":"closed","ping_status":"closed","template":"","meta":{"inline_featured_image":false,"footnotes":""},"class_list":["post-313","page","type-page","status-publish","hentry"],"_links":{"self":[{"href":"https:\/\/arkitek.net\/tr\/wp-json\/wp\/v2\/pages\/313","targetHints":{"allow":["GET"]}}],"collection":[{"href":"https:\/\/arkitek.net\/tr\/wp-json\/wp\/v2\/pages"}],"about":[{"href":"https:\/\/arkitek.net\/tr\/wp-json\/wp\/v2\/types\/page"}],"author":[{"embeddable":true,"href":"https:\/\/arkitek.net\/tr\/wp-json\/wp\/v2\/users\/1"}],"replies":[{"embeddable":true,"href":"https:\/\/arkitek.net\/tr\/wp-json\/wp\/v2\/comments?post=313"}],"version-history":[{"count":0,"href":"https:\/\/arkitek.net\/tr\/wp-json\/wp\/v2\/pages\/313\/revisions"}],"up":[{"embeddable":true,"href":"https:\/\/arkitek.net\/tr\/wp-json\/wp\/v2\/pages\/296"}],"wp:attachment":[{"href":"https:\/\/arkitek.net\/tr\/wp-json\/wp\/v2\/media?parent=313"}],"curies":[{"name":"wp","href":"https:\/\/api.w.org\/{rel}","templated":true}]}}