
{"id":296,"date":"2024-07-01T12:54:31","date_gmt":"2024-07-01T09:54:31","guid":{"rendered":"https:\/\/new.arkitek.net\/anasayfa\/"},"modified":"2024-07-10T13:57:01","modified_gmt":"2024-07-10T10:57:01","slug":"anasayfa","status":"publish","type":"page","link":"https:\/\/arkitek.net\/tr\/","title":{"rendered":"Anasayfa"},"content":{"rendered":"\n<p>Mobil ve sabit \u015febeke\/a\u011f operat\u00f6rleri, hizmet sa\u011flay\u0131c\u0131lar, kurumlar, \u00f6zel \u015firketler ve resmi kurumlar i\u00e7in BT ve elektronik ileti\u015fim \u00e7\u00f6z\u00fcmleri tasarl\u0131yor, geli\u015ftiriyor ve uyguluyoruz. Uzun y\u0131llar boyunca sekt\u00f6rdeki en zor projeleri ger\u00e7ekle\u015ftirmi\u015f olan teknoloji uzmanlar\u0131ndan olu\u015fan ekibimiz ile her boyuttaki projenizde ba\u015far\u0131n\u0131z\u0131 garanti etmek i\u00e7in bilgi birikimi ve deneyimlerimizi payla\u015fmaktan gurur duyuyoruz. <\/p>\n\n<p><a href=\"https:\/\/arkitek.net\/tr\/hakkimizda\/\" data-type=\"page\" data-id=\"12\">Hadi tan\u0131\u015fal\u0131m<\/a>&#8230;<\/p>\n","protected":false},"excerpt":{"rendered":"<p>Mobil ve sabit \u015febeke\/a\u011f operat\u00f6rleri, hizmet sa\u011flay\u0131c\u0131lar, kurumlar, \u00f6zel \u015firketler ve resmi kurumlar i\u00e7in BT ve elektronik ileti\u015fim \u00e7\u00f6z\u00fcmleri tasarl\u0131yor, geli\u015ftiriyor ve uyguluyoruz. Uzun y\u0131llar boyunca sekt\u00f6rdeki en zor projeleri ger\u00e7ekle\u015ftirmi\u015f olan teknoloji uzmanlar\u0131ndan olu\u015fan ekibimiz ile her boyuttaki projenizde ba\u015far\u0131n\u0131z\u0131 garanti etmek i\u00e7in bilgi birikimi ve deneyimlerimizi payla\u015fmaktan gurur duyuyoruz. Hadi tan\u0131\u015fal\u0131m&#8230;<\/p>\n","protected":false},"author":1,"featured_media":0,"parent":0,"menu_order":0,"comment_status":"closed","ping_status":"closed","template":"","meta":{"inline_featured_image":false,"footnotes":""},"class_list":["post-296","page","type-page","status-publish","hentry"],"_links":{"self":[{"href":"https:\/\/arkitek.net\/tr\/wp-json\/wp\/v2\/pages\/296","targetHints":{"allow":["GET"]}}],"collection":[{"href":"https:\/\/arkitek.net\/tr\/wp-json\/wp\/v2\/pages"}],"about":[{"href":"https:\/\/arkitek.net\/tr\/wp-json\/wp\/v2\/types\/page"}],"author":[{"embeddable":true,"href":"https:\/\/arkitek.net\/tr\/wp-json\/wp\/v2\/users\/1"}],"replies":[{"embeddable":true,"href":"https:\/\/arkitek.net\/tr\/wp-json\/wp\/v2\/comments?post=296"}],"version-history":[{"count":0,"href":"https:\/\/arkitek.net\/tr\/wp-json\/wp\/v2\/pages\/296\/revisions"}],"wp:attachment":[{"href":"https:\/\/arkitek.net\/tr\/wp-json\/wp\/v2\/media?parent=296"}],"curies":[{"name":"wp","href":"https:\/\/api.w.org\/{rel}","templated":true}]}}