
{"id":280,"date":"2024-07-01T12:54:31","date_gmt":"2024-07-01T09:54:31","guid":{"rendered":"https:\/\/new.arkitek.net\/iletisim\/"},"modified":"2024-07-03T10:02:52","modified_gmt":"2024-07-03T07:02:52","slug":"iletisim","status":"publish","type":"page","link":"https:\/\/arkitek.net\/tr\/iletisim\/","title":{"rendered":"\u0130leti\u015fim"},"content":{"rendered":"\n<h2 class=\"wp-block-heading\">Birlikte harika bir \u015fey in\u015fa edelim!<\/h2>\n\n<p>L\u00fctfen mesaj\u0131n\u0131z\u0131, potansiyel proje\/i\u015f ve i\u015fbirli\u011fi f\u0131rsatlar\u0131n\u0131, yorum ve\/veya \u00f6nerilerinizi a\u015fa\u011f\u0131daki formu kullanarak bizlere iletebilirsiniz. Mesaj\u0131n\u0131z\u0131 24 saat i\u00e7erisinde cevaplayaca\u011f\u0131z. <\/p>\n","protected":false},"excerpt":{"rendered":"<p>Birlikte harika bir \u015fey in\u015fa edelim! L\u00fctfen mesaj\u0131n\u0131z\u0131, potansiyel proje\/i\u015f ve i\u015fbirli\u011fi f\u0131rsatlar\u0131n\u0131, yorum ve\/veya \u00f6nerilerinizi a\u015fa\u011f\u0131daki formu kullanarak bizlere iletebilirsiniz. Mesaj\u0131n\u0131z\u0131 24 saat i\u00e7erisinde cevaplayaca\u011f\u0131z.<\/p>\n","protected":false},"author":1,"featured_media":0,"parent":0,"menu_order":0,"comment_status":"closed","ping_status":"closed","template":"page-with-banner-map.php","meta":{"inline_featured_image":false,"footnotes":""},"class_list":["post-280","page","type-page","status-publish","hentry"],"_links":{"self":[{"href":"https:\/\/arkitek.net\/tr\/wp-json\/wp\/v2\/pages\/280","targetHints":{"allow":["GET"]}}],"collection":[{"href":"https:\/\/arkitek.net\/tr\/wp-json\/wp\/v2\/pages"}],"about":[{"href":"https:\/\/arkitek.net\/tr\/wp-json\/wp\/v2\/types\/page"}],"author":[{"embeddable":true,"href":"https:\/\/arkitek.net\/tr\/wp-json\/wp\/v2\/users\/1"}],"replies":[{"embeddable":true,"href":"https:\/\/arkitek.net\/tr\/wp-json\/wp\/v2\/comments?post=280"}],"version-history":[{"count":0,"href":"https:\/\/arkitek.net\/tr\/wp-json\/wp\/v2\/pages\/280\/revisions"}],"wp:attachment":[{"href":"https:\/\/arkitek.net\/tr\/wp-json\/wp\/v2\/media?parent=280"}],"curies":[{"name":"wp","href":"https:\/\/api.w.org\/{rel}","templated":true}]}}