
{"id":263,"date":"2024-07-01T13:17:52","date_gmt":"2024-07-01T10:17:52","guid":{"rendered":"https:\/\/new.arkitek.net\/hakkimizda\/kurucu\/"},"modified":"2024-07-27T11:50:27","modified_gmt":"2024-07-27T08:50:27","slug":"kurucu","status":"publish","type":"page","link":"https:\/\/arkitek.net\/tr\/hakkimizda\/kurucu\/","title":{"rendered":"Kurucu"},"content":{"rendered":"\n<p>1976 do\u011fumlu olan G\u00fcnal, \u00e7ocuklu\u011fundan itibaren \u00e7o\u011funlukla evin i\u00e7indeki ve d\u0131\u015f\u0131ndaki elektromekanik cihazlarla ilgiliydi. Eri\u015febildi\u011fi her ev aletini mutlaka s\u00f6kt\u00fc ve tekrar birle\u015ftirdi. <\/p>\n\n<p><em>Whiz Kids<\/em> (1984 y\u0131l\u0131nda yay\u0131nlanan ABD TV Dizisi) ile birlikte bilgisayarlara ilgi duymaya ba\u015flad\u0131. Bu TV Program\u0131nda modemler ve telekom\u00fcnikasyon hakk\u0131nda bilgi edindi. <\/p>\n\n<p>O zamandan beri, en y\u00fcksek hizmet seviyesi anla\u015fmas\u0131 (SLA)\u2019lere sahip m\u00fc\u015fterileri i\u00e7in operat\u00f6r s\u0131n\u0131f\u0131 yaz\u0131l\u0131m ve telekom\u00fcnikasyon \u00e7\u00f6z\u00fcmlerini okumakta, \u00f6\u011frenmekte, tasarlamakta ve uygulamaktad\u0131r.<\/p>\n\n<h3 class=\"wp-block-heading\">Ba\u015fl\u0131ca Profesyonel Kilometre Ta\u015flar\u0131<\/h3>\n\n<figure class=\"wp-block-table\"><table><tbody><tr><td>1996<\/td><td>\u0130nternet \u00fczerinden ilk \u201cMerhaba\u201d<\/td><\/tr><tr><td>1997<\/td><td>\u0130lk statik web sitesi (geocities)<\/td><\/tr><tr><td>1999<\/td><td>\u0130lk paket y\u00f6nlendirici (router) kurulumu (Cisco 2500)<\/td><\/tr><tr><td>2000<\/td><td>\u0130lk ticari dinamik web uygulamas\u0131<\/td><\/tr><tr><td>2002<\/td><td>\u0130lk ticari .net \/ sql web uygulamas\u0131 (CMS \/ FE)<\/td><\/tr><tr><td>2002<\/td><td>T\u00fcrkiye\u2019deki ilk ticari internet TV (Front-End\/Back-End Geli\u015ftirme)<\/td><\/tr><tr><td>2003<\/td><td>Birle\u015fmi\u015f Milletler ile ilk \u201cAcil Yard\u0131m Operasyonu\u201d<\/td><\/tr><tr><td>2006<\/td><td>\u0130lk e\u011fitimenlik s\u0131n\u0131f\u0131<\/td><\/tr><tr><td>2008<\/td><td>Silikon Vadisi\u2019ne ilk ziyaret<\/td><\/tr><tr><td>2009<\/td><td>Mobil paket omurgas\u0131nda ilk BGP yap\u0131land\u0131rmas\u0131<\/td><\/tr><tr><td>2010<\/td><td>\u0130lk ba\u015ftan sona \u00fclke \u00e7ap\u0131nda telekom altyap\u0131s\u0131 tasar\u0131m\u0131 (Full Stack)<\/td><\/tr><tr><td>2011 <\/td><td>A\u011f Entegrasyonu dal\u0131nda d\u00fcnya \u00e7ap\u0131nda sertifikal\u0131 ikinci K\u0131demli \u00c7\u00f6z\u00fcm Mimar\u0131 (ERICSSON)<\/td><\/tr><tr><td>2013<\/td><td>T\u00fcrkiye\u2019de end\u00fcstri standard\u0131 olacak bir \u00fcr\u00fcn\u00fcn ilk pazara sunumu<\/td><\/tr><tr><td>2015<\/td><td>\u00c7\u00f6z\u00fcm sat\u0131\u015flar\u0131nda y\u0131ll\u0131k 10 milyon ABD Dolar\u0131 ciro<\/td><\/tr><tr><td>2019<\/td><td>ARK\u0130TEK\u2019in kurulu\u015fu<\/td><\/tr><tr><td>2023<\/td><td><a href=\"https:\/\/cuoresportivo.com\/tr\/\" target=\"_blank\" rel=\"noreferrer noopener\">CUORESPORTIVO<\/a>&#8216;nun kurulu\u015fu<\/td><\/tr><\/tbody><\/table><\/figure>\n","protected":false},"excerpt":{"rendered":"<p>1976 do\u011fumlu olan G\u00fcnal, \u00e7ocuklu\u011fundan itibaren \u00e7o\u011funlukla evin i\u00e7indeki ve d\u0131\u015f\u0131ndaki elektromekanik cihazlarla ilgiliydi. Eri\u015febildi\u011fi her ev aletini mutlaka s\u00f6kt\u00fc ve tekrar birle\u015ftirdi. Whiz Kids (1984 y\u0131l\u0131nda yay\u0131nlanan ABD TV Dizisi) ile birlikte bilgisayarlara ilgi duymaya ba\u015flad\u0131. Bu TV Program\u0131nda modemler ve telekom\u00fcnikasyon hakk\u0131nda bilgi edindi. O zamandan beri, en y\u00fcksek hizmet seviyesi anla\u015fmas\u0131 (SLA)\u2019lere &hellip; <\/p>\n<p class=\"link-more\"><a href=\"https:\/\/arkitek.net\/tr\/hakkimizda\/kurucu\/\" class=\"more-link\">Okumaya devam et<span class=\"screen-reader-text\"> &#8220;Kurucu&#8221;<\/span><\/a><\/p>\n","protected":false},"author":1,"featured_media":1091,"parent":248,"menu_order":1,"comment_status":"closed","ping_status":"closed","template":"","meta":{"inline_featured_image":false,"footnotes":""},"class_list":["post-263","page","type-page","status-publish","has-post-thumbnail","hentry"],"_links":{"self":[{"href":"https:\/\/arkitek.net\/tr\/wp-json\/wp\/v2\/pages\/263","targetHints":{"allow":["GET"]}}],"collection":[{"href":"https:\/\/arkitek.net\/tr\/wp-json\/wp\/v2\/pages"}],"about":[{"href":"https:\/\/arkitek.net\/tr\/wp-json\/wp\/v2\/types\/page"}],"author":[{"embeddable":true,"href":"https:\/\/arkitek.net\/tr\/wp-json\/wp\/v2\/users\/1"}],"replies":[{"embeddable":true,"href":"https:\/\/arkitek.net\/tr\/wp-json\/wp\/v2\/comments?post=263"}],"version-history":[{"count":0,"href":"https:\/\/arkitek.net\/tr\/wp-json\/wp\/v2\/pages\/263\/revisions"}],"up":[{"embeddable":true,"href":"https:\/\/arkitek.net\/tr\/wp-json\/wp\/v2\/pages\/248"}],"wp:featuredmedia":[{"embeddable":true,"href":"https:\/\/arkitek.net\/tr\/wp-json\/wp\/v2\/media\/1091"}],"wp:attachment":[{"href":"https:\/\/arkitek.net\/tr\/wp-json\/wp\/v2\/media?parent=263"}],"curies":[{"name":"wp","href":"https:\/\/api.w.org\/{rel}","templated":true}]}}