
{"id":248,"date":"2024-07-01T12:54:31","date_gmt":"2024-07-01T09:54:31","guid":{"rendered":"https:\/\/new.arkitek.net\/hakkimizda\/"},"modified":"2024-07-10T12:26:53","modified_gmt":"2024-07-10T09:26:53","slug":"hakkimizda","status":"publish","type":"page","link":"https:\/\/arkitek.net\/tr\/hakkimizda\/","title":{"rendered":"Hakk\u0131m\u0131zda"},"content":{"rendered":"\n<p>ARK\u0130TEK, Bili\u015fim Teknolojileri ve Elektronik Haberle\u015fme alanlar\u0131nda, teknolojiyi en etkin ve karl\u0131 olarak kullanmay\u0131 hedefleyen k\u00fcresel m\u00fc\u015fterilere 20 y\u0131l\u0131 a\u015fk\u0131n s\u00fcre hizmet etmi\u015f uzmanlar taraf\u0131ndan 2018 y\u0131l\u0131nda kurulmu\u015ftur.<\/p>\n\n<p id=\"block-72df0035-acfd-4a69-90cf-55cd62d3c584\">M\u00fc\u015fterilerimizin teknik, operasyonel ve ticari ba\u015far\u0131s\u0131na katk\u0131da bulunmak \u00fczere, t\u00fcm bilgi ve tecr\u00fcbemizi par\u00e7as\u0131 oldu\u011fumuz her projeye gururla ta\u015f\u0131maktay\u0131z.<\/p>\n\n<p id=\"block-7d83b85e-4cc7-49f6-9954-f5d6580aa475\">Amac\u0131m\u0131z, insanlar\u0131 do\u011fru ve etkin teknolojik ara\u00e7larla donatarak \u00fcretkenliklerini ve hayat standartlar\u0131n\u0131 art\u0131rmakt\u0131r.<\/p>\n\n<h2 class=\"wp-block-heading\" id=\"block-0f923acd-929d-408b-9ebc-ba020e566d16\">Kurucu<\/h2>\n\n<p id=\"block-62e41425-ba73-4707-9141-f9724ae81ac5\">ARK\u0130TEK, kapsam, boyut ve g\u00fcvenilirlik a\u00e7\u0131s\u0131ndan en zorlu projelerde k\u00fcresel olarak hizmet veren bir BT ve Telekom\u00fcnikasyon End\u00fcstrisi emektar\u0131 olan G\u00fcnal \u00d6RSEL taraf\u0131ndan kurulmu\u015ftur.<\/p>\n\n<p id=\"block-075fb6dc-7e75-497b-9256-08753c9e3420\"><a href=\"https:\/\/arkitek.net\/tr\/hakkimizda\/kurucu\/\">G\u00fcnal \u00d6rsel hakk\u0131nda daha fazla bilgi<\/a>&#8230;<\/p>\n\n<h2 class=\"wp-block-heading\" id=\"block-e72aa4cf-d51b-4fb0-95cd-7381d9ee11ed\">Tescil Bilgilerimiz<\/h2>\n\n<p id=\"block-fcc52004-9292-4e41-8e2a-4d374d0f0edc\"><strong>ARK\u0130TEK Telekom\u00fcnikasyon A.\u015e.<\/strong> (\u0130stanbul Ticaret Odas\u0131):<br\/>Ticaret Sicil: 186306-5<br\/>MERS\u0130S: 0079065479500001<\/p>\n\n<p id=\"block-411ead30-4bae-4cea-b9c9-203ed848b904\"><strong>ARK\u0130TEK Ara\u015ft\u0131rma Geli\u015ftirme A.\u015e.<\/strong> (Ankara Ticaret Odas\u0131):<br\/>Ticaret Sicil: 416461<br\/>MERS\u0130S: 0729082869300001<\/p>\n","protected":false},"excerpt":{"rendered":"<p>ARK\u0130TEK, Bili\u015fim Teknolojileri ve Elektronik Haberle\u015fme alanlar\u0131nda, teknolojiyi en etkin ve karl\u0131 olarak kullanmay\u0131 hedefleyen k\u00fcresel m\u00fc\u015fterilere 20 y\u0131l\u0131 a\u015fk\u0131n s\u00fcre hizmet etmi\u015f uzmanlar taraf\u0131ndan 2018 y\u0131l\u0131nda kurulmu\u015ftur. M\u00fc\u015fterilerimizin teknik, operasyonel ve ticari ba\u015far\u0131s\u0131na katk\u0131da bulunmak \u00fczere, t\u00fcm bilgi ve tecr\u00fcbemizi par\u00e7as\u0131 oldu\u011fumuz her projeye gururla ta\u015f\u0131maktay\u0131z. Amac\u0131m\u0131z, insanlar\u0131 do\u011fru ve etkin teknolojik ara\u00e7larla donatarak &hellip; <\/p>\n<p class=\"link-more\"><a href=\"https:\/\/arkitek.net\/tr\/hakkimizda\/\" class=\"more-link\">Okumaya devam et<span class=\"screen-reader-text\"> &#8220;Hakk\u0131m\u0131zda&#8221;<\/span><\/a><\/p>\n","protected":false},"author":1,"featured_media":1111,"parent":0,"menu_order":0,"comment_status":"closed","ping_status":"closed","template":"","meta":{"inline_featured_image":false,"footnotes":""},"class_list":["post-248","page","type-page","status-publish","has-post-thumbnail","hentry"],"_links":{"self":[{"href":"https:\/\/arkitek.net\/tr\/wp-json\/wp\/v2\/pages\/248","targetHints":{"allow":["GET"]}}],"collection":[{"href":"https:\/\/arkitek.net\/tr\/wp-json\/wp\/v2\/pages"}],"about":[{"href":"https:\/\/arkitek.net\/tr\/wp-json\/wp\/v2\/types\/page"}],"author":[{"embeddable":true,"href":"https:\/\/arkitek.net\/tr\/wp-json\/wp\/v2\/users\/1"}],"replies":[{"embeddable":true,"href":"https:\/\/arkitek.net\/tr\/wp-json\/wp\/v2\/comments?post=248"}],"version-history":[{"count":0,"href":"https:\/\/arkitek.net\/tr\/wp-json\/wp\/v2\/pages\/248\/revisions"}],"wp:featuredmedia":[{"embeddable":true,"href":"https:\/\/arkitek.net\/tr\/wp-json\/wp\/v2\/media\/1111"}],"wp:attachment":[{"href":"https:\/\/arkitek.net\/tr\/wp-json\/wp\/v2\/media?parent=248"}],"curies":[{"name":"wp","href":"https:\/\/api.w.org\/{rel}","templated":true}]}}