
{"id":776,"date":"2024-07-01T18:03:35","date_gmt":"2024-07-01T15:03:35","guid":{"rendered":"https:\/\/new.arkitek.net\/juridiska-meddelanden\/villkor-for-tjansten\/"},"modified":"2024-07-10T12:57:14","modified_gmt":"2024-07-10T09:57:14","slug":"villkor-for-tjansten","status":"publish","type":"page","link":"https:\/\/arkitek.net\/sv\/legal\/villkor-for-tjansten\/","title":{"rendered":"Villkor f\u00f6r Tj\u00e4nsten"},"content":{"rendered":"\n<h2 class=\"wp-block-heading\">V\u00e4lkommen till ARKITEK Telekom\u00fcnikasyon A.\u015e.<\/h2>\n\n<p>Dessa villkor beskriver reglerna och best\u00e4mmelserna f\u00f6r anv\u00e4ndning av ARKITEK Telekom\u00fcnikasyon A.\u015e. webbplats. <span style=\"text-transform: capitalize;\"> V\u00e5rt huvudkontor<\/span> \u00e4r bel\u00e4get p\u00e5:<\/p>\n\n<address>Ferko Signature Building Esentepe Mah.<br\/>\nB\u00fcy\u00fckdere Cad. No: 175\/7, \u015ei\u015fli, 34394, Istanbul, T\u00dcRK\u0130YE <\/address>\n\n<p>Genom att g\u00e5 in p\u00e5 denna webbplats antar vi att du accepterar dessa villkor i sin helhet. Forts\u00e4tt inte att anv\u00e4nda ARKITEK Telekom\u00fcnikasyon A.\u015e.:s webbplats om du inte accepterar alla de villkor som anges p\u00e5 denna sida. \n <\/p>\n\n<p>F\u00f6ljande terminologi g\u00e4ller f\u00f6r dessa villkor, sekretesspolicy och meddelande om ansvarsfriskrivning och alla eller n\u00e5gra avtal: &#8221;Kund&#8221;, &#8221;Du&#8221; och &#8221;Din&#8221; avser dig, den person som bes\u00f6ker denna webbplats och accepterar f\u00f6retagets villkor. &#8221;F\u00f6retaget&#8221;, &#8221;Oss sj\u00e4lva&#8221;, &#8221;Vi&#8221;, &#8221;V\u00e5r&#8221; och &#8221;Oss&#8221;, h\u00e4nvisar till v\u00e5rt f\u00f6retag. &#8221;Part&#8221;, &#8221;Parter&#8221; eller &#8221;Oss&#8221;, h\u00e4nvisar till b\u00e5de kunden och oss sj\u00e4lva, eller antingen kunden eller oss sj\u00e4lva. Alla villkor avser erbjudande, godk\u00e4nnande och beaktande av betalning som \u00e4r n\u00f6dv\u00e4ndig f\u00f6r att genomf\u00f6ra processen f\u00f6r v\u00e5rt st\u00f6d till kunden p\u00e5 det mest l\u00e4mpliga s\u00e4ttet, vare sig det \u00e4r genom formella m\u00f6ten med en fast varaktighet eller p\u00e5 n\u00e5got annat s\u00e4tt, i det uttryckliga syftet att tillgodose kundens behov med avseende p\u00e5 tillhandah\u00e5llande av f\u00f6retagets angivna tj\u00e4nster \/ produkter, i enlighet med och med f\u00f6rbeh\u00e5ll f\u00f6r g\u00e4llande lag. All anv\u00e4ndning av ovanst\u00e5ende terminologi eller andra ord i singular, plural, kapitalisering och\/eller han\/hon eller de, anses vara utbytbara och d\u00e4rf\u00f6r h\u00e4nvisa till samma sak.    <\/p>\n\n<h2 class=\"wp-block-heading\">Kakor<\/h2>\n\n<p>Vi anv\u00e4nder oss av cookies.\nGenom att anv\u00e4nda v\u00e5r webbplats samtycker du till anv\u00e4ndningen av cookies i enlighet med v\u00e5r <a href=\"\" data-type=\"\" data-id=\"\">integritetspolicy<\/a>. <\/p>\n\n<p>De flesta av dagens interaktiva webbplatser anv\u00e4nder cookies f\u00f6r att vi ska kunna h\u00e4mta anv\u00e4ndaruppgifter f\u00f6r varje bes\u00f6k.\nCookies anv\u00e4nds i vissa delar av v\u00e5r webbplats f\u00f6r att m\u00f6jligg\u00f6ra funktionaliteten i detta omr\u00e5de och anv\u00e4ndarv\u00e4nlighet f\u00f6r de personer som bes\u00f6ker.\nVissa av v\u00e5ra affiliate-\/reklampartners kan ocks\u00e5 anv\u00e4nda cookies.  <\/p>\n\n<h2 class=\"wp-block-heading\">Licens<\/h2>\n\n<p>Om inte annat anges \u00e4ger ARKITEK Telekom\u00fcnikasyon A.\u015e. och\/eller dess licensgivare de immateriella r\u00e4ttigheterna f\u00f6r allt material p\u00e5 ARKITEK Telekom\u00fcnikasyon A.\u015e. Alla immateriella r\u00e4ttigheter \u00e4r reserverade. Du kan visa och\/eller skriva ut sidor fr\u00e5n https:\/\/arkitek.net f\u00f6r personligt bruk med f\u00f6rbeh\u00e5ll f\u00f6r de begr\u00e4nsningar som anges i dessa villkor.<\/p>\n\n<p>Det f\u00e5r du inte:<\/p>\n\n<ol class=\"wp-block-list\">\n<li>\u00c5terpublicera material fr\u00e5n <a href=\"https:\/\/arkitek.net\">https:\/\/arkitek.net<\/a><\/li>\n\n\n\n<li>S\u00e4lja, hyra eller underlicensiera material fr\u00e5n <a href=\"https:\/\/arkitek.net\">https:\/\/arkitek.net<\/a><\/li>\n\n\n\n<li>Reproducera, duplicera eller kopiera material fr\u00e5n <a href=\"https:\/\/arkitek.net\">https:\/\/arkitek.net<\/a><\/li>\n<\/ol>\n\n<p>Vidarebefordra inneh\u00e5ll fr\u00e5n <a href=\"https:\/\/arkitek.net\/sv\/om-oss\/\" data-type=\"page\" data-id=\"12\">ARKITEK Telekom\u00fcnikasyon A.\u015e.<\/a> (s\u00e5vida inte inneh\u00e5llet \u00e4r specifikt gjort f\u00f6r vidaredistribution).<\/p>\n\n<h2 class=\"wp-block-heading\">Hyperl\u00e4nkar till v\u00e5rt inneh\u00e5ll<\/h2>\n\n<ol class=\"wp-block-list\">\n<li>F\u00f6ljande organisationer kan l\u00e4nka till v\u00e5r webbplats utan f\u00f6reg\u00e5ende skriftligt godk\u00e4nnande:\n\n\n<ol class=\"wp-block-list\">\n<li>Statliga myndigheter;<\/li>\n\n\n\n<li>S\u00f6kmotorer;<\/li>\n\n\n\n<li>Nyhetsorganisationer;<\/li>\n\n\n\n<li>distribut\u00f6rer av onlinekataloger kan, n\u00e4r de listar oss i katalogen, l\u00e4nka till v\u00e5r webbplats p\u00e5 samma s\u00e4tt som de l\u00e4nkar till webbplatserna f\u00f6r andra listade f\u00f6retag; och<\/li>\n\n\n\n<li>Systemwide Accredited Businesses utom v\u00e4rvande ideella organisationer, v\u00e4lg\u00f6renhetsk\u00f6pcentrum och v\u00e4lg\u00f6renhetsinsamlingsgrupper som inte f\u00e5r hyperl\u00e4nka till v\u00e5r webbplats.<\/li>\n<\/ol>\n<\/li>\n<\/ol>\n\n<ol class=\"wp-block-list\">\n<li>Dessa organisationer kan l\u00e4nka till v\u00e5r hemsida, till publikationer eller till annan information p\u00e5 webbplatsen s\u00e5 l\u00e4nge l\u00e4nken finns:  \n\n<ol class=\"wp-block-list\" style=\"list-style-type:lower-alpha\">\n<li>\u00e4r inte p\u00e5 n\u00e5got s\u00e4tt missvisande;  <\/li>\n\n\n\n<li>inte falskeligen antyder sponsring, st\u00f6d eller godk\u00e4nnande av den l\u00e4nkande parten och dess produkter eller tj\u00e4nster; och  <\/li>\n\n\n\n<li>passar inom ramen f\u00f6r den l\u00e4nkande partens webbplats.<br\/><\/li>\n<\/ol>\n<\/li>\n\n\n\n<li>Vi kan \u00f6verv\u00e4ga och efter eget gottfinnande godk\u00e4nna andra l\u00e4nkf\u00f6rfr\u00e5gningar fr\u00e5n f\u00f6ljande typer av organisationer:\n<ul class=\"wp-block-list\">\n<li>Allm\u00e4nt k\u00e4nda informationsk\u00e4llor f\u00f6r konsumenter och\/eller f\u00f6retag, t.ex. handelskammare, American Automobile Association, AARP och Consumers Union;<\/li>\n\n\n\n<li>dot.com community webbplatser;<\/li>\n\n\n\n<li>f\u00f6reningar eller andra grupper som f\u00f6retr\u00e4der v\u00e4lg\u00f6renhetsorganisationer, inklusive webbplatser f\u00f6r v\u00e4lg\u00f6renhet,<\/li>\n\n\n\n<li>distribut\u00f6rer av onlinekataloger;<\/li>\n\n\n\n<li>internetportaler;<\/li>\n\n\n\n<li>revisions-, advokat- och konsultfirmor vars prim\u00e4ra kunder \u00e4r f\u00f6retag, och<\/li>\n\n\n\n<li>utbildningsinstitutioner och branschorganisationer.<\/li>\n<\/ul>\n<\/li>\n<\/ol>\n\n<p>Vi kommer att godk\u00e4nna l\u00e4nkf\u00f6rfr\u00e5gningar fr\u00e5n dessa organisationer om vi fastst\u00e4ller att\n(a) l\u00e4nken inte skulle \u00e5terspegla oss eller v\u00e5ra ackrediterade f\u00f6retag p\u00e5 ett of\u00f6rdelaktigt s\u00e4tt (till exempel ska branschorganisationer eller andra organisationer som representerar i sig misst\u00e4nkta typer av f\u00f6retag, till exempel m\u00f6jligheter att arbeta hemma, inte till\u00e5tas att l\u00e4nka);\n(b)organisationen inte har en otillfredsst\u00e4llande historik hos oss;\n(c) f\u00f6rdelen f\u00f6r oss av den synlighet som \u00e4r f\u00f6rknippad med hyperl\u00e4nken uppv\u00e4ger avsaknaden av v\u00e5rt f\u00f6retagsnamn; och\n(d) d\u00e4r l\u00e4nken \u00e4r i samband med allm\u00e4n resursinformation eller p\u00e5 annat s\u00e4tt \u00e4r f\u00f6renlig med redaktionellt inneh\u00e5ll i ett nyhetsbrev eller liknande produkt som fr\u00e4mjar organisationens uppdrag.    <\/p>\n\n<p>Dessa organisationer kan l\u00e4nka till v\u00e5r hemsida, till publikationer eller till annan information p\u00e5 webbplatsen s\u00e5 l\u00e4nge l\u00e4nken\n(a) inte p\u00e5 n\u00e5got s\u00e4tt \u00e4r vilseledande;\n(b) inte falskeligen antyder sponsring, st\u00f6d eller godk\u00e4nnande av den l\u00e4nkande parten och dess produkter eller tj\u00e4nster; och\n(c) passar in i sammanhanget p\u00e5 den l\u00e4nkande partens webbplats.   <\/p>\n\n<p>Om ni tillh\u00f6r de organisationer som anges i punkt 2 ovan och \u00e4r intresserade av att l\u00e4nka till v\u00e5r webbplats m\u00e5ste ni meddela oss detta genom att skicka ett e-postmeddelande till <a href=\"mailto:info@arkitek.net\">info@arkitek.net.<\/a> Ange ditt namn, din organisations namn, kontaktuppgifter (t.ex. telefonnummer och\/eller e-postadress) samt webbadressen till din webbplats, en lista \u00f6ver de webbadresser fr\u00e5n vilka du avser att l\u00e4nka till v\u00e5r webbplats och en lista \u00f6ver de webbadresser p\u00e5 v\u00e5r webbplats som du vill l\u00e4nka till.\nR\u00e4kna med 2-3 veckors svarstid. <\/p>\n\n<p>Godk\u00e4nda organisationer f\u00e5r hyperl\u00e4nka till v\u00e5r webbplats p\u00e5 f\u00f6ljande s\u00e4tt:<\/p>\n\n<ol class=\"wp-block-list\">\n<li>Genom anv\u00e4ndning av v\u00e5rt f\u00f6retagsnamn; eller<\/li>\n\n\n\n<li>Genom anv\u00e4ndning av den enhetliga resurslokaliseringen (webbadress) som l\u00e4nkas till; eller<\/li>\n\n\n\n<li>Genom att anv\u00e4nda n\u00e5gon annan beskrivning av v\u00e5r webbplats eller material som l\u00e4nkas till som \u00e4r meningsfull inom ramen f\u00f6r sammanhanget och formatet f\u00f6r inneh\u00e5llet p\u00e5 den l\u00e4nkande partens webbplats.<\/li>\n<\/ol>\n\n<p>Ingen anv\u00e4ndning av ARKITEK Telekom\u00fcnikasyon A.\u015e.:s logotyp eller andra illustrationer kommer att till\u00e5tas f\u00f6r l\u00e4nkning utan ett licensavtal f\u00f6r varum\u00e4rke.<\/p>\n\n<h2 class=\"wp-block-heading\">Iframes<\/h2>\n\n<p>Utan f\u00f6reg\u00e5ende godk\u00e4nnande och uttryckligt skriftligt tillst\u00e5nd f\u00e5r du inte skapa ramar runt v\u00e5ra webbsidor eller anv\u00e4nda andra tekniker som p\u00e5 n\u00e5got s\u00e4tt \u00e4ndrar den visuella presentationen eller utseendet p\u00e5 v\u00e5r webbplats.<\/p>\n\n<h2 class=\"wp-block-heading\">F\u00f6rbeh\u00e5ll f\u00f6r r\u00e4ttigheter<\/h2>\n\n<p>Vi f\u00f6rbeh\u00e5ller oss r\u00e4tten att n\u00e4r som helst och efter eget gottfinnande beg\u00e4ra att du tar bort alla l\u00e4nkar eller n\u00e5gon s\u00e4rskild l\u00e4nk till v\u00e5r webbplats.\nDu samtycker till att omedelbart ta bort alla l\u00e4nkar till v\u00e5r webbplats p\u00e5 s\u00e5dan beg\u00e4ran.\nVi f\u00f6rbeh\u00e5ller oss ocks\u00e5 r\u00e4tten att n\u00e4r som helst \u00e4ndra dessa villkor och dess l\u00e4nkpolicy.\nGenom att forts\u00e4tta att l\u00e4nka till v\u00e5r webbplats samtycker du till att vara bunden av och f\u00f6lja dessa villkor f\u00f6r l\u00e4nkning.   <\/p>\n\n<h2 class=\"wp-block-heading\">Borttagning av l\u00e4nkar fr\u00e5n v\u00e5r webbplats<\/h2>\n\n<p>Om du tycker att n\u00e5gon l\u00e4nk p\u00e5 v\u00e5r webbplats eller n\u00e5gon l\u00e4nkad webbplats \u00e4r st\u00f6tande av n\u00e5gon anledning kan du kontakta oss om detta.\nVi kommer att \u00f6verv\u00e4ga f\u00f6rfr\u00e5gningar om att ta bort l\u00e4nkar men har ingen skyldighet att g\u00f6ra det eller att svara direkt till dig. <\/p>\n\n<p>\u00c4ven om vi str\u00e4var efter att se till att informationen p\u00e5 denna webbplats \u00e4r korrekt, garanterar vi inte att den \u00e4r fullst\u00e4ndig eller korrekt, och vi \u00e5tar oss inte heller att se till att webbplatsen f\u00f6rblir tillg\u00e4nglig eller att materialet p\u00e5 webbplatsen h\u00e5lls uppdaterat.<\/p>\n\n<h2 class=\"wp-block-heading\">Ansvar f\u00f6r inneh\u00e5ll<\/h2>\n\n<p>Vi har inget ansvar f\u00f6r n\u00e5got inneh\u00e5ll som visas p\u00e5 din webbplats.\nDu samtycker till att h\u00e5lla oss skadesl\u00f6sa och f\u00f6rsvara oss mot alla anspr\u00e5k som uppst\u00e5r till f\u00f6ljd av eller baserat p\u00e5 din webbplats.\nIngen l\u00e4nk f\u00e5r visas p\u00e5 n\u00e5gon sida p\u00e5 din webbplats eller i n\u00e5got sammanhang som inneh\u00e5ller inneh\u00e5ll eller material som kan tolkas som \u00e4rekr\u00e4nkande, obscent eller brottsligt, eller som g\u00f6r intr\u00e5ng, p\u00e5 annat s\u00e4tt bryter mot, eller f\u00f6respr\u00e5kar intr\u00e5ng eller annan \u00f6vertr\u00e4delse av, tredje parts r\u00e4ttigheter.  <\/p>\n\n<h2 class=\"wp-block-heading\">Ansvarsfriskrivning<\/h2>\n\n<p>I den utstr\u00e4ckning som till\u00e5ts enligt till\u00e4mplig lag utesluter vi alla utf\u00e4stelser, garantier och villkor som r\u00f6r v\u00e5r webbplats och anv\u00e4ndningen av denna webbplats (inklusive, utan begr\u00e4nsning, alla garantier som f\u00f6ljer av lag med avseende p\u00e5 tillfredsst\u00e4llande kvalitet, l\u00e4mplighet f\u00f6r \u00e4ndam\u00e5l och\/eller anv\u00e4ndning av rimlig omsorg och skicklighet).\nIngenting i denna ansvarsfriskrivning kommer: <\/p>\n\n<ol class=\"wp-block-list\">\n<li>begr\u00e4nsa eller utesluta v\u00e5rt eller ert ansvar f\u00f6r d\u00f6dsfall eller personskada till f\u00f6ljd av f\u00f6rsumlighet;<\/li>\n\n\n\n<li>begr\u00e4nsa eller utesluta v\u00e5rt eller ert ansvar f\u00f6r bedr\u00e4geri eller bedr\u00e4glig felaktig framst\u00e4llning;<\/li>\n\n\n\n<li>begr\u00e4nsa n\u00e5got av v\u00e5ra eller dina ansvar p\u00e5 n\u00e5got s\u00e4tt som inte \u00e4r till\u00e5tet enligt till\u00e4mplig lag; eller<\/li>\n\n\n\n<li>utesluta n\u00e5got av v\u00e5ra eller era ansvar som inte f\u00e5r uteslutas enligt till\u00e4mplig lag.<\/li>\n<\/ol>\n\n<p>De begr\u00e4nsningar och undantag fr\u00e5n ansvar som anges i detta avsnitt och p\u00e5 andra st\u00e4llen i denna ansvarsfriskrivning\n(a) g\u00e4ller med f\u00f6rbeh\u00e5ll f\u00f6r f\u00f6reg\u00e5ende stycke, och\n(b) reglerar alla skyldigheter som uppst\u00e5r enligt ansvarsfriskrivningen eller i samband med f\u00f6rem\u00e5let f\u00f6r denna ansvarsfriskrivning, inklusive skyldigheter som uppst\u00e5r genom avtal, skadest\u00e5nd (inklusive f\u00f6rsumlighet) och f\u00f6r brott mot lagstadgad skyldighet.  <\/p>\n\n<p>I den utstr\u00e4ckning som webbplatsen och informationen och tj\u00e4nsterna p\u00e5 webbplatsen tillhandah\u00e5lls kostnadsfritt, kommer vi inte att vara ansvariga f\u00f6r n\u00e5gon f\u00f6rlust eller skada av n\u00e5got slag.<\/p>\n","protected":false},"excerpt":{"rendered":"<p>V\u00e4lkommen till ARKITEK Telekom\u00fcnikasyon A.\u015e. Dessa villkor beskriver reglerna och best\u00e4mmelserna f\u00f6r anv\u00e4ndning av ARKITEK Telekom\u00fcnikasyon A.\u015e. webbplats. V\u00e5rt huvudkontor \u00e4r bel\u00e4get p\u00e5: Ferko Signature Building Esentepe Mah. B\u00fcy\u00fckdere Cad. No: 175\/7, \u015ei\u015fli, 34394, Istanbul, T\u00dcRK\u0130YE Genom att g\u00e5 in p\u00e5 denna webbplats antar vi att du accepterar dessa villkor i sin helhet. Forts\u00e4tt inte &hellip; <\/p>\n<p class=\"link-more\"><a href=\"https:\/\/arkitek.net\/sv\/legal\/villkor-for-tjansten\/\" class=\"more-link\">Forts\u00e4tt l\u00e4sa<span class=\"screen-reader-text\"> \u201dVillkor f\u00f6r Tj\u00e4nsten\u201d<\/span><\/a><\/p>\n","protected":false},"author":1,"featured_media":1080,"parent":589,"menu_order":1,"comment_status":"closed","ping_status":"closed","template":"","meta":{"inline_featured_image":false,"footnotes":""},"class_list":["post-776","page","type-page","status-publish","has-post-thumbnail","hentry"],"_links":{"self":[{"href":"https:\/\/arkitek.net\/sv\/wp-json\/wp\/v2\/pages\/776","targetHints":{"allow":["GET"]}}],"collection":[{"href":"https:\/\/arkitek.net\/sv\/wp-json\/wp\/v2\/pages"}],"about":[{"href":"https:\/\/arkitek.net\/sv\/wp-json\/wp\/v2\/types\/page"}],"author":[{"embeddable":true,"href":"https:\/\/arkitek.net\/sv\/wp-json\/wp\/v2\/users\/1"}],"replies":[{"embeddable":true,"href":"https:\/\/arkitek.net\/sv\/wp-json\/wp\/v2\/comments?post=776"}],"version-history":[{"count":0,"href":"https:\/\/arkitek.net\/sv\/wp-json\/wp\/v2\/pages\/776\/revisions"}],"up":[{"embeddable":true,"href":"https:\/\/arkitek.net\/sv\/wp-json\/wp\/v2\/pages\/589"}],"wp:featuredmedia":[{"embeddable":true,"href":"https:\/\/arkitek.net\/sv\/wp-json\/wp\/v2\/media\/1080"}],"wp:attachment":[{"href":"https:\/\/arkitek.net\/sv\/wp-json\/wp\/v2\/media?parent=776"}],"curies":[{"name":"wp","href":"https:\/\/api.w.org\/{rel}","templated":true}]}}