
{"id":705,"date":"2024-07-01T18:24:16","date_gmt":"2024-07-01T15:24:16","guid":{"rendered":"https:\/\/new.arkitek.net\/losningar\/telekommunikation\/virtuellt-privat-natverk-vpn\/"},"modified":"2024-07-10T22:40:33","modified_gmt":"2024-07-10T19:40:33","slug":"virtuellt-privat-natverk-vpn","status":"publish","type":"page","link":"https:\/\/arkitek.net\/sv\/losningar\/telecommunikation\/virtuellt-privat-natverk-vpn\/","title":{"rendered":"Virtuellt Privat N\u00e4tverk (VPN)"},"content":{"rendered":"\n<p>Ge dina anst\u00e4llda m\u00f6jlighet att arbeta var som helst, p\u00e5 f\u00f6retagets b\u00e4rbara datorer eller personliga mobila enheter, n\u00e4r som helst, och se alltid till att det inte finns n\u00e5gra intr\u00e5ng i ditt n\u00e4tverk och dina data. ARK\u0130TEK f\u00f6renklar s\u00e4ker \u00e5tkomst till slutpunkter och tillhandah\u00e5ller den s\u00e4kerhet som kr\u00e4vs f\u00f6r att h\u00e5lla din organisation s\u00e4ker och skyddad, genom att arbeta med dig f\u00f6r att f\u00f6rst\u00e5 dina behov, f\u00f6resl\u00e5 en unik teknisk l\u00f6sning och leverera den nyckelf\u00e4rdig n\u00e4r du beh\u00f6ver den. <\/p>\n\n<h2 class=\"wp-block-heading\">L\u00f6sningen<\/h2>\n\n<p>ARK\u0130TEKs VPN-l\u00f6sning f\u00f6r f\u00f6retag kan k\u00f6ras p\u00e5 alla station\u00e4ra och mobila operativsystem, med st\u00f6d f\u00f6r VPN och andra s\u00e4kerhetstj\u00e4nster, som skyddar olika WAN-design och hj\u00e4lper f\u00f6retag att skydda sin viktigaste tillg\u00e5ng &#8211; data &#8211; oavsett om den \u00e4r i transit eller i vila.<\/p>\n\n<h2 class=\"wp-block-heading\">Enkel och S\u00e4ker \u00e5tkomst<\/h2>\n\n<p>Ge medarbetarna m\u00f6jlighet att arbeta var som helst, p\u00e5 f\u00f6retagets b\u00e4rbara datorer eller personliga mobila enheter, n\u00e4r som helst. F\u00e5 synlighet f\u00f6r slutpunkter \u00f6ver hela f\u00f6retaget. Skydda anst\u00e4llda i eller utanf\u00f6r n\u00e4tverket. Genomf\u00f6r s\u00e4kerhets\u00e5tg\u00e4rder f\u00f6r anslutna slutpunkter.   <\/p>\n\n<h2 class=\"wp-block-heading\">Djup Synlighet, Sammanhang och Kontroll<\/h2>\n\n<p>F\u00f6rhindra intr\u00e5ng. \u00d6vervaka kontinuerligt allt filbeteende f\u00f6r att avsl\u00f6ja smygande attacker. Uppt\u00e4ck, blockera och \u00e5tg\u00e4rda avancerad skadlig kod p\u00e5 alla slutpunkter. G\u00f6r allt snabbt och automatiskt.   <\/p>\n\n<h2 class=\"wp-block-heading\">Centraliserad Enhetshantering<\/h2>\n\n<p>Om antalet kunder \u00f6kar kan l\u00f6sningen ut\u00f6kas till att styra b\u00e5de mobila och station\u00e4ra enheter i den mycket s\u00e4kra, webbl\u00e4sarbaserade och anpassade instrumentpanelen. Det h\u00e4r alternativet g\u00f6r det m\u00f6jligt att s\u00f6ml\u00f6st integrera nya enheter och automatisera till\u00e4mpningen av s\u00e4kerhetspolicyer. <\/p>\n\n<h2 class=\"wp-block-heading\">Privat VPN-L\u00f6sning<\/h2>\n\n<p>ARK\u0130TEKs l\u00f6sning \u00e4r s\u00e5 flexibel och prisv\u00e4rd att den kan \u00e4gas av familjer som flyttat utomlands, sm\u00e5 kontor utomlands eller personer som alltid \u00e4r mobila &#8211; f\u00f6r att ha en s\u00e4ker, tillf\u00f6rlitlig och h\u00f6gpresterande uppl\u00e4nk till n\u00e4tverksresurser i det land d\u00e4r hemmabasen finns. L\u00f6sningen g\u00f6r att du kan kringg\u00e5 geoblockering (som vanligtvis implementeras av videostreamingtj\u00e4nster) och lokal censur genom att tillhandah\u00e5lla en krypterad tunnel f\u00f6r alla datorer, n\u00e4tverkskompatibla multimediaenheter (smart-tv, spelkonsol etc.) och smartphones\/surfplattor, i eller utanf\u00f6r din bostad. <\/p>\n","protected":false},"excerpt":{"rendered":"<p>Ge dina anst\u00e4llda m\u00f6jlighet att arbeta var som helst, p\u00e5 f\u00f6retagets b\u00e4rbara datorer eller personliga mobila enheter, n\u00e4r som helst, och se alltid till att det inte finns n\u00e5gra intr\u00e5ng i ditt n\u00e4tverk och dina data. ARK\u0130TEK f\u00f6renklar s\u00e4ker \u00e5tkomst till slutpunkter och tillhandah\u00e5ller den s\u00e4kerhet som kr\u00e4vs f\u00f6r att h\u00e5lla din organisation s\u00e4ker och &hellip; <\/p>\n<p class=\"link-more\"><a href=\"https:\/\/arkitek.net\/sv\/losningar\/telecommunikation\/virtuellt-privat-natverk-vpn\/\" class=\"more-link\">Forts\u00e4tt l\u00e4sa<span class=\"screen-reader-text\"> \u201dVirtuellt Privat N\u00e4tverk (VPN)\u201d<\/span><\/a><\/p>\n","protected":false},"author":1,"featured_media":1120,"parent":631,"menu_order":4,"comment_status":"closed","ping_status":"closed","template":"","meta":{"inline_featured_image":false,"footnotes":""},"class_list":["post-705","page","type-page","status-publish","has-post-thumbnail","hentry"],"_links":{"self":[{"href":"https:\/\/arkitek.net\/sv\/wp-json\/wp\/v2\/pages\/705","targetHints":{"allow":["GET"]}}],"collection":[{"href":"https:\/\/arkitek.net\/sv\/wp-json\/wp\/v2\/pages"}],"about":[{"href":"https:\/\/arkitek.net\/sv\/wp-json\/wp\/v2\/types\/page"}],"author":[{"embeddable":true,"href":"https:\/\/arkitek.net\/sv\/wp-json\/wp\/v2\/users\/1"}],"replies":[{"embeddable":true,"href":"https:\/\/arkitek.net\/sv\/wp-json\/wp\/v2\/comments?post=705"}],"version-history":[{"count":0,"href":"https:\/\/arkitek.net\/sv\/wp-json\/wp\/v2\/pages\/705\/revisions"}],"up":[{"embeddable":true,"href":"https:\/\/arkitek.net\/sv\/wp-json\/wp\/v2\/pages\/631"}],"wp:featuredmedia":[{"embeddable":true,"href":"https:\/\/arkitek.net\/sv\/wp-json\/wp\/v2\/media\/1120"}],"wp:attachment":[{"href":"https:\/\/arkitek.net\/sv\/wp-json\/wp\/v2\/media?parent=705"}],"curies":[{"name":"wp","href":"https:\/\/api.w.org\/{rel}","templated":true}]}}