
{"id":687,"date":"2024-07-01T18:19:30","date_gmt":"2024-07-01T15:19:30","guid":{"rendered":"https:\/\/new.arkitek.net\/losningar\/telekommunikation\/ipv6-migrering\/"},"modified":"2024-07-10T22:29:42","modified_gmt":"2024-07-10T19:29:42","slug":"ipv6-migrering","status":"publish","type":"page","link":"https:\/\/arkitek.net\/sv\/losningar\/telecommunikation\/ipv6-migrering\/","title":{"rendered":"IPv6-Migrering"},"content":{"rendered":"\n<p>Mobiloperat\u00f6rer och tj\u00e4nsteleverant\u00f6rer f\u00f6rlitar sig i allt h\u00f6gre grad p\u00e5 IP-baserade datatj\u00e4nster f\u00f6r sin int\u00e4ktsbas. Samtidigt har b\u00e5de den fasta och den mobila bredbandstrafiken exploderat i takt med att Web 2.0, IoT, video och sociala medier har \u00f6kat efterfr\u00e5gan fr\u00e5n anv\u00e4ndarna. <\/p>\n\n<p>Dagens fasta n\u00e4t har mer \u00e4n 500 miljoner abonnenter och n\u00e4ten \u00e4r optimerade utifr\u00e5n kostnaden per bit f\u00f6r att kunna hantera stora datam\u00e4ngder fr\u00e5n varje anv\u00e4ndare. Dessutom har mobiln\u00e4ten redan idag mer \u00e4n 5 miljarder abonnenter och tj\u00e4nsterna \u00e4r mer personliga med n\u00e4t som \u00e4r optimerade f\u00f6r att hantera en stor abonnentbas.  <\/p>\n\n<p>\u00c4ven om IPv6 har m\u00e5nga f\u00f6rdelar j\u00e4mf\u00f6rt med IPv4 \u00e4r operat\u00f6rerna ovilliga att g\u00f6ra \u00f6verg\u00e5ngen eftersom tekniken \u00e4r mer &#8221;st\u00f6rande&#8221; \u00e4n plug-and-play. Utarmningen av IPv4-adressutrymmet hanteras i st\u00e4llet genom att investera i <a href=\"\">CGNAT<\/a>. <\/p>\n\n<h2 class=\"wp-block-heading\">L\u00f6sningen<\/h2>\n\n<p>ARK\u0130TEKs tj\u00e4nst IPv6 Migration erbjuder operat\u00f6rer ett s\u00e4tt att smidigt inf\u00f6ra IPv6 i n\u00e4tverket, genom att b\u00f6rja med att identifiera skillnaden mellan n\u00e4tverkets nuvarande status och den \u00f6nskade positionen, definiera en \u00f6verg\u00e5ngsstrategi och konsekvensanalys, planera migreringen och slutligen, stegvis, aktivera nya IPv6-baserade tj\u00e4nster enligt verksamhetens behov.<\/p>\n\n<p>En lyckad \u00f6verg\u00e5ng fr\u00e5n ett IPv4-baserat n\u00e4tverk till inbyggd IPv6 \u00e4r en \u00f6verg\u00e5ng d\u00e4r IPv6-element inf\u00f6rlivas i n\u00e4tverket samtidigt som kompatibiliteten med den befintliga IP-infrastrukturen bibeh\u00e5lls. Under en tid fram\u00f6ver kommer vi d\u00e4rf\u00f6r att vara medvetna om att IPv6-enheter m\u00e5ste samverka och fungera med befintliga enheter. <\/p>\n\n<p>Abonnenterna f\u00f6rv\u00e4ntar sig en serviceupplevelse som \u00e4r lika bra som eller b\u00e4ttre \u00e4n de IPv4-baserade tj\u00e4nsterna och f\u00f6rv\u00e4ntar sig inga avbrott i servicen. Anv\u00e4ndarna f\u00f6rv\u00e4ntar sig ocks\u00e5 att det finns ett stort antal terminaler att v\u00e4lja mellan och att det kr\u00e4vs enkel eller ingen ytterligare konfiguration f\u00f6r att b\u00f6rja anv\u00e4nda tj\u00e4nsterna. <\/p>\n\n<p>Idealet \u00e4r att anv\u00e4ndaren inte beh\u00f6ver k\u00e4nna till IP-versionen, vilket st\u00e4ller krav p\u00e5 applikationer och operativsystems f\u00f6rm\u00e5ga att v\u00e4lja och anv\u00e4nda IP-versionen efter behov.\n\n<\/p>\n\n<p>D\u00e4rf\u00f6r kr\u00e4vs det samexistenstekniker, s\u00e4rskilt n\u00e4r de flesta anv\u00e4ndare anv\u00e4nder IPv6 och vissa tj\u00e4nster fortfarande anv\u00e4nder IPv4. F\u00f6r mobila anv\u00e4ndare kan en anv\u00e4ndare huvudsakligen anv\u00e4nda IPv6 i operat\u00f6rens hemman\u00e4t och vid behov \u00e5terg\u00e5 till IPv4 i bes\u00f6kta n\u00e4t.\n \n\n<\/p>\n\n<p>F\u00f6rdelarna med detta stegvisa inf\u00f6rande av IPv6 f\u00f6r operat\u00f6rerna \u00e4r f\u00f6ljande:<\/p>\n\n<ul class=\"wp-block-list\">\n<li>Smidigt inf\u00f6rande av IPv6 i operat\u00f6rens n\u00e4tverk och m\u00f6jligg\u00f6rande av nya IPv6-baserade tj\u00e4nster enligt operat\u00f6rens verksamhetskrav<\/li>\n\n\n\n<li>Stegvis tillv\u00e4gag\u00e5ngss\u00e4tt som g\u00f6r det m\u00f6jligt f\u00f6r operat\u00f6rerna att f\u00e5 erfarenhet och kompetens gradvis<\/li>\n\n\n\n<li>Kostnadseffektiv drifts\u00e4ttning som minskar b\u00e5de risken och kostnaden f\u00f6r implementeringen.<\/li>\n<\/ul>\n","protected":false},"excerpt":{"rendered":"<p>Mobiloperat\u00f6rer och tj\u00e4nsteleverant\u00f6rer f\u00f6rlitar sig i allt h\u00f6gre grad p\u00e5 IP-baserade datatj\u00e4nster f\u00f6r sin int\u00e4ktsbas. Samtidigt har b\u00e5de den fasta och den mobila bredbandstrafiken exploderat i takt med att Web 2.0, IoT, video och sociala medier har \u00f6kat efterfr\u00e5gan fr\u00e5n anv\u00e4ndarna. Dagens fasta n\u00e4t har mer \u00e4n 500 miljoner abonnenter och n\u00e4ten \u00e4r optimerade utifr\u00e5n &hellip; <\/p>\n<p class=\"link-more\"><a href=\"https:\/\/arkitek.net\/sv\/losningar\/telecommunikation\/ipv6-migrering\/\" class=\"more-link\">Forts\u00e4tt l\u00e4sa<span class=\"screen-reader-text\"> \u201dIPv6-Migrering\u201d<\/span><\/a><\/p>\n","protected":false},"author":1,"featured_media":1120,"parent":631,"menu_order":3,"comment_status":"closed","ping_status":"closed","template":"","meta":{"inline_featured_image":false,"footnotes":""},"class_list":["post-687","page","type-page","status-publish","has-post-thumbnail","hentry"],"_links":{"self":[{"href":"https:\/\/arkitek.net\/sv\/wp-json\/wp\/v2\/pages\/687","targetHints":{"allow":["GET"]}}],"collection":[{"href":"https:\/\/arkitek.net\/sv\/wp-json\/wp\/v2\/pages"}],"about":[{"href":"https:\/\/arkitek.net\/sv\/wp-json\/wp\/v2\/types\/page"}],"author":[{"embeddable":true,"href":"https:\/\/arkitek.net\/sv\/wp-json\/wp\/v2\/users\/1"}],"replies":[{"embeddable":true,"href":"https:\/\/arkitek.net\/sv\/wp-json\/wp\/v2\/comments?post=687"}],"version-history":[{"count":0,"href":"https:\/\/arkitek.net\/sv\/wp-json\/wp\/v2\/pages\/687\/revisions"}],"up":[{"embeddable":true,"href":"https:\/\/arkitek.net\/sv\/wp-json\/wp\/v2\/pages\/631"}],"wp:featuredmedia":[{"embeddable":true,"href":"https:\/\/arkitek.net\/sv\/wp-json\/wp\/v2\/media\/1120"}],"wp:attachment":[{"href":"https:\/\/arkitek.net\/sv\/wp-json\/wp\/v2\/media?parent=687"}],"curies":[{"name":"wp","href":"https:\/\/api.w.org\/{rel}","templated":true}]}}