
{"id":666,"date":"2024-07-01T18:17:57","date_gmt":"2024-07-01T15:17:57","guid":{"rendered":"https:\/\/new.arkitek.net\/losningar\/telekommunikation\/abonnentterminering-for-fast-bredband\/"},"modified":"2024-07-10T22:23:39","modified_gmt":"2024-07-10T19:23:39","slug":"abonnentterminering-for-fast-bredband","status":"publish","type":"page","link":"https:\/\/arkitek.net\/sv\/losningar\/telecommunikation\/abonnentterminering-for-fast-bredband\/","title":{"rendered":"Abonnentterminering f\u00f6r Fast Bredband"},"content":{"rendered":"\n<p>Det snabba genomslaget f\u00f6r TV och video p\u00e5 Internet driver p\u00e5 trafikvolymerna och en allt st\u00f6rre del av de tillg\u00e4ngliga tj\u00e4nsterna erbjuder nu h\u00f6guppl\u00f6st inneh\u00e5ll. Faktum \u00e4r att TV och video p\u00e5 Internet redan utg\u00f6r mer \u00e4n h\u00e4lften av all Internettrafik. <\/p>\n\n<p>Medan kommande teknik f\u00f6r mobilt bredband och hastighetsrekord tar all uppm\u00e4rksamhet i media, \u00e4r det ett faktum att det fortfarande \u00e4r de fasta bredbandsn\u00e4ten som drar det tunga lasset. Det totala antalet abonnenter p\u00e5 fast bredband kanske inte v\u00e4xer lika snabbt som antalet mobilabonnemang, men de fasta abonnenternas trafikkonsumtion f\u00f6rdubblas varje \u00e5r. <\/p>\n\n<p>Den \u00f6kande volymen och m\u00e5ngfalden inneb\u00e4r b\u00e5de m\u00f6jligheter och utmaningar f\u00f6r n\u00e4toperat\u00f6rerna. \u00c5 ena sidan blir Internettj\u00e4nster allt viktigare f\u00f6r allt fler aspekter av m\u00e4nniskors liv: f\u00f6r aff\u00e4rer, f\u00f6r utbildning, f\u00f6r social interaktion och f\u00f6r underh\u00e5llning. Detta skapar nya int\u00e4ktsm\u00f6jligheter. \u00c5 andra sidan kr\u00e4ver den f\u00f6rv\u00e4ntade tillv\u00e4xten investeringar i n\u00e4tverksuppgraderingar, och extra driftskostnader kan tillkomma i samband med dessa uppgraderingar. Moderna strategier beh\u00f6vs f\u00f6r att maximera v\u00e4rdet av dessa investeringar och minimera de relaterade kostnaderna. S\u00e4rskilt den klassiska strategin med \u00f6verkapacitet i n\u00e4ten f\u00f6r att s\u00e4kerst\u00e4lla en h\u00f6g kvalitet p\u00e5 slutanv\u00e4ndarnas upplevelse kommer att bli alltf\u00f6r kostnadsineffektiv.     <\/p>\n\n<p>Ist\u00e4llet m\u00e5ste n\u00e4tverken bli smartare. De m\u00e5ste k\u00e4nna igen applikationstyper, slutanv\u00e4ndarens enheter och slutanv\u00e4ndarens preferenser f\u00f6r att maximera slutanv\u00e4ndarens upplevelse och garantera en r\u00e4ttvis anv\u00e4ndning av tillg\u00e4ngliga n\u00e4tverksresurser. N\u00e4tverken m\u00e5ste ocks\u00e5 bli enklare och d\u00e4rmed billigare att driva, eftersom de d\u00f6ljer den komplexitet som ligger bakom deras nya intelligens. Och de m\u00e5ste ha en f\u00f6rstklassig motst\u00e5ndskraft f\u00f6r att s\u00e4kerst\u00e4lla en gradvis f\u00f6rs\u00e4mring och minimala st\u00f6rningar i de s\u00e4llsynta fall d\u00e5 ett fel intr\u00e4ffar.   <\/p>\n\n<h2 class=\"wp-block-heading\">L\u00f6sningen<\/h2>\n\n<p>ARK\u0130TEKs PTA-l\u00f6sning erbjuder leverant\u00f6rer av internettj\u00e4nster f\u00f6r fast bredband en plan f\u00f6r att snabbt och effektivt implementera, optimera och utveckla sin egen eller delade infrastruktur &#8211; alltid i enlighet med branschstandarder, lokala best\u00e4mmelser, b\u00e4sta praxis och implementeringar.<\/p>\n\n<p>ARK\u0130TEKs leverant\u00f6rsoberoende l\u00f6sning f\u00f6r abonnentterminering av fast bredband erbjuder tj\u00e4nsteleverant\u00f6rer och f\u00f6retag i alla skalor en solid plan f\u00f6r att implementera ett multitj\u00e4nstn\u00e4tverk som \u00e4r mycket skalbart, tillf\u00f6rlitligt och garanterar prestanda f\u00f6r r\u00f6st, video och data tack vare differentierade tj\u00e4nster som m\u00f6jligg\u00f6rs av QoS. Inbyggd s\u00e4kerhet ger ett djupg\u00e5ende f\u00f6rsvar p\u00e5 nod-, n\u00e4tverks- och applikationsniv\u00e5. <\/p>\n\n<h2 class=\"wp-block-heading\">Designalternativ och Flexibilitet<\/h2>\n\n<p>V\u00e5r l\u00f6sning f\u00f6r abonnentterminering f\u00f6r fast bredband uppfyller de tekniska och operativa kraven f\u00f6r tj\u00e4nsteleverant\u00f6rer oavsett storlek, geografisk t\u00e4ckning, drift- och aff\u00e4rsmodeller &#8211; antingen detaljhandel, grossist eller b\u00e5da. Vi samarbetar med dig f\u00f6r att f\u00f6rst f\u00f6rst\u00e5 dina krav och aff\u00e4rsm\u00e5l och erbjuder en helhetsl\u00f6sning som passar perfekt f\u00f6r dina tekniska, operativa och budgetm\u00e4ssiga krav, alltid i linje med befintliga best\u00e4mmelser och i enlighet med lokala lagar. <\/p>\n\n<h2 class=\"wp-block-heading\">Redundans<\/h2>\n\n<p>L\u00f6sningen erbjuder st\u00f6rsta m\u00f6jliga motst\u00e5ndskraft, robusthet och redundans i olika lager f\u00f6r att uppfylla h\u00f6gsta SLA. Abonnenternas fysiska\/logiska kretsar och sessioner kan distribueras till redundanta noder och\/eller linjekort och gr\u00e4nssnitt inom samma nod. Statliga och statl\u00f6sa h\u00f6gtillg\u00e4nglighetsscenarier (s\u00e5 l\u00e4nge de st\u00f6ds av den aktiva utrustningen) ing\u00e5r i l\u00f6sningen.  <\/p>\n\n<h2 class=\"wp-block-heading\">Skalbarhet och Prestanda<\/h2>\n\n<p>\u00c4ven om det totala antalet abonnenter, associerade tj\u00e4nster och genomsnittlig nedladdningshastighet per abonnent \u00e4r viktiga parametrar vid dimensioneringen av l\u00f6sningen, tar vi \u00e4ven h\u00e4nsyn till andra variabler (t.ex. frame\/packet overhead, processorbegr\u00e4nsningar, redundanskrav, abonnenternas uppkopplingshastighet, QoS etc.) f\u00f6r att erbjuda abonnenterna b\u00e4sta m\u00f6jliga upplevelsekvalitet.<\/p>\n\n<p>Fr\u00e5n modem\/router i hemmet upp till routern f\u00f6r Internet-trafikutbyte (f\u00f6r trafik p\u00e5 anv\u00e4ndarplanet) och AAA (RADIUS), Policy Manager, DHCP och funktioner som DPI (f\u00f6r signaleringstrafik) ing\u00e5r varje nod och gr\u00e4nssnitt i v\u00e5r omfattning f\u00f6r att f\u00e5 en korrekt prestandauppskattning av l\u00f6sningen n\u00e4r den implementeras och tas i produktion.<\/p>\n","protected":false},"excerpt":{"rendered":"<p>Det snabba genomslaget f\u00f6r TV och video p\u00e5 Internet driver p\u00e5 trafikvolymerna och en allt st\u00f6rre del av de tillg\u00e4ngliga tj\u00e4nsterna erbjuder nu h\u00f6guppl\u00f6st inneh\u00e5ll. Faktum \u00e4r att TV och video p\u00e5 Internet redan utg\u00f6r mer \u00e4n h\u00e4lften av all Internettrafik. Medan kommande teknik f\u00f6r mobilt bredband och hastighetsrekord tar all uppm\u00e4rksamhet i media, \u00e4r &hellip; <\/p>\n<p class=\"link-more\"><a href=\"https:\/\/arkitek.net\/sv\/losningar\/telecommunikation\/abonnentterminering-for-fast-bredband\/\" class=\"more-link\">Forts\u00e4tt l\u00e4sa<span class=\"screen-reader-text\"> \u201dAbonnentterminering f\u00f6r Fast Bredband\u201d<\/span><\/a><\/p>\n","protected":false},"author":1,"featured_media":1120,"parent":631,"menu_order":2,"comment_status":"closed","ping_status":"closed","template":"","meta":{"inline_featured_image":false,"footnotes":""},"class_list":["post-666","page","type-page","status-publish","has-post-thumbnail","hentry"],"_links":{"self":[{"href":"https:\/\/arkitek.net\/sv\/wp-json\/wp\/v2\/pages\/666","targetHints":{"allow":["GET"]}}],"collection":[{"href":"https:\/\/arkitek.net\/sv\/wp-json\/wp\/v2\/pages"}],"about":[{"href":"https:\/\/arkitek.net\/sv\/wp-json\/wp\/v2\/types\/page"}],"author":[{"embeddable":true,"href":"https:\/\/arkitek.net\/sv\/wp-json\/wp\/v2\/users\/1"}],"replies":[{"embeddable":true,"href":"https:\/\/arkitek.net\/sv\/wp-json\/wp\/v2\/comments?post=666"}],"version-history":[{"count":0,"href":"https:\/\/arkitek.net\/sv\/wp-json\/wp\/v2\/pages\/666\/revisions"}],"up":[{"embeddable":true,"href":"https:\/\/arkitek.net\/sv\/wp-json\/wp\/v2\/pages\/631"}],"wp:featuredmedia":[{"embeddable":true,"href":"https:\/\/arkitek.net\/sv\/wp-json\/wp\/v2\/media\/1120"}],"wp:attachment":[{"href":"https:\/\/arkitek.net\/sv\/wp-json\/wp\/v2\/media?parent=666"}],"curies":[{"name":"wp","href":"https:\/\/api.w.org\/{rel}","templated":true}]}}