
{"id":648,"date":"2024-07-01T18:15:18","date_gmt":"2024-07-01T15:15:18","guid":{"rendered":"https:\/\/new.arkitek.net\/losningar\/telekommunikation\/backbone-natverk-for-konvergerade-paket\/"},"modified":"2024-07-10T22:16:51","modified_gmt":"2024-07-10T19:16:51","slug":"backbone-natverk-for-konvergerade-paket","status":"publish","type":"page","link":"https:\/\/arkitek.net\/sv\/losningar\/telecommunikation\/backbone-natverk-for-konvergerade-paket\/","title":{"rendered":"Backbone-N\u00e4tverk f\u00f6r Konvergerade Paket"},"content":{"rendered":"\n<p>Med tanke p\u00e5 de snabba tekniska framstegen inom mobil telekommunikation kommer v\u00e5r vision om en sammankopplad, &#8221;alltid uppkopplad&#8221; v\u00e4rld att f\u00f6rverkligas \u00e4nnu snabbare \u00e4n ber\u00e4knat. De ursprungliga GPRS-hastigheterna p\u00e5 14,4 kbps har stigit till dagens 5G-hastigheter p\u00e5 \u00f6ver 1 Gbps. F\u00f6r operat\u00f6rer och tj\u00e4nsteleverant\u00f6rer som kan h\u00e5lla j\u00e4mna steg inneb\u00e4r dessa f\u00f6r\u00e4ndringar otaliga int\u00e4ktsm\u00f6jligheter, men ocks\u00e5 m\u00e5nga operativa utmaningar.  <\/p>\n\n<p>Den st\u00e4ndiga kappl\u00f6pningen f\u00f6r att koppla samman inte bara m\u00e4nniskor utan \u00e4ven objekt utmanar traditionella aff\u00e4rsmodeller och tvingar m\u00e5nga tj\u00e4nsteleverant\u00f6rer att st\u00e4ndigt f\u00f6rnya sig f\u00f6r att f\u00f6rbli konkurrenskraftiga. I takt med att time-to-market f\u00f6r nya tj\u00e4nster blir allt viktigare f\u00f6r att \u00f6ka int\u00e4kterna, pressas operat\u00f6rerna att snabbt uppgradera sina n\u00e4t. <\/p>\n\n<p>Eftersom tj\u00e4nsteleverant\u00f6rerna inte har tid beh\u00f6ver de utrustningsleverant\u00f6rer som kan tillhandah\u00e5lla bepr\u00f6vade och verifierade IP-infrastrukturl\u00f6sningar som integrerar n\u00e4tverkskomponenter och levererar funktioner eller applikationer p\u00e5 kortast m\u00f6jliga tid. Eftersom tekniken utvecklas i s\u00e5 snabb takt \u00e4r det dessutom sv\u00e5rt att hitta h\u00f6gkvalificerade produktexperter. M\u00e5nga leverant\u00f6rer m\u00e5ste nu f\u00f6rlita sig p\u00e5 externa leverant\u00f6rer f\u00f6r att hantera tekniska funktioner som n\u00e4tverksplanering, design, utrullning och underh\u00e5ll.  <\/p>\n\n<p>En annan realitet i denna snabba utveckling \u00e4r att flera generationer av mobilteknik m\u00e5ste samexistera. I en v\u00e4rld d\u00e4r det \u00e4r absolut n\u00f6dv\u00e4ndigt att spara p\u00e5 CAPEX och minska OPEX \u00f6kar trycket p\u00e5 leverant\u00f6rerna att garantera att n\u00e4tet kan byggas ut f\u00f6r att klara framtida tekniker. <\/p>\n\n<p>F\u00f6ljaktligen beh\u00f6ver operat\u00f6rerna ett n\u00e4tverk som \u00e4r b\u00e5de framtidss\u00e4kert och bak\u00e5tkompatibelt f\u00f6r att undvika kostsamma uppgraderingar av truckar och kostnader f\u00f6r kontinuerlig omskolning av personalen.<\/p>\n\n<h2 class=\"wp-block-heading\">L\u00f6sningen<\/h2>\n\n<p>Operat\u00f6rerna m\u00e5ste kontinuerligt omvandla sina n\u00e4t f\u00f6r att hantera storskalighet och anta en operativ modell som st\u00f6der snabb utrullning av nya tj\u00e4nster. V\u00e5ra f\u00f6rtestade och verifierade end-to-end IP-infrastrukturl\u00f6sningar och v\u00e5r expertis bidrar till att g\u00f6ra denna omvandling s\u00e5 smidig och effektiv som m\u00f6jligt.<\/p>\n\n<p>V\u00e5ra professionella serviceproffs har tillbringat tusentals timmar med att arbeta med design, planering, utrullning och underh\u00e5ll av fasta, mobila och konvergerade n\u00e4tverk. N\u00e4r du \u00e4r redo att navigera i en v\u00e4rld av snabb teknikutveckling \u00e4r ARK\u0130TEK den perfekta partnern f\u00f6r att hj\u00e4lpa dig att tj\u00e4na pengar p\u00e5 din mest strategiska tillg\u00e5ng &#8211; ditt n\u00e4tverk. <\/p>\n\n<p>ARK\u0130TEKs leverant\u00f6rsoberoende <strong>Backbone-N\u00e4tverk f\u00f6r Paket Solution<\/strong> erbjuder operat\u00f6rer, tj\u00e4nsteleverant\u00f6rer och f\u00f6retag i alla skalor en solid plan f\u00f6r att implementera ett multitj\u00e4nstn\u00e4tverk som \u00e4r mycket skalbart, tillf\u00f6rlitligt och garanterar prestanda f\u00f6r r\u00f6st, video och data tack vare differentierade tj\u00e4nster som m\u00f6jligg\u00f6rs av QoS. Inbyggd s\u00e4kerhet ger ett djupg\u00e5ende f\u00f6rsvar p\u00e5 nod-, n\u00e4tverks- och applikationsniv\u00e5. <\/p>\n\n<p>ARKITEKs CPBN-l\u00f6sning ger en IP-infrastruktur med flera tj\u00e4nster f\u00f6r mobila k\u00e4rnn\u00e4t och konvergerade metron\u00e4t, med st\u00f6d f\u00f6r bredbandiga paketdatatj\u00e4nster, Mobile Softswitching och IMS. Den ger tillf\u00f6rlitlighet av telekomkvalitet och har utvecklats f\u00f6r att st\u00f6dja en effektiv \u00f6verg\u00e5ng till all-IP. CPBN p\u00e5skyndar utrullningen av ny aff\u00e4rskritisk IP-infrastruktur och minimerar implementeringskostnaderna och riskerna f\u00f6r en operat\u00f6r. ARKITEKs Professional Services Team s\u00e4kerst\u00e4ller en framg\u00e5ngsrik design, integration och leverans av operat\u00f6rens n\u00e4tverksinfrastruktur samt l\u00f6pande f\u00f6rvaltning och utbildningstj\u00e4nster.    <\/p>\n\n<p>CPBN \u00e4r en IP-infrastrukturl\u00f6sning f\u00f6r flera tj\u00e4nster som omfattar kompletta anslutningsl\u00f6sningar f\u00f6r transport b\u00e5de inom och mellan anl\u00e4ggningar, med h\u00e4nsyn till prestanda, tillf\u00f6rlitlighet, skalbarhet, s\u00e4kerhet och hanterbarhet. <\/p>\n\n<p>CPBN ansluter alla noder och servrar i k\u00e4rnn\u00e4tet. Den tillhandah\u00e5ller ocks\u00e5 den IP-anslutning som kr\u00e4vs mellan k\u00e4rnn\u00e4tet, servicen\u00e4tet, radioaccessn\u00e4tet och externa n\u00e4t, t.ex. GPRS Roaming Exchange (GRX), Internet och f\u00f6retagssajter.  <\/p>\n\n<h2 class=\"wp-block-heading\">Optimal Design f\u00f6r Transportn\u00e4tet<\/h2>\n\n<p>Den optimala utformningen av ett konvergerat transportn\u00e4t m\u00e5ste ge en effektiv och trafikmedveten transportfunktion hela v\u00e4gen fr\u00e5n IP RAN till den fasta\/mobila k\u00e4rnan, via den mobila backhaulen och paketstamn\u00e4tet. Att skala upp det mobila backhaul-n\u00e4tet \u00e4r dock en betydande utmaning. Med \u00f6kande accesshastigheter f\u00f6r anv\u00e4ndarna kan ett transportn\u00e4tverk som har sitt ursprung i radiobasstationen och slutar vid BSC eller RNC bli en kritisk flaskhals och f\u00f6rs\u00e4mra anv\u00e4ndarupplevelsen.  <\/p>\n\n<h2 class=\"wp-block-heading\">F\u00f6rdelar f\u00f6r Operat\u00f6ren<\/h2>\n\n<p>ARKITEKs CPBN-l\u00f6sning har f\u00f6ljande viktiga f\u00f6rdelar f\u00f6r operat\u00f6ren:<\/p>\n\n<p><strong>Levererar tillf\u00f6rlitliga abonnenttj\u00e4nster.<\/strong> Fr\u00e5gor som n\u00e4tverksdesign med h\u00f6g tillg\u00e4nglighet, jitter, f\u00f6rdr\u00f6jning och paketf\u00f6rlust \u00e4r stora utmaningar f\u00f6r IP-infrastruktur, och vi anv\u00e4nder ARKITEKs kompetens och erfarenhet f\u00f6r att leverera realtidstj\u00e4nster som en operat\u00f6r kan lita p\u00e5.<\/p>\n\n<p><strong>Minskad risk.<\/strong> Vi har designat paketn\u00e4tverk sedan 1999 och deltagit i mer \u00e4n 50 globala kundinstallationer. Som s\u00e5dan \u00e4r det en v\u00e4l bepr\u00f6vad referensl\u00f6sning med v\u00e4l bepr\u00f6vade professionella tj\u00e4nster som erbjuder en riskreducerad v\u00e4g f\u00f6r operat\u00f6rer som tar utvecklingsv\u00e4gen till all-IP inklusive st\u00f6d f\u00f6r modern teknik och automatisering. <\/p>\n\n<p><strong>M\u00f6jligg\u00f6r snabbare tid till service och int\u00e4ktsgenerering.<\/strong> Den grundl\u00e4ggande CPBN-referensdesignen \u00e4r standardbaserad, v\u00e4ldokumenterad och verifierad. Denna betrodda design \u00e4r d\u00e4rf\u00f6r v\u00e4l bepr\u00f6vad och ger snabbare drifttider eftersom den minskar utv\u00e4rderings- och integrationsuppgifterna och kostnaderna som uppst\u00e5r n\u00e4r en operat\u00f6r utformar en skr\u00e4ddarsydd l\u00f6sning fr\u00e5n flera leverant\u00f6rer. <\/p>\n\n<p><\/p>\n\n<p><strong>Minskar n\u00e4tverkskostnaderna under hela livsl\u00e4ngden och maximerar anv\u00e4ndningen av kapitalinvesteringar.<\/strong> CPBN \u00e4r en l\u00e5ngsiktig l\u00f6sning med en v\u00e4lplanerad migration som omfattar MSS, IMS och LTE\/EPC-migration. Det ger en modul\u00e4r skalbar arkitektur och skalbara plattformar som kan st\u00f6dja h\u00f6ga trafikbelastningar f\u00f6r framtida tillv\u00e4xt. <\/p>\n\n<p><strong>Levererar f\u00f6ruts\u00e4gbara och differentierade tj\u00e4nster.<\/strong> Detta g\u00e4ller trafik med realtidskrav (t.ex. r\u00f6stsamtal), str\u00f6mmande trafik, e-post, surfning och s\u00e5 vidare. Var och en har en tilldelad QoS och l\u00e4mplig deterministisk tj\u00e4nst kan levereras enligt applikationskraven. <\/p>\n\n<p><strong>Tillhandah\u00e5ller en s\u00e4ker n\u00e4tinfrastruktur f\u00f6r operat\u00f6rer, anv\u00e4ndare och deras trafik.<\/strong> Detta \u00e4r ett verkligt hot mot operat\u00f6rerna, s\u00e4rskilt eftersom IP-infrastrukturen nu transporterar faktureringsdata, drift- och underh\u00e5llsdata samt signaleringstrafik. CPBN tar ett helhetsgrepp om s\u00e4kerheten, tittar p\u00e5 hot fr\u00e5n interna och externa k\u00e4llor och tar fram en operat\u00f6rsspecifik l\u00f6sning med hj\u00e4lp av en flerskiktad strategi. <\/p>\n\n<p><strong>M\u00f6jligg\u00f6r skalbar tillv\u00e4xt fr\u00e5n sm\u00e5 till mycket stora f\u00f6retag.<\/strong> CPBN anv\u00e4nder en skalbar arkitektur med f\u00f6rdefinierade platstyper, modul\u00e4ra l\u00f6sningar och skalbara n\u00e4tverkselementplattformar f\u00f6r att skapa en n\u00e4tverksarkitektur som kan v\u00e4xa f\u00f6r att tillgodose abonnentantal och trafiktillv\u00e4xt.<\/p>\n\n<h3 class=\"wp-block-heading\">Minska bortfallet av prenumeranter<\/h3>\n\n<p class=\"has-pale-cyan-blue-background-color has-background\">Huvudsyftet med de flesta aff\u00e4rsstrategier \u00e4r att minska anv\u00e4ndaravhoppen och \u00f6ka ARPU. Eftersom abonnenterna har m\u00e5nga valm\u00f6jligheter har nyckeln till att beh\u00e5lla anv\u00e4ndarna varit att tillhandah\u00e5lla konsekvent \u00f6verl\u00e4gsna och personliga tj\u00e4nster. F\u00f6r att kunna erbjuda en h\u00f6g upplevelsekvalitet (QoE) kr\u00e4vs ett konvergerat transportn\u00e4t som \u00e4r utformat f\u00f6r att kunna anpassas till teknikutveckling och \u00f6kande anv\u00e4ndartrafik. Tj\u00e4nsteleverant\u00f6rerna m\u00e5ste ocks\u00e5 se till att n\u00e4tet anv\u00e4nds p\u00e5 ett r\u00e4ttvist s\u00e4tt och beh\u00e5lla m\u00f6jligheten att ta ut h\u00f6gre priser f\u00f6r premiumtj\u00e4nster som garanterar serviceniv\u00e5er och tillf\u00f6rlitlighet.   <\/p>\n\n<h2 class=\"wp-block-heading\"><a href=\"https:\/\/new.arkitek.net\/en\/services\/\" data-type=\"page\" data-id=\"74\">Professionella Tj\u00e4nster<\/a><\/h2>\n\n<p>Kompletterande <a href=\"https:\/\/new.arkitek.net\/en\/services\/\" data-type=\"page\" data-id=\"74\">professionella tj\u00e4nster<\/a> finns tillg\u00e4ngliga f\u00f6r att f\u00f6rst\u00e4rka CPBN-l\u00f6sningens design, underl\u00e4tta n\u00e4tutbyggnaden och hantera driften i drift.<\/p>\n\n<p>Genom att anv\u00e4nda erfarna och kunniga medarbetare kan ARKITEK skr\u00e4ddarsy och implementera en ny mobil IP-infrastruktur enligt operat\u00f6rsspecifika krav. ARKITEK tillhandah\u00e5ller aff\u00e4rsm\u00e4ssiga och tekniska konsulttj\u00e4nster f\u00f6r alla aspekter av n\u00e4t- och tj\u00e4nstedesign, implementering och n\u00e4tverksst\u00f6d under drift, inklusive omfattande och proaktiv &#8221;Solution Level Support&#8221;.  <\/p>\n\n<p>Betydande besparingar kan g\u00f6ras genom att implementera CPBN-l\u00f6sningen. Dessa uppn\u00e5s j\u00e4mf\u00f6rt med det alternativa tillv\u00e4gag\u00e5ngss\u00e4ttet, som ofta inneb\u00e4r att man anv\u00e4nder interna resurser f\u00f6r att utforma och integrera en fragmentarisk l\u00f6sning baserad p\u00e5 en m\u00e4ngd olika leverant\u00f6rers erbjudanden. Ett s\u00e5dant tillv\u00e4gag\u00e5ngss\u00e4tt binder upp veckor och m\u00e5nader av interna resurser och medf\u00f6r m\u00e5nga risker i samband med skalning, migrering och support av den fragmentariska n\u00e4tverksl\u00f6sningen. I slut\u00e4ndan spenderar du mer, \u00f6kar risken och det tar l\u00e4ngre tid att ta n\u00e4tverket i drift j\u00e4mf\u00f6rt med att distribuera ARKITEKs CPBN-l\u00f6sning.    <\/p>\n\n<p><a href=\"https:\/\/new.arkitek.net\/en\/services\/\" data-type=\"page\" data-id=\"74\">ARKITEKs Professional Service<\/a>-erbjudanden \u00e4r grupperade under fem klassifikationer: &#8221;<a href=\"https:\/\/new.arkitek.net\/en\/services\/#Consultancy\" data-type=\"page\" data-id=\"74\">Consultancy<\/a>&#8221;, &#8221;<a href=\"https:\/\/new.arkitek.net\/en\/services\/#Systems-Integration\" data-type=\"page\" data-id=\"74\">Systems Integration<\/a>&#8221;, &#8221;<a href=\"https:\/\/new.arkitek.net\/en\/services\/#Custom-Development\" data-type=\"page\" data-id=\"74\">Custom Development<\/a>&#8221;, &#8221;<a href=\"https:\/\/new.arkitek.net\/en\/services\/#Application-And-Software-Testing\" data-type=\"page\" data-id=\"74\">Application and Software Testing<\/a>&#8221; och &#8221;<a href=\"https:\/\/new.arkitek.net\/en\/services\/#Engineering-Services\" data-type=\"page\" data-id=\"74\">Engineering Services<\/a>&#8221;. Dessa tj\u00e4nster ger expertis och s\u00e4kerhet under hela livsl\u00e4ngden f\u00f6r applikations- och n\u00e4tverkskrav, fr\u00e5n granskning och f\u00f6rslag, till implementering och support p\u00e5 l\u00f6sningsniv\u00e5, till hantering av tillv\u00e4xt och migration. ARKITEK har l\u00e5ng erfarenhet av att tillhandah\u00e5lla dessa tj\u00e4nster, och kunderna finns \u00f6ver hela v\u00e4rlden och inkluderar m\u00e5nga av v\u00e4rldens ledande f\u00f6retag. <\/p>\n","protected":false},"excerpt":{"rendered":"<p>Med tanke p\u00e5 de snabba tekniska framstegen inom mobil telekommunikation kommer v\u00e5r vision om en sammankopplad, &#8221;alltid uppkopplad&#8221; v\u00e4rld att f\u00f6rverkligas \u00e4nnu snabbare \u00e4n ber\u00e4knat. De ursprungliga GPRS-hastigheterna p\u00e5 14,4 kbps har stigit till dagens 5G-hastigheter p\u00e5 \u00f6ver 1 Gbps. F\u00f6r operat\u00f6rer och tj\u00e4nsteleverant\u00f6rer som kan h\u00e5lla j\u00e4mna steg inneb\u00e4r dessa f\u00f6r\u00e4ndringar otaliga int\u00e4ktsm\u00f6jligheter, men &hellip; <\/p>\n<p class=\"link-more\"><a href=\"https:\/\/arkitek.net\/sv\/losningar\/telecommunikation\/backbone-natverk-for-konvergerade-paket\/\" class=\"more-link\">Forts\u00e4tt l\u00e4sa<span class=\"screen-reader-text\"> \u201dBackbone-N\u00e4tverk f\u00f6r Konvergerade Paket\u201d<\/span><\/a><\/p>\n","protected":false},"author":1,"featured_media":1120,"parent":631,"menu_order":1,"comment_status":"closed","ping_status":"closed","template":"","meta":{"inline_featured_image":false,"footnotes":""},"class_list":["post-648","page","type-page","status-publish","has-post-thumbnail","hentry"],"_links":{"self":[{"href":"https:\/\/arkitek.net\/sv\/wp-json\/wp\/v2\/pages\/648","targetHints":{"allow":["GET"]}}],"collection":[{"href":"https:\/\/arkitek.net\/sv\/wp-json\/wp\/v2\/pages"}],"about":[{"href":"https:\/\/arkitek.net\/sv\/wp-json\/wp\/v2\/types\/page"}],"author":[{"embeddable":true,"href":"https:\/\/arkitek.net\/sv\/wp-json\/wp\/v2\/users\/1"}],"replies":[{"embeddable":true,"href":"https:\/\/arkitek.net\/sv\/wp-json\/wp\/v2\/comments?post=648"}],"version-history":[{"count":0,"href":"https:\/\/arkitek.net\/sv\/wp-json\/wp\/v2\/pages\/648\/revisions"}],"up":[{"embeddable":true,"href":"https:\/\/arkitek.net\/sv\/wp-json\/wp\/v2\/pages\/631"}],"wp:featuredmedia":[{"embeddable":true,"href":"https:\/\/arkitek.net\/sv\/wp-json\/wp\/v2\/media\/1120"}],"wp:attachment":[{"href":"https:\/\/arkitek.net\/sv\/wp-json\/wp\/v2\/media?parent=648"}],"curies":[{"name":"wp","href":"https:\/\/api.w.org\/{rel}","templated":true}]}}