
{"id":631,"date":"2024-07-01T18:13:15","date_gmt":"2024-07-01T15:13:15","guid":{"rendered":"https:\/\/new.arkitek.net\/losningar\/telekommunikation\/"},"modified":"2024-07-10T22:04:25","modified_gmt":"2024-07-10T19:04:25","slug":"telecommunikation","status":"publish","type":"page","link":"https:\/\/arkitek.net\/sv\/losningar\/telecommunikation\/","title":{"rendered":"Telekommunikation"},"content":{"rendered":"\n<p>ARKITEKs telekommunikationsl\u00f6sningar tillhandah\u00e5ller IP-infrastrukturl\u00f6sningar f\u00f6r hela operat\u00f6rs- eller f\u00f6retagsn\u00e4tverket &#8211; alla storlekar, alla tj\u00e4nster &#8211; full stack. Alla telekommunikationsl\u00f6sningar \u00e4r designade, testade, verifierade och optimerade och har den h\u00f6gsta niv\u00e5n av prestanda, tillf\u00f6rlitlighet, skalbarhet, utveckling och optimerade kostnader. Fr\u00e5n slutanv\u00e4ndarterminalen till Internet &#8211; och f\u00f6r allt d\u00e4remellan, du \u00e4r t\u00e4ckt med oss.  <\/p>\n\n<hr class=\"wp-block-separator has-css-opacity\"\/>\n\n<h2 class=\"wp-block-heading\"><a href=\"https:\/\/arkitek.net\/sv\/losningar\/telecommunikation\/backbone-natverk-for-konvergerade-paket\/\" data-type=\"page\" data-id=\"60\">Konvergerad IP-Paketbackbone<\/a><\/h2>\n\n<p>ARKITEKs <a href=\"https:\/\/arkitek.net\/sv\/losningar\/telecommunikation\/backbone-natverk-for-konvergerade-paket\/\" data-type=\"page\" data-id=\"60\">Packet Backbone Network Solution<\/a> tillhandah\u00e5ller, p\u00e5 den mest grundl\u00e4ggande niv\u00e5n, konnektivitet mellan och inom anl\u00e4ggningar samt pakettransport f\u00f6r all paket- och kretskopplad trafik, signalering, n\u00e4tverkshantering och laddningsdata i ett kommersiellt n\u00e4tverk. Denna leverant\u00f6rsoberoende IP-infrastruktur med flera tj\u00e4nster kopplar samman k\u00e4rnn\u00e4tet med accessn\u00e4t, servicen\u00e4t, datacenter, debiteringssystem, Internet, peer-operat\u00f6rer och f\u00f6retagsn\u00e4t.<\/p>\n\n<p class=\"more-link\"><a href=\"https:\/\/arkitek.net\/sv\/losningar\/telecommunikation\/backbone-natverk-for-konvergerade-paket\/\" data-type=\"page\" data-id=\"60\">L\u00e4s mer om<\/a>&#8230;<\/p>\n\n<h2 class=\"wp-block-heading\"><a href=\"https:\/\/arkitek.net\/sv\/losningar\/telecommunikation\/abonnentterminering-for-fast-bredband\/\" data-type=\"page\" data-id=\"62\">Abonnentterminering f\u00f6r Fast Bredband<\/a><\/h2>\n\n<p><a href=\"https:\/\/arkitek.net\/sv\/losningar\/telecommunikation\/abonnentterminering-for-fast-bredband\/\" data-type=\"page\" data-id=\"62\">PPP Termination Architecture (PTA) Solution<\/a> erbjuder internetleverant\u00f6rer med fast bredband en plan f\u00f6r att snabbt och effektivt implementera, optimera och ut\u00f6ka sin egen eller delade infrastruktur &#8211; alltid i enlighet med branschstandarder, lokala best\u00e4mmelser, b\u00e4sta praxis och implementeringar.<\/p>\n\n<p class=\"more-link\"><a href=\"https:\/\/arkitek.net\/sv\/losningar\/telecommunikation\/abonnentterminering-for-fast-bredband\/\" data-type=\"page\" data-id=\"62\">L\u00e4s mer om<\/a>&#8230;<\/p>\n\n<h2 class=\"wp-block-heading\"><a href=\"https:\/\/arkitek.net\/sv\/losningar\/telecommunikation\/ipv6-migrering\/\" data-type=\"page\" data-id=\"64\">IPv6-Migrering<\/a><\/h2>\n\n<p>ARKITEKs <a href=\"https:\/\/arkitek.net\/sv\/losningar\/telecommunikation\/ipv6-migrering\/\" data-type=\"page\" data-id=\"64\">l\u00f6sning\/tj\u00e4nst f\u00f6r IPv6-\u00f6verg\u00e5ng<\/a> erbjuder n\u00e4tverksoperat\u00f6rer ett s\u00e4tt att smidigt inf\u00f6ra IPv6 i n\u00e4tverket, genom att b\u00f6rja med att identifiera skillnaden mellan n\u00e4tverkets nuvarande status och den \u00f6nskade positionen, definiera en \u00f6verg\u00e5ngsstrategi och en konsekvensanalys, planera migreringen och slutligen, stegvis, m\u00f6jligg\u00f6ra nya IPv6-baserade tj\u00e4nster enligt verksamhetens behov.<\/p>\n\n<p class=\"more-link\"><a href=\"https:\/\/arkitek.net\/sv\/losningar\/telecommunikation\/ipv6-migrering\/\" data-type=\"page\" data-id=\"64\">L\u00e4s mer om<\/a>&#8230;<\/p>\n\n<h2 class=\"wp-block-heading\"><a href=\"https:\/\/arkitek.net\/sv\/losningar\/telecommunikation\/virtuellt-privat-natverk-vpn\/\" data-type=\"page\" data-id=\"66\">VPN<\/a><\/h2>\n\n<p>ARKITEKs <a href=\"https:\/\/arkitek.net\/sv\/losningar\/telecommunikation\/virtuellt-privat-natverk-vpn\/\" data-type=\"page\" data-id=\"66\">VPN-l\u00f6sning (Virtual Private Network)<\/a> g\u00f6r det m\u00f6jligt f\u00f6r f\u00f6retag i alla storlekar att p\u00e5 ett s\u00e4kert s\u00e4tt koppla samman geografiskt distribuerade fysiska n\u00e4tverk via offentlig internetinfrastruktur, s\u00e5 att medarbetarna alltid kan komma \u00e5t f\u00f6retagets n\u00e4tverksresurser fr\u00e5n andra platser \u00e4n kontoret, \u00e4ven hemifr\u00e5n eller fr\u00e5n offentliga wi-fi-platser &#8211; p\u00e5 det s\u00e4kraste s\u00e4ttet.<\/p>\n\n<p class=\"more-link\"><a href=\"https:\/\/arkitek.net\/sv\/losningar\/telecommunikation\/virtuellt-privat-natverk-vpn\/\" data-type=\"page\" data-id=\"66\">L\u00e4s mer om&#8230;<\/a><\/p>\n\n<h2 class=\"wp-block-heading\"><a href=\"https:\/\/arkitek.net\/sv\/losningar\/telecommunikation\/carrier-grade-nat\/\" data-type=\"page\" data-id=\"68\">Carrier-Grade NAT<\/a><\/h2>\n\n<p>ARKITEKs <a href=\"https:\/\/arkitek.net\/sv\/losningar\/telecommunikation\/carrier-grade-nat\/\" data-type=\"page\" data-id=\"68\">Carrier-Grade Network Address Translation (CGNAT) Solution<\/a> erbjuder kommersiella operat\u00f6rer och stora f\u00f6retag att bevara och effektivt anv\u00e4nda sitt IPv4-adressutrymme fram till eller under migreringen till IPv6 p\u00e5 det mest okomplicerade och effektiva s\u00e4ttet.<\/p>\n\n<p class=\"more-link\"><a href=\"https:\/\/arkitek.net\/sv\/losningar\/telecommunikation\/carrier-grade-nat\/\" data-type=\"page\" data-id=\"68\">L\u00e4s mer om&#8230;<\/a><\/p>\n","protected":false},"excerpt":{"rendered":"<p>ARKITEKs telekommunikationsl\u00f6sningar tillhandah\u00e5ller IP-infrastrukturl\u00f6sningar f\u00f6r hela operat\u00f6rs- eller f\u00f6retagsn\u00e4tverket &#8211; alla storlekar, alla tj\u00e4nster &#8211; full stack. Alla telekommunikationsl\u00f6sningar \u00e4r designade, testade, verifierade och optimerade och har den h\u00f6gsta niv\u00e5n av prestanda, tillf\u00f6rlitlighet, skalbarhet, utveckling och optimerade kostnader. Fr\u00e5n slutanv\u00e4ndarterminalen till Internet &#8211; och f\u00f6r allt d\u00e4remellan, du \u00e4r t\u00e4ckt med oss. Konvergerad IP-Paketbackbone ARKITEKs &hellip; <\/p>\n<p class=\"link-more\"><a href=\"https:\/\/arkitek.net\/sv\/losningar\/telecommunikation\/\" class=\"more-link\">Forts\u00e4tt l\u00e4sa<span class=\"screen-reader-text\"> \u201dTelekommunikation\u201d<\/span><\/a><\/p>\n","protected":false},"author":1,"featured_media":1120,"parent":402,"menu_order":1,"comment_status":"closed","ping_status":"closed","template":"","meta":{"inline_featured_image":false,"footnotes":""},"class_list":["post-631","page","type-page","status-publish","has-post-thumbnail","hentry"],"_links":{"self":[{"href":"https:\/\/arkitek.net\/sv\/wp-json\/wp\/v2\/pages\/631","targetHints":{"allow":["GET"]}}],"collection":[{"href":"https:\/\/arkitek.net\/sv\/wp-json\/wp\/v2\/pages"}],"about":[{"href":"https:\/\/arkitek.net\/sv\/wp-json\/wp\/v2\/types\/page"}],"author":[{"embeddable":true,"href":"https:\/\/arkitek.net\/sv\/wp-json\/wp\/v2\/users\/1"}],"replies":[{"embeddable":true,"href":"https:\/\/arkitek.net\/sv\/wp-json\/wp\/v2\/comments?post=631"}],"version-history":[{"count":0,"href":"https:\/\/arkitek.net\/sv\/wp-json\/wp\/v2\/pages\/631\/revisions"}],"up":[{"embeddable":true,"href":"https:\/\/arkitek.net\/sv\/wp-json\/wp\/v2\/pages\/402"}],"wp:featuredmedia":[{"embeddable":true,"href":"https:\/\/arkitek.net\/sv\/wp-json\/wp\/v2\/media\/1120"}],"wp:attachment":[{"href":"https:\/\/arkitek.net\/sv\/wp-json\/wp\/v2\/media?parent=631"}],"curies":[{"name":"wp","href":"https:\/\/api.w.org\/{rel}","templated":true}]}}