
{"id":589,"date":"2024-07-01T17:58:17","date_gmt":"2024-07-01T14:58:17","guid":{"rendered":"https:\/\/new.arkitek.net\/juridiska-meddelanden\/"},"modified":"2024-07-10T13:24:29","modified_gmt":"2024-07-10T10:24:29","slug":"legal","status":"publish","type":"page","link":"https:\/\/arkitek.net\/sv\/legal\/","title":{"rendered":"Juridiska Meddelanden"},"content":{"rendered":"\n<h2 class=\"wp-block-heading\"><a href=\"https:\/\/arkitek.net\/sv\/legal\/villkor-for-tjansten\/\" data-type=\"page\" data-id=\"52\">Villkor f\u00f6r Tj\u00e4nsten<\/a><\/h2>\n\n<p>Dessa villkor reglerar din tillg\u00e5ng till och anv\u00e4ndning av webbplatsen och alla tj\u00e4nster som tillhandah\u00e5lls via webbplatsen och utg\u00f6r ett bindande juridiskt avtal mellan dig och ARKITEK Telekom\u00fcnikasyon A.\u015e.<\/p>\n\n<h2 class=\"wp-block-heading\"><a href=\"https:\/\/arkitek.net\/sv\/legal\/integritetspolicy\/\" data-type=\"page\" data-id=\"783\">Integritetspolicy<\/a><\/h2>\n\n<p>ARKITEK Telekom\u00fcnikasyon A.\u015e. tillhandah\u00e5ller denna sekretesspolicy f\u00f6r att informera anv\u00e4ndarna om v\u00e5ra policyer och f\u00f6rfaranden f\u00f6r insamling, anv\u00e4ndning och utl\u00e4mnande av personligt identifierbar information som erh\u00e5lls fr\u00e5n anv\u00e4ndare av denna webbplats som finns p\u00e5 <a href=\"https:\/\/arkitek.net\">arkitek.net<\/a>. Observera att denna sekretesspolicy endast g\u00e4ller f\u00f6r denna webbplats. Denna Integritetspolicy kan uppdateras fr\u00e5n tid till annan av n\u00e5gon anledning. Vi kommer att meddela dig om alla v\u00e4sentliga \u00e4ndringar av v\u00e5r integritetspolicy genom att publicera den nya integritetspolicyn p\u00e5 v\u00e5r webbplats.  <\/p>\n\n<h2 class=\"wp-block-heading\"><a href=\"https:\/\/arkitek.net\/sv\/legal\/policy-for-cookies\/\" data-type=\"page\" data-id=\"54\">Policy f\u00f6r Cookies<\/a><\/h2>\n\n<p>ARKITEK Telekom\u00fcnikasyon A.\u015e. (&#8221;vi&#8221;) har utf\u00e4rdat denna cookiepolicy f\u00f6r att beskriva hur vi anv\u00e4nder cookies och annan teknik som pixlar, taggar och beacons p\u00e5 v\u00e5r webbplats.<\/p>\n","protected":false},"excerpt":{"rendered":"<p>Villkor f\u00f6r Tj\u00e4nsten Dessa villkor reglerar din tillg\u00e5ng till och anv\u00e4ndning av webbplatsen och alla tj\u00e4nster som tillhandah\u00e5lls via webbplatsen och utg\u00f6r ett bindande juridiskt avtal mellan dig och ARKITEK Telekom\u00fcnikasyon A.\u015e. Integritetspolicy ARKITEK Telekom\u00fcnikasyon A.\u015e. tillhandah\u00e5ller denna sekretesspolicy f\u00f6r att informera anv\u00e4ndarna om v\u00e5ra policyer och f\u00f6rfaranden f\u00f6r insamling, anv\u00e4ndning och utl\u00e4mnande av personligt &hellip; <\/p>\n<p class=\"link-more\"><a href=\"https:\/\/arkitek.net\/sv\/legal\/\" class=\"more-link\">Forts\u00e4tt l\u00e4sa<span class=\"screen-reader-text\"> \u201dJuridiska Meddelanden\u201d<\/span><\/a><\/p>\n","protected":false},"author":1,"featured_media":1080,"parent":0,"menu_order":0,"comment_status":"closed","ping_status":"closed","template":"","meta":{"inline_featured_image":false,"footnotes":""},"class_list":["post-589","page","type-page","status-publish","has-post-thumbnail","hentry"],"_links":{"self":[{"href":"https:\/\/arkitek.net\/sv\/wp-json\/wp\/v2\/pages\/589","targetHints":{"allow":["GET"]}}],"collection":[{"href":"https:\/\/arkitek.net\/sv\/wp-json\/wp\/v2\/pages"}],"about":[{"href":"https:\/\/arkitek.net\/sv\/wp-json\/wp\/v2\/types\/page"}],"author":[{"embeddable":true,"href":"https:\/\/arkitek.net\/sv\/wp-json\/wp\/v2\/users\/1"}],"replies":[{"embeddable":true,"href":"https:\/\/arkitek.net\/sv\/wp-json\/wp\/v2\/comments?post=589"}],"version-history":[{"count":0,"href":"https:\/\/arkitek.net\/sv\/wp-json\/wp\/v2\/pages\/589\/revisions"}],"wp:featuredmedia":[{"embeddable":true,"href":"https:\/\/arkitek.net\/sv\/wp-json\/wp\/v2\/media\/1080"}],"wp:attachment":[{"href":"https:\/\/arkitek.net\/sv\/wp-json\/wp\/v2\/media?parent=589"}],"curies":[{"name":"wp","href":"https:\/\/api.w.org\/{rel}","templated":true}]}}