
{"id":374,"date":"2024-07-01T18:27:04","date_gmt":"2024-07-01T15:27:04","guid":{"rendered":"https:\/\/new.arkitek.net\/programvara\/"},"modified":"2024-07-10T21:58:05","modified_gmt":"2024-07-10T18:58:05","slug":"programvara","status":"publish","type":"page","link":"https:\/\/arkitek.net\/sv\/losningar\/programvara\/","title":{"rendered":"Programvara"},"content":{"rendered":"\n<p>ARKITEKs applikationsl\u00f6sningar baseras p\u00e5 ett internt utvecklat, flexibelt och molnbaserat ramverk och dess klienter &#8211; som fungerar i perfekt harmoni och ger en tillf\u00f6rlitlig milj\u00f6 f\u00f6r att effektivt implementera kundkrav, arbetsfl\u00f6den och anv\u00e4ndargr\u00e4nssnitt. Detta ger alla aff\u00e4rskritiska funktioner f\u00f6r alla projekt i alla storlekar. <\/p>\n\n<p>Det modul\u00e4ra systemet g\u00f6r att du kan l\u00e4gga till funktioner och funktionalitet i takt med att dina krav \u00f6kar, samtidigt som vi h\u00e5ller ramverket och dess k\u00e4rnkomponenter alltid i b\u00e4sta skick som en del av v\u00e5r livscykelhantering och uppdaterade med den senaste tekniken och b\u00e4sta praxis som en del av v\u00e5ra l\u00f6sningar\/produktplaner.<\/p>\n\n<p>Alla l\u00f6sningar \u00e4r utformade, testade, verifierade och optimerade och har h\u00f6gsta m\u00f6jliga prestanda, tillf\u00f6rlitlighet, skalbarhet och optimerade kostnader &#8211; f\u00f6r att st\u00f6dja dina aff\u00e4rs-, drifts- och budgetkrav.<\/p>\n\n<hr class=\"wp-block-separator has-css-opacity\"\/>\n\n<h2 class=\"wp-block-heading\">Webbapplikationer<\/h2>\n\n<p>ARKITEKs molnbaserade in-house-ramverk ger f\u00f6retags-, aff\u00e4rs-, e-handels- och marknadsf\u00f6ringsportaler. Hosted p\u00e5 din f\u00f6redragna molninfrastrukturleverant\u00f6r, skalbar till dina trafikbehov, effektiviserar vi ditt s\u00e4tt att arbeta och interagera med din publik p\u00e5 webben. <\/p>\n\n<h2 class=\"wp-block-heading\">Mobila Applikationer<\/h2>\n\n<p>ARKITEKs designade och utvecklade mobila applikationer ger st\u00f6rsta m\u00f6jliga funktionalitet, flexibilitet och anv\u00e4ndarv\u00e4nlighet och drar full nytta av slutanv\u00e4ndarens terminals (smartphones och surfplattor) h\u00e5rdvaruresurser och kringutrustning. Dessa applikationer \u00f6verskrider webbl\u00e4sarnas begr\u00e4nsningar och ger en o\u00f6vertr\u00e4ffad anv\u00e4ndarupplevelse.  <\/p>\n\n<h2 class=\"wp-block-heading\">N\u00e4tverkstill\u00e4mpningar<\/h2>\n\n<p>Med hj\u00e4lp av ARKITEKs omfattande bakgrund och erfarenhet av b\u00e5de telekom- och mjukvarul\u00f6sningar kan v\u00e5ra h\u00f6gtillg\u00e4ngliga och skalbara n\u00e4tverksapplikationsl\u00f6sningar uppfylla och \u00f6vertr\u00e4ffa de str\u00e4ngaste kraven fr\u00e5n kr\u00e4vande operat\u00f6rer av telekommunikationsn\u00e4t, med fullst\u00e4ndig kontroll \u00f6ver signalering och trafik p\u00e5 anv\u00e4ndarplanet, automatisering och \u00f6vervakning.<\/p>\n","protected":false},"excerpt":{"rendered":"<p>ARKITEKs applikationsl\u00f6sningar baseras p\u00e5 ett internt utvecklat, flexibelt och molnbaserat ramverk och dess klienter &#8211; som fungerar i perfekt harmoni och ger en tillf\u00f6rlitlig milj\u00f6 f\u00f6r att effektivt implementera kundkrav, arbetsfl\u00f6den och anv\u00e4ndargr\u00e4nssnitt. Detta ger alla aff\u00e4rskritiska funktioner f\u00f6r alla projekt i alla storlekar. Det modul\u00e4ra systemet g\u00f6r att du kan l\u00e4gga till funktioner och &hellip; <\/p>\n<p class=\"link-more\"><a href=\"https:\/\/arkitek.net\/sv\/losningar\/programvara\/\" class=\"more-link\">Forts\u00e4tt l\u00e4sa<span class=\"screen-reader-text\"> \u201dProgramvara\u201d<\/span><\/a><\/p>\n","protected":false},"author":1,"featured_media":1130,"parent":402,"menu_order":2,"comment_status":"closed","ping_status":"closed","template":"","meta":{"inline_featured_image":false,"footnotes":""},"class_list":["post-374","page","type-page","status-publish","has-post-thumbnail","hentry"],"_links":{"self":[{"href":"https:\/\/arkitek.net\/sv\/wp-json\/wp\/v2\/pages\/374","targetHints":{"allow":["GET"]}}],"collection":[{"href":"https:\/\/arkitek.net\/sv\/wp-json\/wp\/v2\/pages"}],"about":[{"href":"https:\/\/arkitek.net\/sv\/wp-json\/wp\/v2\/types\/page"}],"author":[{"embeddable":true,"href":"https:\/\/arkitek.net\/sv\/wp-json\/wp\/v2\/users\/1"}],"replies":[{"embeddable":true,"href":"https:\/\/arkitek.net\/sv\/wp-json\/wp\/v2\/comments?post=374"}],"version-history":[{"count":0,"href":"https:\/\/arkitek.net\/sv\/wp-json\/wp\/v2\/pages\/374\/revisions"}],"up":[{"embeddable":true,"href":"https:\/\/arkitek.net\/sv\/wp-json\/wp\/v2\/pages\/402"}],"wp:featuredmedia":[{"embeddable":true,"href":"https:\/\/arkitek.net\/sv\/wp-json\/wp\/v2\/media\/1130"}],"wp:attachment":[{"href":"https:\/\/arkitek.net\/sv\/wp-json\/wp\/v2\/media?parent=374"}],"curies":[{"name":"wp","href":"https:\/\/api.w.org\/{rel}","templated":true}]}}