
{"id":361,"date":"2024-07-01T18:30:57","date_gmt":"2024-07-01T15:30:57","guid":{"rendered":"https:\/\/new.arkitek.net\/professionella-tjanster\/"},"modified":"2024-07-08T21:18:38","modified_gmt":"2024-07-08T18:18:38","slug":"tjanster","status":"publish","type":"page","link":"https:\/\/arkitek.net\/sv\/tjanster\/","title":{"rendered":"Professionella Tj\u00e4nster"},"content":{"rendered":"\n<p>Med \u00f6ver 20 \u00e5rs praktisk erfarenhet av planering, design och implementering av IT- och telekommunikationsl\u00f6sningar av telekomklass f\u00f6r kommersiella operat\u00f6rer, stora f\u00f6retag och myndigheter runt om i v\u00e4rlden \u00e4r vi stolta \u00f6ver att kunna erbjuda v\u00e5r tj\u00e4nsteportf\u00f6lj till alla kunder i alla skalor, globalt. Oavsett om det g\u00e4ller konsultation f\u00f6re f\u00f6rs\u00e4ljning eller professionella tj\u00e4nster f\u00f6r ett leverans-\/integrationsprojekt, g\u00e5r vi den extra milen tillsammans med dig. <\/p>\n\n<p>ARKITEKs tj\u00e4nsteerbjudanden \u00e4r grupperade under fem klassificeringar: &#8221;<a href=\"#Consultancy\">Consultancy<\/a>&#8221;, &#8221;<a href=\"#Systems-Integration\">Systems Integration<\/a>&#8221;, &#8221;<a href=\"#Custom-Development\">Custom Development<\/a>&#8221;, &#8221;<a href=\"#Application-and-Software-Testing\">Application and Software Testing<\/a>&#8221; och &#8221;<a href=\"#Engineering-Services\">Engineering Services<\/a>&#8221;. Dessa tj\u00e4nster ger expertis och s\u00e4kerhet under hela livsl\u00e4ngden f\u00f6r applikations- och n\u00e4tverkskrav, fr\u00e5n granskning och f\u00f6rslag, till implementering och support p\u00e5 l\u00f6sningsniv\u00e5, till hantering av tillv\u00e4xt och migration. ARKITEK har l\u00e5ng erfarenhet av att tillhandah\u00e5lla dessa tj\u00e4nster, och kunderna finns \u00f6ver hela v\u00e4rlden och inkluderar m\u00e5nga av v\u00e4rldens ledande f\u00f6retag. <\/p>\n\n<h2 class=\"wp-block-heading\" id=\"Consultancy\">Konsultverksamhet<\/h2>\n\n<p>Med hj\u00e4lp av teknisk kunskap som \u00e4r oberoende av leverant\u00f6r, bepr\u00f6vade metoder, erfarenhet och disciplin arbetar vi tillsammans med dig f\u00f6r att bygga upp\/implementera strategier, uppn\u00e5 m\u00e5l, h\u00e5lla tidsfrister, minska\/\u00f6verf\u00f6ra risker &#8211; allt detta \u00e4r obestridliga aspekter av alla f\u00f6retag i v\u00e5r bransch &#8211; allt detta \u00e4r avg\u00f6rande f\u00f6r din l\u00f6nsamhet.<\/p>\n\n<p class=\"more-link\"><a href=\"https:\/\/arkitek.net\/sv\/kontakt\/\">Kontakta oss<\/a>&#8230;<\/p>\n\n<h2 class=\"wp-block-heading\" id=\"Systems-Integration\">Systemintegration<\/h2>\n\n<p>Varje n\u00e4tverks- eller systemintegrationsprojekt har sina utmaningar och dess genomf\u00f6rande kommer att ha en enorm effekt p\u00e5 projektets tidsramar och framg\u00e5ng. Vi kan ta in r\u00e4tt kompetens f\u00f6r att s\u00e4kra din framg\u00e5ng och kundn\u00f6jdhet. <\/p>\n\n<p class=\"more-link\"><a href=\"https:\/\/arkitek.net\/sv\/kontakt\/\">Kontakta oss<\/a>&#8230;<\/p>\n\n<h2 class=\"wp-block-heading\" id=\"Custom-Development\">Anpassad Utveckling<\/h2>\n\n<p>Om ditt f\u00f6retag eller din startup beh\u00f6ver en anpassad l\u00f6sning kan v\u00e5rt team av experter utforma och implementera den l\u00f6sning som du kommer att v\u00e4xa p\u00e5 &#8211; fullstack &#8211; till konkurrenskraftiga kostnader, tidsramar och kvalitet.<\/p>\n\n<p class=\"more-link\"><a href=\"https:\/\/new.arkitek.net\/sv\/kontakt\/\">Kontakta oss<\/a>&#8230;<\/p>\n\n<h2 class=\"wp-block-heading\" id=\"Application-and-Software-Testing\">Tj\u00e4nster f\u00f6r Testning av Applikationer och Programvara<\/h2>\n\n<p>Applikationer &#8211; som \u00e4r k\u00e4rnan i din aff\u00e4rsverksamhet och som m\u00f6ter dina kunder &#8211; \u00e4r avg\u00f6rande f\u00f6r din aff\u00e4rskontinuitet och v\u00e4xande framg\u00e5ng. ARK\u0130TEK Test Center \u00e4r utrustat med branschtestade och verifierade verktyg och metoder och \u00e4r redo att utf\u00f6ra dagliga sanitets- och funktionstester f\u00f6r nuvarande och framtida versioner av dina applikationer, i alla kombinationer av h\u00e5rdvara och programvara, b\u00e5de server, station\u00e4ra och mobila plattformar. <\/p>\n\n<p class=\"more-link\">L\u00e4s mer om&#8230;<\/p>\n\n<h2 class=\"wp-block-heading\" id=\"Engineering-Services\">Ingenj\u00f6rstj\u00e4nster<\/h2>\n\n<p>Professionella experter p\u00e5 IT och telekommunikation finns tillg\u00e4ngliga f\u00f6r att ing\u00e5 i dina projekt s\u00e5 att du kan minska kostnader och risker och p\u00e5skynda leveransen medan du fokuserar p\u00e5 ditt prim\u00e4ra aff\u00e4rsomr\u00e5de.<\/p>\n\n<p class=\"more-link\">L\u00e4s mer om&#8230;<\/p>\n","protected":false},"excerpt":{"rendered":"<p>Med \u00f6ver 20 \u00e5rs praktisk erfarenhet av planering, design och implementering av IT- och telekommunikationsl\u00f6sningar av telekomklass f\u00f6r kommersiella operat\u00f6rer, stora f\u00f6retag och myndigheter runt om i v\u00e4rlden \u00e4r vi stolta \u00f6ver att kunna erbjuda v\u00e5r tj\u00e4nsteportf\u00f6lj till alla kunder i alla skalor, globalt. Oavsett om det g\u00e4ller konsultation f\u00f6re f\u00f6rs\u00e4ljning eller professionella tj\u00e4nster f\u00f6r &hellip; <\/p>\n<p class=\"link-more\"><a href=\"https:\/\/arkitek.net\/sv\/tjanster\/\" class=\"more-link\">Forts\u00e4tt l\u00e4sa<span class=\"screen-reader-text\"> \u201dProfessionella Tj\u00e4nster\u201d<\/span><\/a><\/p>\n","protected":false},"author":1,"featured_media":0,"parent":0,"menu_order":0,"comment_status":"closed","ping_status":"closed","template":"","meta":{"inline_featured_image":false,"footnotes":""},"class_list":["post-361","page","type-page","status-publish","hentry"],"_links":{"self":[{"href":"https:\/\/arkitek.net\/sv\/wp-json\/wp\/v2\/pages\/361","targetHints":{"allow":["GET"]}}],"collection":[{"href":"https:\/\/arkitek.net\/sv\/wp-json\/wp\/v2\/pages"}],"about":[{"href":"https:\/\/arkitek.net\/sv\/wp-json\/wp\/v2\/types\/page"}],"author":[{"embeddable":true,"href":"https:\/\/arkitek.net\/sv\/wp-json\/wp\/v2\/users\/1"}],"replies":[{"embeddable":true,"href":"https:\/\/arkitek.net\/sv\/wp-json\/wp\/v2\/comments?post=361"}],"version-history":[{"count":0,"href":"https:\/\/arkitek.net\/sv\/wp-json\/wp\/v2\/pages\/361\/revisions"}],"wp:attachment":[{"href":"https:\/\/arkitek.net\/sv\/wp-json\/wp\/v2\/media?parent=361"}],"curies":[{"name":"wp","href":"https:\/\/api.w.org\/{rel}","templated":true}]}}