
{"id":311,"date":"2024-07-01T13:07:53","date_gmt":"2024-07-01T10:07:53","guid":{"rendered":"https:\/\/new.arkitek.net\/hem\/losningar\/"},"modified":"2024-07-10T13:48:37","modified_gmt":"2024-07-10T10:48:37","slug":"homepage-section-solutions-sv","status":"publish","type":"page","link":"https:\/\/arkitek.net\/sv\/hem\/homepage-section-solutions-sv\/","title":{"rendered":"L\u00f6sningar"},"content":{"rendered":"\n<p>Med \u00f6ver 20 \u00e5rs praktisk erfarenhet av planering, design och implementering av IT- och telekommunikationsl\u00f6sningar av telekomklass f\u00f6r kommersiella operat\u00f6rer, stora f\u00f6retag och myndigheter runt om i v\u00e4rlden \u00e4r vi stolta \u00f6ver att kunna erbjuda v\u00e5r l\u00f6sningsportf\u00f6lj till alla kunder i alla skalor, globalt.<\/p>\n\n<p><a href=\"https:\/\/arkitek.net\/sv\/losningar\/\" data-type=\"page\" data-id=\"56\">V\u00e5ra l\u00f6sningar<\/a> \u00e4r specifikt anpassade f\u00f6r att l\u00f6sa specifika problem och\/eller uppfylla krav &#8211; vilket ger merv\u00e4rde i form av \u00f6kad tillf\u00f6rlitlighet, minskad risk, l\u00e4gre kostnader och snabbare introduktion p\u00e5 marknaden.<\/p>\n\n<p><a href=\"https:\/\/arkitek.net\/sv\/losningar\/\" data-type=\"page\" data-id=\"56\">L\u00e4s mer om<\/a>&#8230;<\/p>\n","protected":false},"excerpt":{"rendered":"<p>Med \u00f6ver 20 \u00e5rs praktisk erfarenhet av planering, design och implementering av IT- och telekommunikationsl\u00f6sningar av telekomklass f\u00f6r kommersiella operat\u00f6rer, stora f\u00f6retag och myndigheter runt om i v\u00e4rlden \u00e4r vi stolta \u00f6ver att kunna erbjuda v\u00e5r l\u00f6sningsportf\u00f6lj till alla kunder i alla skalor, globalt. V\u00e5ra l\u00f6sningar \u00e4r specifikt anpassade f\u00f6r att l\u00f6sa specifika problem och\/eller &hellip; <\/p>\n<p class=\"link-more\"><a href=\"https:\/\/arkitek.net\/sv\/hem\/homepage-section-solutions-sv\/\" class=\"more-link\">Forts\u00e4tt l\u00e4sa<span class=\"screen-reader-text\"> \u201dL\u00f6sningar\u201d<\/span><\/a><\/p>\n","protected":false},"author":1,"featured_media":0,"parent":295,"menu_order":1,"comment_status":"closed","ping_status":"closed","template":"","meta":{"inline_featured_image":false,"footnotes":""},"class_list":["post-311","page","type-page","status-publish","hentry"],"_links":{"self":[{"href":"https:\/\/arkitek.net\/sv\/wp-json\/wp\/v2\/pages\/311","targetHints":{"allow":["GET"]}}],"collection":[{"href":"https:\/\/arkitek.net\/sv\/wp-json\/wp\/v2\/pages"}],"about":[{"href":"https:\/\/arkitek.net\/sv\/wp-json\/wp\/v2\/types\/page"}],"author":[{"embeddable":true,"href":"https:\/\/arkitek.net\/sv\/wp-json\/wp\/v2\/users\/1"}],"replies":[{"embeddable":true,"href":"https:\/\/arkitek.net\/sv\/wp-json\/wp\/v2\/comments?post=311"}],"version-history":[{"count":0,"href":"https:\/\/arkitek.net\/sv\/wp-json\/wp\/v2\/pages\/311\/revisions"}],"up":[{"embeddable":true,"href":"https:\/\/arkitek.net\/sv\/wp-json\/wp\/v2\/pages\/295"}],"wp:attachment":[{"href":"https:\/\/arkitek.net\/sv\/wp-json\/wp\/v2\/media?parent=311"}],"curies":[{"name":"wp","href":"https:\/\/api.w.org\/{rel}","templated":true}]}}