
{"id":295,"date":"2024-07-01T12:54:31","date_gmt":"2024-07-01T09:54:31","guid":{"rendered":"https:\/\/new.arkitek.net\/hem\/"},"modified":"2024-07-10T13:56:50","modified_gmt":"2024-07-10T10:56:50","slug":"hem","status":"publish","type":"page","link":"https:\/\/arkitek.net\/sv\/","title":{"rendered":"Hem"},"content":{"rendered":"\n<p>Med huvudkontor i Istanbul designar, utvecklar och implementerar vi IT- och telekommunikationsl\u00f6sningar f\u00f6r kommersiella operat\u00f6rer, f\u00f6retag, organisationer och myndigheter. Vi best\u00e5r av framst\u00e5ende branschveteraner som har tillbringat \u00e5ratal med att f\u00f6rverkliga de mest utmanande projekten. Vi \u00e4r stolta \u00f6ver att kunna bidra med v\u00e5r kunskap och erfarenhet i varje enskilt projekt f\u00f6r att s\u00e4kra er framg\u00e5ng i varje aff\u00e4rsrelaterad och teknisk dimension, i full skala och i tid. <\/p>\n\n<p><a href=\"https:\/\/arkitek.net\/sv\/om-oss\/\" data-type=\"page\" data-id=\"12\">L\u00e5t oss tr\u00e4ffas<\/a>&#8230;<\/p>\n","protected":false},"excerpt":{"rendered":"<p>Med huvudkontor i Istanbul designar, utvecklar och implementerar vi IT- och telekommunikationsl\u00f6sningar f\u00f6r kommersiella operat\u00f6rer, f\u00f6retag, organisationer och myndigheter. Vi best\u00e5r av framst\u00e5ende branschveteraner som har tillbringat \u00e5ratal med att f\u00f6rverkliga de mest utmanande projekten. Vi \u00e4r stolta \u00f6ver att kunna bidra med v\u00e5r kunskap och erfarenhet i varje enskilt projekt f\u00f6r att s\u00e4kra er &hellip; <\/p>\n<p class=\"link-more\"><a href=\"https:\/\/arkitek.net\/sv\/\" class=\"more-link\">Forts\u00e4tt l\u00e4sa<span class=\"screen-reader-text\"> \u201dHem\u201d<\/span><\/a><\/p>\n","protected":false},"author":1,"featured_media":0,"parent":0,"menu_order":0,"comment_status":"closed","ping_status":"closed","template":"","meta":{"inline_featured_image":false,"footnotes":""},"class_list":["post-295","page","type-page","status-publish","hentry"],"_links":{"self":[{"href":"https:\/\/arkitek.net\/sv\/wp-json\/wp\/v2\/pages\/295","targetHints":{"allow":["GET"]}}],"collection":[{"href":"https:\/\/arkitek.net\/sv\/wp-json\/wp\/v2\/pages"}],"about":[{"href":"https:\/\/arkitek.net\/sv\/wp-json\/wp\/v2\/types\/page"}],"author":[{"embeddable":true,"href":"https:\/\/arkitek.net\/sv\/wp-json\/wp\/v2\/users\/1"}],"replies":[{"embeddable":true,"href":"https:\/\/arkitek.net\/sv\/wp-json\/wp\/v2\/comments?post=295"}],"version-history":[{"count":0,"href":"https:\/\/arkitek.net\/sv\/wp-json\/wp\/v2\/pages\/295\/revisions"}],"wp:attachment":[{"href":"https:\/\/arkitek.net\/sv\/wp-json\/wp\/v2\/media?parent=295"}],"curies":[{"name":"wp","href":"https:\/\/api.w.org\/{rel}","templated":true}]}}