
{"id":278,"date":"2024-07-01T12:54:31","date_gmt":"2024-07-01T09:54:31","guid":{"rendered":"https:\/\/new.arkitek.net\/kontakt\/"},"modified":"2024-07-03T10:01:53","modified_gmt":"2024-07-03T07:01:53","slug":"kontakt","status":"publish","type":"page","link":"https:\/\/arkitek.net\/sv\/kontakt\/","title":{"rendered":"Kontakt"},"content":{"rendered":"\n<h2 class=\"wp-block-heading\">L\u00e5t oss bygga n\u00e5got fantastiskt tillsammans!<\/h2>\n\n<p>Du \u00e4r v\u00e4lkommen att skicka dina f\u00f6rfr\u00e5gningar, potentiella projekt \/ aff\u00e4rsm\u00f6jligheter, feedback och \/ eller f\u00f6rslag med hj\u00e4lp av formul\u00e4ret nedan. Vi kommer att svara inom 24 timmar. <\/p>\n","protected":false},"excerpt":{"rendered":"<p>L\u00e5t oss bygga n\u00e5got fantastiskt tillsammans! Du \u00e4r v\u00e4lkommen att skicka dina f\u00f6rfr\u00e5gningar, potentiella projekt \/ aff\u00e4rsm\u00f6jligheter, feedback och \/ eller f\u00f6rslag med hj\u00e4lp av formul\u00e4ret nedan. Vi kommer att svara inom 24 timmar.<\/p>\n","protected":false},"author":1,"featured_media":0,"parent":0,"menu_order":0,"comment_status":"closed","ping_status":"closed","template":"page-with-banner-map.php","meta":{"inline_featured_image":false,"footnotes":""},"class_list":["post-278","page","type-page","status-publish","hentry"],"_links":{"self":[{"href":"https:\/\/arkitek.net\/sv\/wp-json\/wp\/v2\/pages\/278","targetHints":{"allow":["GET"]}}],"collection":[{"href":"https:\/\/arkitek.net\/sv\/wp-json\/wp\/v2\/pages"}],"about":[{"href":"https:\/\/arkitek.net\/sv\/wp-json\/wp\/v2\/types\/page"}],"author":[{"embeddable":true,"href":"https:\/\/arkitek.net\/sv\/wp-json\/wp\/v2\/users\/1"}],"replies":[{"embeddable":true,"href":"https:\/\/arkitek.net\/sv\/wp-json\/wp\/v2\/comments?post=278"}],"version-history":[{"count":0,"href":"https:\/\/arkitek.net\/sv\/wp-json\/wp\/v2\/pages\/278\/revisions"}],"wp:attachment":[{"href":"https:\/\/arkitek.net\/sv\/wp-json\/wp\/v2\/media?parent=278"}],"curies":[{"name":"wp","href":"https:\/\/api.w.org\/{rel}","templated":true}]}}