
{"id":262,"date":"2024-07-01T13:17:52","date_gmt":"2024-07-01T10:17:52","guid":{"rendered":"https:\/\/new.arkitek.net\/om-oss\/grundaren\/"},"modified":"2024-07-27T11:44:11","modified_gmt":"2024-07-27T08:44:11","slug":"grundaren","status":"publish","type":"page","link":"https:\/\/arkitek.net\/sv\/om-oss\/grundaren\/","title":{"rendered":"Grundaren"},"content":{"rendered":"\n<p>G\u00fcnal, f\u00f6dd 1976, var under sin tidiga barndom mest intresserad av elektromekaniska prylar i och utanf\u00f6r huset. N\u00e4stan varenda elektrisk hush\u00e5llsapparat plockades is\u00e4r in till benet och sattes ihop igen f\u00f6r att slutligen repareras i en verkstad. <\/p>\n\n<p>Tillsammans med <em>Whiz Kids<\/em> (amerikansk TV-serie som s\u00e4ndes 1984) fick han upp \u00f6gonen f\u00f6r datorer. Det var i denna TV-serie som han l\u00e4rde sig om modem och telekommunikation. <\/p>\n\n<p>Sedan dess har han studerat, praktiserat, gett r\u00e5d, designat, s\u00e5lt och implementerat kommersiella mjukvaru- och telekommunikationsl\u00f6sningar i carrier-klass f\u00f6r kunder med h\u00f6gsta SLA.<\/p>\n\n<h3 class=\"wp-block-heading\">Viktiga yrkesm\u00e4ssiga milstolpar<\/h3>\n\n<figure class=\"wp-block-table\"><table><tbody><tr><td>1996<\/td><td>F\u00f6rsta &#8221;Hej&#8221; \u00f6ver allm\u00e4nt internet<\/td><\/tr><tr><td>1997<\/td><td>F\u00f6rsta statiska webbplatsen (geocities)<\/td><\/tr><tr><td>1999<\/td><td>F\u00f6rsta routern installerad<\/td><\/tr><tr><td>2000<\/td><td>F\u00f6rsta kommersiella dynamiska webbapplikationen<\/td><\/tr><tr><td>2002<\/td><td>F\u00f6rsta kommersiella .net\/sql-webbapplikationen (CMS\/FE)<\/td><\/tr><tr><td>2002<\/td><td>F\u00f6rsta kommersiella internet-TV i Turkiet (Front\/Back-End Dev)<\/td><\/tr><tr><td>2003<\/td><td>FN:s f\u00f6rsta katastrofinsats<\/td><\/tr><tr><td>2006<\/td><td>F\u00f6rsta undervisningsklassen som instrukt\u00f6r<\/td><\/tr><tr><td>2008<\/td><td>F\u00f6rsta bes\u00f6ket i Silicon Valley<\/td><\/tr><tr><td>2009<\/td><td>F\u00f6rsta BGP-konfigurationen p\u00e5 ett mobilt paketstamn\u00e4t<\/td><\/tr><tr><td>2010<\/td><td>Design av infrastruktur f\u00f6r rikst\u00e4ckande telekombolag fr\u00e5n b\u00f6rjan till slut (full stack)<\/td><\/tr><tr><td>2011 <\/td><td>Andra globalt certifierade Senior Solution Architect inom n\u00e4tverksintegration (ERICSSON)<\/td><\/tr><tr><td>2013<\/td><td>F\u00f6rsta marknadsintroduktionen av en produkt som blir industristandard i Turkiet<\/td><\/tr><tr><td>2015<\/td><td>F\u00f6rsta g\u00e5ngen vi n\u00e5r 10 miljoner USD i l\u00f6sningsf\u00f6rs\u00e4ljning<\/td><\/tr><tr><td>2019<\/td><td>Grundade ARKITEK<\/td><\/tr><tr><td>2023<\/td><td>Grundade <a href=\"https:\/\/cuoresportivo.com\/en\/\" target=\"_blank\" rel=\"noreferrer noopener\">CUORESPORTIVO<\/a><\/td><\/tr><\/tbody><\/table><\/figure>\n","protected":false},"excerpt":{"rendered":"<p>G\u00fcnal, f\u00f6dd 1976, var under sin tidiga barndom mest intresserad av elektromekaniska prylar i och utanf\u00f6r huset. N\u00e4stan varenda elektrisk hush\u00e5llsapparat plockades is\u00e4r in till benet och sattes ihop igen f\u00f6r att slutligen repareras i en verkstad. Tillsammans med Whiz Kids (amerikansk TV-serie som s\u00e4ndes 1984) fick han upp \u00f6gonen f\u00f6r datorer. Det var i &hellip; <\/p>\n<p class=\"link-more\"><a href=\"https:\/\/arkitek.net\/sv\/om-oss\/grundaren\/\" class=\"more-link\">Forts\u00e4tt l\u00e4sa<span class=\"screen-reader-text\"> \u201dGrundaren\u201d<\/span><\/a><\/p>\n","protected":false},"author":1,"featured_media":1090,"parent":247,"menu_order":1,"comment_status":"closed","ping_status":"closed","template":"","meta":{"inline_featured_image":false,"footnotes":""},"class_list":["post-262","page","type-page","status-publish","has-post-thumbnail","hentry"],"_links":{"self":[{"href":"https:\/\/arkitek.net\/sv\/wp-json\/wp\/v2\/pages\/262","targetHints":{"allow":["GET"]}}],"collection":[{"href":"https:\/\/arkitek.net\/sv\/wp-json\/wp\/v2\/pages"}],"about":[{"href":"https:\/\/arkitek.net\/sv\/wp-json\/wp\/v2\/types\/page"}],"author":[{"embeddable":true,"href":"https:\/\/arkitek.net\/sv\/wp-json\/wp\/v2\/users\/1"}],"replies":[{"embeddable":true,"href":"https:\/\/arkitek.net\/sv\/wp-json\/wp\/v2\/comments?post=262"}],"version-history":[{"count":0,"href":"https:\/\/arkitek.net\/sv\/wp-json\/wp\/v2\/pages\/262\/revisions"}],"up":[{"embeddable":true,"href":"https:\/\/arkitek.net\/sv\/wp-json\/wp\/v2\/pages\/247"}],"wp:featuredmedia":[{"embeddable":true,"href":"https:\/\/arkitek.net\/sv\/wp-json\/wp\/v2\/media\/1090"}],"wp:attachment":[{"href":"https:\/\/arkitek.net\/sv\/wp-json\/wp\/v2\/media?parent=262"}],"curies":[{"name":"wp","href":"https:\/\/api.w.org\/{rel}","templated":true}]}}