
{"id":247,"date":"2024-07-01T12:54:31","date_gmt":"2024-07-01T09:54:31","guid":{"rendered":"https:\/\/new.arkitek.net\/om-oss\/"},"modified":"2024-07-10T12:26:32","modified_gmt":"2024-07-10T09:26:32","slug":"om-oss","status":"publish","type":"page","link":"https:\/\/arkitek.net\/sv\/om-oss\/","title":{"rendered":"Om Oss"},"content":{"rendered":"\n<p>ARKITEK grundades 2018 och best\u00e5r av yrkesverksamma inom IT- och telekombranschen med mer \u00e4n 20 \u00e5rs erfarenhet av att hj\u00e4lpa globala kunder att anv\u00e4nda teknik s\u00e5 effektivt och l\u00f6nsamt som m\u00f6jligt.<\/p>\n\n<p id=\"block-72df0035-acfd-4a69-90cf-55cd62d3c584\">Med huvudkontor i Istanbul (vid sammankopplingen av Europa och Asien) och globala tj\u00e4nster, tar vi stolt med oss v\u00e5r kunskap och erfarenhet in i varje enskilt projekt f\u00f6r att s\u00e4kra din framg\u00e5ng i varje teknisk, operativ och aff\u00e4rsrelaterad dimension, full stack och i tid.<\/p>\n\n<p id=\"block-7d83b85e-4cc7-49f6-9954-f5d6580aa475\">V\u00e5rt syfte \u00e4r att st\u00e4rka m\u00e4nniskor genom teknik som \u00e4r byggd kring det naturliga fl\u00f6det i deras liv &#8211; utan st\u00f6rningar och extra b\u00f6rdor &#8211; och alltid med respekt och omtanke f\u00f6r v\u00e5r planet.<\/p>\n\n<h2 class=\"wp-block-heading\" id=\"block-0f923acd-929d-408b-9ebc-ba020e566d16\">Grundaren<\/h2>\n\n<p id=\"block-62e41425-ba73-4707-9141-f9724ae81ac5\">ARKITEK grundades av G\u00fcnal \u00d6RSEL &#8211; en veteran inom IT- och telekommunikationsbranschen som har arbetat globalt med de mest utmanande projekten vad g\u00e4ller omfattning, storlek och tillf\u00f6rlitlighet.<\/p>\n\n<p id=\"block-075fb6dc-7e75-497b-9256-08753c9e3420\"><a href=\"https:\/\/arkitek.net\/sv\/om-oss\/grundaren\/\">Mer om G\u00fcnal \u00d6rsel<\/a>&#8230;<\/p>\n\n<h2 class=\"wp-block-heading\" id=\"block-e72aa4cf-d51b-4fb0-95cd-7381d9ee11ed\">Registrering<\/h2>\n\n<p id=\"block-fcc52004-9292-4e41-8e2a-4d374d0f0edc\"><strong>ARKITEK Telekom\u00fcnikasyon A.\u015e.<\/strong> \u00e4r registrerat i Istanbul, TURKIET med:<br\/>Registreringsnummer: 186306-5 (Istanbuls Handelskammare)<br\/>Registreringsnummer: 0079065479500001 (MERSIS)<\/p>\n\n<p id=\"block-411ead30-4bae-4cea-b9c9-203ed848b904\"><strong>ARK\u0130TEK Ara\u015ft\u0131rma Geli\u015ftirme A.\u015e.<\/strong> \u00e4r registrerat i Ankara, TURKIET med:<br\/>Registreringsnummer: 416461 (Ankaras Handelskammare)<br\/>Registreringsnummer: 0729082869300001 (MERSIS)<\/p>\n","protected":false},"excerpt":{"rendered":"<p>ARKITEK grundades 2018 och best\u00e5r av yrkesverksamma inom IT- och telekombranschen med mer \u00e4n 20 \u00e5rs erfarenhet av att hj\u00e4lpa globala kunder att anv\u00e4nda teknik s\u00e5 effektivt och l\u00f6nsamt som m\u00f6jligt. Med huvudkontor i Istanbul (vid sammankopplingen av Europa och Asien) och globala tj\u00e4nster, tar vi stolt med oss v\u00e5r kunskap och erfarenhet in i &hellip; <\/p>\n<p class=\"link-more\"><a href=\"https:\/\/arkitek.net\/sv\/om-oss\/\" class=\"more-link\">Forts\u00e4tt l\u00e4sa<span class=\"screen-reader-text\"> \u201dOm Oss\u201d<\/span><\/a><\/p>\n","protected":false},"author":1,"featured_media":1110,"parent":0,"menu_order":0,"comment_status":"closed","ping_status":"closed","template":"","meta":{"inline_featured_image":false,"footnotes":""},"class_list":["post-247","page","type-page","status-publish","has-post-thumbnail","hentry"],"_links":{"self":[{"href":"https:\/\/arkitek.net\/sv\/wp-json\/wp\/v2\/pages\/247","targetHints":{"allow":["GET"]}}],"collection":[{"href":"https:\/\/arkitek.net\/sv\/wp-json\/wp\/v2\/pages"}],"about":[{"href":"https:\/\/arkitek.net\/sv\/wp-json\/wp\/v2\/types\/page"}],"author":[{"embeddable":true,"href":"https:\/\/arkitek.net\/sv\/wp-json\/wp\/v2\/users\/1"}],"replies":[{"embeddable":true,"href":"https:\/\/arkitek.net\/sv\/wp-json\/wp\/v2\/comments?post=247"}],"version-history":[{"count":0,"href":"https:\/\/arkitek.net\/sv\/wp-json\/wp\/v2\/pages\/247\/revisions"}],"wp:featuredmedia":[{"embeddable":true,"href":"https:\/\/arkitek.net\/sv\/wp-json\/wp\/v2\/media\/1110"}],"wp:attachment":[{"href":"https:\/\/arkitek.net\/sv\/wp-json\/wp\/v2\/media?parent=247"}],"curies":[{"name":"wp","href":"https:\/\/api.w.org\/{rel}","templated":true}]}}