
{"id":243,"date":"2024-07-01T12:54:31","date_gmt":"2024-07-01T09:54:31","guid":{"rendered":"https:\/\/new.arkitek.net\/%d0%be-%d0%bd%d0%b0%d1%81\/"},"modified":"2024-07-10T12:25:47","modified_gmt":"2024-07-10T09:25:47","slug":"o-nas","status":"publish","type":"page","link":"https:\/\/arkitek.net\/ru\/o-nas\/","title":{"rendered":"\u041e \u043d\u0430\u0441"},"content":{"rendered":"\n<p>\u041a\u043e\u043c\u043f\u0430\u043d\u0438\u044f ARKITEK \u0431\u044b\u043b\u0430 \u043e\u0441\u043d\u043e\u0432\u0430\u043d\u0430 \u0432 2018 \u0433\u043e\u0434\u0443 \u043f\u0440\u043e\u0444\u0435\u0441\u0441\u0438\u043e\u043d\u0430\u043b\u0430\u043c\u0438 \u0432 \u043e\u0431\u043b\u0430\u0441\u0442\u0438 \u0418\u0422 \u0438 \u0442\u0435\u043b\u0435\u043a\u043e\u043c\u043c\u0443\u043d\u0438\u043a\u0430\u0446\u0438\u0439 \u0441 \u0431\u043e\u043b\u0435\u0435 \u0447\u0435\u043c 20-\u043b\u0435\u0442\u043d\u0438\u043c \u043e\u043f\u044b\u0442\u043e\u043c \u0440\u0430\u0431\u043e\u0442\u044b \u0432 \u0441\u0444\u0435\u0440\u0435 \u043e\u0431\u0441\u043b\u0443\u0436\u0438\u0432\u0430\u043d\u0438\u044f \u0433\u043b\u043e\u0431\u0430\u043b\u044c\u043d\u044b\u0445 \u043a\u043b\u0438\u0435\u043d\u0442\u043e\u0432, \u0441\u0442\u0440\u0435\u043c\u044f\u0449\u0438\u0445\u0441\u044f \u0438\u0441\u043f\u043e\u043b\u044c\u0437\u043e\u0432\u0430\u0442\u044c \u0442\u0435\u0445\u043d\u043e\u043b\u043e\u0433\u0438\u0438 \u043c\u0430\u043a\u0441\u0438\u043c\u0430\u043b\u044c\u043d\u043e \u044d\u0444\u0444\u0435\u043a\u0442\u0438\u0432\u043d\u043e \u0438 \u043f\u0440\u0438\u0431\u044b\u043b\u044c\u043d\u043e.<\/p>\n\n<p id=\"block-72df0035-acfd-4a69-90cf-55cd62d3c584\">\u0420\u0430\u0441\u043f\u043e\u043b\u0430\u0433\u0430\u044f \u0448\u0442\u0430\u0431-\u043a\u0432\u0430\u0440\u0442\u0438\u0440\u043e\u0439 \u0432 \u0421\u0442\u0430\u043c\u0431\u0443\u043b\u0435 (\u043d\u0430 \u0441\u0442\u044b\u043a\u0435 \u0415\u0432\u0440\u043e\u043f\u044b \u0438 \u0410\u0437\u0438\u0438) \u0438 \u0440\u0430\u0431\u043e\u0442\u0430\u044f \u043f\u043e \u0432\u0441\u0435\u043c\u0443 \u043c\u0438\u0440\u0443, \u043c\u044b \u0441 \u0433\u043e\u0440\u0434\u043e\u0441\u0442\u044c\u044e \u043f\u0440\u0438\u0432\u043d\u043e\u0441\u0438\u043c \u043d\u0430\u0448\u0438 \u0437\u043d\u0430\u043d\u0438\u044f \u0438 \u043e\u043f\u044b\u0442 \u0432 \u043a\u0430\u0436\u0434\u044b\u0439 \u043f\u0440\u043e\u0435\u043a\u0442, \u0447\u0442\u043e\u0431\u044b \u043e\u0431\u0435\u0441\u043f\u0435\u0447\u0438\u0442\u044c \u0412\u0430\u043c \u0443\u0441\u043f\u0435\u0445 \u0432 \u043a\u0430\u0436\u0434\u043e\u043c \u0442\u0435\u0445\u043d\u0438\u0447\u0435\u0441\u043a\u043e\u043c, \u043e\u043f\u0435\u0440\u0430\u0446\u0438\u043e\u043d\u043d\u043e\u043c \u0438 \u0431\u0438\u0437\u043d\u0435\u0441-\u0430\u0441\u043f\u0435\u043a\u0442\u0435, \u0432 \u043f\u043e\u043b\u043d\u043e\u043c \u043e\u0431\u044a\u0435\u043c\u0435 \u0438 \u0432 \u0441\u0440\u043e\u043a.<\/p>\n\n<p id=\"block-7d83b85e-4cc7-49f6-9954-f5d6580aa475\">\u041d\u0430\u0448\u0430 \u0446\u0435\u043b\u044c &#8212; \u0440\u0430\u0441\u0448\u0438\u0440\u044f\u0442\u044c \u0432\u043e\u0437\u043c\u043e\u0436\u043d\u043e\u0441\u0442\u0438 \u043b\u044e\u0434\u0435\u0439 \u0441 \u043f\u043e\u043c\u043e\u0449\u044c\u044e \u0442\u0435\u0445\u043d\u043e\u043b\u043e\u0433\u0438\u0439, \u0441\u043e\u0437\u0434\u0430\u043d\u043d\u044b\u0445 \u0432 \u0441\u043e\u043e\u0442\u0432\u0435\u0442\u0441\u0442\u0432\u0438\u0438 \u0441 \u0435\u0441\u0442\u0435\u0441\u0442\u0432\u0435\u043d\u043d\u044b\u043c \u0442\u0435\u0447\u0435\u043d\u0438\u0435\u043c \u0438\u0445 \u0436\u0438\u0437\u043d\u0438 &#8212; \u0431\u0435\u0437 \u0441\u0431\u043e\u0435\u0432 \u0438 \u0434\u043e\u043f\u043e\u043b\u043d\u0438\u0442\u0435\u043b\u044c\u043d\u044b\u0445 \u043d\u0430\u0433\u0440\u0443\u0437\u043e\u043a &#8212; \u0432\u0441\u0435\u0433\u0434\u0430 \u0441 \u0443\u0432\u0430\u0436\u0435\u043d\u0438\u0435\u043c \u0438 \u0437\u0430\u0431\u043e\u0442\u043e\u0439 \u043e \u043d\u0430\u0448\u0435\u0439 \u043f\u043b\u0430\u043d\u0435\u0442\u0435.<\/p>\n\n<h2 class=\"wp-block-heading\" id=\"block-0f923acd-929d-408b-9ebc-ba020e566d16\">\u041e\u0441\u043d\u043e\u0432\u0430\u0442\u0435\u043b\u044c<\/h2>\n\n<p id=\"block-62e41425-ba73-4707-9141-f9724ae81ac5\">\u041a\u043e\u043c\u043f\u0430\u043d\u0438\u044f ARKITEK \u043e\u0441\u043d\u043e\u0432\u0430\u043d\u0430 \u0413\u044e\u043d\u0430\u043b\u043e\u043c \u042d\u0440\u0441\u0435\u043b\u0435\u043c (G\u00fcnal \u00d6RSEL) &#8212; \u0432\u0435\u0442\u0435\u0440\u0430\u043d\u043e\u043c \u0418\u0422- \u0438 \u0442\u0435\u043b\u0435\u043a\u043e\u043c\u043c\u0443\u043d\u0438\u043a\u0430\u0446\u0438\u043e\u043d\u043d\u043e\u0439 \u0438\u043d\u0434\u0443\u0441\u0442\u0440\u0438\u0438, \u043a\u043e\u0442\u043e\u0440\u044b\u0439 \u0440\u0430\u0431\u043e\u0442\u0430\u043b \u043f\u043e \u0432\u0441\u0435\u043c\u0443 \u043c\u0438\u0440\u0443 \u0432 \u0441\u0430\u043c\u044b\u0445 \u0441\u043b\u043e\u0436\u043d\u044b\u0445 \u043f\u0440\u043e\u0435\u043a\u0442\u0430\u0445 \u0441 \u0442\u043e\u0447\u043a\u0438 \u0437\u0440\u0435\u043d\u0438\u044f \u043c\u0430\u0441\u0448\u0442\u0430\u0431\u0430, \u0440\u0430\u0437\u043c\u0435\u0440\u0430 \u0438 \u043d\u0430\u0434\u0435\u0436\u043d\u043e\u0441\u0442\u0438.<\/p>\n\n<p id=\"block-075fb6dc-7e75-497b-9256-08753c9e3420\"><a href=\"https:\/\/arkitek.net\/ru\/o-nas\/%d0%be%d1%81%d0%bd%d0%be%d0%b2%d0%b0%d1%82%d0%b5%d0%bb%d1%8c\/\">\u041f\u043e\u0434\u0440\u043e\u0431\u043d\u0435\u0435 \u043e G\u00fcnal \u00d6rsel<\/a>&#8230;<\/p>\n\n<h2 class=\"wp-block-heading\" id=\"block-e72aa4cf-d51b-4fb0-95cd-7381d9ee11ed\">\u0420\u0435\u0433\u0438\u0441\u0442\u0440\u0430\u0446\u0438\u044f<\/h2>\n\n<p id=\"block-fcc52004-9292-4e41-8e2a-4d374d0f0edc\">\u041a\u043e\u043c\u043f\u0430\u043d\u0438\u044f <strong>ARKITEK Telekom\u00fcnikasyon A.\u015e.<\/strong> \u0437\u0430\u0440\u0435\u0433\u0438\u0441\u0442\u0440\u0438\u0440\u043e\u0432\u0430\u043d\u0430 \u0432 \u0421\u0442\u0430\u043c\u0431\u0443\u043b\u0435, \u0422\u0423\u0420\u0426\u0418\u042f, \u0441:<br\/>\u0420\u0435\u0433\u0438\u0441\u0442\u0440\u0430\u0446\u0438\u043e\u043d\u043d\u044b\u0439 \u043d\u043e\u043c\u0435\u0440: 186306-5 (\u0421\u0442\u0430\u043c\u0431\u0443\u043b\u044c\u0441\u043a\u0430\u044f \u0442\u043e\u0440\u0433\u043e\u0432\u0430\u044f \u043f\u0430\u043b\u0430\u0442\u0430)<br\/>\u0420\u0435\u0433\u0438\u0441\u0442\u0440\u0430\u0446\u0438\u043e\u043d\u043d\u044b\u0439 \u043d\u043e\u043c\u0435\u0440: 0079065479500001 (MERSIS)<\/p>\n\n<p id=\"block-411ead30-4bae-4cea-b9c9-203ed848b904\">\u041a\u043e\u043c\u043f\u0430\u043d\u0438\u044f <strong>ARK\u0130TEK Ara\u015ft\u0131rma Geli\u015ftirme A.\u015e.<\/strong> \u0437\u0430\u0440\u0435\u0433\u0438\u0441\u0442\u0440\u0438\u0440\u043e\u0432\u0430\u043d\u0430 \u0432 \u0410\u043d\u043a\u0430\u0440\u0435, \u0422\u0423\u0420\u0426\u0418\u042f, \u0441:<br\/>\u0420\u0435\u0433\u0438\u0441\u0442\u0440\u0430\u0446\u0438\u043e\u043d\u043d\u044b\u0439 \u043d\u043e\u043c\u0435\u0440: 416461 (\u0422\u043e\u0440\u0433\u043e\u0432\u0430\u044f \u043f\u0430\u043b\u0430\u0442\u0430 \u0410\u043d\u043a\u0430\u0440\u044b)<br\/>\u0420\u0435\u0433\u0438\u0441\u0442\u0440\u0430\u0446\u0438\u043e\u043d\u043d\u044b\u0439 \u043d\u043e\u043c\u0435\u0440: 0729082869300001 (MERSIS)<\/p>\n","protected":false},"excerpt":{"rendered":"<p>\u041a\u043e\u043c\u043f\u0430\u043d\u0438\u044f ARKITEK \u0431\u044b\u043b\u0430 \u043e\u0441\u043d\u043e\u0432\u0430\u043d\u0430 \u0432 2018 \u0433\u043e\u0434\u0443 \u043f\u0440\u043e\u0444\u0435\u0441\u0441\u0438\u043e\u043d\u0430\u043b\u0430\u043c\u0438 \u0432 \u043e\u0431\u043b\u0430\u0441\u0442\u0438 \u0418\u0422 \u0438 \u0442\u0435\u043b\u0435\u043a\u043e\u043c\u043c\u0443\u043d\u0438\u043a\u0430\u0446\u0438\u0439 \u0441 \u0431\u043e\u043b\u0435\u0435 \u0447\u0435\u043c 20-\u043b\u0435\u0442\u043d\u0438\u043c \u043e\u043f\u044b\u0442\u043e\u043c \u0440\u0430\u0431\u043e\u0442\u044b \u0432 \u0441\u0444\u0435\u0440\u0435 \u043e\u0431\u0441\u043b\u0443\u0436\u0438\u0432\u0430\u043d\u0438\u044f \u0433\u043b\u043e\u0431\u0430\u043b\u044c\u043d\u044b\u0445 \u043a\u043b\u0438\u0435\u043d\u0442\u043e\u0432, \u0441\u0442\u0440\u0435\u043c\u044f\u0449\u0438\u0445\u0441\u044f \u0438\u0441\u043f\u043e\u043b\u044c\u0437\u043e\u0432\u0430\u0442\u044c \u0442\u0435\u0445\u043d\u043e\u043b\u043e\u0433\u0438\u0438 \u043c\u0430\u043a\u0441\u0438\u043c\u0430\u043b\u044c\u043d\u043e \u044d\u0444\u0444\u0435\u043a\u0442\u0438\u0432\u043d\u043e \u0438 \u043f\u0440\u0438\u0431\u044b\u043b\u044c\u043d\u043e. \u0420\u0430\u0441\u043f\u043e\u043b\u0430\u0433\u0430\u044f \u0448\u0442\u0430\u0431-\u043a\u0432\u0430\u0440\u0442\u0438\u0440\u043e\u0439 \u0432 \u0421\u0442\u0430\u043c\u0431\u0443\u043b\u0435 (\u043d\u0430 \u0441\u0442\u044b\u043a\u0435 \u0415\u0432\u0440\u043e\u043f\u044b \u0438 \u0410\u0437\u0438\u0438) \u0438 \u0440\u0430\u0431\u043e\u0442\u0430\u044f \u043f\u043e \u0432\u0441\u0435\u043c\u0443 \u043c\u0438\u0440\u0443, \u043c\u044b \u0441 \u0433\u043e\u0440\u0434\u043e\u0441\u0442\u044c\u044e \u043f\u0440\u0438\u0432\u043d\u043e\u0441\u0438\u043c \u043d\u0430\u0448\u0438 \u0437\u043d\u0430\u043d\u0438\u044f \u0438 \u043e\u043f\u044b\u0442 \u0432 \u043a\u0430\u0436\u0434\u044b\u0439 &hellip; <\/p>\n<p class=\"link-more\"><a href=\"https:\/\/arkitek.net\/ru\/o-nas\/\" class=\"more-link\">\u0427\u0438\u0442\u0430\u0442\u044c \u0434\u0430\u043b\u0435\u0435<span class=\"screen-reader-text\"> \u00ab\u041e \u043d\u0430\u0441\u00bb<\/span><\/a><\/p>\n","protected":false},"author":1,"featured_media":1108,"parent":0,"menu_order":0,"comment_status":"closed","ping_status":"closed","template":"","meta":{"inline_featured_image":false,"footnotes":""},"class_list":["post-243","page","type-page","status-publish","has-post-thumbnail","hentry"],"_links":{"self":[{"href":"https:\/\/arkitek.net\/ru\/wp-json\/wp\/v2\/pages\/243","targetHints":{"allow":["GET"]}}],"collection":[{"href":"https:\/\/arkitek.net\/ru\/wp-json\/wp\/v2\/pages"}],"about":[{"href":"https:\/\/arkitek.net\/ru\/wp-json\/wp\/v2\/types\/page"}],"author":[{"embeddable":true,"href":"https:\/\/arkitek.net\/ru\/wp-json\/wp\/v2\/users\/1"}],"replies":[{"embeddable":true,"href":"https:\/\/arkitek.net\/ru\/wp-json\/wp\/v2\/comments?post=243"}],"version-history":[{"count":0,"href":"https:\/\/arkitek.net\/ru\/wp-json\/wp\/v2\/pages\/243\/revisions"}],"wp:featuredmedia":[{"embeddable":true,"href":"https:\/\/arkitek.net\/ru\/wp-json\/wp\/v2\/media\/1108"}],"wp:attachment":[{"href":"https:\/\/arkitek.net\/ru\/wp-json\/wp\/v2\/media?parent=243"}],"curies":[{"name":"wp","href":"https:\/\/api.w.org\/{rel}","templated":true}]}}