
{"id":573,"date":"2024-07-01T17:58:17","date_gmt":"2024-07-01T14:58:17","guid":{"rendered":"https:\/\/new.arkitek.net\/wettelijke-vermeldingen\/"},"modified":"2024-07-10T13:24:29","modified_gmt":"2024-07-10T10:24:29","slug":"legal","status":"publish","type":"page","link":"https:\/\/arkitek.net\/nl\/legal\/","title":{"rendered":"Wettelijke Vermeldingen"},"content":{"rendered":"\n<h2 class=\"wp-block-heading\"><a href=\"https:\/\/arkitek.net\/nl\/legal\/servicevoorwaarden\/\" data-type=\"page\" data-id=\"52\">Servicevoorwaarden<\/a><\/h2>\n\n<p>Deze Voorwaarden regelen uw toegang tot en gebruik van de Site, en alle diensten die via de Site worden geleverd, en vormen een bindende wettelijke overeenkomst tussen u en ARKITEK Telekom\u00fcnikasyon A.\u015e.<\/p>\n\n<h2 class=\"wp-block-heading\"><a href=\"https:\/\/arkitek.net\/nl\/legal\/privacybeleid\/\" data-type=\"page\" data-id=\"783\">Privacybeleid<\/a><\/h2>\n\n<p>ARKITEK Telekom\u00fcnikasyon A.\u015e. biedt dit Privacybeleid aan om gebruikers te informeren over ons beleid en onze procedures met betrekking tot het verzamelen, gebruiken en openbaar maken van persoonlijk identificeerbare informatie ontvangen van gebruikers van deze website op <a href=\"https:\/\/arkitek.net\">arkitek.net<\/a>. Houd er rekening mee dat dit Privacybeleid alleen van toepassing is op deze Site. Dit Privacybeleid kan van tijd tot tijd om welke reden dan ook worden bijgewerkt. Wij zullen u op de hoogte stellen van wezenlijke wijzigingen in ons Privacybeleid door het nieuwe Privacybeleid op onze Site te plaatsen.  <\/p>\n\n<h2 class=\"wp-block-heading\"><a href=\"https:\/\/arkitek.net\/nl\/legal\/cookiebeleid\/\" data-type=\"page\" data-id=\"54\">Cookiebeleid<\/a><\/h2>\n\n<p>ARKITEK Telekom\u00fcnikasyon A.\u015e. (&#8220;wij&#8221;) heeft dit Cookiesbeleid uitgegeven om de manier te schetsen waarop wij cookies en andere technologie\u00ebn zoals pixels, tags en bakens op onze website gebruiken.<\/p>\n","protected":false},"excerpt":{"rendered":"<p>Servicevoorwaarden Deze Voorwaarden regelen uw toegang tot en gebruik van de Site, en alle diensten die via de Site worden geleverd, en vormen een bindende wettelijke overeenkomst tussen u en ARKITEK Telekom\u00fcnikasyon A.\u015e. Privacybeleid ARKITEK Telekom\u00fcnikasyon A.\u015e. biedt dit Privacybeleid aan om gebruikers te informeren over ons beleid en onze procedures met betrekking tot het &hellip; <\/p>\n<p class=\"link-more\"><a href=\"https:\/\/arkitek.net\/nl\/legal\/\" class=\"more-link\">Lees verder <span class=\"screen-reader-text\">&#8220;Wettelijke Vermeldingen&#8221;<\/span><\/a><\/p>\n","protected":false},"author":1,"featured_media":1073,"parent":0,"menu_order":0,"comment_status":"closed","ping_status":"closed","template":"","meta":{"inline_featured_image":false,"footnotes":""},"class_list":["post-573","page","type-page","status-publish","has-post-thumbnail","hentry"],"_links":{"self":[{"href":"https:\/\/arkitek.net\/nl\/wp-json\/wp\/v2\/pages\/573","targetHints":{"allow":["GET"]}}],"collection":[{"href":"https:\/\/arkitek.net\/nl\/wp-json\/wp\/v2\/pages"}],"about":[{"href":"https:\/\/arkitek.net\/nl\/wp-json\/wp\/v2\/types\/page"}],"author":[{"embeddable":true,"href":"https:\/\/arkitek.net\/nl\/wp-json\/wp\/v2\/users\/1"}],"replies":[{"embeddable":true,"href":"https:\/\/arkitek.net\/nl\/wp-json\/wp\/v2\/comments?post=573"}],"version-history":[{"count":0,"href":"https:\/\/arkitek.net\/nl\/wp-json\/wp\/v2\/pages\/573\/revisions"}],"wp:featuredmedia":[{"embeddable":true,"href":"https:\/\/arkitek.net\/nl\/wp-json\/wp\/v2\/media\/1073"}],"wp:attachment":[{"href":"https:\/\/arkitek.net\/nl\/wp-json\/wp\/v2\/media?parent=573"}],"curies":[{"name":"wp","href":"https:\/\/api.w.org\/{rel}","templated":true}]}}