
{"id":406,"date":"2024-07-01T18:13:15","date_gmt":"2024-07-01T15:13:15","guid":{"rendered":"https:\/\/new.arkitek.net\/telecommunicatie\/"},"modified":"2024-07-10T22:03:14","modified_gmt":"2024-07-10T19:03:14","slug":"telecommunicatie","status":"publish","type":"page","link":"https:\/\/arkitek.net\/nl\/oplossingen\/telecommunicatie\/","title":{"rendered":"Telecommunicatie"},"content":{"rendered":"\n<p>De telecommunicatieoplossingen van ARKITEK bieden IP-infrastructuuroplossingen voor het volledige netwerk van de operator of onderneming &#8211; elke grootte, elke dienst &#8211; full stack. Ontworpen, getest, geverifieerd en geoptimaliseerd, alle telecommunicatie oplossingen delen het hoogste niveau van prestaties, betrouwbaarheid, schaalbaarheid, evolutie en geoptimaliseerde kosten. Van eindgebruikerterminal tot internet &#8211; en voor alles daartussen, bij ons bent u gedekt.  <\/p>\n\n<hr class=\"wp-block-separator has-css-opacity\"\/>\n\n<h2 class=\"wp-block-heading\"><a href=\"https:\/\/arkitek.net\/nl\/oplossingen\/telecommunicatie\/geconvergeerd-pakket-backbone-netwerk\/\" data-type=\"page\" data-id=\"60\">Geconvergeerde IP-Pakketbackbone<\/a><\/h2>\n\n<p>ARKITEK&#8217;s <a href=\"https:\/\/arkitek.net\/nl\/oplossingen\/telecommunicatie\/geconvergeerd-pakket-backbone-netwerk\/\" data-type=\"page\" data-id=\"60\">geconvergeerde IP-Pakketbackbone netwerkoplossing<\/a> biedt, op het meest fundamentele niveau, inter- en intra-site connectiviteit en pakketvervoer voor alle pakket- en circuitgeschakeld verkeer, signalering, netwerkbeheer en laadgegevens op een commercieel netwerk. Deze verkopersonafhankelijke multi-service IP-infrastructuur verbindt het kernnetwerk met de toegangsnetwerken, het servicenetwerk, datacenters, heffingssystemen, het internet, peer operators en bedrijfsnetwerken.<\/p>\n\n<p class=\"more-link\"><a href=\"https:\/\/arkitek.net\/nl\/oplossingen\/telecommunicatie\/geconvergeerd-pakket-backbone-netwerk\/\" data-type=\"page\" data-id=\"60\">Lees meer<\/a>&#8230;<\/p>\n\n<h2 class=\"wp-block-heading\"><a href=\"https:\/\/arkitek.net\/nl\/oplossingen\/telecommunicatie\/terminatie-vaste-breedbandabonnee\/\" data-type=\"page\" data-id=\"62\">Terminatie Vaste Breedbandabonnee<\/a><\/h2>\n\n<p>De <a href=\"https:\/\/arkitek.net\/nl\/oplossingen\/telecommunicatie\/terminatie-vaste-breedbandabonnee\/\" data-type=\"page\" data-id=\"62\">PPP Termination Architecture (PTA)-oplossing<\/a> biedt aanbieders van vaste-breedbandinternetservices een blauwdruk om snel en effici\u00ebnt hun eigen of gedeelde infrastructuur te implementeren, te optimaliseren en te laten groeien &#8211; altijd in overeenstemming met industrienormen, lokale voorschriften, beste praktijken en implementaties.<\/p>\n\n<p class=\"more-link\"><a href=\"https:\/\/arkitek.net\/nl\/oplossingen\/telecommunicatie\/terminatie-vaste-breedbandabonnee\/\" data-type=\"page\" data-id=\"62\">Lees meer<\/a>&#8230;<\/p>\n\n<h2 class=\"wp-block-heading\"><a href=\"https:\/\/arkitek.net\/nl\/oplossingen\/telecommunicatie\/ipv6-migratie\/\" data-type=\"page\" data-id=\"64\">IPv6-Migratie<\/a><\/h2>\n\n<p>ARKITEK&#8217;s <a href=\"https:\/\/arkitek.net\/nl\/oplossingen\/telecommunicatie\/ipv6-migratie\/\" data-type=\"page\" data-id=\"64\">IPv6 Overgangsoplossing\/Service<\/a> biedt netwerkbeheerders een manier om IPv6 soepel in het netwerk te introduceren, te beginnen met het identificeren van de delta tussen de huidige status van uw netwerk en uw gewenste positie, het defini\u00ebren van een overgangsstrategie en impactanalyse, het plannen van de migratie en tenslotte, in een stapsgewijze aanpak, het mogelijk maken van nieuwe IPv6-gebaseerde diensten zoals vereist door hun bedrijf.<\/p>\n\n<p class=\"more-link\"><a href=\"https:\/\/arkitek.net\/nl\/oplossingen\/telecommunicatie\/ipv6-migratie\/\" data-type=\"page\" data-id=\"64\">Lees meer<\/a>&#8230;<\/p>\n\n<h2 class=\"wp-block-heading\"><a href=\"https:\/\/arkitek.net\/nl\/oplossingen\/telecommunicatie\/virtueel-prive-netwerk-vpn\/\" data-type=\"page\" data-id=\"66\">VPN<\/a><\/h2>\n\n<p>ARKITEK&#8217;s <a href=\"https:\/\/arkitek.net\/nl\/oplossingen\/telecommunicatie\/virtueel-prive-netwerk-vpn\/\" data-type=\"page\" data-id=\"66\">Oplossing voor Virtueel Priv\u00e9netwerk (VPN)<\/a> biedt ondernemingen op elke schaal de mogelijkheid om geografisch verspreide fysieke netwerken veilig met elkaar te verbinden via openbare internetinfrastructuur, zodat medewerkers altijd toegang hebben tot bedrijfsnetwerkbronnen van buiten het kantoor, zelfs als ze thuis of op openbare wi-fi locaties werken &#8211; op de meest veilige manier.<\/p>\n\n<p class=\"more-link\"><a href=\"https:\/\/arkitek.net\/nl\/oplossingen\/telecommunicatie\/virtueel-prive-netwerk-vpn\/\" data-type=\"page\" data-id=\"66\">Lees meer&#8230;<\/a><\/p>\n\n<h2 class=\"wp-block-heading\"><a href=\"https:\/\/arkitek.net\/nl\/oplossingen\/telecommunicatie\/carrier-grade-nat\/\" data-type=\"page\" data-id=\"68\">Carrier-Grade NAT<\/a><\/h2>\n\n<p>ARKITEK&#8217;s <a href=\"https:\/\/arkitek.net\/nl\/oplossingen\/telecommunicatie\/carrier-grade-nat\/\" data-type=\"page\" data-id=\"68\">Carrier-Grade Network Address Translation (CGNAT) <\/a> oplossing biedt commerci\u00eble operatoren en grote ondernemingen de mogelijkheid om hun IPv4 adresruimte te behouden en effici\u00ebnt te gebruiken tot of tijdens de migratie naar IPv6 op de meest eenvoudige en effici\u00ebnte manier.<\/p>\n\n<p class=\"more-link\"><a href=\"https:\/\/arkitek.net\/nl\/oplossingen\/telecommunicatie\/carrier-grade-nat\/\" data-type=\"page\" data-id=\"68\">Lees meer&#8230;<\/a><\/p>\n","protected":false},"excerpt":{"rendered":"<p>De telecommunicatieoplossingen van ARKITEK bieden IP-infrastructuuroplossingen voor het volledige netwerk van de operator of onderneming &#8211; elke grootte, elke dienst &#8211; full stack. Ontworpen, getest, geverifieerd en geoptimaliseerd, alle telecommunicatie oplossingen delen het hoogste niveau van prestaties, betrouwbaarheid, schaalbaarheid, evolutie en geoptimaliseerde kosten. Van eindgebruikerterminal tot internet &#8211; en voor alles daartussen, bij ons bent &hellip; <\/p>\n<p class=\"link-more\"><a href=\"https:\/\/arkitek.net\/nl\/oplossingen\/telecommunicatie\/\" class=\"more-link\">Lees verder <span class=\"screen-reader-text\">&#8220;Telecommunicatie&#8221;<\/span><\/a><\/p>\n","protected":false},"author":1,"featured_media":1113,"parent":594,"menu_order":1,"comment_status":"closed","ping_status":"closed","template":"","meta":{"inline_featured_image":false,"footnotes":""},"class_list":["post-406","page","type-page","status-publish","has-post-thumbnail","hentry"],"_links":{"self":[{"href":"https:\/\/arkitek.net\/nl\/wp-json\/wp\/v2\/pages\/406","targetHints":{"allow":["GET"]}}],"collection":[{"href":"https:\/\/arkitek.net\/nl\/wp-json\/wp\/v2\/pages"}],"about":[{"href":"https:\/\/arkitek.net\/nl\/wp-json\/wp\/v2\/types\/page"}],"author":[{"embeddable":true,"href":"https:\/\/arkitek.net\/nl\/wp-json\/wp\/v2\/users\/1"}],"replies":[{"embeddable":true,"href":"https:\/\/arkitek.net\/nl\/wp-json\/wp\/v2\/comments?post=406"}],"version-history":[{"count":0,"href":"https:\/\/arkitek.net\/nl\/wp-json\/wp\/v2\/pages\/406\/revisions"}],"up":[{"embeddable":true,"href":"https:\/\/arkitek.net\/nl\/wp-json\/wp\/v2\/pages\/594"}],"wp:featuredmedia":[{"embeddable":true,"href":"https:\/\/arkitek.net\/nl\/wp-json\/wp\/v2\/media\/1113"}],"wp:attachment":[{"href":"https:\/\/arkitek.net\/nl\/wp-json\/wp\/v2\/media?parent=406"}],"curies":[{"name":"wp","href":"https:\/\/api.w.org\/{rel}","templated":true}]}}