
{"id":350,"date":"2024-07-01T18:30:57","date_gmt":"2024-07-01T15:30:57","guid":{"rendered":"https:\/\/new.arkitek.net\/professionele-diensten\/"},"modified":"2024-07-08T21:15:10","modified_gmt":"2024-07-08T18:15:10","slug":"diensten","status":"publish","type":"page","link":"https:\/\/arkitek.net\/nl\/diensten\/","title":{"rendered":"Professionele Diensten"},"content":{"rendered":"\n<p>Met meer dan 20 jaar praktijkervaring op het gebied van planning, ontwerp en implementatie van telco-grade IT- en telecommunicatieoplossingen voor commerci\u00eble operators, de grootste ondernemingen en overheidsinstellingen over de hele wereld, zijn we er trots op dat we ons dienstenportfolio kunnen aanbieden aan elke klant op elke schaal, wereldwijd. Of het nu gaat om consultancy voor een pre-sales opdracht of professionele diensten voor een opleverings-\/integratieproject, wij zetten samen met u een stapje extra. <\/p>\n\n<p>Het dienstenaanbod van ARKITEK is onderverdeeld in vijf classificaties: &#8220;<a href=\"#Consultancy\">Consultancy<\/a>&#8220;, &#8220;<a href=\"#Systems-Integration\">Systeemintegratie<\/a>&#8220;, &#8220;<a href=\"#Custom-Development\">Ontwikkeling op maat<\/a>&#8220;, &#8220;<a href=\"#Application-and-Software-Testing\">Applicatie- en softwaretesten<\/a>&#8221; en &#8220;<a href=\"#Engineering-Services\">Engineeringdiensten<\/a>&#8220;. Deze bieden expertise en zekerheid voor de gehele levensduur van applicatie- en netwerkvereisten, van audit en voorstel, tot implementatie en ondersteuning op oplossingsniveau, tot beheer van groei en migratie. ARKITEK heeft uitgebreide ervaring met het leveren van deze diensten en heeft klanten over de hele wereld, waaronder veel van &#8217;s werelds toonaangevende bedrijven. <\/p>\n\n<h2 class=\"wp-block-heading\" id=\"Consultancy\">Advies<\/h2>\n\n<p>Uitgerust met leveranciersonafhankelijke technische kennis, bewezen methodologie\u00ebn, ervaring en discipline, werken wij met u samen om strategie\u00ebn te ontwikkelen\/implementeren, doelen te bereiken, deadlines te halen, risico&#8217;s te beperken\/over te dragen &#8211; allemaal onbetwistbare aspecten van elke onderneming in onze branche &#8211; allemaal van cruciaal belang voor uw winstgevendheid.<\/p>\n\n<p class=\"more-link\"><a href=\"https:\/\/arkitek.net\/nl\/contacteer\/\">Neem contact met ons op<\/a>&#8230;<\/p>\n\n<h2 class=\"wp-block-heading\" id=\"Systems-Integration\">Systeemintegratie<\/h2>\n\n<p>Elk netwerk- of systeemintegratieproject heeft zijn eigen uitdagingen en de uitvoering ervan heeft een enorm effect op de tijdlijnen en het succes van het project. Wij kunnen de juiste competentie inbrengen om uw succes en klanttevredenheid te garanderen. <\/p>\n\n<p class=\"more-link\"><a href=\"https:\/\/arkitek.net\/nl\/contacteer\/\">Neem contact met ons op<\/a>&#8230;<\/p>\n\n<h2 class=\"wp-block-heading\" id=\"Custom-Development\">Ontwikkeling op Maat<\/h2>\n\n<p>Als uw bedrijf of start-up een oplossing op maat nodig heeft, kan ons team van experts de oplossing ontwerpen en implementeren waar u op zult groeien &#8211; fullstack &#8211; tegen concurrerende kosten, tijdlijnen en kwaliteit.<\/p>\n\n<p class=\"more-link\"><a href=\"https:\/\/new.arkitek.net\/nl\/contacteer\/\">Neem contact met ons op<\/a>&#8230;<\/p>\n\n<h2 class=\"wp-block-heading\" id=\"Application-and-Software-Testing\">Diensten voor Applicatie- en Softwaretests<\/h2>\n\n<p>Applicaties &#8211; de kern van uw bedrijfsvoering en uw klanten &#8211; zijn van cruciaal belang voor uw bedrijfscontinu\u00efteit en groeiend succes. Uitgerust met in de branche geteste en geverifieerde tools en methodologie\u00ebn, staat het ARK\u0130TEK Testcentrum klaar om dagelijkse sanity en functionele tests uit te voeren voor huidige en toekomstige releases van uw applicaties, in elke hardware\/software combinatie, zowel server, desktop als mobiele platforms. <\/p>\n\n<p class=\"more-link\">Lees meer&#8230;<\/p>\n\n<h2 class=\"wp-block-heading\" id=\"Engineering-Services\">Ingenieursdiensten<\/h2>\n\n<p>Professionele experts op het gebied van IT en Telecommunicatie zijn beschikbaar om deel uit te maken van uw projecten, zodat u kosten en risico&#8217;s kunt beperken en de levering kunt versnellen terwijl u zich op uw primaire bedrijfsactiviteiten concentreert.<\/p>\n\n<p class=\"more-link\">Lees meer&#8230;<\/p>\n","protected":false},"excerpt":{"rendered":"<p>Met meer dan 20 jaar praktijkervaring op het gebied van planning, ontwerp en implementatie van telco-grade IT- en telecommunicatieoplossingen voor commerci\u00eble operators, de grootste ondernemingen en overheidsinstellingen over de hele wereld, zijn we er trots op dat we ons dienstenportfolio kunnen aanbieden aan elke klant op elke schaal, wereldwijd. Of het nu gaat om consultancy &hellip; <\/p>\n<p class=\"link-more\"><a href=\"https:\/\/arkitek.net\/nl\/diensten\/\" class=\"more-link\">Lees verder <span class=\"screen-reader-text\">&#8220;Professionele Diensten&#8221;<\/span><\/a><\/p>\n","protected":false},"author":1,"featured_media":0,"parent":0,"menu_order":0,"comment_status":"closed","ping_status":"closed","template":"","meta":{"inline_featured_image":false,"footnotes":""},"class_list":["post-350","page","type-page","status-publish","hentry"],"_links":{"self":[{"href":"https:\/\/arkitek.net\/nl\/wp-json\/wp\/v2\/pages\/350","targetHints":{"allow":["GET"]}}],"collection":[{"href":"https:\/\/arkitek.net\/nl\/wp-json\/wp\/v2\/pages"}],"about":[{"href":"https:\/\/arkitek.net\/nl\/wp-json\/wp\/v2\/types\/page"}],"author":[{"embeddable":true,"href":"https:\/\/arkitek.net\/nl\/wp-json\/wp\/v2\/users\/1"}],"replies":[{"embeddable":true,"href":"https:\/\/arkitek.net\/nl\/wp-json\/wp\/v2\/comments?post=350"}],"version-history":[{"count":0,"href":"https:\/\/arkitek.net\/nl\/wp-json\/wp\/v2\/pages\/350\/revisions"}],"wp:attachment":[{"href":"https:\/\/arkitek.net\/nl\/wp-json\/wp\/v2\/media?parent=350"}],"curies":[{"name":"wp","href":"https:\/\/api.w.org\/{rel}","templated":true}]}}