
{"id":233,"date":"2024-07-01T12:54:31","date_gmt":"2024-07-01T09:54:31","guid":{"rendered":"https:\/\/new.arkitek.net\/over-ons\/"},"modified":"2024-07-10T12:20:00","modified_gmt":"2024-07-10T09:20:00","slug":"over-ons","status":"publish","type":"page","link":"https:\/\/arkitek.net\/nl\/over-ons\/","title":{"rendered":"Over Ons"},"content":{"rendered":"\n<p>ARKITEK is opgericht in 2018 en wordt gevormd door IT- en telecomprofessionals met meer dan 20 jaar ervaring in het bedienen van wereldwijde klanten bij hun inspanningen om technologie zo effici\u00ebnt en winstgevend mogelijk te gebruiken.<\/p>\n\n<p id=\"block-72df0035-acfd-4a69-90cf-55cd62d3c584\">Met ons hoofdkantoor in Istanbul (op het kruispunt van Europa en Azi\u00eb) en wereldwijde dienstverlening zijn we er trots op dat we onze kennis en ervaring in elk project inbrengen om uw succes in elke technische, operationele en bedrijfsgerelateerde dimensie te garanderen, full stack en op tijd.<\/p>\n\n<p id=\"block-7d83b85e-4cc7-49f6-9954-f5d6580aa475\">Ons doel is om mensen in staat te stellen om te leven door middel van technologie die gebouwd is rond de natuurlijke stroom van hun leven &#8211; zonder verstoringen en extra lasten &#8211; altijd respectvol en zorgzaam voor onze planeet.<\/p>\n\n<h2 class=\"wp-block-heading\" id=\"block-0f923acd-929d-408b-9ebc-ba020e566d16\">De Oprichter<\/h2>\n\n<p id=\"block-62e41425-ba73-4707-9141-f9724ae81ac5\">ARKITEK is opgericht door G\u00fcnal \u00d6RSEL &#8211; een veteraan in de IT- en telecommunicatie-industrie die wereldwijd in de meest uitdagende projecten heeft gewerkt in termen van omvang, grootte en betrouwbaarheid.<\/p>\n\n<p id=\"block-075fb6dc-7e75-497b-9256-08753c9e3420\"><a href=\"https:\/\/arkitek.net\/nl\/over-ons\/de-oprichter\/\">Meer over G\u00fcnal \u00d6rsel<\/a>&#8230;<\/p>\n\n<h2 class=\"wp-block-heading\" id=\"block-e72aa4cf-d51b-4fb0-95cd-7381d9ee11ed\">Registratie<\/h2>\n\n<p id=\"block-fcc52004-9292-4e41-8e2a-4d374d0f0edc\"><strong>ARKITEK Telekom\u00fcnikasyon A.\u015e.<\/strong> is geregistreerd in Istanbul, TURKIJE met:<br\/>Registratie-ID: 186306-5 (Kamer van Koophandel Istanbul)<br\/>Registratie-ID: 0079065479500001 (MERSIS)<\/p>\n\n<p id=\"block-411ead30-4bae-4cea-b9c9-203ed848b904\"><strong>ARKITEK Ara\u015ft\u0131rma Geli\u015ftirme A.\u015e.<\/strong> is geregistreerd in Ankara, TURKIJE.<br\/>Registratie-ID: 416461 (Kamer van Koophandel Ankara)<br\/>Registratie-ID: 0729082869300001 (MERSIS)<\/p>\n","protected":false},"excerpt":{"rendered":"<p>ARKITEK is opgericht in 2018 en wordt gevormd door IT- en telecomprofessionals met meer dan 20 jaar ervaring in het bedienen van wereldwijde klanten bij hun inspanningen om technologie zo effici\u00ebnt en winstgevend mogelijk te gebruiken. Met ons hoofdkantoor in Istanbul (op het kruispunt van Europa en Azi\u00eb) en wereldwijde dienstverlening zijn we er trots &hellip; <\/p>\n<p class=\"link-more\"><a href=\"https:\/\/arkitek.net\/nl\/over-ons\/\" class=\"more-link\">Lees verder <span class=\"screen-reader-text\">&#8220;Over Ons&#8221;<\/span><\/a><\/p>\n","protected":false},"author":1,"featured_media":1103,"parent":0,"menu_order":0,"comment_status":"closed","ping_status":"closed","template":"","meta":{"inline_featured_image":false,"footnotes":""},"class_list":["post-233","page","type-page","status-publish","has-post-thumbnail","hentry"],"_links":{"self":[{"href":"https:\/\/arkitek.net\/nl\/wp-json\/wp\/v2\/pages\/233","targetHints":{"allow":["GET"]}}],"collection":[{"href":"https:\/\/arkitek.net\/nl\/wp-json\/wp\/v2\/pages"}],"about":[{"href":"https:\/\/arkitek.net\/nl\/wp-json\/wp\/v2\/types\/page"}],"author":[{"embeddable":true,"href":"https:\/\/arkitek.net\/nl\/wp-json\/wp\/v2\/users\/1"}],"replies":[{"embeddable":true,"href":"https:\/\/arkitek.net\/nl\/wp-json\/wp\/v2\/comments?post=233"}],"version-history":[{"count":0,"href":"https:\/\/arkitek.net\/nl\/wp-json\/wp\/v2\/pages\/233\/revisions"}],"wp:featuredmedia":[{"embeddable":true,"href":"https:\/\/arkitek.net\/nl\/wp-json\/wp\/v2\/media\/1103"}],"wp:attachment":[{"href":"https:\/\/arkitek.net\/nl\/wp-json\/wp\/v2\/media?parent=233"}],"curies":[{"name":"wp","href":"https:\/\/api.w.org\/{rel}","templated":true}]}}