
{"id":863,"date":"2024-07-01T18:06:57","date_gmt":"2024-07-01T15:06:57","guid":{"rendered":"https:\/\/new.arkitek.net\/avvisi-legali\/informativa-sui-cookie\/"},"modified":"2024-07-10T13:19:04","modified_gmt":"2024-07-10T10:19:04","slug":"informativa-sui-cookie","status":"publish","type":"page","link":"https:\/\/arkitek.net\/it\/legal\/informativa-sui-cookie\/","title":{"rendered":"Informativa sui Cookie"},"content":{"rendered":"\n<p>ARKITEK Telekom\u00fcnikasyon A.\u015e. (&#8220;noi&#8221;) ha pubblicato la presente Politica sui cookie per delineare il modo in cui utilizziamo i cookie e altre tecnologie come pixel, tag e beacon sul nostro sito web.<\/p>\n\n<p>I nomi e i tipi specifici di cookie, pixel e tecnologie simili che utilizziamo per raccogliere informazioni possono cambiare di volta in volta. Per aiutarla a comprendere meglio la nostra Politica sui cookie, di seguito forniamo le spiegazioni sul significato di cookie, pixel, tag e beacon: <\/p>\n\n<ul class=\"wp-block-list\">\n<li>I cookie: Un cookie \u00e8 un piccolo file di testo che un sito web salva sul suo computer o dispositivo mobile quando visita il sito. Consente al sito web di ricordare le sue azioni e preferenze (come il login, la lingua, la dimensione dei caratteri e altre preferenze di visualizzazione) per un certo periodo di tempo, in modo da non doverle reinserire ogni volta che torna sul sito o naviga da una pagina all&#8217;altra. <\/li>\n\n\n\n<li>Pixel, tag e beacon (Tracker): Si tratta di piccole immagini grafiche che possono essere incluse nei nostri siti, servizi, applicazioni, messaggistica e strumenti, che in genere lavorano insieme ai cookie per identificare i nostri utenti e il loro comportamento.<\/li>\n<\/ul>\n\n<h2 class=\"wp-block-heading\">Come utilizziamo i cookie?<\/h2>\n\n<p>I cookie vengono utilizzati per riconoscerla quando visita il nostro sito web e ricordare le sue preferenze. Le informazioni che riceviamo dall&#8217;uso dei cookie non vengono utilizzate per identificarla personalmente, a meno che non si colleghi a una delle nostre propriet\u00e0 web. Utilizziamo i cookie per gli scopi qui indicati.  <\/p>\n\n<p>I nostri cookie vengono utilizzati per:<\/p>\n\n<ul class=\"wp-block-list\">\n<li>Mostrarle le informazioni corrette e personalizzare la sua esperienza online se ha effettuato l&#8217;accesso a una delle nostre propriet\u00e0 web.<\/li>\n\n\n\n<li>Si ricordi la sua preferenza linguistica.<\/li>\n\n\n\n<li>Assistere gli utenti nel completare pi\u00f9 facilmente i moduli sul nostro sito web.<\/li>\n\n\n\n<li>Capire le prestazioni del nostro sito.<\/li>\n\n\n\n<li>Si ricordi se ha acconsentito all&#8217;uso dei cookie sul nostro sito web.<\/li>\n<\/ul>\n\n<p>Inoltre, alcuni video incorporati nelle nostre pagine utilizzano un cookie per raccogliere in modo anonimo le statistiche su come \u00e8 arrivato e quali video ha visitato.<\/p>\n\n<p>I cookie di sessione rimangono fino a quando non cessa la navigazione. I cookie persistenti rimangono fino a quando non vengono eliminati o scadono. La maggior parte dei cookie utilizzati sul nostro sito sono persistenti. In quanto tali, scadranno tra i novanta giorni e i due anni dalla data in cui sono stati scaricati sul suo dispositivo.   <\/p>\n\n<p>I cookie vengono memorizzati anche da fornitori terzi, tra cui Google, LinkedIn e Twitter, servizi aziendali che misurano l&#8217;efficacia e l&#8217;efficienza delle nostre pagine web in base a informazioni anonime sulla provenienza degli utenti, sulle funzioni del sito con cui interagiscono e sul tempo che trascorrono sul nostro sito.<\/p>\n\n<p>Scopra alcuni dei cookie di terze parti che utilizziamo e come disabilitare tali cookie:<\/p>\n\n<ul class=\"wp-block-list\">\n<li>Google: <a href=\"https:\/\/www.google.com\/analytics\/terms\/us.html\" target=\"_blank\" rel=\"noreferrer noopener nofollow\">https:\/\/www.google.com\/analytics\/terms\/us.html<\/a><\/li>\n\n\n\n<li>Twitter: <a href=\"https:\/\/help.twitter.com\/en\/rules-and-policies\/twitter-cookies\" target=\"_blank\" rel=\"noreferrer noopener nofollow\">https:\/\/help.twitter.com\/en\/rules-and-policies\/twitter-cookies<\/a><\/li>\n<\/ul>\n\n<p>L&#8217;abilitazione dei cookie sopra descritti non \u00e8 strettamente necessaria per il funzionamento del nostro sito web, ma le offrir\u00e0 un&#8217;esperienza migliore. Pu\u00f2 cancellare o bloccare questi cookie, ma se lo fa alcune funzioni di questo sito potrebbero non funzionare come previsto. <\/p>\n\n<h2 class=\"wp-block-heading\">Come controllare i cookie<\/h2>\n\n<p>Pu\u00f2 controllare e\/o eliminare i cookie come desidera &#8211; per maggiori dettagli, veda <a href=\"http:\/\/aboutcookies.org\" target=\"_blank\" rel=\"noreferrer noopener nofollow\">aboutcookies.org<\/a>. Pu\u00f2 eliminare i cookie gi\u00e0 presenti sul suo computer e pu\u00f2 impostare la maggior parte dei browser in modo da impedirne l&#8217;inserimento. Se lo fa, tuttavia, potrebbe dover regolare manualmente le preferenze ogni volta che visita un sito e alcuni servizi e funzionalit\u00e0 potrebbero non funzionare come previsto. <\/p>\n\n<p>Per ulteriori informazioni sulle nostre pratiche in materia di privacy, consulti la nostra <a href=\"https:\/\/arkitek.net\/it\/legal\/informativa-sulla-privacy\/\" data-type=\"page\" data-id=\"783\">Informativa sulla privacy<\/a> del sito web.<\/p>\n","protected":false},"excerpt":{"rendered":"<p>ARKITEK Telekom\u00fcnikasyon A.\u015e. (&#8220;noi&#8221;) ha pubblicato la presente Politica sui cookie per delineare il modo in cui utilizziamo i cookie e altre tecnologie come pixel, tag e beacon sul nostro sito web. I nomi e i tipi specifici di cookie, pixel e tecnologie simili che utilizziamo per raccogliere informazioni possono cambiare di volta in volta. &hellip; <\/p>\n<p class=\"link-more\"><a href=\"https:\/\/arkitek.net\/it\/legal\/informativa-sui-cookie\/\" class=\"more-link\">Leggi tutto<span class=\"screen-reader-text\"> &#8220;Informativa sui Cookie&#8221;<\/span><\/a><\/p>\n","protected":false},"author":1,"featured_media":1077,"parent":583,"menu_order":3,"comment_status":"closed","ping_status":"closed","template":"","meta":{"inline_featured_image":false,"footnotes":""},"class_list":["post-863","page","type-page","status-publish","has-post-thumbnail","hentry"],"_links":{"self":[{"href":"https:\/\/arkitek.net\/it\/wp-json\/wp\/v2\/pages\/863","targetHints":{"allow":["GET"]}}],"collection":[{"href":"https:\/\/arkitek.net\/it\/wp-json\/wp\/v2\/pages"}],"about":[{"href":"https:\/\/arkitek.net\/it\/wp-json\/wp\/v2\/types\/page"}],"author":[{"embeddable":true,"href":"https:\/\/arkitek.net\/it\/wp-json\/wp\/v2\/users\/1"}],"replies":[{"embeddable":true,"href":"https:\/\/arkitek.net\/it\/wp-json\/wp\/v2\/comments?post=863"}],"version-history":[{"count":0,"href":"https:\/\/arkitek.net\/it\/wp-json\/wp\/v2\/pages\/863\/revisions"}],"up":[{"embeddable":true,"href":"https:\/\/arkitek.net\/it\/wp-json\/wp\/v2\/pages\/583"}],"wp:featuredmedia":[{"embeddable":true,"href":"https:\/\/arkitek.net\/it\/wp-json\/wp\/v2\/media\/1077"}],"wp:attachment":[{"href":"https:\/\/arkitek.net\/it\/wp-json\/wp\/v2\/media?parent=863"}],"curies":[{"name":"wp","href":"https:\/\/api.w.org\/{rel}","templated":true}]}}