
{"id":770,"date":"2024-07-01T18:03:35","date_gmt":"2024-07-01T15:03:35","guid":{"rendered":"https:\/\/new.arkitek.net\/avvisi-legali\/termini-di-servizio\/"},"modified":"2024-07-10T12:52:38","modified_gmt":"2024-07-10T09:52:38","slug":"termini-di-servizio","status":"publish","type":"page","link":"https:\/\/arkitek.net\/it\/legal\/termini-di-servizio\/","title":{"rendered":"Termini di Servizio"},"content":{"rendered":"\n<h2 class=\"wp-block-heading\">Benvenuti in ARKITEK Telekom\u00fcnikasyon A.\u015e.<\/h2>\n\n<p>Questi termini e condizioni delineano le norme e i regolamenti per l&#8217;utilizzo del Sito Web di ARKITEK Telekom\u00fcnikasyon A.\u015e.. La nostra <span style=\"text-transform: capitalize;\">sede centrale<\/span> si trova a:<\/p>\n\n<address>Ferko Signature Building Esentepe Mah.<br\/>\nB\u00fcy\u00fckdere Cad. No: 175\/7, \u015ei\u015fli, 34394, Istanbul, T\u00dcRK\u0130YE <\/address>\n\n<p>Accedendo a questo sito web si presume che lei accetti integralmente questi termini e condizioni. Non continui a utilizzare il sito web di ARKITEK Telekom\u00fcnikasyon A.\u015e. se non accetta tutti i termini e le condizioni indicati in questa pagina. \n <\/p>\n\n<p>La seguente terminologia si applica ai presenti Termini e condizioni, alla Dichiarazione sulla privacy e all&#8217;Avviso di esclusione di responsabilit\u00e0 e a qualsiasi o tutti gli Accordi: &#8220;Cliente&#8221;, &#8220;Lei&#8221; e &#8220;Suo&#8221; si riferisce a Lei, la persona che accede a questo sito web e che accetta i termini e le condizioni dell&#8217;Azienda. &#8220;La Societ\u00e0&#8221;, &#8220;Noi&#8221;, &#8220;Noi&#8221;, &#8220;Nostro&#8221; e &#8220;Noi&#8221;, si riferisce alla nostra Societ\u00e0. &#8220;Parte&#8221;, &#8220;Parti&#8221; o &#8220;Noi&#8221;, si riferisce sia al Cliente che a noi, oppure al Cliente o a noi. Tutti i termini si riferiscono all&#8217;offerta, all&#8217;accettazione e al corrispettivo del pagamento necessario per intraprendere il processo di assistenza da parte nostra al Cliente nel modo pi\u00f9 appropriato, che si tratti di incontri formali di durata prestabilita o di qualsiasi altro mezzo, allo scopo esplicito di soddisfare le esigenze del Cliente in relazione alla fornitura dei servizi\/prodotti dichiarati dell&#8217;Azienda, in conformit\u00e0 e nel rispetto della legge vigente. Qualsiasi uso della terminologia di cui sopra o di altre parole al singolare, al plurale, in maiuscolo e\/o lui\/lei o loro, sono considerati intercambiabili e quindi riferiti allo stesso.    <\/p>\n\n<h2 class=\"wp-block-heading\">Cookies<\/h2>\n\n<p>Utilizziamo i cookie. Utilizzando il nostro sito web, lei acconsente all&#8217;uso dei cookie in conformit\u00e0 con la nostra <a href=\"\" data-type=\"\" data-id=\"\">politica sulla privacy<\/a>. <\/p>\n\n<p>La maggior parte dei siti web interattivi moderni utilizza i cookie per consentirci di recuperare i dati dell&#8217;utente per ogni visita. I cookie sono utilizzati in alcune aree del nostro sito per consentire la funzionalit\u00e0 di quest&#8217;area e la facilit\u00e0 d&#8217;uso per le persone che lo visitano. Anche alcuni dei nostri partner affiliati\/pubblicitari possono utilizzare i cookie.  <\/p>\n\n<h2 class=\"wp-block-heading\">Licenza<\/h2>\n\n<p>Se non diversamente specificato, ARKITEK Telekom\u00fcnikasyon A.\u015e. e\/o i suoi licenziatari possiedono i diritti di propriet\u00e0 intellettuale per tutto il materiale presente su ARKITEK Telekom\u00fcnikasyon A.\u015e. Tutti i diritti di propriet\u00e0 intellettuale sono riservati. Pu\u00f2 visualizzare e\/o stampare le pagine di https:\/\/arkitek.net per uso personale, nel rispetto delle limitazioni stabilite in questi termini e condizioni.<\/p>\n\n<p>Non deve:<\/p>\n\n<ol class=\"wp-block-list\">\n<li>Ripubblicare materiale da <a href=\"https:\/\/arkitek.net\">https:\/\/arkitek.net<\/a><\/li>\n\n\n\n<li>Venda, affitti o sub-licenzi il materiale di <a href=\"https:\/\/arkitek.net\">https:\/\/arkitek.net<\/a>.<\/li>\n\n\n\n<li>Riprodurre, duplicare o copiare materiale da <a href=\"https:\/\/arkitek.net\">https:\/\/arkitek.net<\/a>.<\/li>\n<\/ol>\n\n<p>Ridistribuire i contenuti di <a href=\"https:\/\/arkitek.net\/it\/chi-siamo\/\" data-type=\"page\" data-id=\"12\">ARKITEK Telekom\u00fcnikasyon A.\u015e.<\/a> (a meno che il contenuto non sia stato creato appositamente per la ridistribuzione).<\/p>\n\n<h2 class=\"wp-block-heading\">Collegamento ipertestuale al nostro Contenuto<\/h2>\n\n<ol class=\"wp-block-list\">\n<li>Le seguenti organizzazioni possono collegarsi al nostro sito web senza previa autorizzazione scritta:\n\n\n<ol class=\"wp-block-list\">\n<li>Agenzie governative;<\/li>\n\n\n\n<li>Motori di ricerca;<\/li>\n\n\n\n<li>Organizzazioni giornalistiche;<\/li>\n\n\n\n<li>I distributori di elenchi online, quando ci inseriscono nell&#8217;elenco, possono collegarsi al nostro sito web nello stesso modo in cui si collegano ai siti web di altre aziende elencate; e<\/li>\n\n\n\n<li>Le aziende accreditate a livello di sistema, ad eccezione delle organizzazioni no-profit di sollecitazione, dei centri commerciali di beneficenza e dei gruppi di raccolta fondi di beneficenza, che non possono collegarsi al nostro sito web.<\/li>\n<\/ol>\n<\/li>\n<\/ol>\n\n<ol class=\"wp-block-list\">\n<li>Queste organizzazioni possono collegarsi alla nostra home page, alle pubblicazioni o ad altre informazioni del sito web, a condizione che il collegamento sia effettuato: \n\n<ol class=\"wp-block-list\" style=\"list-style-type:lower-alpha\">\n<li>non \u00e8 in alcun modo fuorviante; <\/li>\n\n\n\n<li>non implica falsamente la sponsorizzazione, l&#8217;avallo o l&#8217;approvazione della parte collegata e dei suoi prodotti o servizi; e <\/li>\n\n\n\n<li>si inserisce nel contesto del sito del linkante.<br\/><\/li>\n<\/ol>\n<\/li>\n\n\n\n<li>Possiamo prendere in considerazione e approvare a nostra esclusiva discrezione altre richieste di collegamento da parte dei seguenti tipi di organizzazioni:\n<ul class=\"wp-block-list\">\n<li>fonti di informazione sui consumatori e\/o sulle imprese comunemente conosciute, come le Camere di Commercio, l&#8217;American Automobile Association, l&#8217;AARP e la Consumers Union;<\/li>\n\n\n\n<li>siti di comunit\u00e0 dot.com;<\/li>\n\n\n\n<li>associazioni o altri gruppi che rappresentano enti di beneficenza, compresi i siti di donazioni di beneficenza,<\/li>\n\n\n\n<li>distributori di elenchi online;<\/li>\n\n\n\n<li>portali internet;<\/li>\n\n\n\n<li>le societ\u00e0 di contabilit\u00e0, legge e consulenza i cui clienti principali sono le imprese; e<\/li>\n\n\n\n<li>istituzioni educative e associazioni di categoria.<\/li>\n<\/ul>\n<\/li>\n<\/ol>\n\n<p>Approveremo le richieste di link da parte di queste organizzazioni se stabiliremo che: (a) il link non si rifletta sfavorevolmente su di noi o sulle nostre attivit\u00e0 accreditate (ad esempio, le associazioni di categoria o altre organizzazioni che rappresentano tipi di attivit\u00e0 intrinsecamente sospetti, come le opportunit\u00e0 di lavoro a casa, non saranno autorizzate a collegarsi); (b)l&#8217;organizzazione non ha un record insoddisfacente con noi; (c) il vantaggio per noi della visibilit\u00e0 associata al collegamento ipertestuale supera l&#8217;assenza del nostro nome aziendale; e (d) quando il collegamento \u00e8 nel contesto di informazioni generali sulle risorse o \u00e8 altrimenti coerente con il contenuto editoriale di una newsletter o di un prodotto simile che promuove la missione dell&#8217;organizzazione.    <\/p>\n\n<p>Queste organizzazioni possono collegarsi alla nostra home page, alle pubblicazioni o ad altre informazioni del sito web, a condizione che il collegamento: (a) non sia in alcun modo fuorviante; (b) non implichi falsamente la sponsorizzazione, l&#8217;avallo o l&#8217;approvazione della parte linkante e dei suoi prodotti o servizi; e (c) si inserisca nel contesto del sito della parte linkante.   <\/p>\n\n<p>Se lei \u00e8 una delle organizzazioni elencate nel paragrafo 2 di cui sopra ed \u00e8 interessata a collegarsi al nostro sito web, deve informarci inviando un&#8217;e-mail a <a href=\"mailto:info@arkitek.net\">info@arkitek.net<\/a>. La preghiamo di includere il suo nome, il nome della sua organizzazione, le informazioni di contatto (come il numero di telefono e\/o l&#8217;indirizzo e-mail) e l&#8217;URL del suo sito, un elenco degli URL da cui intende collegarsi al nostro sito web e un elenco degli URL del nostro sito a cui desidera collegarsi. Attenda 2-3 settimane per una risposta. <\/p>\n\n<p>Le organizzazioni approvate possono collegarsi al nostro sito web come segue:<\/p>\n\n<ol class=\"wp-block-list\">\n<li>Utilizzando il nostro nome aziendale; oppure<\/li>\n\n\n\n<li>Tramite l&#8217;uso del localizzatore uniforme di risorse (indirizzo Web) a cui \u00e8 collegato; oppure<\/li>\n\n\n\n<li>Utilizzando qualsiasi altra descrizione del nostro sito web o del materiale oggetto del link che abbia senso nel contesto e nel formato del contenuto del sito della parte che effettua il link.<\/li>\n<\/ol>\n\n<p>Non sar\u00e0 consentito l&#8217;uso del logo o di altre immagini di ARKITEK Telekom\u00fcnikasyon A.\u015e. per il collegamento senza un accordo di licenza sul marchio.<\/p>\n\n<h2 class=\"wp-block-heading\">Iframes<\/h2>\n\n<p>Senza preventiva approvazione ed espressa autorizzazione scritta, non pu\u00f2 creare cornici intorno alle nostre pagine web o utilizzare altre tecniche che alterino in qualsiasi modo la presentazione visiva o l&#8217;aspetto del nostro sito web.<\/p>\n\n<h2 class=\"wp-block-heading\">Riserva di Diritti<\/h2>\n\n<p>Ci riserviamo il diritto, in qualsiasi momento e a sua esclusiva discrezione, di chiederle di rimuovere tutti i link o un particolare link al nostro sito web. Lei accetta di rimuovere immediatamente tutti i link al nostro sito web a seguito di tale richiesta. Ci riserviamo inoltre il diritto di modificare questi termini e condizioni e la sua politica di collegamento in qualsiasi momento. Continuando a collegarsi al nostro sito web, accetta di essere vincolato e di rispettare questi termini e condizioni di collegamento.   <\/p>\n\n<h2 class=\"wp-block-heading\">Rimozione di link dal nostro sito web<\/h2>\n\n<p>Se ritiene che un link sul nostro sito web o un sito web collegato sia discutibile per qualsiasi motivo, pu\u00f2 contattarci al riguardo. Prenderemo in considerazione le richieste di rimozione dei link, ma non avremo alcun obbligo di farlo o di risponderle direttamente. <\/p>\n\n<p>Sebbene ci sforziamo di garantire che le informazioni contenute in questo sito web siano corrette, non ne garantiamo la completezza o l&#8217;accuratezza; n\u00e9 ci impegniamo a garantire che il sito web rimanga disponibile o che il materiale sul sito web sia aggiornato.<\/p>\n\n<h2 class=\"wp-block-heading\">Responsabilit\u00e0 del Contenuto<\/h2>\n\n<p>Non avremo alcuna responsabilit\u00e0 per i contenuti che appaiono sul suo sito web. Lei accetta di indennizzarci e difenderci da tutte le richieste di risarcimento derivanti da o basate sul suo sito web. Nessun link pu\u00f2 apparire su alcuna pagina del suo sito web o all&#8217;interno di un contesto che contenga contenuti o materiali che possano essere interpretati come diffamatori, osceni o criminali, o che infrangano, violino in altro modo o favoriscano l&#8217;infrazione o altra violazione di diritti di terzi.  <\/p>\n\n<h2 class=\"wp-block-heading\">Esclusione di Responsabilit\u00e0<\/h2>\n\n<p>Nella misura massima consentita dalla legge applicabile, escludiamo tutte le dichiarazioni, le garanzie e le condizioni relative al nostro sito web e all&#8217;uso di questo sito web (incluse, senza limitazioni, le garanzie implicite per legge in merito alla qualit\u00e0 soddisfacente, all&#8217;idoneit\u00e0 allo scopo e\/o all&#8217;uso di ragionevole cura e abilit\u00e0). Nulla di quanto contenuto nel presente disclaimer: <\/p>\n\n<ol class=\"wp-block-list\">\n<li>limitare o escludere la nostra o la vostra responsabilit\u00e0 per morte o lesioni personali derivanti da negligenza;<\/li>\n\n\n\n<li>limitare o escludere la nostra o la vostra responsabilit\u00e0 per frode o falsa dichiarazione fraudolenta;<\/li>\n\n\n\n<li>limitare una qualsiasi delle nostre o sue responsabilit\u00e0 in qualsiasi modo che non sia consentito dalla legge applicabile; oppure<\/li>\n\n\n\n<li>escludere qualsiasi nostra o vostra responsabilit\u00e0 che non possa essere esclusa ai sensi della legge applicabile.<\/li>\n<\/ol>\n\n<p>Le limitazioni ed esclusioni di responsabilit\u00e0 stabilite in questa Sezione e in altre parti del presente disclaimer: (a) sono soggette al paragrafo precedente; e (b) disciplinano tutte le responsabilit\u00e0 derivanti dal disclaimer o in relazione all&#8217;oggetto del presente disclaimer, comprese le responsabilit\u00e0 derivanti da contratto, da illecito civile (inclusa la negligenza) e per violazione di obblighi di legge.  <\/p>\n\n<p>Nella misura in cui il sito web e le informazioni e i servizi presenti sul sito web sono forniti gratuitamente, non saremo responsabili di eventuali perdite o danni di qualsiasi natura.<\/p>\n","protected":false},"excerpt":{"rendered":"<p>Benvenuti in ARKITEK Telekom\u00fcnikasyon A.\u015e. Questi termini e condizioni delineano le norme e i regolamenti per l&#8217;utilizzo del Sito Web di ARKITEK Telekom\u00fcnikasyon A.\u015e.. La nostra sede centrale si trova a: Ferko Signature Building Esentepe Mah. B\u00fcy\u00fckdere Cad. No: 175\/7, \u015ei\u015fli, 34394, Istanbul, T\u00dcRK\u0130YE Accedendo a questo sito web si presume che lei accetti integralmente &hellip; <\/p>\n<p class=\"link-more\"><a href=\"https:\/\/arkitek.net\/it\/legal\/termini-di-servizio\/\" class=\"more-link\">Leggi tutto<span class=\"screen-reader-text\"> &#8220;Termini di Servizio&#8221;<\/span><\/a><\/p>\n","protected":false},"author":1,"featured_media":1077,"parent":583,"menu_order":1,"comment_status":"closed","ping_status":"closed","template":"","meta":{"inline_featured_image":false,"footnotes":""},"class_list":["post-770","page","type-page","status-publish","has-post-thumbnail","hentry"],"_links":{"self":[{"href":"https:\/\/arkitek.net\/it\/wp-json\/wp\/v2\/pages\/770","targetHints":{"allow":["GET"]}}],"collection":[{"href":"https:\/\/arkitek.net\/it\/wp-json\/wp\/v2\/pages"}],"about":[{"href":"https:\/\/arkitek.net\/it\/wp-json\/wp\/v2\/types\/page"}],"author":[{"embeddable":true,"href":"https:\/\/arkitek.net\/it\/wp-json\/wp\/v2\/users\/1"}],"replies":[{"embeddable":true,"href":"https:\/\/arkitek.net\/it\/wp-json\/wp\/v2\/comments?post=770"}],"version-history":[{"count":0,"href":"https:\/\/arkitek.net\/it\/wp-json\/wp\/v2\/pages\/770\/revisions"}],"up":[{"embeddable":true,"href":"https:\/\/arkitek.net\/it\/wp-json\/wp\/v2\/pages\/583"}],"wp:featuredmedia":[{"embeddable":true,"href":"https:\/\/arkitek.net\/it\/wp-json\/wp\/v2\/media\/1077"}],"wp:attachment":[{"href":"https:\/\/arkitek.net\/it\/wp-json\/wp\/v2\/media?parent=770"}],"curies":[{"name":"wp","href":"https:\/\/api.w.org\/{rel}","templated":true}]}}