
{"id":699,"date":"2024-07-01T18:24:16","date_gmt":"2024-07-01T15:24:16","guid":{"rendered":"https:\/\/new.arkitek.net\/soluzioni\/telecomunicazioni\/rete-privata-virtuale-vpn\/"},"modified":"2024-07-10T22:38:57","modified_gmt":"2024-07-10T19:38:57","slug":"rete-privata-virtuale-vpn","status":"publish","type":"page","link":"https:\/\/arkitek.net\/it\/soluzioni\/telecommunicazioni\/rete-privata-virtuale-vpn\/","title":{"rendered":"Rete Privata Virtuale (VPN)"},"content":{"rendered":"\n<p>D\u00e0 ai suoi dipendenti la possibilit\u00e0 di lavorare da qualsiasi luogo, su computer portatili aziendali o dispositivi mobili personali, in qualsiasi momento, assicurandosi sempre che non vi siano violazioni della rete e dei dati. ARK\u0130TEK semplifica l&#8217;accesso sicuro agli endpoint e fornisce la sicurezza necessaria per mantenere la sua organizzazione sicura e protetta, collaborando con lei per comprendere le sue esigenze, proponendo una soluzione tecnica unica e consegnandola chiavi in mano quando ne ha bisogno. <\/p>\n\n<h2 class=\"wp-block-heading\">La Soluzione<\/h2>\n\n<p>La soluzione VPN aziendale di ARK\u0130TEK pu\u00f2 funzionare su tutti i sistemi operativi desktop e mobili, con il supporto di VPN e altri servizi di sicurezza, proteggendo diversi design WAN e aiutando le aziende a proteggere il loro bene pi\u00f9 importante &#8211; i dati &#8211; sia in transito che a riposo.<\/p>\n\n<h2 class=\"wp-block-heading\">Accesso Semplice e Sicuro<\/h2>\n\n<p>Consente ai dipendenti di lavorare da qualsiasi luogo, su computer portatili aziendali o dispositivi mobili personali, in qualsiasi momento. Ottenere la visibilit\u00e0 degli endpoint in tutta l&#8217;azienda. Proteggere i dipendenti all&#8217;interno o all&#8217;esterno della rete. Imporre la postura per gli endpoint connessi.   <\/p>\n\n<h2 class=\"wp-block-heading\">Visibilit\u00e0 Profonda, Contesto e Controllo<\/h2>\n\n<p>Prevenire le violazioni. Monitora continuamente tutti i comportamenti dei file per scoprire gli attacchi furtivi. Rileva, blocca e rimedia alle minacce informatiche avanzate su tutti gli endpoint. Il tutto in modo rapido e automatico.   <\/p>\n\n<h2 class=\"wp-block-heading\">Gestione Centralizzata dei Dispositivi<\/h2>\n\n<p>Se il numero di clienti dovesse aumentare, la soluzione pu\u00f2 essere estesa per controllare sia i dispositivi mobili che quelli desktop nella dashboard personalizzata, altamente sicura e basata su browser. Questa opzione offre la possibilit\u00e0 di integrare senza problemi nuovi dispositivi e di automatizzare l&#8217;applicazione delle politiche di sicurezza. <\/p>\n\n<h2 class=\"wp-block-heading\">Soluzione VPN Privata<\/h2>\n\n<p>La soluzione di ARK\u0130TEK \u00e8 cos\u00ec flessibile e conveniente; pu\u00f2 essere posseduta da famiglie ex-pat, piccoli uffici remoti all&#8217;estero o persone che sono sempre in movimento &#8211; per avere un uplink sicuro, affidabile e ad alte prestazioni alle risorse di rete nel Paese di origine. La soluzione consente di superare qualsiasi geo-blocking (solitamente implementato dai servizi di streaming video) e censura locale, fornendo un tunnel crittografato per tutti i computer, i dispositivi multimediali compatibili con la rete (smart-tv, console di gioco, ecc.) e gli smartphone\/tablet, all&#8217;interno o all&#8217;esterno della sua residenza. <\/p>\n","protected":false},"excerpt":{"rendered":"<p>D\u00e0 ai suoi dipendenti la possibilit\u00e0 di lavorare da qualsiasi luogo, su computer portatili aziendali o dispositivi mobili personali, in qualsiasi momento, assicurandosi sempre che non vi siano violazioni della rete e dei dati. ARK\u0130TEK semplifica l&#8217;accesso sicuro agli endpoint e fornisce la sicurezza necessaria per mantenere la sua organizzazione sicura e protetta, collaborando con &hellip; <\/p>\n<p class=\"link-more\"><a href=\"https:\/\/arkitek.net\/it\/soluzioni\/telecommunicazioni\/rete-privata-virtuale-vpn\/\" class=\"more-link\">Leggi tutto<span class=\"screen-reader-text\"> &#8220;Rete Privata Virtuale (VPN)&#8221;<\/span><\/a><\/p>\n","protected":false},"author":1,"featured_media":1117,"parent":412,"menu_order":4,"comment_status":"closed","ping_status":"closed","template":"","meta":{"inline_featured_image":false,"footnotes":""},"class_list":["post-699","page","type-page","status-publish","has-post-thumbnail","hentry"],"_links":{"self":[{"href":"https:\/\/arkitek.net\/it\/wp-json\/wp\/v2\/pages\/699","targetHints":{"allow":["GET"]}}],"collection":[{"href":"https:\/\/arkitek.net\/it\/wp-json\/wp\/v2\/pages"}],"about":[{"href":"https:\/\/arkitek.net\/it\/wp-json\/wp\/v2\/types\/page"}],"author":[{"embeddable":true,"href":"https:\/\/arkitek.net\/it\/wp-json\/wp\/v2\/users\/1"}],"replies":[{"embeddable":true,"href":"https:\/\/arkitek.net\/it\/wp-json\/wp\/v2\/comments?post=699"}],"version-history":[{"count":0,"href":"https:\/\/arkitek.net\/it\/wp-json\/wp\/v2\/pages\/699\/revisions"}],"up":[{"embeddable":true,"href":"https:\/\/arkitek.net\/it\/wp-json\/wp\/v2\/pages\/412"}],"wp:featuredmedia":[{"embeddable":true,"href":"https:\/\/arkitek.net\/it\/wp-json\/wp\/v2\/media\/1117"}],"wp:attachment":[{"href":"https:\/\/arkitek.net\/it\/wp-json\/wp\/v2\/media?parent=699"}],"curies":[{"name":"wp","href":"https:\/\/api.w.org\/{rel}","templated":true}]}}