
{"id":681,"date":"2024-07-01T18:19:30","date_gmt":"2024-07-01T15:19:30","guid":{"rendered":"https:\/\/new.arkitek.net\/soluzioni\/telecomunicazioni\/migrazione-ipv6\/"},"modified":"2024-07-10T22:28:18","modified_gmt":"2024-07-10T19:28:18","slug":"migrazione-ipv6","status":"publish","type":"page","link":"https:\/\/arkitek.net\/it\/soluzioni\/telecommunicazioni\/migrazione-ipv6\/","title":{"rendered":"Migrazione IPv6"},"content":{"rendered":"\n<p>Gli operatori mobili e i fornitori di servizi si affidano sempre pi\u00f9 alle offerte di servizi dati basati su IP per la loro base di ricavi. Nel frattempo, il traffico a banda larga sia fisso che mobile \u00e8 esploso con il Web 2.0, l&#8217;IoT, i video e i social media che hanno aumentato la domanda degli utenti. <\/p>\n\n<p>Partendo dalle reti fisse di oggi, esse servono pi\u00f9 di 500 milioni di abbonati e le reti sono ottimizzate sul costo per bit per poter gestire una grande quantit\u00e0 di dati da ogni utente. Inoltre, le reti mobili servono gi\u00e0 oggi pi\u00f9 di 5 miliardi di abbonati e i servizi sono pi\u00f9 personalizzati con reti ottimizzate per gestire un&#8217;ampia base di abbonati.  <\/p>\n\n<p>Sebbene l&#8217;IPv6 presenti molti vantaggi rispetto all&#8217;IPv4, gli operatori sono riluttanti a effettuare la transizione, in quanto la tecnologia \u00e8 pi\u00f9 &#8216;dirompente&#8217; che plug-and-play. L&#8217;esaurimento dello spazio di indirizzi IPv4 viene invece affrontato investendo su <a href=\"\">CGNAT<\/a>. <\/p>\n\n<h2 class=\"wp-block-heading\">La Soluzione<\/h2>\n\n<p>Il servizio di migrazione IPv6 di ARK\u0130TEK offre agli operatori un modo per introdurre senza problemi l&#8217;IPv6 nella rete, iniziando con l&#8217;identificazione del delta tra lo stato attuale della sua rete e la posizione desiderata, definendo una strategia di transizione e un&#8217;analisi dell&#8217;impatto, pianificando la migrazione e infine, con un approccio graduale, abilitando nuovi servizi basati sull&#8217;IPv6 come richiesto dalla sua azienda.<\/p>\n\n<p>Una transizione di successo da una rete basata su IPv4 a un IPv6 nativo \u00e8 quella in cui gli elementi IPv6 vengono incorporati nella rete e, allo stesso tempo, viene mantenuta la compatibilit\u00e0 con l&#8217;infrastruttura IP preesistente. Pertanto, per un certo periodo di tempo, riconosciamo il fatto che i dispositivi IPv6 devono interagire e funzionare con quelli esistenti. <\/p>\n\n<p>Gli abbonati si aspettano un&#8217;esperienza di servizio pari o superiore ai servizi basati su IPv4 e non si aspettano alcuna interruzione del servizio. L&#8217;utente si aspetter\u00e0 anche una gamma di terminali tra cui scegliere e una configurazione aggiuntiva semplice o nulla per iniziare a utilizzare i servizi. <\/p>\n\n<p>L&#8217;ideale \u00e8 che l&#8217;utente non debba essere a conoscenza della versione IP, ponendo dei requisiti alle applicazioni e alla capacit\u00e0 del sistema operativo di scegliere e utilizzare la versione IP secondo le necessit\u00e0.\n\n<\/p>\n\n<p>Pertanto, sono necessarie tecniche di coesistenza, soprattutto quando la maggior parte degli utenti \u00e8 su IPv6 e alcuni servizi sono rimasti su IPv4. Per gli utenti mobili, un utente pu\u00f2 utilizzare principalmente l&#8217;IPv6 nella rete domestica dell&#8217;operatore e tornare all&#8217;IPv4 nelle reti visitate, se necessario.\n \n\n<\/p>\n\n<p>I vantaggi di questa introduzione graduale dell&#8217;IPv6 per gli operatori sono:<\/p>\n\n<ul class=\"wp-block-list\">\n<li>Introduzione senza problemi dell&#8217;IPv6 nella rete dell&#8217;operatore e abilitazione di nuovi servizi basati sull&#8217;IPv6, come richiesto dall&#8217;attivit\u00e0 dell&#8217;operatore.<\/li>\n\n\n\n<li>Un approccio graduale che consente all&#8217;operatore di acquisire gradualmente esperienza e competenza.<\/li>\n\n\n\n<li>Un&#8217;implementazione efficace dal punto di vista dei costi, che riduce sia il rischio che il costo dell&#8217;implementazione.<\/li>\n<\/ul>\n","protected":false},"excerpt":{"rendered":"<p>Gli operatori mobili e i fornitori di servizi si affidano sempre pi\u00f9 alle offerte di servizi dati basati su IP per la loro base di ricavi. Nel frattempo, il traffico a banda larga sia fisso che mobile \u00e8 esploso con il Web 2.0, l&#8217;IoT, i video e i social media che hanno aumentato la domanda &hellip; <\/p>\n<p class=\"link-more\"><a href=\"https:\/\/arkitek.net\/it\/soluzioni\/telecommunicazioni\/migrazione-ipv6\/\" class=\"more-link\">Leggi tutto<span class=\"screen-reader-text\"> &#8220;Migrazione IPv6&#8221;<\/span><\/a><\/p>\n","protected":false},"author":1,"featured_media":1117,"parent":412,"menu_order":3,"comment_status":"closed","ping_status":"closed","template":"","meta":{"inline_featured_image":false,"footnotes":""},"class_list":["post-681","page","type-page","status-publish","has-post-thumbnail","hentry"],"_links":{"self":[{"href":"https:\/\/arkitek.net\/it\/wp-json\/wp\/v2\/pages\/681","targetHints":{"allow":["GET"]}}],"collection":[{"href":"https:\/\/arkitek.net\/it\/wp-json\/wp\/v2\/pages"}],"about":[{"href":"https:\/\/arkitek.net\/it\/wp-json\/wp\/v2\/types\/page"}],"author":[{"embeddable":true,"href":"https:\/\/arkitek.net\/it\/wp-json\/wp\/v2\/users\/1"}],"replies":[{"embeddable":true,"href":"https:\/\/arkitek.net\/it\/wp-json\/wp\/v2\/comments?post=681"}],"version-history":[{"count":0,"href":"https:\/\/arkitek.net\/it\/wp-json\/wp\/v2\/pages\/681\/revisions"}],"up":[{"embeddable":true,"href":"https:\/\/arkitek.net\/it\/wp-json\/wp\/v2\/pages\/412"}],"wp:featuredmedia":[{"embeddable":true,"href":"https:\/\/arkitek.net\/it\/wp-json\/wp\/v2\/media\/1117"}],"wp:attachment":[{"href":"https:\/\/arkitek.net\/it\/wp-json\/wp\/v2\/media?parent=681"}],"curies":[{"name":"wp","href":"https:\/\/api.w.org\/{rel}","templated":true}]}}