
{"id":660,"date":"2024-07-01T18:17:57","date_gmt":"2024-07-01T15:17:57","guid":{"rendered":"https:\/\/new.arkitek.net\/soluzioni\/telecomunicazioni\/terminazione-dellabbonamento-alla-banda-larga-fissa\/"},"modified":"2024-07-10T22:21:30","modified_gmt":"2024-07-10T19:21:30","slug":"terminazione-dellabbonamento-alla-banda-larga-fissa","status":"publish","type":"page","link":"https:\/\/arkitek.net\/it\/soluzioni\/telecommunicazioni\/terminazione-dellabbonamento-alla-banda-larga-fissa\/","title":{"rendered":"Terminazione dell&#8217;Abbonamento Alla Banda Larga Fissa"},"content":{"rendered":"\n<p>La rapida diffusione di Internet TV e video sta guidando i volumi di traffico, con una porzione crescente di servizi disponibili che ora offrono contenuti ad alta definizione. In effetti, la TV e il video su Internet hanno gi\u00e0 rappresentato pi\u00f9 della met\u00e0 di tutto il traffico Internet. <\/p>\n\n<p>Sebbene la tecnologia della banda larga mobile e i record di velocit\u00e0 in arrivo siano al centro dell&#8217;attenzione dei media, \u00e8 un dato di fatto che le reti a banda larga fisse stiano ancora facendo il lavoro pi\u00f9 pesante. Il numero totale di abbonati alla banda larga fissa pu\u00f2 non crescere con la stessa velocit\u00e0 degli abbonamenti mobili; ma il consumo di traffico degli abbonati fissi raddoppia ogni anno. <\/p>\n\n<p>La crescita del volume e della diversit\u00e0 rappresenta sia un&#8217;opportunit\u00e0 che una sfida per gli operatori di rete. Da un lato, i servizi Internet stanno diventando sempre pi\u00f9 essenziali per un numero sempre maggiore di aspetti della vita delle persone: per gli affari, per l&#8217;istruzione, per l&#8217;interazione sociale, per l&#8217;intrattenimento. Ci\u00f2 consente nuove opportunit\u00e0 di guadagno. D&#8217;altra parte, la crescita prospettica richiede investimenti in aggiornamenti della rete, e le spese operative aggiuntive possono accompagnare questi aggiornamenti. Sono necessarie strategie moderne per massimizzare il valore di questi investimenti e minimizzare le spese correlate. In particolare, l&#8217;approccio classico di over provisioning delle capacit\u00e0 di rete, per assicurare un&#8217;elevata qualit\u00e0 dell&#8217;esperienza dell&#8217;utente finale, diventer\u00e0 proibitivo dal punto di vista dei costi.     <\/p>\n\n<p>Le reti devono invece diventare pi\u00f9 intelligenti. Devono riconoscere i tipi di applicazioni, i dispositivi degli utenti finali e le loro preferenze, in modo da massimizzare l&#8217;esperienza degli utenti finali e garantire un uso equo delle risorse di rete disponibili. Le reti devono anche diventare pi\u00f9 semplici, quindi pi\u00f9 economiche, da gestire, nascondendo la complessit\u00e0 che alimenta la loro nuova intelligenza. E devono fornire una resilienza di prima classe, per garantire un degrado aggraziato e un&#8217;interruzione minima nel raro caso di un guasto.   <\/p>\n\n<h2 class=\"wp-block-heading\">La Soluzione<\/h2>\n\n<p>La soluzione PTA di ARK\u0130TEK offre ai fornitori di servizi Internet a banda fissa un progetto per implementare, ottimizzare e far crescere in modo rapido ed efficiente la propria infrastruttura o quella condivisa, sempre nel rispetto degli standard del settore, delle normative locali, delle best practice e delle implementazioni.<\/p>\n\n<p>La soluzione di terminazione degli abbonati a banda larga fissa vendor-agnostic di ARK\u0130TEK offre ai service provider e alle aziende di qualsiasi scala un solido progetto per implementare una rete multiservizio altamente scalabile, affidabile e che garantisce prestazioni per voce, video e dati grazie a servizi differenziati abilitati dal QoS. La sicurezza integrata offre una difesa approfondita a livello di nodo, rete e applicazione. <\/p>\n\n<h2 class=\"wp-block-heading\">Opzioni di Design e Flessibilit\u00e0<\/h2>\n\n<p>La nostra soluzione di terminazione degli abbonati alla banda larga fissa risponde ai requisiti tecnici e operativi dei fornitori di servizi di qualsiasi scala, copertura geografica, modelli operativi e commerciali &#8211; al dettaglio, all&#8217;ingrosso o entrambi. Lavoriamo con lei per capire innanzitutto le sue esigenze e i suoi obiettivi commerciali, e le offriamo una soluzione end-to-end che si adatti perfettamente ai suoi requisiti tecnici, operativi e di bilancio, sempre in linea con le normative esistenti e conforme alle leggi locali. <\/p>\n\n<h2 class=\"wp-block-heading\">Ridondanza<\/h2>\n\n<p>La soluzione offre la massima resilienza, robustezza e ridondanza a diversi livelli per soddisfare gli SLA pi\u00f9 elevati. I circuiti fisici\/logici e le sessioni degli abbonati possono essere distribuiti su nodi ridondanti e\/o schede di linea e interfacce all&#8217;interno dello stesso nodo. Gli scenari di alta disponibilit\u00e0 statful e stateless (purch\u00e9 supportati dall&#8217;apparecchiatura attiva) sono inclusi nella soluzione.  <\/p>\n\n<h2 class=\"wp-block-heading\">Scalabilit\u00e0 e Prestazioni<\/h2>\n\n<p>Sebbene il numero totale di abbonati, i servizi associati e la velocit\u00e0 media di download per abbonato siano parametri chiave per il dimensionamento della soluzione, teniamo conto anche di altre variabili (come il sovraccarico di frame\/pacchetti, le limitazioni del processore, i requisiti di ridondanza, il tasso di bring-up degli abbonati, la QoS, ecc.<\/p>\n\n<p>Dal modem\/router residenziale fino al router di scambio del traffico Internet (per il traffico del piano utente) e AAA (RADIUS), Policy Manager, DHCP e funzioni come DPI (per il traffico di segnalazione), ogni singolo nodo e interfaccia sono inclusi nel nostro ambito per avere una stima accurata delle prestazioni della soluzione, una volta implementata e messa in produzione.<\/p>\n","protected":false},"excerpt":{"rendered":"<p>La rapida diffusione di Internet TV e video sta guidando i volumi di traffico, con una porzione crescente di servizi disponibili che ora offrono contenuti ad alta definizione. In effetti, la TV e il video su Internet hanno gi\u00e0 rappresentato pi\u00f9 della met\u00e0 di tutto il traffico Internet. Sebbene la tecnologia della banda larga mobile &hellip; <\/p>\n<p class=\"link-more\"><a href=\"https:\/\/arkitek.net\/it\/soluzioni\/telecommunicazioni\/terminazione-dellabbonamento-alla-banda-larga-fissa\/\" class=\"more-link\">Leggi tutto<span class=\"screen-reader-text\"> &#8220;Terminazione dell&#8217;Abbonamento Alla Banda Larga Fissa&#8221;<\/span><\/a><\/p>\n","protected":false},"author":1,"featured_media":1117,"parent":412,"menu_order":2,"comment_status":"closed","ping_status":"closed","template":"","meta":{"inline_featured_image":false,"footnotes":""},"class_list":["post-660","page","type-page","status-publish","has-post-thumbnail","hentry"],"_links":{"self":[{"href":"https:\/\/arkitek.net\/it\/wp-json\/wp\/v2\/pages\/660","targetHints":{"allow":["GET"]}}],"collection":[{"href":"https:\/\/arkitek.net\/it\/wp-json\/wp\/v2\/pages"}],"about":[{"href":"https:\/\/arkitek.net\/it\/wp-json\/wp\/v2\/types\/page"}],"author":[{"embeddable":true,"href":"https:\/\/arkitek.net\/it\/wp-json\/wp\/v2\/users\/1"}],"replies":[{"embeddable":true,"href":"https:\/\/arkitek.net\/it\/wp-json\/wp\/v2\/comments?post=660"}],"version-history":[{"count":0,"href":"https:\/\/arkitek.net\/it\/wp-json\/wp\/v2\/pages\/660\/revisions"}],"up":[{"embeddable":true,"href":"https:\/\/arkitek.net\/it\/wp-json\/wp\/v2\/pages\/412"}],"wp:featuredmedia":[{"embeddable":true,"href":"https:\/\/arkitek.net\/it\/wp-json\/wp\/v2\/media\/1117"}],"wp:attachment":[{"href":"https:\/\/arkitek.net\/it\/wp-json\/wp\/v2\/media?parent=660"}],"curies":[{"name":"wp","href":"https:\/\/api.w.org\/{rel}","templated":true}]}}