
{"id":642,"date":"2024-07-01T18:15:18","date_gmt":"2024-07-01T15:15:18","guid":{"rendered":"https:\/\/new.arkitek.net\/soluzioni\/telecomunicazioni\/rete-dorsale-a-pacchetti-convergenti\/"},"modified":"2024-07-10T22:16:25","modified_gmt":"2024-07-10T19:16:25","slug":"rete-dorsale-a-pacchetti-convergenti","status":"publish","type":"page","link":"https:\/\/arkitek.net\/it\/soluzioni\/telecommunicazioni\/rete-dorsale-a-pacchetti-convergenti\/","title":{"rendered":"Rete Dorsale a Pacchetti Convergenti"},"content":{"rendered":"\n<p>Dati i rapidi progressi tecnologici nelle telecomunicazioni mobili, la nostra visione di un mondo interconnesso e &#8220;always on&#8221; si realizza ancora prima di quanto previsto. Le velocit\u00e0 iniziali del GPRS di 14,4kbps sono schizzate alle attuali velocit\u00e0 5G di oltre 1Gbps. Per gli operatori e i fornitori di servizi in grado di tenere il passo, questi cambiamenti portano innumerevoli opportunit\u00e0 di guadagno, ma anche molte sfide operative.  <\/p>\n\n<p>La costante corsa all&#8217;interconnessione non solo delle persone, ma anche degli oggetti sfida i modelli di business tradizionali e costringe molti fornitori di servizi a innovare costantemente per rimanere competitivi. Poich\u00e9 il time-to-market per i nuovi servizi diventa fondamentale per aumentare la generazione di ricavi, gli operatori sono sotto pressione per aggiornare rapidamente le reti. <\/p>\n\n<p>Senza il lusso del tempo, i service provider hanno bisogno di fornitori di apparecchiature in grado di fornire soluzioni di infrastruttura IP collaudate e verificate, che integrino i componenti della rete e forniscano funzionalit\u00e0 o applicazioni in tempi brevi. Inoltre, con l&#8217;evoluzione della tecnologia a un ritmo cos\u00ec rapido, trovare esperti di prodotto altamente qualificati \u00e8 una sfida. Molti provider devono affidarsi a fornitori esterni per gestire funzioni tecniche come la pianificazione, la progettazione, l&#8217;implementazione e la manutenzione della rete.  <\/p>\n\n<p>Un&#8217;altra realt\u00e0 di questa rapida evoluzione \u00e8 l&#8217;inevitabilit\u00e0 della coesistenza di pi\u00f9 generazioni di tecnologie mobili. In un mondo in cui la conservazione del CAPEX e la riduzione dell&#8217;OPEX sono imperativi, c&#8217;\u00e8 una pressione crescente sui fornitori per garantire l&#8217;estensibilit\u00e0 della rete per accogliere le tecnologie future. <\/p>\n\n<p>Di conseguenza, gli operatori hanno bisogno di una rete che sia a prova di futuro e compatibile con il passato, per evitare costosi aggiornamenti dei carrelli elevatori e la spesa per la continua riqualificazione del personale.<\/p>\n\n<h2 class=\"wp-block-heading\">La Soluzione<\/h2>\n\n<p>Mentre gli operatori devono continuamente trasformare le loro reti per gestire una scala massiccia e adottare un modello operativo che supporti il rapido lancio di nuovi servizi, le nostre soluzioni infrastrutturali IP end-to-end pre-testate e verificate e la nostra esperienza contribuiscono a rendere questa trasformazione il pi\u00f9 possibile perfetta ed efficiente.<\/p>\n\n<p>I nostri professionisti del servizio hanno trascorso migliaia di ore di lavoro nella progettazione, pianificazione, implementazione e manutenzione di reti fisse, mobili e convergenti. Quando \u00e8 pronto a navigare nel mondo della rapida evoluzione tecnologica, ARK\u0130TEK \u00e8 il partner ideale per aiutarla a monetizzare la sua risorsa pi\u00f9 strategica: la rete. <\/p>\n\n<p>La <strong>Soluzione di Rete Dorsale a Pacchetti<\/strong> di ARK\u0130TEK offre agli operatori, ai service provider e alle aziende di qualsiasi scala un solido progetto per implementare una rete multiservizio altamente scalabile, affidabile e che garantisce prestazioni per voce, video e dati grazie a servizi differenziati abilitati da QoS. La sicurezza integrata fornisce una difesa approfondita a livello di nodo, rete e applicazione. <\/p>\n\n<p>La soluzione CPBN di ARKITEK fornisce un&#8217;infrastruttura IP multiservizio per le reti mobili core e metropolitane convergenti, supportando servizi di dati a pacchetto a banda larga, Mobile Softswitching e IMS. Offre un&#8217;affidabilit\u00e0 di qualit\u00e0 di telecomunicazione ed \u00e8 stata sviluppata per supportare un&#8217;evoluzione efficiente verso l&#8217;all-IP. Il CPBN accelera il roll-out di una nuova infrastruttura IP mission-critical e riduce al minimo i costi e i rischi di implementazione per un operatore. Il team di servizi professionali di ARKITEK assicura il successo della progettazione, dell&#8217;integrazione e della consegna dell&#8217;infrastruttura di rete dell&#8217;operatore, oltre a servizi di gestione e formazione continua.    <\/p>\n\n<p>Il CPBN \u00e8 una soluzione infrastrutturale IP multi-servizio che include soluzioni di connettivit\u00e0 complete per il trasporto sia intra che inter-sito, tenendo conto delle questioni di prestazioni, affidabilit\u00e0, scalabilit\u00e0, sicurezza e gestibilit\u00e0. <\/p>\n\n<p>Il CPBN collega tutti i nodi e i server della rete centrale. Inoltre, fornisce la connettivit\u00e0 IP necessaria tra la rete centrale, la rete di servizi, le reti di accesso radio e le reti esterne, come il GPRS Roaming Exchange (GRX), Internet e i siti aziendali.  <\/p>\n\n<h2 class=\"wp-block-heading\">Design Ottimale per la Rete di Trasporto<\/h2>\n\n<p>Il design ottimale della rete di trasporto convergente deve fornire funzionalit\u00e0 di trasporto efficienti e consapevoli del traffico lungo tutto il percorso dalla RAN IP al nucleo fisso\/mobile, attraverso il backhaul mobile e la dorsale a pacchetti. Tuttavia, la scalabilit\u00e0 della rete di backhaul mobile rappresenta una sfida significativa. Con l&#8217;aumento della velocit\u00e0 di accesso degli utenti, una rete di trasporto che ha origine alla stazione radio base e termina al BSC o all&#8217;RNC pu\u00f2 diventare un collo di bottiglia critico e denigrare l&#8217;esperienza dell&#8217;utente.  <\/p>\n\n<h2 class=\"wp-block-heading\">Vantaggi per l&#8217;Operatore<\/h2>\n\n<p>La soluzione CPBN di ARKITEK presenta i seguenti vantaggi chiave per l&#8217;operatore:<\/p>\n\n<p><strong>Offre servizi affidabili agli abbonati.<\/strong> Problemi come la progettazione di reti ad alta disponibilit\u00e0, il jitter, il ritardo e la perdita di pacchetti sono sfide importanti per l&#8217;infrastruttura IP, e la nostra azienda si avvale della competenza e dell&#8217;esperienza di ARKITEK per fornire servizi in tempo reale su cui un operatore pu\u00f2 fare affidamento.<\/p>\n\n<p><strong>Rischio ridotto.<\/strong> Progettiamo reti a pacchetto dal 1999 e abbiamo partecipato a pi\u00f9 di 50 implementazioni di clienti in tutto il mondo. Pertanto, si tratta di una soluzione di riferimento ben collaudata con servizi professionali ben collaudati, che offre un percorso a rischio ridotto per gli operatori che intraprendono il percorso di evoluzione verso l&#8217;all-IP, compreso il supporto per le tecnologie moderne e l&#8217;automazione. <\/p>\n\n<p><strong>Consente di accelerare il time to service e la generazione di ricavi.<\/strong> Il progetto di riferimento CPBN fondamentale \u00e8 basato su standard, ben documentato e verificato. Questo design di fiducia \u00e8 quindi ben collaudato e garantisce tempi di messa in servizio pi\u00f9 rapidi, perch\u00e9 riduce i compiti di valutazione e integrazione e i costi introdotti quando un operatore progetta una soluzione su misura da diversi fornitori. <\/p>\n\n<p><\/p>\n\n<p><strong>Riduce i costi di rete nel corso della vita e massimizza l&#8217;uso del capitale investito.<\/strong> Il CPBN \u00e8 una soluzione a lungo termine con una migrazione ben pianificata che comprende MSS, IMS e migrazione LTE\/EPC. Offre un&#8217;architettura modulare scalabile e piattaforme scalabili in grado di supportare carichi di traffico elevati per la crescita futura. <\/p>\n\n<p><strong>Offre servizi differenziati prevedibili.<\/strong> Questo vale per il traffico con requisiti in tempo reale (come la conversazione vocale), il traffico in streaming, le e-mail, la navigazione e cos\u00ec via. Ognuno di essi ha un QoS assegnato e si pu\u00f2 fornire un servizio deterministico appropriato in base ai requisiti dell&#8217;applicazione. <\/p>\n\n<p><strong>Offre un&#8217;infrastruttura di rete sicura per gli operatori, gli utenti e il loro traffico.<\/strong> Si tratta di una minaccia reale per gli operatori, soprattutto perch\u00e9 l&#8217;infrastruttura IP ora trasporta dati di fatturazione, O&amp;M e traffico di segnalazione. CPBN adotta un approccio olistico alla sicurezza, esaminando le minacce provenienti da fonti interne ed esterne, e produce una soluzione specifica per l&#8217;operatore utilizzando un approccio multilivello. <\/p>\n\n<p><strong>Consente una crescita scalabile da piccole a grandi dimensioni.<\/strong> Il CPBN si avvale di un&#8217;architettura scalabile che utilizza tipi di siti predefiniti, soluzioni modulari e piattaforme di elementi di rete scalabili per produrre un&#8217;architettura di rete in grado di crescere per adattarsi alla crescita del numero di abbonati e del traffico.<\/p>\n\n<h3 class=\"wp-block-heading\">Ridurre l&#8217;abbandono degli abbonati<\/h3>\n\n<p class=\"has-pale-cyan-blue-background-color has-background\">L&#8217;obiettivo principale della maggior parte delle strategie aziendali \u00e8 quello di ridurre il tasso di abbandono degli utenti e aumentare l&#8217;ARPU. Dal momento che gli abbonati hanno molte scelte, la chiave per la fidelizzazione degli utenti \u00e8 stata l&#8217;offerta di servizi costantemente superiori e personalizzati. Offrire un&#8217;elevata qualit\u00e0 dell&#8217;esperienza (QoE) richiede una rete di trasporto convergente, progettata per essere scalabile con l&#8217;evoluzione delle tecnologie e l&#8217;aumento del traffico degli utenti. I fornitori di servizi devono anche garantire un uso equo della rete e mantenere la capacit\u00e0 di applicare prezzi pi\u00f9 elevati per i servizi premium che garantiscono livelli di servizio e affidabilit\u00e0.   <\/p>\n\n<h2 class=\"wp-block-heading\"><a href=\"https:\/\/new.arkitek.net\/en\/services\/\" data-type=\"page\" data-id=\"74\">Servizi Professionali<\/a><\/h2>\n\n<p>Sono disponibili <a href=\"https:\/\/new.arkitek.net\/en\/services\/\" data-type=\"page\" data-id=\"74\">servizi professionali<\/a> complementari per aumentare il design della soluzione CPBN, facilitare l&#8217;implementazione della rete e gestire il funzionamento in servizio.<\/p>\n\n<p>Grazie all&#8217;impiego di professionisti esperti e competenti, ARKITEK \u00e8 in grado di personalizzare e implementare una nuova infrastruttura IP mobile core in base ai requisiti specifici dell&#8217;operatore. ARKITEK offre servizi di consulenza commerciale e tecnica, per tutti gli aspetti della progettazione, dell&#8217;implementazione e del supporto in servizio della rete, compreso il &#8216;Solution Level Support&#8217; completo e proattivo.  <\/p>\n\n<p>L&#8217;implementazione della soluzione CPBN consente di ottenere risparmi sostanziali. Questi risparmi si ottengono se confrontati con l&#8217;approccio alternativo, che si riscontra comunemente quando si utilizzano le risorse interne per progettare e integrare una soluzione frammentaria basata su una serie di offerte di fornitori. Questo approccio impegna settimane e mesi di risorse interne, introduce molti rischi associati alla scalabilit\u00e0, alla migrazione e al supporto della soluzione di rete frammentaria. In definitiva, si spende di pi\u00f9, si aumentano i rischi e si impiega pi\u00f9 tempo a mettere in servizio la rete rispetto all&#8217;implementazione della soluzione CPBN di ARKITEK.    <\/p>\n\n<p>Le offerte di <a href=\"https:\/\/new.arkitek.net\/en\/services\/\" data-type=\"page\" data-id=\"74\">servizi professionali di ARKITEK<\/a> sono raggruppate in cinque classificazioni: &#8220;<a href=\"https:\/\/new.arkitek.net\/en\/services\/#Consultancy\" data-type=\"page\" data-id=\"74\">Consulenza<\/a>&#8220;, &#8220;<a href=\"https:\/\/new.arkitek.net\/en\/services\/#Systems-Integration\" data-type=\"page\" data-id=\"74\">Integrazione di sistemi<\/a>&#8220;, &#8220;<a href=\"https:\/\/new.arkitek.net\/en\/services\/#Custom-Development\" data-type=\"page\" data-id=\"74\">Sviluppo personalizzato<\/a>&#8220;, &#8220;<a href=\"https:\/\/new.arkitek.net\/en\/services\/#Application-And-Software-Testing\" data-type=\"page\" data-id=\"74\">Test di applicazioni e software<\/a>&#8221; e &#8220;<a href=\"https:\/\/new.arkitek.net\/en\/services\/#Engineering-Services\" data-type=\"page\" data-id=\"74\">Servizi di ingegneria<\/a>&#8220;. Questi servizi forniscono competenze e garanzie per tutta la durata dei requisiti applicativi e di rete, dall&#8217;audit e dalla proposta, all&#8217;implementazione e al supporto a livello di soluzione, fino alla gestione della crescita e della migrazione. ARKITEK ha un&#8217;ampia esperienza nella fornitura di questi servizi, e i suoi clienti sono sparsi in tutto il mondo e includono molte delle aziende pi\u00f9 importanti del mondo. <\/p>\n","protected":false},"excerpt":{"rendered":"<p>Dati i rapidi progressi tecnologici nelle telecomunicazioni mobili, la nostra visione di un mondo interconnesso e &#8220;always on&#8221; si realizza ancora prima di quanto previsto. Le velocit\u00e0 iniziali del GPRS di 14,4kbps sono schizzate alle attuali velocit\u00e0 5G di oltre 1Gbps. Per gli operatori e i fornitori di servizi in grado di tenere il passo, &hellip; <\/p>\n<p class=\"link-more\"><a href=\"https:\/\/arkitek.net\/it\/soluzioni\/telecommunicazioni\/rete-dorsale-a-pacchetti-convergenti\/\" class=\"more-link\">Leggi tutto<span class=\"screen-reader-text\"> &#8220;Rete Dorsale a Pacchetti Convergenti&#8221;<\/span><\/a><\/p>\n","protected":false},"author":1,"featured_media":1117,"parent":412,"menu_order":1,"comment_status":"closed","ping_status":"closed","template":"","meta":{"inline_featured_image":false,"footnotes":""},"class_list":["post-642","page","type-page","status-publish","has-post-thumbnail","hentry"],"_links":{"self":[{"href":"https:\/\/arkitek.net\/it\/wp-json\/wp\/v2\/pages\/642","targetHints":{"allow":["GET"]}}],"collection":[{"href":"https:\/\/arkitek.net\/it\/wp-json\/wp\/v2\/pages"}],"about":[{"href":"https:\/\/arkitek.net\/it\/wp-json\/wp\/v2\/types\/page"}],"author":[{"embeddable":true,"href":"https:\/\/arkitek.net\/it\/wp-json\/wp\/v2\/users\/1"}],"replies":[{"embeddable":true,"href":"https:\/\/arkitek.net\/it\/wp-json\/wp\/v2\/comments?post=642"}],"version-history":[{"count":0,"href":"https:\/\/arkitek.net\/it\/wp-json\/wp\/v2\/pages\/642\/revisions"}],"up":[{"embeddable":true,"href":"https:\/\/arkitek.net\/it\/wp-json\/wp\/v2\/pages\/412"}],"wp:featuredmedia":[{"embeddable":true,"href":"https:\/\/arkitek.net\/it\/wp-json\/wp\/v2\/media\/1117"}],"wp:attachment":[{"href":"https:\/\/arkitek.net\/it\/wp-json\/wp\/v2\/media?parent=642"}],"curies":[{"name":"wp","href":"https:\/\/api.w.org\/{rel}","templated":true}]}}