
{"id":583,"date":"2024-07-01T17:58:17","date_gmt":"2024-07-01T14:58:17","guid":{"rendered":"https:\/\/new.arkitek.net\/avvisi-legali\/"},"modified":"2024-07-10T13:24:29","modified_gmt":"2024-07-10T10:24:29","slug":"legal","status":"publish","type":"page","link":"https:\/\/arkitek.net\/it\/legal\/","title":{"rendered":"Avvisi Legali"},"content":{"rendered":"\n<h2 class=\"wp-block-heading\"><a href=\"https:\/\/arkitek.net\/it\/legal\/termini-di-servizio\/\" data-type=\"page\" data-id=\"52\">Termini di Servizio<\/a><\/h2>\n\n<p>I presenti Termini regolano l&#8217;accesso e l&#8217;utilizzo del Sito e di qualsiasi servizio fornito attraverso il Sito e costituiscono un accordo legale vincolante tra lei e ARKITEK Telekom\u00fcnikasyon A.\u015e.<\/p>\n\n<h2 class=\"wp-block-heading\"><a href=\"https:\/\/arkitek.net\/it\/legal\/informativa-sulla-privacy\/\" data-type=\"page\" data-id=\"783\">Informativa sulla Privacy<\/a><\/h2>\n\n<p>ARKITEK Telekom\u00fcnikasyon A.\u015e. fornisce questa Informativa sulla privacy per informare gli utenti delle nostre politiche e procedure relative alla raccolta, all&#8217;uso e alla divulgazione di informazioni di identificazione personale ricevute dagli utenti di questo sito web situato all&#8217;indirizzo <a href=\"https:\/\/arkitek.net\">arkitek.net<\/a>. La preghiamo di notare che la presente Informativa sulla privacy si applica solo a questo Sito. La presente Informativa sulla privacy pu\u00f2 essere aggiornata di tanto in tanto per qualsiasi motivo. Le comunicheremo qualsiasi modifica sostanziale alla nostra Informativa sulla privacy pubblicando la nuova Informativa sulla privacy sul nostro Sito.  <\/p>\n\n<h2 class=\"wp-block-heading\"><a href=\"https:\/\/arkitek.net\/it\/legal\/informativa-sui-cookie\/\" data-type=\"page\" data-id=\"54\">Informativa sui Cookie<\/a><\/h2>\n\n<p>ARKITEK Telekom\u00fcnikasyon A.\u015e. (&#8220;noi&#8221;) ha pubblicato la presente Politica sui cookie per delineare il modo in cui utilizziamo i cookie e altre tecnologie come pixel, tag e beacon sul nostro sito web.<\/p>\n","protected":false},"excerpt":{"rendered":"<p>Termini di Servizio I presenti Termini regolano l&#8217;accesso e l&#8217;utilizzo del Sito e di qualsiasi servizio fornito attraverso il Sito e costituiscono un accordo legale vincolante tra lei e ARKITEK Telekom\u00fcnikasyon A.\u015e. Informativa sulla Privacy ARKITEK Telekom\u00fcnikasyon A.\u015e. fornisce questa Informativa sulla privacy per informare gli utenti delle nostre politiche e procedure relative alla raccolta, &hellip; <\/p>\n<p class=\"link-more\"><a href=\"https:\/\/arkitek.net\/it\/legal\/\" class=\"more-link\">Leggi tutto<span class=\"screen-reader-text\"> &#8220;Avvisi Legali&#8221;<\/span><\/a><\/p>\n","protected":false},"author":1,"featured_media":1077,"parent":0,"menu_order":0,"comment_status":"closed","ping_status":"closed","template":"","meta":{"inline_featured_image":false,"footnotes":""},"class_list":["post-583","page","type-page","status-publish","has-post-thumbnail","hentry"],"_links":{"self":[{"href":"https:\/\/arkitek.net\/it\/wp-json\/wp\/v2\/pages\/583","targetHints":{"allow":["GET"]}}],"collection":[{"href":"https:\/\/arkitek.net\/it\/wp-json\/wp\/v2\/pages"}],"about":[{"href":"https:\/\/arkitek.net\/it\/wp-json\/wp\/v2\/types\/page"}],"author":[{"embeddable":true,"href":"https:\/\/arkitek.net\/it\/wp-json\/wp\/v2\/users\/1"}],"replies":[{"embeddable":true,"href":"https:\/\/arkitek.net\/it\/wp-json\/wp\/v2\/comments?post=583"}],"version-history":[{"count":0,"href":"https:\/\/arkitek.net\/it\/wp-json\/wp\/v2\/pages\/583\/revisions"}],"wp:featuredmedia":[{"embeddable":true,"href":"https:\/\/arkitek.net\/it\/wp-json\/wp\/v2\/media\/1077"}],"wp:attachment":[{"href":"https:\/\/arkitek.net\/it\/wp-json\/wp\/v2\/media?parent=583"}],"curies":[{"name":"wp","href":"https:\/\/api.w.org\/{rel}","templated":true}]}}