
{"id":412,"date":"2024-07-01T18:13:15","date_gmt":"2024-07-01T15:13:15","guid":{"rendered":"https:\/\/new.arkitek.net\/soluzioni\/telecomunicazioni\/"},"modified":"2024-07-10T22:03:56","modified_gmt":"2024-07-10T19:03:56","slug":"telecommunicazioni","status":"publish","type":"page","link":"https:\/\/arkitek.net\/it\/soluzioni\/telecommunicazioni\/","title":{"rendered":"Telecomunicazioni"},"content":{"rendered":"\n<p>Le soluzioni di telecomunicazione di ARKITEK forniscono soluzioni di infrastruttura IP per l&#8217;intera rete dell&#8217;operatore o dell&#8217;impresa &#8211; qualsiasi dimensione, qualsiasi servizio &#8211; full stack. Progettate, testate, verificate e ottimizzate, tutte le soluzioni di telecomunicazione condividono il massimo livello di prestazioni, affidabilit\u00e0, scalabilit\u00e0, evoluzione e costi ottimizzati. Dal terminale dell&#8217;utente finale a Internet &#8211; e per tutto ci\u00f2 che sta in mezzo, con noi \u00e8 coperto.  <\/p>\n\n<hr class=\"wp-block-separator has-css-opacity\"\/>\n\n<h2 class=\"wp-block-heading\"><a href=\"https:\/\/arkitek.net\/it\/soluzioni\/telecommunicazioni\/rete-dorsale-a-pacchetti-convergenti\/\" data-type=\"page\" data-id=\"60\">Backbone di Pacchetti IP Convergenti<\/a><\/h2>\n\n<p><a href=\"https:\/\/arkitek.net\/it\/soluzioni\/telecommunicazioni\/rete-dorsale-a-pacchetti-convergenti\/\" data-type=\"page\" data-id=\"60\">La soluzione Packet Backbone Network<\/a> di ARKITEK fornisce, al livello pi\u00f9 fondamentale, la connettivit\u00e0 inter e intra-sito e il trasporto di pacchetti per tutto il traffico a commutazione di pacchetto e di circuito, la segnalazione, la gestione della rete e la tariffazione dei dati su una rete commerciale. Questa infrastruttura IP multi-servizio indipendente dal fornitore collega la rete principale alle reti di accesso, alla rete di servizi, ai centri dati, ai sistemi di tariffazione, a Internet, agli operatori peer e alle reti aziendali.<\/p>\n\n<p class=\"more-link\"><a href=\"https:\/\/arkitek.net\/it\/soluzioni\/telecommunicazioni\/rete-dorsale-a-pacchetti-convergenti\/\" data-type=\"page\" data-id=\"60\">Per saperne di pi\u00f9<\/a>&#8230;<\/p>\n\n<h2 class=\"wp-block-heading\"><a href=\"https:\/\/arkitek.net\/it\/soluzioni\/telecommunicazioni\/terminazione-dellabbonamento-alla-banda-larga-fissa\/\" data-type=\"page\" data-id=\"62\">Terminazione dell&#8217;Abbonamento Alla Banda Larga Fissa<\/a><\/h2>\n\n<p><a href=\"https:\/\/arkitek.net\/it\/soluzioni\/telecommunicazioni\/terminazione-dellabbonamento-alla-banda-larga-fissa\/\" data-type=\"page\" data-id=\"62\">La soluzione PPP Termination Architecture (PTA)<\/a> offre ai fornitori di servizi Internet a banda fissa un progetto per implementare, ottimizzare e far crescere in modo rapido ed efficiente la propria infrastruttura o quella condivisa &#8211; sempre nel rispetto degli standard del settore, delle normative locali, delle best practice e delle implementazioni.<\/p>\n\n<p class=\"more-link\"><a href=\"https:\/\/arkitek.net\/it\/soluzioni\/telecommunicazioni\/terminazione-dellabbonamento-alla-banda-larga-fissa\/\" data-type=\"page\" data-id=\"62\">Per saperne di pi\u00f9<\/a>&#8230;<\/p>\n\n<h2 class=\"wp-block-heading\"><a href=\"https:\/\/arkitek.net\/it\/soluzioni\/telecommunicazioni\/migrazione-ipv6\/\" data-type=\"page\" data-id=\"64\">Migrazione IPv6<\/a><\/h2>\n\n<p>La <a href=\"https:\/\/arkitek.net\/it\/soluzioni\/telecommunicazioni\/migrazione-ipv6\/\" data-type=\"page\" data-id=\"64\">Soluzione\/Servizio di Transizione IPv6<\/a> di ARKITEK offre agli operatori di rete un modo per introdurre senza problemi l&#8217;IPv6 nella rete, iniziando con l&#8217;identificazione del delta tra lo stato attuale della sua rete e la posizione desiderata, definendo una strategia di transizione e un&#8217;analisi dell&#8217;impatto, pianificando la migrazione e infine, con un approccio graduale, abilitando nuovi servizi basati sull&#8217;IPv6, come richiesto dal loro business.<\/p>\n\n<p class=\"more-link\"><a href=\"https:\/\/arkitek.net\/it\/soluzioni\/telecommunicazioni\/migrazione-ipv6\/\" data-type=\"page\" data-id=\"64\">Per saperne di pi\u00f9<\/a>&#8230;<\/p>\n\n<h2 class=\"wp-block-heading\"><a href=\"https:\/\/arkitek.net\/it\/soluzioni\/telecommunicazioni\/rete-privata-virtuale-vpn\/\" data-type=\"page\" data-id=\"66\">RPV<\/a><\/h2>\n\n<p><a href=\"https:\/\/arkitek.net\/it\/soluzioni\/telecommunicazioni\/rete-privata-virtuale-vpn\/\" data-type=\"page\" data-id=\"66\">La soluzione Virtual Private Network (VPN)<\/a> di ARKITEK offre alle aziende di qualsiasi dimensione la possibilit\u00e0 di interconnettere in modo sicuro reti fisiche geograficamente distribuite attraverso l&#8217;infrastruttura Internet pubblica, consentendo sempre ai membri del personale di accedere alle risorse di rete aziendali dall&#8217;esterno dell&#8217;ufficio, anche lavorando da casa o da postazioni wi-fi pubbliche &#8211; nel modo pi\u00f9 sicuro.<\/p>\n\n<p class=\"more-link\"><a href=\"https:\/\/arkitek.net\/it\/soluzioni\/telecommunicazioni\/rete-privata-virtuale-vpn\/\" data-type=\"page\" data-id=\"66\">Per saperne di pi\u00f9&#8230;<\/a><\/p>\n\n<h2 class=\"wp-block-heading\"><a href=\"https:\/\/arkitek.net\/it\/soluzioni\/telecommunicazioni\/nat-di-grado-carrier\/\" data-type=\"page\" data-id=\"68\">NAT di Grado-Carrier<\/a><\/h2>\n\n<p><a href=\"https:\/\/arkitek.net\/it\/soluzioni\/telecommunicazioni\/nat-di-grado-carrier\/\" data-type=\"page\" data-id=\"68\">La soluzione Carrier-Grade Network Address Translation (CGNAT)<\/a> di ARKITEK offre agli operatori commerciali e alle grandi imprese la possibilit\u00e0 di conservare e utilizzare in modo efficiente il proprio spazio di indirizzi IPv4 fino alla migrazione all&#8217;IPv6, o durante la stessa, nel modo pi\u00f9 semplice ed efficiente.<\/p>\n\n<p class=\"more-link\"><a href=\"https:\/\/arkitek.net\/it\/soluzioni\/telecommunicazioni\/nat-di-grado-carrier\/\" data-type=\"page\" data-id=\"68\">Per saperne di pi\u00f9&#8230;<\/a><\/p>\n","protected":false},"excerpt":{"rendered":"<p>Le soluzioni di telecomunicazione di ARKITEK forniscono soluzioni di infrastruttura IP per l&#8217;intera rete dell&#8217;operatore o dell&#8217;impresa &#8211; qualsiasi dimensione, qualsiasi servizio &#8211; full stack. Progettate, testate, verificate e ottimizzate, tutte le soluzioni di telecomunicazione condividono il massimo livello di prestazioni, affidabilit\u00e0, scalabilit\u00e0, evoluzione e costi ottimizzati. Dal terminale dell&#8217;utente finale a Internet &#8211; e &hellip; <\/p>\n<p class=\"link-more\"><a href=\"https:\/\/arkitek.net\/it\/soluzioni\/telecommunicazioni\/\" class=\"more-link\">Leggi tutto<span class=\"screen-reader-text\"> &#8220;Telecomunicazioni&#8221;<\/span><\/a><\/p>\n","protected":false},"author":1,"featured_media":1117,"parent":398,"menu_order":1,"comment_status":"closed","ping_status":"closed","template":"","meta":{"inline_featured_image":false,"footnotes":""},"class_list":["post-412","page","type-page","status-publish","has-post-thumbnail","hentry"],"_links":{"self":[{"href":"https:\/\/arkitek.net\/it\/wp-json\/wp\/v2\/pages\/412","targetHints":{"allow":["GET"]}}],"collection":[{"href":"https:\/\/arkitek.net\/it\/wp-json\/wp\/v2\/pages"}],"about":[{"href":"https:\/\/arkitek.net\/it\/wp-json\/wp\/v2\/types\/page"}],"author":[{"embeddable":true,"href":"https:\/\/arkitek.net\/it\/wp-json\/wp\/v2\/users\/1"}],"replies":[{"embeddable":true,"href":"https:\/\/arkitek.net\/it\/wp-json\/wp\/v2\/comments?post=412"}],"version-history":[{"count":0,"href":"https:\/\/arkitek.net\/it\/wp-json\/wp\/v2\/pages\/412\/revisions"}],"up":[{"embeddable":true,"href":"https:\/\/arkitek.net\/it\/wp-json\/wp\/v2\/pages\/398"}],"wp:featuredmedia":[{"embeddable":true,"href":"https:\/\/arkitek.net\/it\/wp-json\/wp\/v2\/media\/1117"}],"wp:attachment":[{"href":"https:\/\/arkitek.net\/it\/wp-json\/wp\/v2\/media?parent=412"}],"curies":[{"name":"wp","href":"https:\/\/api.w.org\/{rel}","templated":true}]}}