
{"id":371,"date":"2024-07-01T18:27:04","date_gmt":"2024-07-01T15:27:04","guid":{"rendered":"https:\/\/new.arkitek.net\/software\/"},"modified":"2024-07-10T21:57:43","modified_gmt":"2024-07-10T18:57:43","slug":"software","status":"publish","type":"page","link":"https:\/\/arkitek.net\/it\/soluzioni\/software\/","title":{"rendered":"Software"},"content":{"rendered":"\n<p>Le soluzioni applicative di ARKITEK si basano su un framework sviluppato internamente, flessibile e cloud-native e sui suoi clienti &#8211; che lavorano in perfetta armonia e forniscono un ambiente affidabile per implementare in modo efficiente i requisiti del cliente, i flussi di lavoro e l&#8217;interfaccia utente. Questo fornisce qualsiasi funzionalit\u00e0 business-critical per qualsiasi progetto di qualsiasi dimensione. <\/p>\n\n<p>Il sistema modulare le consente di aggiungere caratteristiche e funzionalit\u00e0 man mano che le sue esigenze si ampliano, mentre noi manteniamo il framework e i suoi componenti principali sempre in ottima forma nell&#8217;ambito della nostra gestione del ciclo di vita e aggiornati con la tecnologia pi\u00f9 recente e le migliori pratiche nell&#8217;ambito delle nostre roadmap di soluzioni\/prodotti.<\/p>\n\n<p>Progettate, testate, verificate e ottimizzate, tutte le soluzioni condividono il massimo livello di prestazioni, affidabilit\u00e0, scalabilit\u00e0 e costi ottimizzati &#8211; per supportare il suo business case, i requisiti operativi e di budget.<\/p>\n\n<hr class=\"wp-block-separator has-css-opacity\"\/>\n\n<h2 class=\"wp-block-heading\">Applicazioni Web<\/h2>\n\n<p>Il framework interno cloud-nativo di ARKITEK potenzia i portali aziendali, commerciali, di e-commerce e di marketing. Ospitato sul suo provider di infrastrutture cloud preferito, scalabile in base alle sue esigenze di traffico, semplifichiamo il modo in cui lavora e interagisce con il suo pubblico sul world wide web. <\/p>\n\n<h2 class=\"wp-block-heading\">Applicazioni Mobili<\/h2>\n\n<p>Le applicazioni mobili progettate e sviluppate da ARKITEK offrono la massima funzionalit\u00e0, flessibilit\u00e0 e facilit\u00e0 d&#8217;uso, sfruttando appieno le risorse hardware e le periferiche dei terminali degli utenti finali (smartphone e tablet). Queste applicazioni superano i limiti dei browser internet e offrono un&#8217;esperienza utente senza pari.  <\/p>\n\n<h2 class=\"wp-block-heading\">Applicazioni di Rete<\/h2>\n\n<p>Facendo leva sull&#8217;ampio background e sull&#8217;esperienza di ARKITEK sia nelle soluzioni telco che in quelle software, le nostre soluzioni applicative di rete altamente disponibili e scalabili sono in grado di soddisfare e superare i requisiti pi\u00f9 severi degli operatori di rete di telecomunicazioni pi\u00f9 esigenti, con un controllo completo sul traffico di segnalazione e sul piano utente, sull&#8217;automazione e sul monitoraggio.<\/p>\n","protected":false},"excerpt":{"rendered":"<p>Le soluzioni applicative di ARKITEK si basano su un framework sviluppato internamente, flessibile e cloud-native e sui suoi clienti &#8211; che lavorano in perfetta armonia e forniscono un ambiente affidabile per implementare in modo efficiente i requisiti del cliente, i flussi di lavoro e l&#8217;interfaccia utente. Questo fornisce qualsiasi funzionalit\u00e0 business-critical per qualsiasi progetto di &hellip; <\/p>\n<p class=\"link-more\"><a href=\"https:\/\/arkitek.net\/it\/soluzioni\/software\/\" class=\"more-link\">Leggi tutto<span class=\"screen-reader-text\"> &#8220;Software&#8221;<\/span><\/a><\/p>\n","protected":false},"author":1,"featured_media":1127,"parent":398,"menu_order":2,"comment_status":"closed","ping_status":"closed","template":"","meta":{"inline_featured_image":false,"footnotes":""},"class_list":["post-371","page","type-page","status-publish","has-post-thumbnail","hentry"],"_links":{"self":[{"href":"https:\/\/arkitek.net\/it\/wp-json\/wp\/v2\/pages\/371","targetHints":{"allow":["GET"]}}],"collection":[{"href":"https:\/\/arkitek.net\/it\/wp-json\/wp\/v2\/pages"}],"about":[{"href":"https:\/\/arkitek.net\/it\/wp-json\/wp\/v2\/types\/page"}],"author":[{"embeddable":true,"href":"https:\/\/arkitek.net\/it\/wp-json\/wp\/v2\/users\/1"}],"replies":[{"embeddable":true,"href":"https:\/\/arkitek.net\/it\/wp-json\/wp\/v2\/comments?post=371"}],"version-history":[{"count":0,"href":"https:\/\/arkitek.net\/it\/wp-json\/wp\/v2\/pages\/371\/revisions"}],"up":[{"embeddable":true,"href":"https:\/\/arkitek.net\/it\/wp-json\/wp\/v2\/pages\/398"}],"wp:featuredmedia":[{"embeddable":true,"href":"https:\/\/arkitek.net\/it\/wp-json\/wp\/v2\/media\/1127"}],"wp:attachment":[{"href":"https:\/\/arkitek.net\/it\/wp-json\/wp\/v2\/media?parent=371"}],"curies":[{"name":"wp","href":"https:\/\/api.w.org\/{rel}","templated":true}]}}