
{"id":358,"date":"2024-07-01T18:30:57","date_gmt":"2024-07-01T15:30:57","guid":{"rendered":"https:\/\/new.arkitek.net\/servizi-professionali\/"},"modified":"2024-07-08T21:17:15","modified_gmt":"2024-07-08T18:17:15","slug":"servizi","status":"publish","type":"page","link":"https:\/\/arkitek.net\/it\/servizi\/","title":{"rendered":"Servizi Professionali"},"content":{"rendered":"\n<p>Con oltre 20 anni di esperienza pratica nella pianificazione, progettazione e implementazione di soluzioni IT e di telecomunicazione di livello telco per operatori commerciali, grandi imprese e agenzie governative in tutto il mondo, siamo orgogliosi di offrire il nostro portafoglio di servizi a qualsiasi cliente su qualsiasi scala, a livello globale. Che si tratti di consulenza per un impegno di prevendita o di servizi professionali per un progetto di consegna\/integrazione, facciamo il passo pi\u00f9 lungo della gamba con lei. <\/p>\n\n<p>Le offerte di servizi di ARKITEK sono raggruppate in cinque classificazioni: &#8220;<a href=\"#Consultancy\">Consulenza<\/a>&#8220;, &#8220;<a href=\"#Systems-Integration\">Integrazione di sistemi<\/a>&#8220;, &#8220;<a href=\"#Custom-Development\">Sviluppo personalizzato<\/a>&#8220;, &#8220;<a href=\"#Application-and-Software-Testing\">Test di applicazioni e software<\/a>&#8221; e &#8220;<a href=\"#Engineering-Services\">Servizi di ingegneria<\/a>&#8220;. Questi servizi forniscono competenze e garanzie per tutta la durata dei requisiti applicativi e di rete, dall&#8217;audit e dalla proposta, all&#8217;implementazione e al supporto a livello di soluzione, fino alla gestione della crescita e della migrazione. ARKITEK ha un&#8217;ampia esperienza nella fornitura di questi servizi, e i suoi clienti sono sparsi in tutto il mondo e includono molte delle aziende pi\u00f9 importanti del mondo. <\/p>\n\n<h2 class=\"wp-block-heading\" id=\"Consultancy\">Consulenza<\/h2>\n\n<p>Dotati di conoscenze tecniche agnostiche rispetto ai fornitori, di metodologie comprovate, di esperienza e di disciplina, lavoriamo con lei per costruire\/implementare strategie, raggiungere gli obiettivi, rispettare le scadenze, mitigare\/trasferire i rischi &#8211; tutti aspetti indiscutibili di qualsiasi impresa nel nostro settore &#8211; tutti critici per la sua redditivit\u00e0.<\/p>\n\n<p class=\"more-link\"><a href=\"https:\/\/arkitek.net\/it\/contatto\/\">Ci contatti<\/a>&#8230;<\/p>\n\n<h2 class=\"wp-block-heading\" id=\"Systems-Integration\">Integrazione dei Sistemi<\/h2>\n\n<p>Ogni progetto di integrazione di rete o di sistemi ha le sue sfide e la sua esecuzione avr\u00e0 un effetto enorme sulle tempistiche e sul successo del progetto. Possiamo apportare la giusta competenza per garantire il suo successo e la soddisfazione del cliente. <\/p>\n\n<p class=\"more-link\"><a href=\"https:\/\/arkitek.net\/it\/contatto\/\">Ci contatti<\/a>&#8230;<\/p>\n\n<h2 class=\"wp-block-heading\" id=\"Custom-Development\">Sviluppo Personalizzato<\/h2>\n\n<p>Se la sua azienda o start-up ha bisogno di una soluzione personalizzata, il nostro team di esperti pu\u00f2 progettare e implementare la soluzione su cui crescer\u00e0 &#8211; fullstack &#8211; a costi, tempi e qualit\u00e0 competitivi.<\/p>\n\n<p class=\"more-link\"><a href=\"https:\/\/new.arkitek.net\/it\/contatto\/\">Ci contatti<\/a>&#8230;<\/p>\n\n<h2 class=\"wp-block-heading\" id=\"Application-and-Software-Testing\">Servizi di Test di Applicazioni e Software<\/h2>\n\n<p>Le applicazioni &#8211; al centro delle sue operazioni aziendali e rivolte ai suoi clienti &#8211; sono fondamentali per la sua continuit\u00e0 aziendale e il suo crescente successo. Dotato di strumenti e metodologie testate e verificate nel settore, il Test Center di ARK\u0130TEK \u00e8 pronto ad eseguire quotidianamente test funzionali e di sanit\u00e0 mentale per le versioni attuali e future delle sue applicazioni, in ogni combinazione hardware\/software, sia su server che su piattaforme desktop e mobili. <\/p>\n\n<p class=\"more-link\">Per saperne di pi\u00f9&#8230;<\/p>\n\n<h2 class=\"wp-block-heading\" id=\"Engineering-Services\">Servizi di Ingegneria<\/h2>\n\n<p>Esperti professionisti di IT e Telecomunicazioni sono disponibili a far parte dei suoi progetti per consentirle di ridurre i costi e i rischi e accelerare la consegna, mentre lei si concentra sulla sua area di business principale.<\/p>\n\n<p class=\"more-link\">Per saperne di pi\u00f9&#8230;<\/p>\n","protected":false},"excerpt":{"rendered":"<p>Con oltre 20 anni di esperienza pratica nella pianificazione, progettazione e implementazione di soluzioni IT e di telecomunicazione di livello telco per operatori commerciali, grandi imprese e agenzie governative in tutto il mondo, siamo orgogliosi di offrire il nostro portafoglio di servizi a qualsiasi cliente su qualsiasi scala, a livello globale. Che si tratti di &hellip; <\/p>\n<p class=\"link-more\"><a href=\"https:\/\/arkitek.net\/it\/servizi\/\" class=\"more-link\">Leggi tutto<span class=\"screen-reader-text\"> &#8220;Servizi Professionali&#8221;<\/span><\/a><\/p>\n","protected":false},"author":1,"featured_media":0,"parent":0,"menu_order":0,"comment_status":"closed","ping_status":"closed","template":"","meta":{"inline_featured_image":false,"footnotes":""},"class_list":["post-358","page","type-page","status-publish","hentry"],"_links":{"self":[{"href":"https:\/\/arkitek.net\/it\/wp-json\/wp\/v2\/pages\/358","targetHints":{"allow":["GET"]}}],"collection":[{"href":"https:\/\/arkitek.net\/it\/wp-json\/wp\/v2\/pages"}],"about":[{"href":"https:\/\/arkitek.net\/it\/wp-json\/wp\/v2\/types\/page"}],"author":[{"embeddable":true,"href":"https:\/\/arkitek.net\/it\/wp-json\/wp\/v2\/users\/1"}],"replies":[{"embeddable":true,"href":"https:\/\/arkitek.net\/it\/wp-json\/wp\/v2\/comments?post=358"}],"version-history":[{"count":0,"href":"https:\/\/arkitek.net\/it\/wp-json\/wp\/v2\/pages\/358\/revisions"}],"wp:attachment":[{"href":"https:\/\/arkitek.net\/it\/wp-json\/wp\/v2\/media?parent=358"}],"curies":[{"name":"wp","href":"https:\/\/api.w.org\/{rel}","templated":true}]}}