
{"id":241,"date":"2024-07-01T12:54:31","date_gmt":"2024-07-01T09:54:31","guid":{"rendered":"https:\/\/new.arkitek.net\/chi-siamo\/"},"modified":"2024-07-10T12:25:16","modified_gmt":"2024-07-10T09:25:16","slug":"chi-siamo","status":"publish","type":"page","link":"https:\/\/arkitek.net\/it\/chi-siamo\/","title":{"rendered":"Chi Siamo"},"content":{"rendered":"\n<p>Fondata nel 2018, ARKITEK \u00e8 formata da professionisti del settore IT e delle telecomunicazioni con oltre 20 anni di esperienza al servizio dei clienti globali nel loro sforzo di utilizzare la tecnologia nel modo pi\u00f9 efficiente e redditizio possibile.<\/p>\n\n<p id=\"block-72df0035-acfd-4a69-90cf-55cd62d3c584\">Con sede a Istanbul (all&#8217;interconnessione tra Europa e Asia) e con un servizio globale, siamo orgogliosi di apportare le nostre conoscenze ed esperienze in ogni singolo progetto, per garantire il suo successo in ogni dimensione tecnica, operativa e commerciale, full stack e in tempo.<\/p>\n\n<p id=\"block-7d83b85e-4cc7-49f6-9954-f5d6580aa475\">Il nostro scopo \u00e8 quello di potenziare le persone attraverso una tecnologia costruita intorno al flusso naturale della loro vita &#8211; senza interruzioni e oneri aggiuntivi &#8211; sempre nel rispetto e nella cura del nostro pianeta.<\/p>\n\n<h2 class=\"wp-block-heading\" id=\"block-0f923acd-929d-408b-9ebc-ba020e566d16\">Il Fondatore<\/h2>\n\n<p id=\"block-62e41425-ba73-4707-9141-f9724ae81ac5\">ARKITEK \u00e8 stata fondata da G\u00fcnal \u00d6RSEL &#8211; un veterano del settore IT e delle telecomunicazioni che ha lavorato a livello globale nei progetti pi\u00f9 impegnativi in termini di portata, dimensioni e affidabilit\u00e0.<\/p>\n\n<p id=\"block-075fb6dc-7e75-497b-9256-08753c9e3420\"><a href=\"https:\/\/arkitek.net\/it\/chi-siamo\/il-fondatore\/\">Altro su G\u00fcnal \u00d6rsel<\/a>&#8230;<\/p>\n\n<h2 class=\"wp-block-heading\" id=\"block-e72aa4cf-d51b-4fb0-95cd-7381d9ee11ed\">Registrazione<\/h2>\n\n<p id=\"block-fcc52004-9292-4e41-8e2a-4d374d0f0edc\"><strong>ARKITEK Telekom\u00fcnikasyon A.\u015e.<\/strong> \u00e8 registrata a Istanbul, TURCHIA con:<br\/>ID di Registrazione: 186306-5 (Camera di Commercio di Istanbul)<br\/>ID di Registrazione: 0079065479500001 (MERSIS)<\/p>\n\n<p id=\"block-411ead30-4bae-4cea-b9c9-203ed848b904\"><strong>ARK\u0130TEK Ara\u015ft\u0131rma Geli\u015ftirme A.\u015e.<\/strong> is registered in Ankara, TURCHIA con:<br\/>ID di Registrazione: 416461 (Camera di Commercio di Ankara)<br\/>ID di Registrazione: 0729082869300001 (MERSIS)<\/p>\n","protected":false},"excerpt":{"rendered":"<p>Fondata nel 2018, ARKITEK \u00e8 formata da professionisti del settore IT e delle telecomunicazioni con oltre 20 anni di esperienza al servizio dei clienti globali nel loro sforzo di utilizzare la tecnologia nel modo pi\u00f9 efficiente e redditizio possibile. Con sede a Istanbul (all&#8217;interconnessione tra Europa e Asia) e con un servizio globale, siamo orgogliosi &hellip; <\/p>\n<p class=\"link-more\"><a href=\"https:\/\/arkitek.net\/it\/chi-siamo\/\" class=\"more-link\">Leggi tutto<span class=\"screen-reader-text\"> &#8220;Chi Siamo&#8221;<\/span><\/a><\/p>\n","protected":false},"author":1,"featured_media":1107,"parent":0,"menu_order":0,"comment_status":"closed","ping_status":"closed","template":"","meta":{"inline_featured_image":false,"footnotes":""},"class_list":["post-241","page","type-page","status-publish","has-post-thumbnail","hentry"],"_links":{"self":[{"href":"https:\/\/arkitek.net\/it\/wp-json\/wp\/v2\/pages\/241","targetHints":{"allow":["GET"]}}],"collection":[{"href":"https:\/\/arkitek.net\/it\/wp-json\/wp\/v2\/pages"}],"about":[{"href":"https:\/\/arkitek.net\/it\/wp-json\/wp\/v2\/types\/page"}],"author":[{"embeddable":true,"href":"https:\/\/arkitek.net\/it\/wp-json\/wp\/v2\/users\/1"}],"replies":[{"embeddable":true,"href":"https:\/\/arkitek.net\/it\/wp-json\/wp\/v2\/comments?post=241"}],"version-history":[{"count":0,"href":"https:\/\/arkitek.net\/it\/wp-json\/wp\/v2\/pages\/241\/revisions"}],"wp:featuredmedia":[{"embeddable":true,"href":"https:\/\/arkitek.net\/it\/wp-json\/wp\/v2\/media\/1107"}],"wp:attachment":[{"href":"https:\/\/arkitek.net\/it\/wp-json\/wp\/v2\/media?parent=241"}],"curies":[{"name":"wp","href":"https:\/\/api.w.org\/{rel}","templated":true}]}}