
{"id":857,"date":"2024-07-01T18:06:57","date_gmt":"2024-07-01T15:06:57","guid":{"rendered":"https:\/\/new.arkitek.net\/mentions-legales\/politique-des-cookies\/"},"modified":"2024-07-10T13:16:12","modified_gmt":"2024-07-10T10:16:12","slug":"politique-des-cookies","status":"publish","type":"page","link":"https:\/\/arkitek.net\/fr\/legal\/politique-des-cookies\/","title":{"rendered":"Politique des Cookies"},"content":{"rendered":"\n<p>ARKITEK Telekom\u00fcnikasyon A.\u015e. (\u00ab\u00a0nous\u00a0\u00bb) a publi\u00e9 cette politique en mati\u00e8re de cookies pour d\u00e9crire la mani\u00e8re dont nous utilisons les cookies et autres technologies telles que les pixels, les balises et les pixels invisibles sur notre site web.<\/p>\n\n<p>Les noms sp\u00e9cifiques et les types de cookies, de pixels et de technologies similaires que nous utilisons pour collecter des informations peuvent changer de temps \u00e0 autre. Pour vous aider \u00e0 mieux comprendre notre politique en mati\u00e8re de cookies, nous fournissons ci-dessous les explications suivantes sur la signification des cookies, des pixels, des balises et des pixels invisibles : <\/p>\n\n<ul class=\"wp-block-list\">\n<li>Cookies : Un cookie est un petit fichier texte qu&rsquo;un site web enregistre sur votre ordinateur ou votre appareil mobile lorsque vous le visitez. Il permet au site web de se souvenir de vos actions et de vos pr\u00e9f\u00e9rences (telles que l&rsquo;identifiant, la langue, la taille de la police et d&rsquo;autres pr\u00e9f\u00e9rences d&rsquo;affichage) pendant un certain temps, de sorte que vous n&rsquo;ayez pas \u00e0 les saisir \u00e0 nouveau chaque fois que vous revenez sur le site ou que vous naviguez d&rsquo;une page \u00e0 l&rsquo;autre. <\/li>\n\n\n\n<li>Pixels, balises et pixels invisibles (trackers) : Il s&rsquo;agit de petites images graphiques qui peuvent \u00eatre incluses sur nos sites, services, applications, messageries et outils et qui fonctionnent g\u00e9n\u00e9ralement en conjonction avec des cookies pour identifier nos utilisateurs et leur comportement.<\/li>\n<\/ul>\n\n<h2 class=\"wp-block-heading\">Comment utilisons-nous les cookies ?<\/h2>\n\n<p>Les cookies sont utilis\u00e9s pour vous reconna\u00eetre lorsque vous visitez notre site web et pour m\u00e9moriser vos pr\u00e9f\u00e9rences. Les informations que nous recevons par le biais des cookies ne sont pas utilis\u00e9es pour vous identifier personnellement, sauf si vous vous connectez \u00e0 l&rsquo;une de nos propri\u00e9t\u00e9s web. Nous utilisons des cookies aux fins d\u00e9crites dans le pr\u00e9sent document.  <\/p>\n\n<p>Nos cookies sont utilis\u00e9s pour :<\/p>\n\n<ul class=\"wp-block-list\">\n<li>Vous montrer les informations appropri\u00e9es et personnaliser votre exp\u00e9rience en ligne si vous \u00eates connect\u00e9 \u00e0 l&rsquo;une de nos propri\u00e9t\u00e9s web.<\/li>\n\n\n\n<li>N&rsquo;oubliez pas votre pr\u00e9f\u00e9rence linguistique.<\/li>\n\n\n\n<li>Aider les utilisateurs \u00e0 remplir plus facilement les formulaires sur notre site web.<\/li>\n\n\n\n<li>Comprendre les performances de notre site.<\/li>\n\n\n\n<li>Rappelez-vous si vous avez accept\u00e9 l&rsquo;utilisation de cookies sur notre site web.<\/li>\n<\/ul>\n\n<p>De m\u00eame, certaines vid\u00e9os int\u00e9gr\u00e9es dans nos pages utilisent un cookie pour recueillir de mani\u00e8re anonyme des statistiques sur la mani\u00e8re dont vous y \u00eates arriv\u00e9 et sur les vid\u00e9os que vous avez visit\u00e9es.<\/p>\n\n<p>Les cookies de session restent en place jusqu&rsquo;\u00e0 ce que vous cessiez de naviguer. Les cookies persistants restent en place jusqu&rsquo;\u00e0 ce qu&rsquo;ils soient supprim\u00e9s ou qu&rsquo;ils expirent. La plupart des cookies utilis\u00e9s sur notre site sont persistants. En tant que tels, ils expireront entre quatre-vingt-dix jours et deux ans \u00e0 compter de la date \u00e0 laquelle ils ont \u00e9t\u00e9 t\u00e9l\u00e9charg\u00e9s sur votre appareil.   <\/p>\n\n<p>Des cookies sont \u00e9galement stock\u00e9s par des fournisseurs tiers, notamment Google, LinkedIn et Twitter, des services d&rsquo;entreprise qui mesurent l&rsquo;efficacit\u00e9 et l&rsquo;efficience de nos pages web sur la base d&rsquo;informations anonymes concernant la provenance des utilisateurs, les fonctionnalit\u00e9s du site avec lesquelles ils interagissent et le temps qu&rsquo;ils passent sur notre site.<\/p>\n\n<p>D\u00e9couvrez certains des cookies de tiers que nous utilisons et comment d\u00e9sactiver ces cookies :<\/p>\n\n<ul class=\"wp-block-list\">\n<li>Google: <a href=\"https:\/\/www.google.com\/analytics\/terms\/us.html\" target=\"_blank\" rel=\"noreferrer noopener nofollow\">https:\/\/www.google.com\/analytics\/terms\/us.html <\/a><\/li>\n\n\n\n<li>Twitter: <a href=\"https:\/\/help.twitter.com\/en\/rules-and-policies\/twitter-cookies\" target=\"_blank\" rel=\"noreferrer noopener nofollow\">https:\/\/help.twitter.com\/en\/rules-and-policies\/twitter-cookies<\/a><\/li>\n<\/ul>\n\n<p>L&rsquo;activation des cookies d\u00e9crits ci-dessus n&rsquo;est pas strictement n\u00e9cessaire au fonctionnement de notre site web, mais elle vous offrira une meilleure exp\u00e9rience. Vous pouvez supprimer ou bloquer ces cookies, mais dans ce cas, certaines fonctionnalit\u00e9s de ce site risquent de ne pas fonctionner comme pr\u00e9vu. <\/p>\n\n<h2 class=\"wp-block-heading\">Comment contr\u00f4ler les cookies<\/h2>\n\n<p>Vous pouvez contr\u00f4ler et\/ou supprimer les cookies comme vous le souhaitez &#8211; pour plus de d\u00e9tails, consultez le site <a href=\"http:\/\/aboutcookies.org\" target=\"_blank\" rel=\"noreferrer noopener nofollow\">aboutcookies.org<\/a>. Vous pouvez supprimer les cookies d\u00e9j\u00e0 pr\u00e9sents sur votre ordinateur et vous pouvez param\u00e9trer la plupart des navigateurs pour emp\u00eacher leur installation. Toutefois, dans ce cas, il se peut que vous deviez ajuster manuellement vos pr\u00e9f\u00e9rences \u00e0 chaque fois que vous visitez un site et que certains services et fonctionnalit\u00e9s ne fonctionnent pas comme pr\u00e9vu. <\/p>\n\n<p>Pour plus d&rsquo;informations sur nos pratiques en mati\u00e8re de protection de la vie priv\u00e9e, veuillez consulter la <a href=\"https:\/\/arkitek.net\/fr\/legal\/politique-de-confidentialite\/\" data-type=\"page\" data-id=\"783\">politique de confidentialit\u00e9<\/a> de notre site web.<\/p>\n","protected":false},"excerpt":{"rendered":"<p>ARKITEK Telekom\u00fcnikasyon A.\u015e. (\u00ab\u00a0nous\u00a0\u00bb) a publi\u00e9 cette politique en mati\u00e8re de cookies pour d\u00e9crire la mani\u00e8re dont nous utilisons les cookies et autres technologies telles que les pixels, les balises et les pixels invisibles sur notre site web. Les noms sp\u00e9cifiques et les types de cookies, de pixels et de technologies similaires que nous utilisons &hellip; <\/p>\n<p class=\"link-more\"><a href=\"https:\/\/arkitek.net\/fr\/legal\/politique-des-cookies\/\" class=\"more-link\">Continuer la lecture<span class=\"screen-reader-text\"> de &laquo;&nbsp;Politique des Cookies&nbsp;&raquo;<\/span><\/a><\/p>\n","protected":false},"author":1,"featured_media":1074,"parent":544,"menu_order":3,"comment_status":"closed","ping_status":"closed","template":"","meta":{"inline_featured_image":false,"footnotes":""},"class_list":["post-857","page","type-page","status-publish","has-post-thumbnail","hentry"],"_links":{"self":[{"href":"https:\/\/arkitek.net\/fr\/wp-json\/wp\/v2\/pages\/857","targetHints":{"allow":["GET"]}}],"collection":[{"href":"https:\/\/arkitek.net\/fr\/wp-json\/wp\/v2\/pages"}],"about":[{"href":"https:\/\/arkitek.net\/fr\/wp-json\/wp\/v2\/types\/page"}],"author":[{"embeddable":true,"href":"https:\/\/arkitek.net\/fr\/wp-json\/wp\/v2\/users\/1"}],"replies":[{"embeddable":true,"href":"https:\/\/arkitek.net\/fr\/wp-json\/wp\/v2\/comments?post=857"}],"version-history":[{"count":0,"href":"https:\/\/arkitek.net\/fr\/wp-json\/wp\/v2\/pages\/857\/revisions"}],"up":[{"embeddable":true,"href":"https:\/\/arkitek.net\/fr\/wp-json\/wp\/v2\/pages\/544"}],"wp:featuredmedia":[{"embeddable":true,"href":"https:\/\/arkitek.net\/fr\/wp-json\/wp\/v2\/media\/1074"}],"wp:attachment":[{"href":"https:\/\/arkitek.net\/fr\/wp-json\/wp\/v2\/media?parent=857"}],"curies":[{"name":"wp","href":"https:\/\/api.w.org\/{rel}","templated":true}]}}