
{"id":756,"date":"2024-07-01T18:03:35","date_gmt":"2024-07-01T15:03:35","guid":{"rendered":"https:\/\/new.arkitek.net\/mentions-legales\/conditions-dutilisation\/"},"modified":"2024-07-10T12:48:43","modified_gmt":"2024-07-10T09:48:43","slug":"conditions-d-utilisation","status":"publish","type":"page","link":"https:\/\/arkitek.net\/fr\/legal\/conditions-d-utilisation\/","title":{"rendered":"Conditions d&rsquo;Utilisation"},"content":{"rendered":"\n<h2 class=\"wp-block-heading\">Bienvenue \u00e0 ARKITEK Telekom\u00fcnikasyon A.\u015e.<\/h2>\n\n<p>Ces termes et conditions d\u00e9finissent les r\u00e8gles et r\u00e8glements pour l&rsquo;utilisation du site Web d&rsquo;ARKITEK Telekom\u00fcnikasyon A.\u015e. <span style=\"text-transform: capitalize;\">Notre si\u00e8ge social<\/span> est situ\u00e9 \u00e0 l&rsquo;adresse suivante:<\/p>\n\n<address>Ferko Signature Building Esentepe Mah.<br\/>\nB\u00fcy\u00fckdere Cad. No: 175\/7, \u015ei\u015fli, 34394, Istanbul, T\u00dcRK\u0130YE <\/address>\n\n<p>En acc\u00e9dant \u00e0 ce site web, nous supposons que vous acceptez ces termes et conditions dans leur int\u00e9gralit\u00e9. Ne continuez pas \u00e0 utiliser le site web d&rsquo;ARKITEK Telekom\u00fcnikasyon A.\u015e. si vous n&rsquo;acceptez pas tous les termes et conditions \u00e9nonc\u00e9s sur cette page. \n <\/p>\n\n<p>La terminologie suivante s&rsquo;applique aux pr\u00e9sentes conditions g\u00e9n\u00e9rales, \u00e0 la d\u00e9claration de confidentialit\u00e9 et \u00e0 l&rsquo;avis de non-responsabilit\u00e9, ainsi qu&rsquo;\u00e0 tous les accords : \u00ab\u00a0Client\u00a0\u00bb, \u00ab\u00a0Vous\u00a0\u00bb et \u00ab\u00a0Votre\u00a0\u00bb se r\u00e9f\u00e8rent \u00e0 vous, la personne qui acc\u00e8de \u00e0 ce site web et qui accepte les termes et conditions de la Soci\u00e9t\u00e9. \u00ab\u00a0La Soci\u00e9t\u00e9\u00a0\u00bb, \u00ab\u00a0nous-m\u00eames\u00a0\u00bb, \u00ab\u00a0nous\u00a0\u00bb, \u00ab\u00a0notre\u00a0\u00bb et \u00ab\u00a0nos\u00a0\u00bb se r\u00e9f\u00e8rent \u00e0 notre Soci\u00e9t\u00e9. Les termes \u00ab\u00a0partie\u00a0\u00bb, \u00ab\u00a0parties\u00a0\u00bb ou \u00ab\u00a0nous\u00a0\u00bb d\u00e9signent \u00e0 la fois le client et nous-m\u00eames, ou le client ou nous-m\u00eames. Tous les termes se r\u00e9f\u00e8rent \u00e0 l&rsquo;offre, \u00e0 l&rsquo;acceptation et \u00e0 la consid\u00e9ration du paiement n\u00e9cessaire pour entreprendre le processus de notre assistance au client de la mani\u00e8re la plus appropri\u00e9e, que ce soit par des r\u00e9unions formelles d&rsquo;une dur\u00e9e d\u00e9termin\u00e9e ou par tout autre moyen, dans le but expr\u00e8s de r\u00e9pondre aux besoins du client en ce qui concerne la fourniture des services\/produits d\u00e9clar\u00e9s de la Soci\u00e9t\u00e9, conform\u00e9ment et sous r\u00e9serve de la loi en vigueur. Toute utilisation de la terminologie ci-dessus ou d&rsquo;autres mots au singulier, au pluriel, avec une majuscule et\/ou il\/elle ou ils\/elles, est consid\u00e9r\u00e9e comme interchangeable et se r\u00e9f\u00e8re donc \u00e0 la m\u00eame chose.    <\/p>\n\n<h2 class=\"wp-block-heading\">Cookies<\/h2>\n\n<p>Nous utilisons des cookies. En utilisant notre site web, vous consentez \u00e0 l&rsquo;utilisation de cookies conform\u00e9ment \u00e0 notre <a href=\"\" data-type=\"\" data-id=\"\">politique de confidentialit\u00e9<\/a>. <\/p>\n\n<p>La plupart des sites web interactifs modernes utilisent des cookies pour nous permettre de r\u00e9cup\u00e9rer les d\u00e9tails de l&rsquo;utilisateur \u00e0 chaque visite. Des cookies sont utilis\u00e9s dans certaines parties de notre site afin d&rsquo;en assurer la fonctionnalit\u00e9 et d&rsquo;en faciliter l&rsquo;utilisation par les visiteurs. Certains de nos partenaires affili\u00e9s ou publicitaires peuvent \u00e9galement utiliser des cookies.  <\/p>\n\n<h2 class=\"wp-block-heading\">Licence<\/h2>\n\n<p>Sauf indication contraire, ARKITEK Telekom\u00fcnikasyon A.\u015e. et\/ou ses conc\u00e9dants de licence d\u00e9tiennent les droits de propri\u00e9t\u00e9 intellectuelle pour l&rsquo;ensemble du contenu du site ARKITEK Telekom\u00fcnikasyon A.\u015e.. Tous les droits de propri\u00e9t\u00e9 intellectuelle sont r\u00e9serv\u00e9s. Vous pouvez visualiser et\/ou imprimer des pages de https:\/\/arkitek.net pour votre usage personnel, sous r\u00e9serve des restrictions \u00e9nonc\u00e9es dans les pr\u00e9sentes conditions g\u00e9n\u00e9rales.<\/p>\n\n<p>Vous ne pouvez pas:<\/p>\n\n<ol class=\"wp-block-list\">\n<li>Reproduire le contenu du site <a href=\"https:\/\/arkitek.net\">https:\/\/arkitek.net<\/a><\/li>\n\n\n\n<li>Vendre, louer ou conc\u00e9der des sous-licences sur le contenu de <a href=\"https:\/\/arkitek.net\">https:\/\/arkitek.net<\/a><\/li>\n\n\n\n<li>Reproduire, dupliquer ou copier du mat\u00e9riel provenant de <a href=\"https:\/\/arkitek.net\">https:\/\/arkitek.net<\/a><\/li>\n<\/ol>\n\n<p>Redistribuer le contenu d&rsquo;<a href=\"https:\/\/arkitek.net\/fr\/a-propos-de-nous\/\" data-type=\"page\" data-id=\"12\">ARKITEK Telekom\u00fcnikasyon A.\u015e.<\/a> (sauf si le contenu est sp\u00e9cifiquement con\u00e7u pour \u00eatre redistribu\u00e9).<\/p>\n\n<h2 class=\"wp-block-heading\">Hyperliens vers Notre Contenu<\/h2>\n\n<ol class=\"wp-block-list\">\n<li>Les organisations suivantes peuvent \u00e9tablir un lien avec notre site web sans autorisation \u00e9crite pr\u00e9alable :\n\n\n<ol class=\"wp-block-list\">\n<li>Agences gouvernementales ;<\/li>\n\n\n\n<li>Moteurs de recherche ;<\/li>\n\n\n\n<li>Organisations de presse ;<\/li>\n\n\n\n<li>Les distributeurs d&rsquo;annuaires en ligne, lorsqu&rsquo;ils nous inscrivent dans l&rsquo;annuaire, peuvent \u00e9tablir un lien vers notre site web de la m\u00eame mani\u00e8re qu&rsquo;ils \u00e9tablissent un lien hypertexte vers les sites web d&rsquo;autres entreprises inscrites ; et<\/li>\n\n\n\n<li>Les entreprises accr\u00e9dit\u00e9es \u00e0 l&rsquo;\u00e9chelle du syst\u00e8me, \u00e0 l&rsquo;exception des organisations \u00e0 but non lucratif, des centres commerciaux caritatifs et des groupes de collecte de fonds caritatifs qui ne peuvent pas \u00e9tablir d&rsquo;hyperliens avec notre site Web.<\/li>\n<\/ol>\n<\/li>\n<\/ol>\n\n<ol class=\"wp-block-list\">\n<li>Ces organisations peuvent \u00e9tablir un lien avec notre page d&rsquo;accueil, nos publications ou d&rsquo;autres informations sur le site Web, \u00e0 condition que le lien soit \u00e9tabli : \n\n<ol class=\"wp-block-list\" style=\"list-style-type:lower-alpha\">\n<li>n&rsquo;est en aucun cas trompeuse ; <\/li>\n\n\n\n<li>n&rsquo;implique pas faussement le parrainage, l&rsquo;approbation ou le soutien de la partie qui \u00e9tablit le lien et de ses produits ou services ; et <\/li>\n\n\n\n<li>s&rsquo;inscrit dans le contexte du site de la partie qui \u00e9tablit le lien.<br\/><\/li>\n<\/ol>\n<\/li>\n\n\n\n<li>Nous pouvons examiner et approuver, \u00e0 notre seule discr\u00e9tion, d&rsquo;autres demandes de liens \u00e9manant des types d&rsquo;organisations suivants :\n<ul class=\"wp-block-list\">\n<li>des sources d&rsquo;information sur les consommateurs et\/ou les entreprises connues de tous, telles que les chambres de commerce, l&rsquo;American Automobile Association, l&rsquo;AARP et l&rsquo;Union des consommateurs ;<\/li>\n\n\n\n<li>les sites communautaires dot.com ;<\/li>\n\n\n\n<li>les associations ou autres groupes repr\u00e9sentant des organismes caritatifs, y compris les sites de dons de charit\u00e9,<\/li>\n\n\n\n<li>distributeurs d&rsquo;annuaires en ligne ;<\/li>\n\n\n\n<li>les portails internet ;<\/li>\n\n\n\n<li>les cabinets d&rsquo;experts-comptables, d&rsquo;avocats et de consultants dont les principaux clients sont des entreprises ; et<\/li>\n\n\n\n<li>les \u00e9tablissements d&rsquo;enseignement et les associations professionnelles.<\/li>\n<\/ul>\n<\/li>\n<\/ol>\n\n<p>Nous approuverons les demandes de liens \u00e9manant de ces organisations si nous d\u00e9terminons que (a) le lien n&rsquo;a pas d&rsquo;effet n\u00e9gatif sur nous ou sur nos entreprises accr\u00e9dit\u00e9es (par exemple, les associations commerciales ou autres organisations repr\u00e9sentant des types d&rsquo;entreprises intrins\u00e8quement suspects, telles que les possibilit\u00e9s de travail \u00e0 domicile, ne sont pas autoris\u00e9es \u00e0 \u00e9tablir un lien) ; (b) l&rsquo;organisation n&rsquo;a pas d&rsquo;ant\u00e9c\u00e9dents insatisfaisants avec nous ; (c) l&rsquo;avantage que nous tirons de la visibilit\u00e9 associ\u00e9e \u00e0 l&rsquo;hyperlien l&#8217;emporte sur l&rsquo;absence de notre nom d&rsquo;entreprise ; et (d) le lien s&rsquo;inscrit dans le contexte d&rsquo;informations g\u00e9n\u00e9rales ou est coh\u00e9rent avec le contenu \u00e9ditorial d&rsquo;un bulletin d&rsquo;information ou d&rsquo;un produit similaire poursuivant la mission de l&rsquo;organisation.    <\/p>\n\n<p>Ces organisations peuvent \u00e9tablir un lien avec notre page d&rsquo;accueil, nos publications ou d&rsquo;autres informations sur le site web, \u00e0 condition que le lien ne soit pas trompeur : (a) ne soit en aucun cas trompeur ; (b) n&rsquo;implique pas faussement le parrainage, l&rsquo;approbation ou le soutien de la partie qui \u00e9tablit le lien et de ses produits ou services ; et (c) s&rsquo;inscrive dans le contexte du site de la partie qui \u00e9tablit le lien.   <\/p>\n\n<p>Si vous faites partie des organisations \u00e9num\u00e9r\u00e9es au paragraphe 2 ci-dessus et que vous souhaitez \u00e9tablir un lien avec notre site web, vous devez nous en informer en envoyant un courrier \u00e9lectronique \u00e0 <a href=\"mailto:info@arkitek.net\">info@arkitek.net<\/a>. Veuillez indiquer votre nom, le nom de votre organisation, vos coordonn\u00e9es (num\u00e9ro de t\u00e9l\u00e9phone et\/ou adresse \u00e9lectronique) ainsi que l&rsquo;URL de votre site, une liste des URL \u00e0 partir desquels vous avez l&rsquo;intention de cr\u00e9er un lien vers notre site web et une liste des URL de notre site vers lesquels vous aimeriez cr\u00e9er un lien. Comptez 2 \u00e0 3 semaines pour obtenir une r\u00e9ponse. <\/p>\n\n<p>Les organisations agr\u00e9\u00e9es peuvent cr\u00e9er des liens hypertextes vers notre site web de la mani\u00e8re suivante :<\/p>\n\n<ol class=\"wp-block-list\">\n<li>par l&rsquo;utilisation de notre raison sociale ; ou<\/li>\n\n\n\n<li>par l&rsquo;utilisation du localisateur de ressources uniformes (adresse web) vers lequel le lien est \u00e9tabli ; ou<\/li>\n\n\n\n<li>par l&rsquo;utilisation de toute autre description de notre site web ou du mat\u00e9riel auquel il est fait r\u00e9f\u00e9rence, qui soit logique dans le contexte et le format du contenu du site de la partie qui \u00e9tablit le lien.<\/li>\n<\/ol>\n\n<p>Aucune utilisation du logo d&rsquo;ARKITEK Telekom\u00fcnikasyon A.\u015e. ou d&rsquo;autres illustrations ne sera autoris\u00e9e pour l&rsquo;\u00e9tablissement de liens en l&rsquo;absence d&rsquo;un accord de licence de marque.<\/p>\n\n<h2 class=\"wp-block-heading\">Iframes<\/h2>\n\n<p>Sans accord pr\u00e9alable et autorisation \u00e9crite expresse, vous ne pouvez pas cr\u00e9er de cadres autour de nos pages web ou utiliser d&rsquo;autres techniques qui modifient de quelque mani\u00e8re que ce soit la pr\u00e9sentation visuelle ou l&rsquo;apparence de notre site web.<\/p>\n\n<h2 class=\"wp-block-heading\">R\u00e9serve de Droits<\/h2>\n\n<p>Nous nous r\u00e9servons le droit, \u00e0 tout moment et \u00e0 notre seule discr\u00e9tion, de vous demander de supprimer tous les liens ou un lien particulier vers notre site web. Vous acceptez de supprimer imm\u00e9diatement tous les liens vers notre site web \u00e0 la suite d&rsquo;une telle demande. Nous nous r\u00e9servons \u00e9galement le droit de modifier \u00e0 tout moment les pr\u00e9sentes conditions g\u00e9n\u00e9rales et notre politique en mati\u00e8re de liens. En continuant \u00e0 \u00e9tablir un lien vers notre site web, vous acceptez d&rsquo;\u00eatre li\u00e9 et de respecter les pr\u00e9sentes conditions d&rsquo;\u00e9tablissement de liens.   <\/p>\n\n<h2 class=\"wp-block-heading\">Suppression de liens sur notre site web<\/h2>\n\n<p>Si vous estimez qu&rsquo;un lien sur notre site web ou un site web li\u00e9 est r\u00e9pr\u00e9hensible pour quelque raison que ce soit, vous pouvez nous contacter \u00e0 ce sujet. Nous examinerons les demandes de suppression de liens, mais nous ne serons pas oblig\u00e9s de le faire ou de vous r\u00e9pondre directement. <\/p>\n\n<p>Bien que nous nous efforcions de veiller \u00e0 ce que les informations figurant sur ce site soient correctes, nous ne garantissons pas leur exhaustivit\u00e9 ou leur exactitude ; nous ne nous engageons pas non plus \u00e0 veiller \u00e0 ce que le site reste disponible ou \u00e0 ce que le mat\u00e9riel figurant sur le site soit tenu \u00e0 jour.<\/p>\n\n<h2 class=\"wp-block-heading\">Responsabilit\u00e9 du Contenu<\/h2>\n\n<p>Nous ne sommes pas responsables du contenu de votre site web. Vous acceptez de nous indemniser et de nous d\u00e9fendre contre toute r\u00e9clamation d\u00e9coulant de votre site web ou fond\u00e9e sur celui-ci. Aucun lien ne peut appara\u00eetre sur une page de votre site web ou dans un contexte contenant un contenu ou des \u00e9l\u00e9ments pouvant \u00eatre interpr\u00e9t\u00e9s comme diffamatoires, obsc\u00e8nes ou criminels, ou qui enfreignent, violent ou pr\u00e9conisent l&rsquo;enfreinte ou la violation des droits d&rsquo;une tierce partie.  <\/p>\n\n<h2 class=\"wp-block-heading\">Clause de Non-Responsabilit\u00e9<\/h2>\n\n<p>Dans toute la mesure permise par la loi applicable, nous excluons toutes les repr\u00e9sentations, garanties et conditions relatives \u00e0 notre site web et \u00e0 l&rsquo;utilisation de ce site (y compris, sans limitation, toutes les garanties implicites par la loi en ce qui concerne la qualit\u00e9 satisfaisante, l&rsquo;ad\u00e9quation \u00e0 l&rsquo;objectif et\/ou l&rsquo;utilisation d&rsquo;un soin et d&rsquo;une comp\u00e9tence raisonnables). Aucune disposition de la pr\u00e9sente clause de non-responsabilit\u00e9 n&rsquo;est applicable : <\/p>\n\n<ol class=\"wp-block-list\">\n<li>limiter ou exclure notre ou votre responsabilit\u00e9 en cas de d\u00e9c\u00e8s ou de dommages corporels r\u00e9sultant d&rsquo;une n\u00e9gligence ;<\/li>\n\n\n\n<li>limiter ou exclure notre ou votre responsabilit\u00e9 en cas de fraude ou de d\u00e9claration frauduleuse ;<\/li>\n\n\n\n<li>limiter l&rsquo;une quelconque de nos ou de vos responsabilit\u00e9s d&rsquo;une mani\u00e8re qui ne serait pas autoris\u00e9e par le droit applicable ; ou<\/li>\n\n\n\n<li>exclure toute responsabilit\u00e9 de notre ou de votre part qui ne peut \u00eatre exclue en vertu du droit applicable.<\/li>\n<\/ol>\n\n<p>Les limitations et exclusions de responsabilit\u00e9 \u00e9nonc\u00e9es dans cette section et ailleurs dans la pr\u00e9sente clause de non-responsabilit\u00e9 : (a) sont soumises au paragraphe pr\u00e9c\u00e9dent ; et (b) r\u00e9gissent toutes les responsabilit\u00e9s d\u00e9coulant de la clause de non-responsabilit\u00e9 ou en rapport avec l&rsquo;objet de la pr\u00e9sente clause de non-responsabilit\u00e9, y compris les responsabilit\u00e9s contractuelles, d\u00e9lictuelles (y compris la n\u00e9gligence) et pour manquement \u00e0 une obligation l\u00e9gale.  <\/p>\n\n<p>Dans la mesure o\u00f9 le site web et les informations et services qu&rsquo;il contient sont fournis gratuitement, nous ne sommes pas responsables des pertes ou dommages de quelque nature que ce soit.<\/p>\n","protected":false},"excerpt":{"rendered":"<p>Bienvenue \u00e0 ARKITEK Telekom\u00fcnikasyon A.\u015e. Ces termes et conditions d\u00e9finissent les r\u00e8gles et r\u00e8glements pour l&rsquo;utilisation du site Web d&rsquo;ARKITEK Telekom\u00fcnikasyon A.\u015e. Notre si\u00e8ge social est situ\u00e9 \u00e0 l&rsquo;adresse suivante: Ferko Signature Building Esentepe Mah. B\u00fcy\u00fckdere Cad. No: 175\/7, \u015ei\u015fli, 34394, Istanbul, T\u00dcRK\u0130YE En acc\u00e9dant \u00e0 ce site web, nous supposons que vous acceptez ces &hellip; <\/p>\n<p class=\"link-more\"><a href=\"https:\/\/arkitek.net\/fr\/legal\/conditions-d-utilisation\/\" class=\"more-link\">Continuer la lecture<span class=\"screen-reader-text\"> de &laquo;&nbsp;Conditions d&rsquo;Utilisation&nbsp;&raquo;<\/span><\/a><\/p>\n","protected":false},"author":1,"featured_media":1074,"parent":544,"menu_order":1,"comment_status":"closed","ping_status":"closed","template":"","meta":{"inline_featured_image":false,"footnotes":""},"class_list":["post-756","page","type-page","status-publish","has-post-thumbnail","hentry"],"_links":{"self":[{"href":"https:\/\/arkitek.net\/fr\/wp-json\/wp\/v2\/pages\/756","targetHints":{"allow":["GET"]}}],"collection":[{"href":"https:\/\/arkitek.net\/fr\/wp-json\/wp\/v2\/pages"}],"about":[{"href":"https:\/\/arkitek.net\/fr\/wp-json\/wp\/v2\/types\/page"}],"author":[{"embeddable":true,"href":"https:\/\/arkitek.net\/fr\/wp-json\/wp\/v2\/users\/1"}],"replies":[{"embeddable":true,"href":"https:\/\/arkitek.net\/fr\/wp-json\/wp\/v2\/comments?post=756"}],"version-history":[{"count":0,"href":"https:\/\/arkitek.net\/fr\/wp-json\/wp\/v2\/pages\/756\/revisions"}],"up":[{"embeddable":true,"href":"https:\/\/arkitek.net\/fr\/wp-json\/wp\/v2\/pages\/544"}],"wp:featuredmedia":[{"embeddable":true,"href":"https:\/\/arkitek.net\/fr\/wp-json\/wp\/v2\/media\/1074"}],"wp:attachment":[{"href":"https:\/\/arkitek.net\/fr\/wp-json\/wp\/v2\/media?parent=756"}],"curies":[{"name":"wp","href":"https:\/\/api.w.org\/{rel}","templated":true}]}}