
{"id":693,"date":"2024-07-01T18:24:16","date_gmt":"2024-07-01T15:24:16","guid":{"rendered":"https:\/\/new.arkitek.net\/les-solutions\/telecommunications\/reseau-prive-virtuel-rpv\/"},"modified":"2024-07-10T22:37:02","modified_gmt":"2024-07-10T19:37:02","slug":"reseau-prive-virtuel-rpv","status":"publish","type":"page","link":"https:\/\/arkitek.net\/fr\/solutions\/telecommunications\/reseau-prive-virtuel-rpv\/","title":{"rendered":"R\u00e9seau Priv\u00e9 Virtuel (RPV)"},"content":{"rendered":"\n<p>Permettez \u00e0 vos employ\u00e9s de travailler de n&rsquo;importe o\u00f9, sur des ordinateurs portables de l&rsquo;entreprise ou des appareils mobiles personnels, \u00e0 tout moment, en veillant toujours \u00e0 ce qu&rsquo;il n&rsquo;y ait pas de br\u00e8ches dans votre r\u00e9seau et vos donn\u00e9es. ARK\u0130TEK simplifie l&rsquo;acc\u00e8s s\u00e9curis\u00e9 aux points d&rsquo;extr\u00e9mit\u00e9 et fournit la s\u00e9curit\u00e9 n\u00e9cessaire pour aider \u00e0 garder votre organisation s\u00fbre et prot\u00e9g\u00e9e, en travaillant avec vous pour comprendre vos besoins, en proposant une solution technique unique et en la livrant cl\u00e9 en main quand vous en avez besoin. <\/p>\n\n<h2 class=\"wp-block-heading\">La Solution<\/h2>\n\n<p>La solution VPN d&rsquo;entreprise d&rsquo;ARK\u0130TEK peut fonctionner sur tous les syst\u00e8mes d&rsquo;exploitation mobiles et de bureau. Elle prend en charge les VPN et autres services de s\u00e9curit\u00e9, prot\u00e8ge les diff\u00e9rentes conceptions de r\u00e9seaux \u00e9tendus et aide les entreprises \u00e0 prot\u00e9ger leur actif le plus important &#8211; les donn\u00e9es &#8211; qu&rsquo;elles soient en transit ou au repos.<\/p>\n\n<h2 class=\"wp-block-heading\">Acc\u00e8s Simple et S\u00e9curis\u00e9<\/h2>\n\n<p>Permettez aux employ\u00e9s de travailler de n&rsquo;importe o\u00f9, sur les ordinateurs portables de l&rsquo;entreprise ou les appareils mobiles personnels, \u00e0 tout moment. B\u00e9n\u00e9ficiez d&rsquo;une visibilit\u00e9 sur les terminaux dans l&rsquo;ensemble de l&rsquo;entreprise. Prot\u00e9gez les employ\u00e9s sur le r\u00e9seau ou en dehors. Renforcez la s\u00e9curit\u00e9 des terminaux connect\u00e9s.   <\/p>\n\n<h2 class=\"wp-block-heading\">Visibilit\u00e9 Profonde, Contexte et Contr\u00f4le<\/h2>\n\n<p>Pr\u00e9venez les violations. Surveillez en permanence le comportement de tous les fichiers pour d\u00e9couvrir les attaques furtives. D\u00e9tectez, bloquez et rem\u00e9diez aux logiciels malveillants avanc\u00e9s sur les terminaux. Faites tout cela rapidement et automatiquement.   <\/p>\n\n<h2 class=\"wp-block-heading\">Gestion Centralis\u00e9e des Appareils<\/h2>\n\n<p>Si le nombre de clients augmente, la solution peut \u00eatre \u00e9tendue pour contr\u00f4ler les appareils mobiles et de bureau dans le tableau de bord personnalis\u00e9, hautement s\u00e9curis\u00e9 et bas\u00e9 sur un navigateur. Cette option permet d&rsquo;int\u00e9grer en toute transparence de nouveaux appareils et d&rsquo;automatiser l&rsquo;application des politiques de s\u00e9curit\u00e9. <\/p>\n\n<h2 class=\"wp-block-heading\">Solution VPN Priv\u00e9e<\/h2>\n\n<p>La solution ARK\u0130TEK est tellement flexible et abordable qu&rsquo;elle peut \u00eatre utilis\u00e9e par des familles d&rsquo;expatri\u00e9s, de petits bureaux distants \u00e0 l&rsquo;\u00e9tranger ou des particuliers qui sont toujours mobiles &#8211; pour avoir une liaison montante s\u00e9curis\u00e9e, fiable et de haute performance vers les ressources du r\u00e9seau dans le pays de la base d&rsquo;origine. La solution vous permet de d\u00e9passer tout g\u00e9o-blocage (g\u00e9n\u00e9ralement mis en \u0153uvre par les services de streaming vid\u00e9o) et la censure locale en fournissant un tunnel crypt\u00e9 pour tous les ordinateurs, les appareils multim\u00e9dias compatibles avec le r\u00e9seau (smart-tv, console de jeu, etc.) et les smartphones\/tablettes, \u00e0 l&rsquo;int\u00e9rieur ou \u00e0 l&rsquo;ext\u00e9rieur de votre r\u00e9sidence. <\/p>\n","protected":false},"excerpt":{"rendered":"<p>Permettez \u00e0 vos employ\u00e9s de travailler de n&rsquo;importe o\u00f9, sur des ordinateurs portables de l&rsquo;entreprise ou des appareils mobiles personnels, \u00e0 tout moment, en veillant toujours \u00e0 ce qu&rsquo;il n&rsquo;y ait pas de br\u00e8ches dans votre r\u00e9seau et vos donn\u00e9es. ARK\u0130TEK simplifie l&rsquo;acc\u00e8s s\u00e9curis\u00e9 aux points d&rsquo;extr\u00e9mit\u00e9 et fournit la s\u00e9curit\u00e9 n\u00e9cessaire pour aider \u00e0 &hellip; <\/p>\n<p class=\"link-more\"><a href=\"https:\/\/arkitek.net\/fr\/solutions\/telecommunications\/reseau-prive-virtuel-rpv\/\" class=\"more-link\">Continuer la lecture<span class=\"screen-reader-text\"> de &laquo;&nbsp;R\u00e9seau Priv\u00e9 Virtuel (RPV)&nbsp;&raquo;<\/span><\/a><\/p>\n","protected":false},"author":1,"featured_media":1114,"parent":408,"menu_order":4,"comment_status":"closed","ping_status":"closed","template":"","meta":{"inline_featured_image":false,"footnotes":""},"class_list":["post-693","page","type-page","status-publish","has-post-thumbnail","hentry"],"_links":{"self":[{"href":"https:\/\/arkitek.net\/fr\/wp-json\/wp\/v2\/pages\/693","targetHints":{"allow":["GET"]}}],"collection":[{"href":"https:\/\/arkitek.net\/fr\/wp-json\/wp\/v2\/pages"}],"about":[{"href":"https:\/\/arkitek.net\/fr\/wp-json\/wp\/v2\/types\/page"}],"author":[{"embeddable":true,"href":"https:\/\/arkitek.net\/fr\/wp-json\/wp\/v2\/users\/1"}],"replies":[{"embeddable":true,"href":"https:\/\/arkitek.net\/fr\/wp-json\/wp\/v2\/comments?post=693"}],"version-history":[{"count":0,"href":"https:\/\/arkitek.net\/fr\/wp-json\/wp\/v2\/pages\/693\/revisions"}],"up":[{"embeddable":true,"href":"https:\/\/arkitek.net\/fr\/wp-json\/wp\/v2\/pages\/408"}],"wp:featuredmedia":[{"embeddable":true,"href":"https:\/\/arkitek.net\/fr\/wp-json\/wp\/v2\/media\/1114"}],"wp:attachment":[{"href":"https:\/\/arkitek.net\/fr\/wp-json\/wp\/v2\/media?parent=693"}],"curies":[{"name":"wp","href":"https:\/\/api.w.org\/{rel}","templated":true}]}}