
{"id":675,"date":"2024-07-01T18:19:30","date_gmt":"2024-07-01T15:19:30","guid":{"rendered":"https:\/\/new.arkitek.net\/les-solutions\/telecommunications\/migration-vers-ipv6\/"},"modified":"2024-07-10T22:26:36","modified_gmt":"2024-07-10T19:26:36","slug":"migration-vers-ipv6","status":"publish","type":"page","link":"https:\/\/arkitek.net\/fr\/solutions\/telecommunications\/migration-vers-ipv6\/","title":{"rendered":"Migration vers IPv6"},"content":{"rendered":"\n<p>Les op\u00e9rateurs de t\u00e9l\u00e9phonie mobile et les fournisseurs de services s&rsquo;appuient de plus en plus sur les offres de services de donn\u00e9es bas\u00e9es sur le protocole IP pour assurer leur chiffre d&rsquo;affaires. Dans le m\u00eame temps, le trafic \u00e0 large bande fixe et mobile a explos\u00e9 avec le Web 2.0, l&rsquo;IdO, la vid\u00e9o et les m\u00e9dias sociaux qui entra\u00eenent une demande accrue de la part des utilisateurs. <\/p>\n\n<p>Les r\u00e9seaux fixes actuels desservent plus de 500 millions d&rsquo;abonn\u00e9s et sont optimis\u00e9s en fonction du co\u00fbt par bit afin de pouvoir traiter de grandes quantit\u00e9s de donn\u00e9es provenant de chaque utilisateur. De plus, les r\u00e9seaux mobiles desservent d\u00e9j\u00e0 plus de 5 milliards d&rsquo;abonn\u00e9s et les services sont plus personnalis\u00e9s gr\u00e2ce \u00e0 des r\u00e9seaux optimis\u00e9s pour g\u00e9rer une large base d&rsquo;abonn\u00e9s.  <\/p>\n\n<p>Bien que l&rsquo;IPv6 pr\u00e9sente de nombreux avantages par rapport \u00e0 l&rsquo;IPv4, les op\u00e9rateurs sont r\u00e9ticents \u00e0 effectuer la transition, car la technologie est plus \u00ab\u00a0perturbatrice\u00a0\u00bb que \u00ab\u00a0pr\u00eate \u00e0 l&#8217;emploi\u00a0\u00bb. L&rsquo;\u00e9puisement de l&rsquo;espace d&rsquo;adressage IPv4 est r\u00e9solu en investissant plut\u00f4t dans le <a href=\"\">CGNAT<\/a>. <\/p>\n\n<h2 class=\"wp-block-heading\">La Solution<\/h2>\n\n<p>Le service de migration IPv6 d&rsquo;ARK\u0130TEK offre aux op\u00e9rateurs un moyen d&rsquo;introduire en douceur l&rsquo;IPv6 dans le r\u00e9seau, en commen\u00e7ant par identifier l&rsquo;\u00e9cart entre l&rsquo;\u00e9tat actuel de votre r\u00e9seau et la position souhait\u00e9e, en d\u00e9finissant une strat\u00e9gie de transition et une analyse d&rsquo;impact, en planifiant la migration et, enfin, en adoptant une approche progressive, en activant de nouveaux services bas\u00e9s sur l&rsquo;IPv6 en fonction des besoins de votre entreprise.<\/p>\n\n<p>Une transition r\u00e9ussie d&rsquo;un r\u00e9seau bas\u00e9 sur IPv4 \u00e0 un r\u00e9seau IPv6 natif est une transition dans laquelle les \u00e9l\u00e9ments IPv6 sont incorpor\u00e9s dans le r\u00e9seau, tout en maintenant la compatibilit\u00e9 avec l&rsquo;infrastructure IP pr\u00e9existante. Ainsi, pendant un certain temps encore, nous reconnaissons le fait que les dispositifs IPv6 doivent interagir et fonctionner avec les dispositifs existants. <\/p>\n\n<p>Les abonn\u00e9s s&rsquo;attendront \u00e0 une exp\u00e9rience de service aussi bonne, voire meilleure, que les services bas\u00e9s sur l&rsquo;IPv4 et ne s&rsquo;attendront pas \u00e0 des interruptions de service. L&rsquo;utilisateur s&rsquo;attendra \u00e9galement \u00e0 un choix de terminaux et \u00e0 une configuration suppl\u00e9mentaire simple, voire inexistante, pour commencer \u00e0 utiliser les services. <\/p>\n\n<p>L&rsquo;id\u00e9al est que l&rsquo;utilisateur n&rsquo;ait pas besoin de conna\u00eetre la version IP, ce qui impose aux applications et aux syst\u00e8mes d&rsquo;exploitation de choisir et d&rsquo;utiliser la version IP en fonction des besoins.\n\n<\/p>\n\n<p>Des techniques de coexistence sont donc n\u00e9cessaires, en particulier lorsque la plupart des utilisateurs utilisent IPv6 et que certains services sont rest\u00e9s sur IPv4. Les utilisateurs mobiles peuvent utiliser IPv6 principalement dans le r\u00e9seau domestique de l&rsquo;op\u00e9rateur et revenir \u00e0 IPv4 dans les r\u00e9seaux visit\u00e9s si n\u00e9cessaire.\n \n\n<\/p>\n\n<p>Les avantages de cette introduction progressive de l&rsquo;IPv6 pour les op\u00e9rateurs sont les suivants :<\/p>\n\n<ul class=\"wp-block-list\">\n<li>Introduction en douceur de l&rsquo;IPv6 dans le r\u00e9seau de l&rsquo;op\u00e9rateur et mise en place de nouveaux services bas\u00e9s sur l&rsquo;IPv6 en fonction des besoins de l&rsquo;activit\u00e9 de l&rsquo;op\u00e9rateur.<\/li>\n\n\n\n<li>Approche progressive permettant aux op\u00e9rateurs d&rsquo;acqu\u00e9rir progressivement de l&rsquo;exp\u00e9rience et des comp\u00e9tences.<\/li>\n\n\n\n<li>D\u00e9ploiement rentable r\u00e9duisant \u00e0 la fois le risque et le co\u00fbt de la mise en \u0153uvre.<\/li>\n<\/ul>\n","protected":false},"excerpt":{"rendered":"<p>Les op\u00e9rateurs de t\u00e9l\u00e9phonie mobile et les fournisseurs de services s&rsquo;appuient de plus en plus sur les offres de services de donn\u00e9es bas\u00e9es sur le protocole IP pour assurer leur chiffre d&rsquo;affaires. Dans le m\u00eame temps, le trafic \u00e0 large bande fixe et mobile a explos\u00e9 avec le Web 2.0, l&rsquo;IdO, la vid\u00e9o et les &hellip; <\/p>\n<p class=\"link-more\"><a href=\"https:\/\/arkitek.net\/fr\/solutions\/telecommunications\/migration-vers-ipv6\/\" class=\"more-link\">Continuer la lecture<span class=\"screen-reader-text\"> de &laquo;&nbsp;Migration vers IPv6&nbsp;&raquo;<\/span><\/a><\/p>\n","protected":false},"author":1,"featured_media":1114,"parent":408,"menu_order":3,"comment_status":"closed","ping_status":"closed","template":"","meta":{"inline_featured_image":false,"footnotes":""},"class_list":["post-675","page","type-page","status-publish","has-post-thumbnail","hentry"],"_links":{"self":[{"href":"https:\/\/arkitek.net\/fr\/wp-json\/wp\/v2\/pages\/675","targetHints":{"allow":["GET"]}}],"collection":[{"href":"https:\/\/arkitek.net\/fr\/wp-json\/wp\/v2\/pages"}],"about":[{"href":"https:\/\/arkitek.net\/fr\/wp-json\/wp\/v2\/types\/page"}],"author":[{"embeddable":true,"href":"https:\/\/arkitek.net\/fr\/wp-json\/wp\/v2\/users\/1"}],"replies":[{"embeddable":true,"href":"https:\/\/arkitek.net\/fr\/wp-json\/wp\/v2\/comments?post=675"}],"version-history":[{"count":0,"href":"https:\/\/arkitek.net\/fr\/wp-json\/wp\/v2\/pages\/675\/revisions"}],"up":[{"embeddable":true,"href":"https:\/\/arkitek.net\/fr\/wp-json\/wp\/v2\/pages\/408"}],"wp:featuredmedia":[{"embeddable":true,"href":"https:\/\/arkitek.net\/fr\/wp-json\/wp\/v2\/media\/1114"}],"wp:attachment":[{"href":"https:\/\/arkitek.net\/fr\/wp-json\/wp\/v2\/media?parent=675"}],"curies":[{"name":"wp","href":"https:\/\/api.w.org\/{rel}","templated":true}]}}