
{"id":654,"date":"2024-07-01T18:17:57","date_gmt":"2024-07-01T15:17:57","guid":{"rendered":"https:\/\/new.arkitek.net\/les-solutions\/telecommunications\/terminaison-dabonnes-a-la-large-bande-fixe\/"},"modified":"2024-07-10T22:19:01","modified_gmt":"2024-07-10T19:19:01","slug":"terminaison-dabonnes-a-la-large-bande-fixe","status":"publish","type":"page","link":"https:\/\/arkitek.net\/fr\/solutions\/telecommunications\/terminaison-dabonnes-a-la-large-bande-fixe\/","title":{"rendered":"Terminaison d&rsquo;Abonn\u00e9s \u00e0 la Large Bande Fixe"},"content":{"rendered":"\n<p>L&rsquo;adoption rapide de la t\u00e9l\u00e9vision et de la vid\u00e9o sur l&rsquo;internet stimule les volumes de trafic, une part croissante des services disponibles offrant d\u00e9sormais un contenu \u00e0 haute d\u00e9finition. En fait, la t\u00e9l\u00e9vision et la vid\u00e9o sur internet repr\u00e9sentent d\u00e9j\u00e0 plus de la moiti\u00e9 de l&rsquo;ensemble du trafic internet. <\/p>\n\n<p>Alors que la technologie mobile \u00e0 haut d\u00e9bit et les records de vitesse font l&rsquo;objet de toute la couverture m\u00e9diatique, il est un fait que les r\u00e9seaux fixes \u00e0 haut d\u00e9bit continuent de faire le gros du travail. Le nombre total d&rsquo;abonn\u00e9s \u00e0 la large bande fixe n&rsquo;augmente peut-\u00eatre pas aussi vite que les abonnements mobiles, mais la consommation de trafic des abonn\u00e9s \u00e0 la large bande fixe double chaque ann\u00e9e. <\/p>\n\n<p>La croissance du volume et de la diversit\u00e9 constitue \u00e0 la fois une opportunit\u00e9 et un d\u00e9fi pour les op\u00e9rateurs de r\u00e9seaux. D&rsquo;une part, les services internet deviennent de plus en plus essentiels pour un nombre croissant de facettes de la vie des gens : pour les affaires, pour l&rsquo;\u00e9ducation, pour l&rsquo;interaction sociale, pour le divertissement. Cela cr\u00e9e de nouvelles opportunit\u00e9s de revenus. D&rsquo;autre part, la croissance attendue n\u00e9cessite des investissements dans la mise \u00e0 niveau des r\u00e9seaux, et des d\u00e9penses op\u00e9rationnelles suppl\u00e9mentaires peuvent accompagner ces mises \u00e0 niveau. Des strat\u00e9gies modernes sont n\u00e9cessaires pour maximiser la valeur de ces investissements et minimiser les d\u00e9penses qui y sont li\u00e9es. En particulier, l&rsquo;approche classique consistant \u00e0 surdimensionner les capacit\u00e9s du r\u00e9seau pour garantir une qualit\u00e9 \u00e9lev\u00e9e de l&rsquo;exp\u00e9rience de l&rsquo;utilisateur final deviendra prohibitivement inefficace sur le plan des co\u00fbts.     <\/p>\n\n<p>Au contraire, les r\u00e9seaux doivent devenir plus intelligents. Ils doivent reconna\u00eetre les types d&rsquo;applications, les appareils des utilisateurs finaux et leurs pr\u00e9f\u00e9rences, afin d&rsquo;optimiser l&rsquo;exp\u00e9rience des utilisateurs finaux et de garantir une utilisation \u00e9quitable des ressources disponibles sur le r\u00e9seau. Les r\u00e9seaux doivent \u00e9galement devenir plus simples, et donc moins chers, \u00e0 exploiter, en masquant la complexit\u00e9 qui alimente leur nouvelle intelligence. Enfin, ils doivent offrir une r\u00e9silience de premier ordre pour garantir une d\u00e9gradation progressive et une interruption minimale dans le cas rare d&rsquo;une d\u00e9faillance.   <\/p>\n\n<h2 class=\"wp-block-heading\">La Solution<\/h2>\n\n<p>La solution PTA d&rsquo;ARK\u0130TEK offre aux fournisseurs de services Internet \u00e0 large bande fixe un mod\u00e8le pour mettre en \u0153uvre, optimiser et d\u00e9velopper rapidement et efficacement leur propre infrastructure ou une infrastructure partag\u00e9e &#8211; toujours en conformit\u00e9 avec les normes de l&rsquo;industrie, les r\u00e9glementations locales, les meilleures pratiques et les mises en \u0153uvre.<\/p>\n\n<p>La solution ARK\u0130TEK de terminaison d&rsquo;abonn\u00e9s au haut d\u00e9bit fixe, ind\u00e9pendante du fournisseur, offre aux fournisseurs de services et aux entreprises, quelle que soit leur taille, un plan solide pour mettre en \u0153uvre un r\u00e9seau multiservice hautement \u00e9volutif, fiable et garantissant des performances pour la voix, la vid\u00e9o et les donn\u00e9es, gr\u00e2ce \u00e0 des services diff\u00e9renci\u00e9s rendus possibles par la qualit\u00e9 de service (QoS). La s\u00e9curit\u00e9 int\u00e9gr\u00e9e offre une d\u00e9fense approfondie au niveau des n\u0153uds, du r\u00e9seau et des applications. <\/p>\n\n<h2 class=\"wp-block-heading\">Options de Conception et Flexibilit\u00e9<\/h2>\n\n<p>Notre solution de terminaison d&rsquo;abonn\u00e9s au haut d\u00e9bit fixe r\u00e9pond aux exigences techniques et op\u00e9rationnelles des fournisseurs de services, quels que soient l&rsquo;\u00e9chelle, la couverture g\u00e9ographique, les mod\u00e8les op\u00e9rationnels et commerciaux &#8211; au d\u00e9tail, en gros ou les deux. Nous travaillerons avec vous pour comprendre vos besoins et vos objectifs commerciaux, et nous vous proposerons une solution de bout en bout qui r\u00e9pondra parfaitement \u00e0 vos exigences techniques, op\u00e9rationnelles et budg\u00e9taires, toujours dans le respect des r\u00e9glementations existantes et de la l\u00e9gislation locale. <\/p>\n\n<h2 class=\"wp-block-heading\">Redondance<\/h2>\n\n<p>La solution offre une r\u00e9silience, une robustesse et une redondance maximales \u00e0 diff\u00e9rentes couches pour satisfaire les accords de niveau de service les plus \u00e9lev\u00e9s. Les circuits physiques\/logiques et les sessions des abonn\u00e9s peuvent \u00eatre distribu\u00e9s vers des n\u0153uds redondants et\/ou des cartes de ligne et des interfaces au sein d&rsquo;un m\u00eame n\u0153ud. Les sc\u00e9narios de haute disponibilit\u00e9 avec et sans \u00e9tat (pour autant qu&rsquo;ils soient pris en charge par l&rsquo;\u00e9quipement actif) sont inclus dans la solution.  <\/p>\n\n<h2 class=\"wp-block-heading\">\u00c9volutivit\u00e9 et Performance<\/h2>\n\n<p>Si le nombre total d&rsquo;abonn\u00e9s, les services associ\u00e9s et la vitesse de t\u00e9l\u00e9chargement moyenne par abonn\u00e9 sont des param\u00e8tres cl\u00e9s dans le dimensionnement de la solution, nous prenons \u00e9galement en compte d&rsquo;autres variables (comme la surcharge de trames\/paquets, les limites du processeur, les exigences en mati\u00e8re de redondance, le taux d&rsquo;arriv\u00e9e des abonn\u00e9s, la qualit\u00e9 de service, etc.<\/p>\n\n<p>Du modem\/routeur r\u00e9sidentiel au routeur d&rsquo;\u00e9change de trafic internet (pour le trafic du plan utilisateur) et AAA (RADIUS), Policy Manager, DHCP et des fonctions comme DPI (pour le trafic de signalisation), tous les n\u0153uds et interfaces sont inclus dans notre champ d&rsquo;application afin d&rsquo;avoir une estimation pr\u00e9cise de la performance de la solution, lorsqu&rsquo;elle sera mise en \u0153uvre et mise en production.<\/p>\n","protected":false},"excerpt":{"rendered":"<p>L&rsquo;adoption rapide de la t\u00e9l\u00e9vision et de la vid\u00e9o sur l&rsquo;internet stimule les volumes de trafic, une part croissante des services disponibles offrant d\u00e9sormais un contenu \u00e0 haute d\u00e9finition. En fait, la t\u00e9l\u00e9vision et la vid\u00e9o sur internet repr\u00e9sentent d\u00e9j\u00e0 plus de la moiti\u00e9 de l&rsquo;ensemble du trafic internet. Alors que la technologie mobile \u00e0 &hellip; <\/p>\n<p class=\"link-more\"><a href=\"https:\/\/arkitek.net\/fr\/solutions\/telecommunications\/terminaison-dabonnes-a-la-large-bande-fixe\/\" class=\"more-link\">Continuer la lecture<span class=\"screen-reader-text\"> de &laquo;&nbsp;Terminaison d&rsquo;Abonn\u00e9s \u00e0 la Large Bande Fixe&nbsp;&raquo;<\/span><\/a><\/p>\n","protected":false},"author":1,"featured_media":1114,"parent":408,"menu_order":2,"comment_status":"closed","ping_status":"closed","template":"","meta":{"inline_featured_image":false,"footnotes":""},"class_list":["post-654","page","type-page","status-publish","has-post-thumbnail","hentry"],"_links":{"self":[{"href":"https:\/\/arkitek.net\/fr\/wp-json\/wp\/v2\/pages\/654","targetHints":{"allow":["GET"]}}],"collection":[{"href":"https:\/\/arkitek.net\/fr\/wp-json\/wp\/v2\/pages"}],"about":[{"href":"https:\/\/arkitek.net\/fr\/wp-json\/wp\/v2\/types\/page"}],"author":[{"embeddable":true,"href":"https:\/\/arkitek.net\/fr\/wp-json\/wp\/v2\/users\/1"}],"replies":[{"embeddable":true,"href":"https:\/\/arkitek.net\/fr\/wp-json\/wp\/v2\/comments?post=654"}],"version-history":[{"count":0,"href":"https:\/\/arkitek.net\/fr\/wp-json\/wp\/v2\/pages\/654\/revisions"}],"up":[{"embeddable":true,"href":"https:\/\/arkitek.net\/fr\/wp-json\/wp\/v2\/pages\/408"}],"wp:featuredmedia":[{"embeddable":true,"href":"https:\/\/arkitek.net\/fr\/wp-json\/wp\/v2\/media\/1114"}],"wp:attachment":[{"href":"https:\/\/arkitek.net\/fr\/wp-json\/wp\/v2\/media?parent=654"}],"curies":[{"name":"wp","href":"https:\/\/api.w.org\/{rel}","templated":true}]}}