
{"id":636,"date":"2024-07-01T18:15:18","date_gmt":"2024-07-01T15:15:18","guid":{"rendered":"https:\/\/new.arkitek.net\/les-solutions\/telecommunications\/reseau-dorsal-convergent-a-paquets\/"},"modified":"2024-07-10T22:15:49","modified_gmt":"2024-07-10T19:15:49","slug":"reseau-dorsal-convergent-a-paquets","status":"publish","type":"page","link":"https:\/\/arkitek.net\/fr\/solutions\/telecommunications\/reseau-dorsal-convergent-a-paquets\/","title":{"rendered":"R\u00e9seau Dorsal Convergent \u00e0 Paquets"},"content":{"rendered":"\n<p>Compte tenu des avanc\u00e9es technologiques rapides dans le domaine des t\u00e9l\u00e9communications mobiles, notre vision d&rsquo;un monde interconnect\u00e9 et \u00ab\u00a0toujours connect\u00e9\u00a0\u00bb se concr\u00e9tise encore plus t\u00f4t que pr\u00e9vu. Les vitesses initiales du GPRS de 14,4 kbps ont grimp\u00e9 en fl\u00e8che pour atteindre les vitesses actuelles de la 5G de plus de 1Gbps. Pour les op\u00e9rateurs et les fournisseurs de services qui peuvent suivre le rythme, ces changements offrent d&rsquo;innombrables possibilit\u00e9s de revenus, mais aussi de nombreux d\u00e9fis op\u00e9rationnels.  <\/p>\n\n<p>La course constante \u00e0 l&rsquo;interconnexion non seulement des personnes, mais aussi des objets, remet en question les mod\u00e8les commerciaux traditionnels et oblige de nombreux fournisseurs de services \u00e0 innover en permanence pour rester comp\u00e9titifs. Le d\u00e9lai de mise sur le march\u00e9 de nouveaux services devenant essentiel pour augmenter les revenus, les op\u00e9rateurs sont contraints de mettre rapidement \u00e0 niveau leurs r\u00e9seaux. <\/p>\n\n<p>Ne disposant pas du temps n\u00e9cessaire, les fournisseurs de services ont besoin de fournisseurs d&rsquo;\u00e9quipements capables de proposer des solutions d&rsquo;infrastructure IP \u00e9prouv\u00e9es et v\u00e9rifi\u00e9es qui int\u00e8grent les composants du r\u00e9seau et fournissent des fonctions ou des applications dans les d\u00e9lais les plus brefs. En outre, la technologie \u00e9voluant \u00e0 un rythme aussi rapide, il est difficile de trouver des experts en produits hautement qualifi\u00e9s. De nombreux fournisseurs doivent d\u00e9sormais faire appel \u00e0 des prestataires externes pour g\u00e9rer les fonctions techniques telles que la planification, la conception, le d\u00e9ploiement et la maintenance du r\u00e9seau.  <\/p>\n\n<p>Une autre r\u00e9alit\u00e9 de cette \u00e9volution rapide est l&rsquo;in\u00e9vitabilit\u00e9 de la coexistence de plusieurs g\u00e9n\u00e9rations de technologies mobiles. Dans un monde o\u00f9 il est imp\u00e9ratif d&rsquo;\u00e9conomiser les d\u00e9penses d&rsquo;investissement et de r\u00e9duire les d\u00e9penses d&rsquo;exploitation, les fournisseurs sont de plus en plus contraints de garantir l&rsquo;extensibilit\u00e9 du r\u00e9seau afin d&rsquo;accueillir les technologies futures. <\/p>\n\n<p>Par cons\u00e9quent, les op\u00e9rateurs ont besoin d&rsquo;un r\u00e9seau qui soit \u00e0 la fois \u00e0 l&rsquo;\u00e9preuve du temps et r\u00e9trocompatible pour \u00e9viter les mises \u00e0 niveau co\u00fbteuses des chariots \u00e9l\u00e9vateurs et les d\u00e9penses li\u00e9es \u00e0 la formation continue du personnel.<\/p>\n\n<h2 class=\"wp-block-heading\">La Solution<\/h2>\n\n<p>Alors que les op\u00e9rateurs doivent continuellement transformer leurs r\u00e9seaux pour g\u00e9rer une \u00e9chelle massive et adopter un mod\u00e8le op\u00e9rationnel qui soutient le d\u00e9ploiement rapide de nouveaux services, nos solutions d&rsquo;infrastructure IP de bout en bout pr\u00e9-test\u00e9es et v\u00e9rifi\u00e9es et notre expertise aident \u00e0 rendre cette transformation aussi transparente et efficace que possible.<\/p>\n\n<p>Nos professionnels ont pass\u00e9 des milliers d&rsquo;heures \u00e0 concevoir, planifier, d\u00e9ployer et entretenir des r\u00e9seaux fixes, mobiles et convergents. Lorsque vous \u00eates pr\u00eat \u00e0 naviguer dans le monde de l&rsquo;\u00e9volution rapide des technologies, ARK\u0130TEK est le partenaire id\u00e9al pour vous aider \u00e0 mon\u00e9tiser votre actif le plus strat\u00e9gique &#8211; votre r\u00e9seau. <\/p>\n\n<p><strong>La solution R\u00e9seau Dorsal Convergent a Paquets<\/strong> d&rsquo;ARK\u0130TEK, ind\u00e9pendante des fournisseurs, offre aux op\u00e9rateurs, aux fournisseurs de services et aux entreprises, quelle que soit leur taille, un plan solide pour mettre en \u0153uvre un r\u00e9seau multiservice hautement \u00e9volutif, fiable et garantissant des performances pour la voix, la vid\u00e9o et les donn\u00e9es, gr\u00e2ce \u00e0 des services diff\u00e9renti\u00e9s rendus possibles par la qualit\u00e9 de service (QoS). La s\u00e9curit\u00e9 int\u00e9gr\u00e9e offre une d\u00e9fense approfondie au niveau des n\u0153uds, du r\u00e9seau et des applications. <\/p>\n\n<p>La solution CPBN d&rsquo;ARKITEK fournit une infrastructure IP multiservice pour les r\u00e9seaux mobiles centraux et les r\u00e9seaux m\u00e9tropolitains convergents, prenant en charge les services de donn\u00e9es par paquets \u00e0 large bande, le Softswitching mobile et l&rsquo;IMS. Elle offre une fiabilit\u00e9 de qualit\u00e9 t\u00e9l\u00e9com et a \u00e9t\u00e9 d\u00e9velopp\u00e9e pour soutenir une \u00e9volution efficace vers le tout-IP. Le CPBN acc\u00e9l\u00e8re le d\u00e9ploiement d&rsquo;une nouvelle infrastructure IP critique et minimise les co\u00fbts de mise en \u0153uvre et les risques pour l&rsquo;op\u00e9rateur. L&rsquo;\u00e9quipe de services professionnels d&rsquo;ARKITEK assure la conception, l&rsquo;int\u00e9gration et la fourniture de l&rsquo;infrastructure r\u00e9seau de l&rsquo;op\u00e9rateur, ainsi que des services de gestion et de formation.    <\/p>\n\n<p>Le CPBN est une solution d&rsquo;infrastructure IP multiservice comprenant des solutions de connectivit\u00e9 compl\u00e8tes pour le transport intra et inter-site, prenant en compte les questions de performance, de fiabilit\u00e9, d&rsquo;\u00e9volutivit\u00e9, de s\u00e9curit\u00e9 et de facilit\u00e9 de gestion. <\/p>\n\n<p>Le CPBN relie tous les n\u0153uds et serveurs du r\u00e9seau central. Il fournit \u00e9galement la connectivit\u00e9 IP n\u00e9cessaire entre le r\u00e9seau central, le r\u00e9seau de service, les r\u00e9seaux d&rsquo;acc\u00e8s radio et les r\u00e9seaux externes tels que le GPRS Roaming Exchange (GRX), l&rsquo;internet et les sites d&rsquo;entreprise.  <\/p>\n\n<h2 class=\"wp-block-heading\">Conception Optimale du R\u00e9seau de Transport<\/h2>\n\n<p>La conception optimale d&rsquo;un r\u00e9seau de transport convergent doit fournir des capacit\u00e9s de transport efficaces et tenant compte du trafic tout au long du trajet, de l&rsquo;IP RAN au c\u0153ur de r\u00e9seau fixe\/mobile, en passant par le r\u00e9seau mobile de collecte et le r\u00e9seau f\u00e9d\u00e9rateur de paquets. Toutefois, la mise \u00e0 l&rsquo;\u00e9chelle du r\u00e9seau mobile de collecte constitue un d\u00e9fi de taille. Avec l&rsquo;augmentation des vitesses d&rsquo;acc\u00e8s des utilisateurs, un r\u00e9seau de transport qui commence \u00e0 la station de base radio et se termine au BSC ou au RNC peut devenir un goulot d&rsquo;\u00e9tranglement critique et d\u00e9nigrer l&rsquo;exp\u00e9rience de l&rsquo;utilisateur.  <\/p>\n\n<h2 class=\"wp-block-heading\">Avantages pour l&rsquo;Op\u00e9rateur<\/h2>\n\n<p>La solution CPBN d&rsquo;ARKITEK pr\u00e9sente les avantages suivants pour l&rsquo;op\u00e9rateur :<\/p>\n\n<p><strong>Fournit des services fiables aux abonn\u00e9s.<\/strong> Des questions telles que la conception de r\u00e9seaux \u00e0 haute disponibilit\u00e9, la gigue, le retard et la perte de paquets sont des d\u00e9fis majeurs pour l&rsquo;infrastructure IP, et nous utilisons les comp\u00e9tences et l&rsquo;exp\u00e9rience d&rsquo;ARKITEK pour fournir des services en temps r\u00e9el sur lesquels un op\u00e9rateur peut compter.<\/p>\n\n<p><strong>Risque r\u00e9duit.<\/strong> Nous concevons des r\u00e9seaux de paquets depuis 1999 et avons particip\u00e9 \u00e0 plus de 50 d\u00e9ploiements chez des clients du monde entier. Il s&rsquo;agit donc d&rsquo;une solution de r\u00e9f\u00e9rence \u00e9prouv\u00e9e, assortie de services professionnels \u00e9prouv\u00e9s, qui offre une solution \u00e0 moindre risque aux op\u00e9rateurs qui s&rsquo;engagent sur la voie de l&rsquo;\u00e9volution vers le tout-IP, y compris la prise en charge des technologies modernes et de l&rsquo;automatisation. <\/p>\n\n<p><strong>Permet d&rsquo;acc\u00e9l\u00e9rer le temps de service et de g\u00e9n\u00e9rer des revenus.<\/strong> La conception de r\u00e9f\u00e9rence fondamentale du CPBN est bas\u00e9e sur des normes, bien document\u00e9e et v\u00e9rifi\u00e9e. Cette conception fiable a donc fait ses preuves et permet une mise en service plus rapide, car elle r\u00e9duit les t\u00e2ches d&rsquo;\u00e9valuation et d&rsquo;int\u00e9gration ainsi que les co\u00fbts li\u00e9s \u00e0 la conception par un op\u00e9rateur d&rsquo;une solution sur mesure provenant de plusieurs fournisseurs. <\/p>\n\n<p><\/p>\n\n<p><strong>R\u00e9duit les co\u00fbts du r\u00e9seau tout au long de sa dur\u00e9e de vie et maximise l&rsquo;utilisation du capital investi.<\/strong> Le CPBN est une solution \u00e0 long terme avec une migration bien planifi\u00e9e comprenant le MSS, l&rsquo;IMS et la migration LTE\/EPC. Il fournit une architecture modulaire et \u00e9volutive ainsi que des plateformes \u00e9volutives capables de supporter des charges de trafic \u00e9lev\u00e9es en vue d&rsquo;une croissance future. <\/p>\n\n<p><strong>Fournir des services diff\u00e9renci\u00e9s et pr\u00e9visibles.<\/strong> Cela s&rsquo;applique au trafic avec des exigences en temps r\u00e9el (comme la voix conversationnelle), au trafic en continu, au courrier \u00e9lectronique, \u00e0 la navigation, etc. Une qualit\u00e9 de service est attribu\u00e9e \u00e0 chacun d&rsquo;entre eux et un service d\u00e9terministe appropri\u00e9 peut \u00eatre fourni en fonction des exigences de l&rsquo;application. <\/p>\n\n<p><strong>Fournit une infrastructure de r\u00e9seau s\u00e9curis\u00e9e pour les op\u00e9rateurs, les utilisateurs et leur trafic.<\/strong> Il s&rsquo;agit d&rsquo;une menace r\u00e9elle pour les op\u00e9rateurs, d&rsquo;autant plus que l&rsquo;infrastructure IP achemine d\u00e9sormais les donn\u00e9es de facturation, le trafic O&amp;M et le trafic de signalisation. Le CPBN adopte une approche holistique de la s\u00e9curit\u00e9, en examinant les menaces provenant de sources internes et externes, et produit une solution sp\u00e9cifique \u00e0 l&rsquo;op\u00e9rateur en utilisant une approche multicouche. <\/p>\n\n<p><strong>Permet une croissance modulable de la petite \u00e0 la tr\u00e8s grande entreprise.<\/strong> Le CPBN utilise une architecture \u00e9volutive utilisant des types de sites pr\u00e9d\u00e9finis, des solutions modulaires et des plates-formes d&rsquo;\u00e9l\u00e9ments de r\u00e9seau \u00e9volutifs pour produire une architecture de r\u00e9seau capable de s&rsquo;adapter \u00e0 la croissance du nombre d&rsquo;abonn\u00e9s et du trafic.<\/p>\n\n<h3 class=\"wp-block-heading\">R\u00e9duire le Taux de D\u00e9sabonnement<\/h3>\n\n<p class=\"has-pale-cyan-blue-background-color has-background\">L&rsquo;objectif principal de la plupart des strat\u00e9gies commerciales est de r\u00e9duire le taux de d\u00e9sabonnement et d&rsquo;augmenter le revenu moyen par utilisateur. Comme les abonn\u00e9s ont de nombreux choix, la cl\u00e9 de la fid\u00e9lisation des utilisateurs a \u00e9t\u00e9 la fourniture de services constamment sup\u00e9rieurs et personnalis\u00e9s. Pour offrir une qualit\u00e9 d&rsquo;exp\u00e9rience \u00e9lev\u00e9e, il faut un r\u00e9seau de transport convergent con\u00e7u pour s&rsquo;adapter \u00e0 l&rsquo;\u00e9volution des technologies et \u00e0 l&rsquo;augmentation du trafic des utilisateurs. Les fournisseurs de services doivent \u00e9galement garantir une utilisation \u00e9quitable du r\u00e9seau et conserver la possibilit\u00e9 de facturer des prix plus \u00e9lev\u00e9s pour les services haut de gamme qui garantissent les niveaux de service et la fiabilit\u00e9.   <\/p>\n\n<h2 class=\"wp-block-heading\"><a href=\"https:\/\/new.arkitek.net\/en\/services\/\" data-type=\"page\" data-id=\"74\">Services Professionnels<\/a><\/h2>\n\n<p>Les <a href=\"https:\/\/new.arkitek.net\/en\/services\/\" data-type=\"page\" data-id=\"74\">services professionnels<\/a> compl\u00e9mentaires sont disponibles pour am\u00e9liorer la conception de la solution CPBN, faciliter le d\u00e9ploiement du r\u00e9seau et g\u00e9rer l&rsquo;exploitation en service.<\/p>\n\n<p>En faisant appel \u00e0 des professionnels exp\u00e9riment\u00e9s et comp\u00e9tents, ARKITEK est en mesure de personnaliser et de mettre en \u0153uvre une nouvelle infrastructure IP mobile de base en fonction des exigences sp\u00e9cifiques de l&rsquo;op\u00e9rateur. ARKITEK fournit des services de conseil technique et commercial pour tous les aspects de la conception et de la mise en \u0153uvre du r\u00e9seau et des services, ainsi que pour l&rsquo;assistance r\u00e9seau en service, y compris l&rsquo;assistance compl\u00e8te et proactive au niveau de la solution.  <\/p>\n\n<p>Des \u00e9conomies substantielles peuvent \u00eatre r\u00e9alis\u00e9es en d\u00e9ployant la solution CPBN. Ces \u00e9conomies sont r\u00e9alis\u00e9es par rapport \u00e0 l&rsquo;approche alternative, qui consiste g\u00e9n\u00e9ralement \u00e0 utiliser des ressources internes pour concevoir et int\u00e9grer une solution fragmentaire bas\u00e9e sur les offres d&rsquo;un grand nombre de fournisseurs. Une telle approche mobilise des semaines et des mois de ressources internes et introduit de nombreux risques li\u00e9s \u00e0 la mise \u00e0 l&rsquo;\u00e9chelle, \u00e0 la migration et au soutien de la solution r\u00e9seau fragmentaire. En fin de compte, vous d\u00e9pensez plus, vous augmentez les risques et il faut plus de temps pour mettre le r\u00e9seau en service que pour d\u00e9ployer la solution CPBN d&rsquo;ARKITEK.    <\/p>\n\n<p>Les offres de <a href=\"https:\/\/new.arkitek.net\/en\/services\/\" data-type=\"page\" data-id=\"74\">services professionnels d&rsquo;ARKITEK<\/a> sont regroup\u00e9es en cinq cat\u00e9gories : \u00ab\u00a0<a href=\"https:\/\/new.arkitek.net\/en\/services\/#Consultancy\" data-type=\"page\" data-id=\"74\">Conseil<\/a>\u00ab\u00a0, \u00ab\u00a0<a href=\"https:\/\/new.arkitek.net\/en\/services\/#Systems-Integration\" data-type=\"page\" data-id=\"74\">Int\u00e9gration de syst\u00e8mes<\/a>\u00ab\u00a0, \u00ab\u00a0<a href=\"https:\/\/new.arkitek.net\/en\/services\/#Custom-Development\" data-type=\"page\" data-id=\"74\">D\u00e9veloppement sur mesure<\/a>\u00ab\u00a0, \u00ab\u00a0<a href=\"https:\/\/new.arkitek.net\/en\/services\/#Application-And-Software-Testing\" data-type=\"page\" data-id=\"74\">Test d&rsquo;applications et de logiciels<\/a>\u00a0\u00bb et \u00ab\u00a0<a href=\"https:\/\/new.arkitek.net\/en\/services\/#Engineering-Services\" data-type=\"page\" data-id=\"74\">Services d&rsquo;ing\u00e9nierie<\/a>\u00ab\u00a0. Ces services fournissent une expertise et une assurance pour toute la dur\u00e9e de vie des exigences en mati\u00e8re d&rsquo;applications et de r\u00e9seaux, depuis l&rsquo;audit et la proposition jusqu&rsquo;\u00e0 la gestion de la croissance et de la migration, en passant par la mise en \u0153uvre et l&rsquo;assistance au niveau de la solution. ARKITEK poss\u00e8de une grande exp\u00e9rience dans la fourniture de ces services, et ses clients sont r\u00e9partis dans le monde entier, parmi lesquels figurent de nombreuses entreprises de premier plan. <\/p>\n","protected":false},"excerpt":{"rendered":"<p>Compte tenu des avanc\u00e9es technologiques rapides dans le domaine des t\u00e9l\u00e9communications mobiles, notre vision d&rsquo;un monde interconnect\u00e9 et \u00ab\u00a0toujours connect\u00e9\u00a0\u00bb se concr\u00e9tise encore plus t\u00f4t que pr\u00e9vu. Les vitesses initiales du GPRS de 14,4 kbps ont grimp\u00e9 en fl\u00e8che pour atteindre les vitesses actuelles de la 5G de plus de 1Gbps. Pour les op\u00e9rateurs et &hellip; <\/p>\n<p class=\"link-more\"><a href=\"https:\/\/arkitek.net\/fr\/solutions\/telecommunications\/reseau-dorsal-convergent-a-paquets\/\" class=\"more-link\">Continuer la lecture<span class=\"screen-reader-text\"> de &laquo;&nbsp;R\u00e9seau Dorsal Convergent \u00e0 Paquets&nbsp;&raquo;<\/span><\/a><\/p>\n","protected":false},"author":1,"featured_media":1114,"parent":408,"menu_order":1,"comment_status":"closed","ping_status":"closed","template":"","meta":{"inline_featured_image":false,"footnotes":""},"class_list":["post-636","page","type-page","status-publish","has-post-thumbnail","hentry"],"_links":{"self":[{"href":"https:\/\/arkitek.net\/fr\/wp-json\/wp\/v2\/pages\/636","targetHints":{"allow":["GET"]}}],"collection":[{"href":"https:\/\/arkitek.net\/fr\/wp-json\/wp\/v2\/pages"}],"about":[{"href":"https:\/\/arkitek.net\/fr\/wp-json\/wp\/v2\/types\/page"}],"author":[{"embeddable":true,"href":"https:\/\/arkitek.net\/fr\/wp-json\/wp\/v2\/users\/1"}],"replies":[{"embeddable":true,"href":"https:\/\/arkitek.net\/fr\/wp-json\/wp\/v2\/comments?post=636"}],"version-history":[{"count":0,"href":"https:\/\/arkitek.net\/fr\/wp-json\/wp\/v2\/pages\/636\/revisions"}],"up":[{"embeddable":true,"href":"https:\/\/arkitek.net\/fr\/wp-json\/wp\/v2\/pages\/408"}],"wp:featuredmedia":[{"embeddable":true,"href":"https:\/\/arkitek.net\/fr\/wp-json\/wp\/v2\/media\/1114"}],"wp:attachment":[{"href":"https:\/\/arkitek.net\/fr\/wp-json\/wp\/v2\/media?parent=636"}],"curies":[{"name":"wp","href":"https:\/\/api.w.org\/{rel}","templated":true}]}}